{"id":1009,"date":"2018-03-20T06:41:36","date_gmt":"2018-03-20T06:41:36","guid":{"rendered":"https:\/\/engonien.net\/engonienwiki\/?page_id=1009"},"modified":"2018-06-07T18:01:08","modified_gmt":"2018-06-07T18:01:08","slug":"leonhard-von-falkenheim","status":"publish","type":"page","link":"https:\/\/engonien.net\/engonienwiki\/?page_id=1009","title":{"rendered":"Leonhard von Falkenheim"},"content":{"rendered":"<div class=\"level1\">\n<figure id=\"attachment_1010\" aria-describedby=\"caption-attachment-1010\" style=\"width: 246px\" class=\"wp-caption alignnone\"><a href=\"https:\/\/engonien.net\/engonienwiki\/wp-content\/uploads\/2018\/03\/leog.jpg\"><img decoding=\"async\" loading=\"lazy\" class=\"size-medium wp-image-1010\" src=\"https:\/\/engonien.net\/engonienwiki\/wp-content\/uploads\/2018\/03\/leog-246x300.jpg\" alt=\"\" width=\"246\" height=\"300\" \/><\/a><figcaption id=\"caption-attachment-1010\" class=\"wp-caption-text\">PIC01672.JPG<\/figcaption><\/figure>\n<\/div>\n<h5 id=\"herkunft\">Herkunft:<\/h5>\n<div class=\"level5\">\n<p>Ritterlehen Falkenheim in der Baronie Sangenwalde Leonhard ist der erstgeborene Sohn des Freiherren Helmbrecht von Falkenkeim und dessen Weibe Aleja von Ropenbach.<\/p>\n<\/div>\n<h5 id=\"glaube\">Glaube:<\/h5>\n<div class=\"level5\">\n<p>Engonisches G\u00f6tterpantheon<\/p>\n<\/div>\n<h5 id=\"gesinnung\">Gesinnung:<\/h5>\n<div class=\"level5\">\n<p>Licht<\/p>\n<\/div>\n<h5 id=\"titel\">Titel:<\/h5>\n<div class=\"level5\">\n<ul>\n<li class=\"level1\">\n<div class=\"li\">Ordensritter im Orden des Heiligen Jeldrik zu Ahrnburg<\/div>\n<\/li>\n<li class=\"level1\">\n<div class=\"li\">Erbe des Rittergut Falkenheim als Lehensherr<\/div>\n<\/li>\n<li class=\"level1\">\n<div class=\"li\">Vasall der K\u00f6nigin<\/div>\n<\/li>\n<\/ul>\n<\/div>\n<h5 id=\"gruppe\">Gruppe:<\/h5>\n<div class=\"level5\">\n<ul>\n<li class=\"level1\">\n<div class=\"li\">Ist Mitglied im Orden des heiligen Jeldrik zu Ahrnburg<\/div>\n<\/li>\n<\/ul>\n<\/div>\n<h5 id=\"ziele\">Ziele:<\/h5>\n<div class=\"level5\">\n<ul>\n<li class=\"level1\">\n<div class=\"li\">Entmachtung Barad Konars und Wiedereinsetzung eines rechtm\u00e4\u00dfigen Vertreters f\u00fcr Kaiser Jeldrik, bis dieser wiederkehrt<\/div>\n<\/li>\n<li class=\"level1\">\n<div class=\"li\">Wiederherstellung des Friedens f\u00fcr seine Heimat<\/div>\n<\/li>\n<\/ul>\n<\/div>\n<h5 id=\"macken\">Macken:<\/h5>\n<div class=\"level5\">\n<ul>\n<li class=\"level1\">\n<div class=\"li\">leichtgl\u00e4ubig<\/div>\n<\/li>\n<li class=\"level1\">\n<div class=\"li\">selbst\u00fcbersch\u00e4tzung<\/div>\n<\/li>\n<\/ul>\n<\/div>\n","protected":false},"excerpt":{"rendered":"<p>Herkunft: Ritterlehen Falkenheim in der Baronie Sangenwalde Leonhard ist der erstgeborene Sohn des Freiherren Helmbrecht von Falkenkeim und dessen Weibe Aleja von Ropenbach. Glaube: Engonisches G\u00f6tterpantheon Gesinnung: Licht Titel: Ordensritter im Orden des Heiligen Jeldrik zu Ahrnburg Erbe des Rittergut Falkenheim als Lehensherr Vasall der K\u00f6nigin Gruppe: Ist Mitglied im Orden des heiligen Jeldrik zu &hellip;<\/p>\n<p class=\"read-more\"> <a class=\"\" href=\"https:\/\/engonien.net\/engonienwiki\/?page_id=1009\"> <span class=\"screen-reader-text\">Leonhard von Falkenheim<\/span> Weiterlesen &raquo;<\/a><\/p>\n","protected":false},"author":1,"featured_media":0,"parent":0,"menu_order":0,"comment_status":"closed","ping_status":"closed","template":"","meta":[],"_links":{"self":[{"href":"https:\/\/engonien.net\/engonienwiki\/index.php?rest_route=\/wp\/v2\/pages\/1009"}],"collection":[{"href":"https:\/\/engonien.net\/engonienwiki\/index.php?rest_route=\/wp\/v2\/pages"}],"about":[{"href":"https:\/\/engonien.net\/engonienwiki\/index.php?rest_route=\/wp\/v2\/types\/page"}],"author":[{"embeddable":true,"href":"https:\/\/engonien.net\/engonienwiki\/index.php?rest_route=\/wp\/v2\/users\/1"}],"replies":[{"embeddable":true,"href":"https:\/\/engonien.net\/engonienwiki\/index.php?rest_route=%2Fwp%2Fv2%2Fcomments&post=1009"}],"version-history":[{"count":1,"href":"https:\/\/engonien.net\/engonienwiki\/index.php?rest_route=\/wp\/v2\/pages\/1009\/revisions"}],"predecessor-version":[{"id":1011,"href":"https:\/\/engonien.net\/engonienwiki\/index.php?rest_route=\/wp\/v2\/pages\/1009\/revisions\/1011"}],"wp:attachment":[{"href":"https:\/\/engonien.net\/engonienwiki\/index.php?rest_route=%2Fwp%2Fv2%2Fmedia&parent=1009"}],"curies":[{"name":"wp","href":"https:\/\/api.w.org\/{rel}","templated":true}]}}