{"id":1030,"date":"2018-03-20T07:02:09","date_gmt":"2018-03-20T07:02:09","guid":{"rendered":"https:\/\/engonien.net\/engonienwiki\/?page_id=1030"},"modified":"2018-06-07T18:01:09","modified_gmt":"2018-06-07T18:01:09","slug":"ulric-alriksson","status":"publish","type":"page","link":"https:\/\/engonien.net\/engonienwiki\/?page_id=1030","title":{"rendered":"Ulric Alriksson"},"content":{"rendered":"<p><a href=\"https:\/\/engonien.net\/engonienwiki\/wp-content\/uploads\/2018\/03\/Taverne-03.03.2018.jpg\"><img decoding=\"async\" loading=\"lazy\" class=\"alignnone size-medium wp-image-1032\" src=\"https:\/\/engonien.net\/engonienwiki\/wp-content\/uploads\/2018\/03\/Taverne-03.03.2018-200x300.jpg\" alt=\"\" width=\"200\" height=\"300\" srcset=\"https:\/\/engonien.net\/engonienwiki\/wp-content\/uploads\/2018\/03\/Taverne-03.03.2018-200x300.jpg 200w, https:\/\/engonien.net\/engonienwiki\/wp-content\/uploads\/2018\/03\/Taverne-03.03.2018.jpg 640w\" sizes=\"(max-width: 200px) 100vw, 200px\" \/><\/a><br \/>\nErscheinung: Gro\u00df, Blond und Kr\u00e4ftig.<br \/>\nRasse: Skaldir<br \/>\nAlter: 25<br \/>\nProffesion: S\u00f6ldner<br \/>\nAusbildung: Quirin; Krieger &amp; Offizier<br \/>\nStand: Hauptmann(Gro\u00dfaxt) Haubacher \u00c4xte, Zunftvorsteher der Zunft des gerechten Streitens zu Brega<br \/>\nBeruf: Schmied<\/p>\n<p>Herkunft: Geboren in den Ausl\u00e4ufern der Feuerberge als Skaldir und Anh\u00e4nger des Geist des B\u00e4ren wurde seine Famillie als er noch jung war aus dem Gebiet vertrieben. Sein Vater und seine Mutter flohen mit ihm in die Beranheide wo sie Hilfe und Schutz fanden. Sein Vater errichtete eine Kleine Schmiede in der Ulric ab seinem 10 Lebensjahr als Gehilfe seinem Vater zur Hand ging.<br \/>\nVon einem Mann dem er im Bruderkrieg Unterschlupf gew\u00e4hrte lernte der Vater grob die Kunst des Rechnens und Schreibens und brachte dies auch seinem Sohn bei.<\/p>\n<p>&#8222;Ulric vom Stamme der Skaldir Stand in der Pforte des Hauses in dem er aufgewachsen war und all die Jahre gelebt hatte. Seinem Vater eine letzte Umarmung schenkend verlie\u00df er die H\u00fctte. So Zog er los um Engonien zu bereisen und S\u00f6ldner zu werden.&#8220;<\/p>\n<p>3 Jahre sind seid diesem Tag vergangen. Ulric ist heute 19 und hat sich einer Gruppe von S\u00f6ldner angeschlossen, die &#8220; Haubacher \u00c4xte&#8220;. Er hat nie seinen Vater vergessen oder das leben das er einst f\u00fchrte.<\/p>\n<p>5 Jahre ist es nun her und viel hat sich getan. Er ist in den Rang der Gro\u00dfaxt erhoben worden und die \u00c4xte sind schlagkr\u00e4ftiger als je zuvor. Er ist ein ausgebildeter Krieger und Offizier zu Quirin und sollte er das n\u00e4chste Jahr \u00fcberleben hat er die M\u00f6glichkeit bekommen als nicht adliger und ohne von Stand zu sein ein Knappe zu werden. Er k\u00f6nnte der erste Skaldir werden von dem er je geh\u00f6rt hat der den beschwerlichen aber lohnenden Weg des Rittertums beschritten hat.<\/p>\n<p><a href=\"https:\/\/engonien.net\/engonienwiki\/wp-content\/uploads\/2018\/03\/IMG_20171021_124134840.jpg\"><img decoding=\"async\" loading=\"lazy\" class=\"alignnone size-medium wp-image-1031\" src=\"https:\/\/engonien.net\/engonienwiki\/wp-content\/uploads\/2018\/03\/IMG_20171021_124134840-169x300.jpg\" alt=\"\" width=\"169\" height=\"300\" srcset=\"https:\/\/engonien.net\/engonienwiki\/wp-content\/uploads\/2018\/03\/IMG_20171021_124134840-169x300.jpg 169w, https:\/\/engonien.net\/engonienwiki\/wp-content\/uploads\/2018\/03\/IMG_20171021_124134840-768x1365.jpg 768w, https:\/\/engonien.net\/engonienwiki\/wp-content\/uploads\/2018\/03\/IMG_20171021_124134840-576x1024.jpg 576w\" sizes=\"(max-width: 169px) 100vw, 169px\" \/><\/a><\/p>\n<p>Was sollte man \u00fcber ihn wissen ?<br \/>\n1. Treue und Loyalit\u00e4t sind seine obersten Gebote.<br \/>\n2. Der Weg des Kriegers mit all seinen t\u00fccken und Gefahren beschreitet er mit festen Schritt.<br \/>\n3. Einem Streit geht er seltem aus dem Weg, einer Interessanten Bekanntschaft auch nicht .. Und dem Bier am allerwenigsten.<br \/>\n4. Steh neben ihm und du stehst niemals allein.<br \/>\n5. Gro\u00dfaxt, Taktiker und Schriftf\u00fchrer der Haubacher \u00c4xte.<br \/>\n6. Er beherbergt den Geist des B\u00e4ren. Dadurch ist Ulric oftmals sehr gelassen und ruhig doch solltest du ihn je reizen , in die Ecke dr\u00e4ngen oder gar seine Einheit gef\u00e4hrten, bereite dich auf dein Ende vor und sprich die letzten Worte zu deinen G\u00f6ttern.<\/p>\n<p>Er ist \u00fcberaus Loyal und w\u00fcrde Vertrauen niemals missbrauchen. Er h\u00e4lt sich an geltendes Recht und ist aufgeweckt und scharfsinnig. Doch hat er einen Entschluss gefasst kann ihn nichts davon abbringen seinen Willen durchzusetzen.<\/p>\n<p>Aktualisierung:<\/p>\n<p>Alter 24 .<br \/>\nSoldherrr : Lorainne de La Folley<\/p>\n<p>Die S\u00f6ldnergruppe &#8222;Haubacher \u00c4xte&#8220; w\u00e4chst. Inzwischen sind aus den urspr\u00fcnglichen 5 Gr\u00fcndungsmitgliedern ein dutzend M\u00e4nner und Frauen geworden. Angef\u00fchrt von den Gro\u00df\u00e4xten stehen sie zurzeit im Dienste La Folleys.<\/p>\n<p>Die Klinge seines Vaters , die Ulric an seiner Abreise neu geschmiedet hatte ist zerbrochen. Von Wolfhart, einem alten Gesellen seines Vaters der in Andergast eine Schmiede als Meister betreibt hat er M\u00e9l Ettertangi , M\u00e9l die Gerneationenklinge, erhalten.<\/p>\n<p>Aktuell:<\/p>\n<p>Soldherr: Silbernes Lager der Drachenlande, Abteilung Loan.<br \/>\nAutrag: Bek\u00e4mpfung der Orks, Drow und des Chaos in all seiner Wiederlichkeit. Danach Kreuzzug in das Land Loan f\u00fcr 1 Jahr.<br \/>\nZukunft: Aufgabe all seiner R\u00e4nge und Titel, eintritt in die Knappenschaft bei Mademoisell Lorainne de La Folley de Jux.<\/p>\n","protected":false},"excerpt":{"rendered":"<p>Erscheinung: Gro\u00df, Blond und Kr\u00e4ftig. Rasse: Skaldir Alter: 25 Proffesion: S\u00f6ldner Ausbildung: Quirin; Krieger &amp; Offizier Stand: Hauptmann(Gro\u00dfaxt) Haubacher \u00c4xte, Zunftvorsteher der Zunft des gerechten Streitens zu Brega Beruf: Schmied Herkunft: Geboren in den Ausl\u00e4ufern der Feuerberge als Skaldir und Anh\u00e4nger des Geist des B\u00e4ren wurde seine Famillie als er noch jung war aus dem &hellip;<\/p>\n<p class=\"read-more\"> <a class=\"\" href=\"https:\/\/engonien.net\/engonienwiki\/?page_id=1030\"> <span class=\"screen-reader-text\">Ulric Alriksson<\/span> Weiterlesen &raquo;<\/a><\/p>\n","protected":false},"author":1,"featured_media":0,"parent":0,"menu_order":0,"comment_status":"closed","ping_status":"closed","template":"","meta":[],"_links":{"self":[{"href":"https:\/\/engonien.net\/engonienwiki\/index.php?rest_route=\/wp\/v2\/pages\/1030"}],"collection":[{"href":"https:\/\/engonien.net\/engonienwiki\/index.php?rest_route=\/wp\/v2\/pages"}],"about":[{"href":"https:\/\/engonien.net\/engonienwiki\/index.php?rest_route=\/wp\/v2\/types\/page"}],"author":[{"embeddable":true,"href":"https:\/\/engonien.net\/engonienwiki\/index.php?rest_route=\/wp\/v2\/users\/1"}],"replies":[{"embeddable":true,"href":"https:\/\/engonien.net\/engonienwiki\/index.php?rest_route=%2Fwp%2Fv2%2Fcomments&post=1030"}],"version-history":[{"count":1,"href":"https:\/\/engonien.net\/engonienwiki\/index.php?rest_route=\/wp\/v2\/pages\/1030\/revisions"}],"predecessor-version":[{"id":1033,"href":"https:\/\/engonien.net\/engonienwiki\/index.php?rest_route=\/wp\/v2\/pages\/1030\/revisions\/1033"}],"wp:attachment":[{"href":"https:\/\/engonien.net\/engonienwiki\/index.php?rest_route=%2Fwp%2Fv2%2Fmedia&parent=1030"}],"curies":[{"name":"wp","href":"https:\/\/api.w.org\/{rel}","templated":true}]}}