{"id":1094,"date":"2018-03-20T07:44:03","date_gmt":"2018-03-20T07:44:03","guid":{"rendered":"https:\/\/engonien.net\/engonienwiki\/?page_id=1094"},"modified":"2018-07-16T17:55:49","modified_gmt":"2018-07-16T17:55:49","slug":"der-orden-des-heiligen-jeldrik-zu-ahrnburg","status":"publish","type":"page","link":"https:\/\/engonien.net\/engonienwiki\/?page_id=1094","title":{"rendered":"Der Orden des heiligen Jeldrik zu Ahrnburg"},"content":{"rendered":"<h2 id=\"der_orden_des_heiligen_jeldrik_zu_ahrnburg\" class=\"sectionedit1\"><\/h2>\n<div class=\"level2\">\n<p>Der Orden des heiligen Jeldrik von <a class=\"wikilink1\" title=\"landeskunde:ahrnburg\" href=\"https:\/\/engonien.net\/engonienwiki\/?page_id=198\">Ahrnburg<\/a> ist einer der \u00e4ltesten und bekanntesten Ritterorden Engoniens. Die umgangssprachliche Bezeichung der Ordensmitglieder lautet <em>Jeldriken<\/em>.<\/p>\n<\/div>\n<h3 id=\"fruehe_geschichte_des_ordens\" class=\"sectionedit2\">Fr\u00fche Geschichte des Ordens<\/h3>\n<div class=\"level3\">\n<p>Der Orden des<a href=\"https:\/\/engonien.net\/engonienwiki\/?page_id=1150\"> heiligen Jeldrik<\/a> zu Ahrnburg wurde <a class=\"wikilink1\" title=\"landeskunde:geschichte\" href=\"https:\/\/engonien.net\/engonienwiki\/?page_id=346\">im Jahre 128 n.J.<\/a> vom Markgrafen Dietrich von Ahrnburg gegr\u00fcndet, also zur Zeit der Entstehung des Heiligenkultes um Jeldrik, f\u00fcnf Jahre nach Verschwinden des Kaisers.<\/p>\n<p>Der Markgraf beabsichtigte mit dem Orden landlosen Rittern eine Heimat (die Ordensburg Drakensruh in der Baronie Schlichtenfelz) und ein Ziel (<em>Findet Jeldrik<\/em> und <em>Verteidigt sein Erbe<\/em>) zu geben.<\/p>\n<p>Damit verfolgte er mehrere Ziele: die Ritter sollten nicht in Versuchung geraten als Raubritter ihr Dasein zu fristen, gleichzeit Ahrnburg als neue und verteidigungsw\u00fcrdige Heimat empfinden und nicht zuletzt sein pers\u00f6nliches Anliegen, n\u00e4mlich die R\u00fcckkehr Jeldriks, verfolgen.<\/p>\n<\/div>\n<h4 id=\"ordensdoktrin\">Ordensdoktrin<\/h4>\n<div class=\"level4\">\n<p>Auf den Ordensgr\u00fcnder geht auch Doktrin des Ordens zur\u00fcck. Diese lautet:<\/p>\n<p><em>Ein Jeldrike strebt nach einem gerechten und g\u00f6ttergef\u00e4lligen Leben: F\u00fcr Alamar: Ein Jeldrike ist seiner geheiligten kaiserlichen Majest\u00e4t Jeldrik treu ergeben!<br \/>\nF\u00fcr Tior: Ein Jeldrike lebt in st\u00e4ndiger Bereitschaft, um den Kr\u00e4ften des B\u00f6sen entgegen zu treten!<br \/>\nF\u00fcr Lavinia: Ein Jeldrike tritt ein f\u00fcr Barmherzigkeit und Frieden!<br \/>\nF\u00fcr Naduria: Ein Jeldrike l\u00e4sst sich nicht von seinen Gef\u00fchlen leiten!<br \/>\nF\u00fcr Aine: Ein Jeldrike handelt stets bedacht, sein Verstand ist sein sch\u00e4rfstes Schwert!<br \/>\nF\u00fcr Szivar: Ein Jeldrike wei\u00df um die inneren D\u00e4monen und \u00c4ngste, er w\u00e4chst \u00fcber sie hinaus!<br \/>\nF\u00fcr Jeldrik: Ein Jeldrike steht ein f\u00fcr das Reich, sein Volk und die innere Ordnung und sucht sie stehts zu verteidigen, gegen innere und \u00e4u\u00dfere Feinde!<br \/>\nSo steht es geschrieben und so soll es sein immerdar. Heil dir Jeldrik Sohn der G\u00f6tter!<\/em><\/p>\n<\/div>\n<h3 id=\"aufnahme_in_den_orden\" class=\"sectionedit3\">Aufnahme in den Orden<\/h3>\n<div class=\"level3\">\n<p>Bei Aufnahme in den Orden verpflichten sich die Ritter den Zielen des Ordens, die vom Orden selbst als \u201eJeldrik gef\u00e4llig\u201c bezeichnet werden, und legen einen Eid auf die Ordensdoktrin ab.<\/p>\n<p>W\u00e4hrend sich diese Ziele und Verhaltensweisen im Umgang mit den Mitmenschen weitestgehend mit den ritterlichen Tugenden decken zeigt sich ein deutliches Konfliktpotential auf vielen politischen Ebenen. So sollen Jeldriken im Zweifel ihren Lehnseid brechen, wenn ihr Lehnsherr deutlich gegen Jeldriks Ideale verst\u00f6\u00dft oder danach trachtet, das von Jeldrik hinterlassene Erbe zu besch\u00e4digen.<\/p>\n<\/div>\n<h3 id=\"juengere_geschichte_des_ordens\" class=\"sectionedit4\">J\u00fcngere Geschichte des Ordens<\/h3>\n<div class=\"level3\">\n<p>Da der Orden die Konstruktion des engonischen Kaiserreiches als Erbe Jeldriks interpretierte lie\u00dfen die Bestrebungen des Usurpators <a class=\"wikilink1\" title=\"landeskunde:barad_konar\" href=\"https:\/\/www.larp-koeln.de\/doku.php?id=landeskunde:barad_konar\">Barad Konar<\/a> gar keine andere Reaktion zu als eine offene Verurteilung durch Hochmeister Marcelsus von Schlichtenfelz.<br \/>\nSeit dem Tode des alten Hochmeister Marcelsus im Winter 256 n.J. wurde Ordensmeister Torben von Ottenstein zu Beginn des Jahres 257 n.J. zum neuen Hochmeister ernannt.<\/p>\n<p>Trotz des gleichen Zieles im Laufe des 2. Br\u00fcderkrieges, n\u00e4mlich die Vertreibung des Usurpators Barad Konar, trieben die \u00dcberzeugungen der Jeldriken ma\u00dfgeblich zur Spaltung des Widerstandes bei. Dies hatte zwei Gr\u00fcnde: erstens betrachtete der Orden des heiligen Jeldrik zu Ahrnburg die R\u00fcckbesinnung Loennas von Donnerheim auf <a class=\"wikilink1\" title=\"landeskunde:imperatoren\" href=\"https:\/\/www.larp-koeln.de\/doku.php?id=landeskunde:imperatoren\">das alte Imperatorentum ihres Geschlechts<\/a> als ebensolche Sch\u00e4ndung von Jeldriks Erbe wie die Usurpation Barad Konars. Zweitens verurteilten die Jeldriken den vom Widerstand ins Leben gerufenen <a class=\"wikilink1\" title=\"helden:pilgerzug\" href=\"https:\/\/www.larp-koeln.de\/doku.php?id=helden:pilgerzug\">Pilgerzug<\/a>, da dieser <a class=\"wikilink1\" title=\"landeskunde:szivar\" href=\"https:\/\/www.larp-koeln.de\/doku.php?id=landeskunde:szivar\">Sziv\u00e1r<\/a> bewusst ausschloss, sich also nicht auf alle sechs urspr\u00fcnglichen G\u00f6tter Engoniens berief, die zu Zeiten der Reichsgr\u00fcndung den heiligen Jeldrik in den Kaiserstand erhoben.<\/p>\n<\/div>\n<p>Nach Ende des B\u00fcrgerkriegs und dem Zerfall des Pilgerzugs haben die Jeldriken Engonia als Pilgerstadt bekommen. Dort haben sie die Verwaltung inne. Der Orden des Jeldrik h\u00e4ngt immer noch dem sechs G\u00f6tterglauben an.<\/p>\n<p>In Engonia befindet sich seitdem auch die Ordensburg, sowie die Bibliothek des Ordens.<\/p>\n<p>Die Bibliothek ist nur f\u00fcr Menschen zu betreten die in den Augen des Ordens eine gute Begr\u00fcndung vorweisen k\u00f6nnen.<\/p>\n<h3 id=\"bekannte_ordensmitglieder\" class=\"sectionedit5\">Bekannte Ordensmitglieder<\/h3>\n<div class=\"level3\">\n<p>Traditionell sind alle m\u00e4nnlichen Nachkommen der ahrnburgischen Markgrafen und Barone Mitglieder des Ordens.<\/p>\n<p>Weitere Bekannte Ordensmitglieder der Gegenwart sind:<\/p>\n<ul>\n<li class=\"level1\">\n<div class=\"li\">Ralf von Kr\u00e4chenbroich<\/div>\n<\/li>\n<li class=\"level1\">\n<div class=\"li\"><a class=\"wikilink1\" title=\"helden:tannjew\" href=\"https:\/\/engonien.net\/engonienwiki\/?page_id=1021\">Tannjew von Wiesenquell<\/a><\/div>\n<\/li>\n<li class=\"level1\">\n<div class=\"li\"><a class=\"wikilink1\" title=\"helden:leonhard\" href=\"https:\/\/engonien.net\/engonienwiki\/?page_id=1009\">Leonhard von Falkenheim<\/a><\/div>\n<\/li>\n<\/ul>\n<\/div>\n","protected":false},"excerpt":{"rendered":"<p>Der Orden des heiligen Jeldrik von Ahrnburg ist einer der \u00e4ltesten und bekanntesten Ritterorden Engoniens. Die umgangssprachliche Bezeichung der Ordensmitglieder lautet Jeldriken. Fr\u00fche Geschichte des Ordens Der Orden des heiligen Jeldrik zu Ahrnburg wurde im Jahre 128 n.J. vom Markgrafen Dietrich von Ahrnburg gegr\u00fcndet, also zur Zeit der Entstehung des Heiligenkultes um Jeldrik, f\u00fcnf Jahre &hellip;<\/p>\n<p class=\"read-more\"> <a class=\"\" href=\"https:\/\/engonien.net\/engonienwiki\/?page_id=1094\"> <span class=\"screen-reader-text\">Der Orden des heiligen Jeldrik zu Ahrnburg<\/span> Weiterlesen &raquo;<\/a><\/p>\n","protected":false},"author":1,"featured_media":0,"parent":0,"menu_order":0,"comment_status":"closed","ping_status":"closed","template":"","meta":[],"_links":{"self":[{"href":"https:\/\/engonien.net\/engonienwiki\/index.php?rest_route=\/wp\/v2\/pages\/1094"}],"collection":[{"href":"https:\/\/engonien.net\/engonienwiki\/index.php?rest_route=\/wp\/v2\/pages"}],"about":[{"href":"https:\/\/engonien.net\/engonienwiki\/index.php?rest_route=\/wp\/v2\/types\/page"}],"author":[{"embeddable":true,"href":"https:\/\/engonien.net\/engonienwiki\/index.php?rest_route=\/wp\/v2\/users\/1"}],"replies":[{"embeddable":true,"href":"https:\/\/engonien.net\/engonienwiki\/index.php?rest_route=%2Fwp%2Fv2%2Fcomments&post=1094"}],"version-history":[{"count":4,"href":"https:\/\/engonien.net\/engonienwiki\/index.php?rest_route=\/wp\/v2\/pages\/1094\/revisions"}],"predecessor-version":[{"id":1390,"href":"https:\/\/engonien.net\/engonienwiki\/index.php?rest_route=\/wp\/v2\/pages\/1094\/revisions\/1390"}],"wp:attachment":[{"href":"https:\/\/engonien.net\/engonienwiki\/index.php?rest_route=%2Fwp%2Fv2%2Fmedia&parent=1094"}],"curies":[{"name":"wp","href":"https:\/\/api.w.org\/{rel}","templated":true}]}}