{"id":1131,"date":"2018-03-20T09:04:25","date_gmt":"2018-03-20T09:04:25","guid":{"rendered":"https:\/\/engonien.net\/engonienwiki\/?page_id=1131"},"modified":"2021-02-26T10:13:55","modified_gmt":"2021-02-26T10:13:55","slug":"tangara-postille","status":"publish","type":"page","link":"https:\/\/engonien.net\/engonienwiki\/?page_id=1131","title":{"rendered":"Tangara Postille"},"content":{"rendered":"<div class=\"level2\">\n<p>Unsere IT-Zeitung mit den Ausgaben der letzten Jahre alle als PDF.<\/p>\n<\/div>\n<div class=\"level2\">\n<ul>\n<li><a href=\"https:\/\/engonien.net\/engonienwiki\/wp-content\/uploads\/2021\/02\/Postille_Winter269.pdf\">Winterausgabe 269 n.J.<\/a><\/li>\n<li><a href=\"https:\/\/engonien.net\/engonienwiki\/wp-content\/uploads\/2021\/02\/Postille_Fruehling269.pdf\">Fr\u00fchjahrsausgabe 269 n.J.<\/a><\/li>\n<li><a href=\"https:\/\/engonien.net\/engonienwiki\/wp-content\/uploads\/2019\/01\/Postille_Fr\u00fchling268.pdf\">Fr\u00fchjahrsausgabe 268 n.J.<\/a><\/li>\n<li><a href=\"https:\/\/engonien.net\/engonienwiki\/wp-content\/uploads\/2019\/01\/Postille_Winter267.pdf\">Winterausgabe 267 n.J.<\/a><\/li>\n<li><a href=\"https:\/\/engonien.net\/engonienwiki\/wp-content\/uploads\/2019\/01\/Postille_Fru\u0308hling267_Sonder.pdf\">Fr\u00fchjahrsausgabe 267 n.J.<\/a><\/li>\n<li><a href=\"https:\/\/engonien.net\/engonienwiki\/wp-content\/uploads\/2019\/01\/Postille_Winter266.pdf\">Winterausgabe 266 n.J.<\/a><\/li>\n<li><a href=\"https:\/\/engonien.net\/engonienwiki\/wp-content\/uploads\/2019\/01\/Postille_Fr\u00fchling266.pdf\">Fr\u00fchjahrsausgabe 266 n.J.<\/a><\/li>\n<li><a class=\"media mediafile mf_pdf\" title=\"postille:postille_winter_264.pdf (286.4 KB)\" href=\"https:\/\/engonien.net\/engonienwiki\/wp-content\/uploads\/2018\/03\/Winterausgabe-264-n.J.pdf\">Winterausgabe 264 n.J.<\/a><\/li>\n<li class=\"level1\">\n<div class=\"li\"><a class=\"media mediafile mf_pdf\" title=\"postille:postille_263_fruehling.pdf (1.2 MB)\" href=\"https:\/\/engonien.net\/engonienwiki\/wp-content\/uploads\/2018\/03\/Winterausgabe-263-n.J.pdf\">Fr\u00fchjahrsausgabe 263 n.J. zum Fest der Schatten<\/a><\/div>\n<\/li>\n<li><a href=\"https:\/\/engonien.net\/engonienwiki\/?attachment_id=1432\">Sommerausgabe 261 n.J.<\/a><\/li>\n<li class=\"level1\">\n<div class=\"li\"><a class=\"urlextern\" title=\"https:\/\/docs.google.com\/a\/engonien.de\/viewer?a=v&amp;pid=explorer&amp;chrome=true&amp;srcid=0B6rO39CPIkrlZmZhYzdlMGMtODMyYi00MDU2LWEwNjgtYmVjNzk5MDRlMWJl&amp;hl=en\" href=\"https:\/\/engonien.net\/engonienwiki\/wp-content\/uploads\/2018\/03\/Winterausgabe-260-n.J.pdf\" rel=\"nofollow\">Winterausgabe 260\/261 n. Jeldrik<\/a><\/div>\n<\/li>\n<li class=\"level1\">\n<div class=\"li\"><a class=\"urlextern\" title=\"https:\/\/docs.google.com\/a\/engonien.de\/fileview?id=0B6rO39CPIkrlMzc4OWY3NGQtMTdjOS00MWQyLTk2NTktOGMwMzA2ZDQ1NTQx&amp;hl=en\" href=\"https:\/\/engonien.net\/engonienwiki\/wp-content\/uploads\/2018\/03\/Sommerausgabe-260-n.J.pdf\" rel=\"nofollow\">Sommerpostille 260 n.Jeldrik<\/a><\/div>\n<\/li>\n<li class=\"level1\">\n<div class=\"li\"><a class=\"urlextern\" title=\"https:\/\/docs.google.com\/a\/engonien.de\/fileview?id=0B6rO39CPIkrlN2UzNDhmOTYtODM2Zi00YWZiLTkzYzktYmZkMjA4NWY0MjU3&amp;hl=en\" href=\"https:\/\/engonien.net\/engonienwiki\/wp-content\/uploads\/2018\/03\/Winterausgabe-259-n.J.pdf\" rel=\"nofollow\">Winterausgabe 259\/260 n.Jeldrik<\/a><\/div>\n<\/li>\n<li class=\"level1\">\n<div class=\"li\"><a class=\"media mediafile mf_pdf\" title=\"postille:postille13.pdf (260.9 KB)\" href=\"https:\/\/engonien.net\/engonienwiki\/wp-content\/uploads\/2018\/03\/Sommerausgabe-259n.J.pdf\">Sommerausgabe 259 n.J.<\/a><\/div>\n<\/li>\n<li class=\"level1\">\n<div class=\"li\"><a class=\"media mediafile mf_pdf\" title=\"postille:postille12.pdf (189.8 KB)\" href=\"https:\/\/engonien.net\/engonienwiki\/wp-content\/uploads\/2018\/03\/Sommerausgabe-258-n.J.pdf\">Sommerausgabe 258 n.J.<\/a><\/div>\n<\/li>\n<li class=\"level1\">\n<div class=\"li\"><a class=\"media mediafile mf_pdf\" title=\"postille:postille11.pdf (136.1 KB)\" href=\"https:\/\/engonien.net\/engonienwiki\/wp-content\/uploads\/2018\/03\/Winterausgabe-257-n.J.pdf\">Winterausgabe 257\/258 n.J.<\/a><\/div>\n<\/li>\n<li class=\"level1\">\n<div class=\"li\"><a class=\"media mediafile mf_pdf\" title=\"postille:postille10.pdf (108.8 KB)\" href=\"https:\/\/engonien.net\/engonienwiki\/wp-content\/uploads\/2018\/03\/Sommerausgabe-257-n.J.pdf\">Sommerausgabe 257 n.J.<\/a><\/div>\n<\/li>\n<li class=\"level1\">\n<div class=\"li\"><a class=\"media mediafile mf_pdf\" title=\"postille:postille9.pdf (107.5 KB)\" href=\"https:\/\/engonien.net\/engonienwiki\/wp-content\/uploads\/2018\/03\/Winterausgabe-256-n.J.pdf\">Winterausgabe 256\/257 n.J.<\/a><\/div>\n<\/li>\n<li class=\"level1\">\n<div class=\"li\"><a class=\"media mediafile mf_pdf\" title=\"postille:postille8.pdf (82.1 KB)\" href=\"https:\/\/engonien.net\/engonienwiki\/wp-content\/uploads\/2018\/03\/Sommerausgabe-256-n.J.pdf\">Sommerausgabe 256 n.J.<\/a><\/div>\n<\/li>\n<li class=\"level1\">\n<div class=\"li\"><a class=\"media mediafile mf_pdf\" title=\"postille:postille7.pdf (151.7 KB)\" href=\"https:\/\/engonien.net\/engonienwiki\/wp-content\/uploads\/2018\/03\/Winterausgabe-255-n.J.pdf\">Winterausgabe 255\/256 n.J.<\/a><\/div>\n<\/li>\n<li class=\"level1\">\n<div class=\"li\"><a class=\"media mediafile mf_pdf\" title=\"postille:postille6.pdf (128.3 KB)\" href=\"https:\/\/engonien.net\/engonienwiki\/wp-content\/uploads\/2018\/03\/Winterausgabe-254-n.J.pdf\">Winterausgabe 254\/255 n.J.<\/a><\/div>\n<\/li>\n<li class=\"level1\">\n<div class=\"li\"><a class=\"media mediafile mf_pdf\" title=\"postille:postille5.pdf (83.6 KB)\" href=\"https:\/\/engonien.net\/engonienwiki\/wp-content\/uploads\/2018\/03\/Sommerausgabe-254-n.J.pdf\">Sommerausgabe 254 n.J.<\/a><\/div>\n<\/li>\n<li class=\"level1\">\n<div class=\"li\"><a class=\"media mediafile mf_pdf\" title=\"postille:postille4.pdf (219.6 KB)\" href=\"https:\/\/engonien.net\/engonienwiki\/wp-content\/uploads\/2018\/03\/Winterausgabe-253-n.J.pdf\">Winterausgabe 253\/254 n.J.<\/a><\/div>\n<\/li>\n<li class=\"level1\">\n<div class=\"li\"><a class=\"media mediafile mf_pdf\" title=\"postille:postille3.pdf (79.5 KB)\" href=\"https:\/\/engonien.net\/engonienwiki\/wp-content\/uploads\/2018\/03\/Sommerausgabe-253-n.J.pdf\">Sommerausgabe 253 n.J.<\/a><\/div>\n<\/li>\n<li class=\"level1\">\n<div class=\"li\"><a class=\"media mediafile mf_pdf\" title=\"postille:postille2.pdf (65 KB)\" href=\"https:\/\/engonien.net\/engonienwiki\/wp-content\/uploads\/2018\/03\/Sommerausgabe-252-nJ.pdf\">Sommerausgabe 252 n.J.<\/a><\/div>\n<\/li>\n<li class=\"level1\">\n<div class=\"li\"><a class=\"media mediafile mf_pdf\" title=\"postille:postille1.pdf (86.1 KB)\" href=\"https:\/\/engonien.net\/engonienwiki\/wp-content\/uploads\/2018\/03\/Winterausgabe-251-n.J.pdf\">Winterausgabe 251\/252 n.J.<\/a><\/div>\n<\/li>\n<\/ul>\n<\/div>\n<h2 id=\"schlagzeilen\" class=\"sectionedit4\">Schlagzeilen<\/h2>\n<div class=\"level2\">\n<ul>\n<li><a href=\"https:\/\/engonien.net\/engonienwiki\/wp-content\/uploads\/2021\/02\/Postille_Fru\u0308hling267_Sonder.pdf\">Sonderbericht Fr\u00fchling 267n.J. zur Ernennung von Baron Gorix Feuerklinge<\/a><\/li>\n<li><a href=\"https:\/\/engonien.net\/engonienwiki\/wp-content\/uploads\/2021\/02\/postille_sonder1.pdf\">Sonderpostille Sommer 261 n.J. zum Nichtangriffspakt<\/a><\/li>\n<li class=\"level1\">\n<div class=\"li\"><a class=\"urlextern\" title=\"https:\/\/docs.google.com\/fileview?id=0B6rO39CPIkrlZDA5Nzk2YTMtZTdlMC00NzQyLThmODEtMGQ1MmJkYTYxODFi&amp;hl=en\" href=\"https:\/\/engonien.net\/engonienwiki\/wp-content\/uploads\/2018\/03\/sonderpostilleSO260.pdf\" rel=\"nofollow\">Sonderpostille Sommer 260 n.J. zur Ausrufung des Caldrischen Imperiums<\/a><\/div>\n<\/li>\n<li class=\"level1\">\n<div class=\"li\"><a class=\"media mediafile mf_pdf\" title=\"postille:extrablatt3.pdf (39.1 KB)\" href=\"https:\/\/engonien.net\/engonienwiki\/wp-content\/uploads\/2018\/03\/extrablatt3.pdf\">Extrablatt, 12. Mond 256 n.J.<\/a><\/div>\n<\/li>\n<li class=\"level1\">\n<div class=\"li\"><a class=\"media mediafile mf_pdf\" title=\"postille:extrablatt2.pdf (41.2 KB)\" href=\"https:\/\/engonien.net\/engonienwiki\/wp-content\/uploads\/2018\/03\/extrablatt2.pdf\">Extrablatt, 10. Mond 256 n.J.<\/a><\/div>\n<\/li>\n<li class=\"level1\">\n<div class=\"li\"><a class=\"media mediafile mf_pdf\" title=\"postille:extrablatt1.pdf (36.4 KB)\" href=\"https:\/\/engonien.net\/engonienwiki\/wp-content\/uploads\/2018\/03\/extrablatt1.pdf\">Extrablatt, 7. Mond 256 n.J.<\/a><\/div>\n<\/li>\n<\/ul>\n<\/div>\n<h2 id=\"sonderausgaben\" class=\"sectionedit5\">Sonderausgaben<\/h2>\n<div class=\"level2\"><\/div>\n<h4 id=\"zum_fest_der_schatten_263_nj\">Zum Fest der Schatten 263 n.J.<\/h4>\n<div class=\"level4\">\n<ul>\n<li class=\"level1\">\n<div class=\"li\"><a class=\"media mediafile mf_pdf\" title=\"postille:ulder_bote_263_n.j._ver._1.2.pdf (1.2 MB)\" href=\"https:\/\/engonien.net\/engonienwiki\/wp-content\/uploads\/2018\/03\/ulder_bote_263_n.j._ver._1.2.pdf\">Ulder Bote, Sonderausgabe zum Fest der Schatten 263 n.J.<\/a><\/div>\n<\/li>\n<li class=\"level1\">\n<div class=\"li\"><a class=\"media mediafile mf_pdf\" title=\"postille:extrablatt_geisel_in_wva.pdf (193.4 KB)\" href=\"https:\/\/engonien.net\/engonienwiki\/wp-content\/uploads\/2018\/03\/extrablatt_geisel_in_wva.pdf\">Ulder Bote, Extrablatt zur Geiselnahme im Kuriosit\u00e4tenkabinett 263 n.J.<\/a><\/div>\n<\/li>\n<\/ul>\n<\/div>\n","protected":false},"excerpt":{"rendered":"<p>Unsere IT-Zeitung mit den Ausgaben der letzten Jahre alle als PDF. Winterausgabe 269 n.J. Fr\u00fchjahrsausgabe 269 n.J. Fr\u00fchjahrsausgabe 268 n.J. Winterausgabe 267 n.J. Fr\u00fchjahrsausgabe 267 n.J. Winterausgabe 266 n.J. Fr\u00fchjahrsausgabe 266 n.J. Winterausgabe 264 n.J. Fr\u00fchjahrsausgabe 263 n.J. zum Fest der Schatten Sommerausgabe 261 n.J. Winterausgabe 260\/261 n. Jeldrik Sommerpostille 260 n.Jeldrik Winterausgabe 259\/260 n.Jeldrik &hellip;<\/p>\n<p class=\"read-more\"> <a class=\"\" href=\"https:\/\/engonien.net\/engonienwiki\/?page_id=1131\"> <span class=\"screen-reader-text\">Tangara Postille<\/span> Weiterlesen &raquo;<\/a><\/p>\n","protected":false},"author":1,"featured_media":0,"parent":0,"menu_order":0,"comment_status":"closed","ping_status":"closed","template":"","meta":[],"_links":{"self":[{"href":"https:\/\/engonien.net\/engonienwiki\/index.php?rest_route=\/wp\/v2\/pages\/1131"}],"collection":[{"href":"https:\/\/engonien.net\/engonienwiki\/index.php?rest_route=\/wp\/v2\/pages"}],"about":[{"href":"https:\/\/engonien.net\/engonienwiki\/index.php?rest_route=\/wp\/v2\/types\/page"}],"author":[{"embeddable":true,"href":"https:\/\/engonien.net\/engonienwiki\/index.php?rest_route=\/wp\/v2\/users\/1"}],"replies":[{"embeddable":true,"href":"https:\/\/engonien.net\/engonienwiki\/index.php?rest_route=%2Fwp%2Fv2%2Fcomments&post=1131"}],"version-history":[{"count":10,"href":"https:\/\/engonien.net\/engonienwiki\/index.php?rest_route=\/wp\/v2\/pages\/1131\/revisions"}],"predecessor-version":[{"id":1586,"href":"https:\/\/engonien.net\/engonienwiki\/index.php?rest_route=\/wp\/v2\/pages\/1131\/revisions\/1586"}],"wp:attachment":[{"href":"https:\/\/engonien.net\/engonienwiki\/index.php?rest_route=%2Fwp%2Fv2%2Fmedia&parent=1131"}],"curies":[{"name":"wp","href":"https:\/\/api.w.org\/{rel}","templated":true}]}}