{"id":1150,"date":"2018-03-20T11:44:02","date_gmt":"2018-03-20T11:44:02","guid":{"rendered":"https:\/\/engonien.net\/engonienwiki\/?page_id=1150"},"modified":"2018-10-17T17:52:25","modified_gmt":"2018-10-17T17:52:25","slug":"kaiser-jeldrik","status":"publish","type":"page","link":"https:\/\/engonien.net\/engonienwiki\/?page_id=1150","title":{"rendered":"Kaiser Jeldrik"},"content":{"rendered":"<h1 id=\"kaiser_jeldrik\" class=\"sectionedit1\"><span style=\"color: #ff0000;\">\u00a0In Bearbeitung durch den Beirat. Vorrausichtlich bis Fr\u00fchjahr 2019. Bei Dringenden Fragen bitte an Beirat@Engonien.de wenden.<\/span><\/h1>\n<div class=\"level1\">\n<p><strong>Gr\u00fcnder und Schutzpatron des engonischen Kaiserreiches.<\/strong><\/p>\n<p>Jeldrik wird von fast allen Engoniern als Heiliger verehrt. Nach Ende des zweiten Br\u00fcderkrieges verk\u00fcndeten zahlreiche Tempel engonischer G\u00f6tter, Jeldrik sei zu wahrer G\u00f6ttlichkeit aufgestiegen.<\/p>\n<p>Bez\u00fcglich der Jeldriksverehrung gibt es gro\u00dfe Unterschiede in der Auslegung, je nachdem welche Anh\u00e4nger man genau nach ihrer Meinung fragt.<\/p>\n<p><strong>Die Heiligenauslegung:<\/strong> Viele Anh\u00e4nger Jeldriks verehren ihr \u201enur\u201c als Heiligen und nicht als Gott, wobei sie damit ihre Hoffnung zum Ausdruck bringen, dass Jeldrik eine Tages zur\u00fcckkehrt und seine Amtgesch\u00e4fte und Regentschaft wieder aufnimmt. Diese Anh\u00e4nger sind vornemlich die ehemaligen Anh\u00e4nger des Senats und der davon repr\u00e4sentierten Herrschaft Engoniens. Der Senat hatte als Legitimation seiner Herrschaft stets nur angef\u00fchrt, Verwalter in Abwesenheit des Kaisers zu sein. <strong>Anh\u00e4nger<\/strong>: Der besonders jeldrikstreue Adel, wie z.B: Voranenburg, Feuerklinge, Fingara etc. und nahezu ganz Andarra und diejenigen in Silvanaja, die sich um Politik scheren.<\/p>\n<p><strong>Die Apotheisten:<\/strong> Manche Anh\u00e4nger, zuvorderst, aber nicht ausschlie\u00dflich, der Orden der Jeldriken, sehen Jeldrik als gottgewordenen Menschen und seine Idee von einem geeinten Engonien als g\u00f6ttergegebenes Ideal, welches um jeden Preis angestrebt werden muss. Sie belegen die Lehren, Rechtssprechungen und Gesetze aus Jeldriks Lebenszeit mit einem dogmatischen, g\u00f6ttergegebenen Ansatz.<br \/>\nEine Untergruppierung verbreitet die Meinung Jeldrik sei als Halbgott auf Erden geboren worden und seine Wiederauferstehung nach der Schlacht der V\u00f6lker w\u00e4re lediglich die Erkenntnis seiner G\u00f6ttlichkeit gewesen.<br \/>\n<strong>Anh\u00e4nger<\/strong>: Der Orden der Jeldriken, einzelne Individuen<\/p>\n<p><strong>Die Royalisten:<\/strong> Manche Anh\u00e4nger sehen Jeldrik als einen besonders guten Menschen, der lediglich von den G\u00f6ttern inspiriert\/auserw\u00e4hlt wurde. Sie sehen meist das Engonische Kaiserreich als legitimen Nachvolger des Caldrischen Imperiums, sehen im Verschwinden Jeldriks einen Verzicht auf die Krone und halten eine legitime Nachfolgeschaft f\u00fcr unbedingt erforderlich. <strong>Anh\u00e4nger<\/strong>: K\u00f6nigin von Caldrien, Lupus Umbra, Herzog von Hanekamp etc.<\/p>\n<\/div>\n<p>&nbsp;<\/p>\n<p>Siehe auch: <a href=\"https:\/\/engonien.net\/engonienwiki\/?page_id=1094\">Der Orden des heiligen Jeldrik zu Ahrnburg<\/a><\/p>\n","protected":false},"excerpt":{"rendered":"<p>\u00a0In Bearbeitung durch den Beirat. Vorrausichtlich bis Fr\u00fchjahr 2019. Bei Dringenden Fragen bitte an Beirat@Engonien.de wenden. Gr\u00fcnder und Schutzpatron des engonischen Kaiserreiches. Jeldrik wird von fast allen Engoniern als Heiliger verehrt. Nach Ende des zweiten Br\u00fcderkrieges verk\u00fcndeten zahlreiche Tempel engonischer G\u00f6tter, Jeldrik sei zu wahrer G\u00f6ttlichkeit aufgestiegen. Bez\u00fcglich der Jeldriksverehrung gibt es gro\u00dfe Unterschiede in &hellip;<\/p>\n<p class=\"read-more\"> <a class=\"\" href=\"https:\/\/engonien.net\/engonienwiki\/?page_id=1150\"> <span class=\"screen-reader-text\">Kaiser Jeldrik<\/span> Weiterlesen &raquo;<\/a><\/p>\n","protected":false},"author":1,"featured_media":0,"parent":0,"menu_order":0,"comment_status":"closed","ping_status":"closed","template":"","meta":[],"_links":{"self":[{"href":"https:\/\/engonien.net\/engonienwiki\/index.php?rest_route=\/wp\/v2\/pages\/1150"}],"collection":[{"href":"https:\/\/engonien.net\/engonienwiki\/index.php?rest_route=\/wp\/v2\/pages"}],"about":[{"href":"https:\/\/engonien.net\/engonienwiki\/index.php?rest_route=\/wp\/v2\/types\/page"}],"author":[{"embeddable":true,"href":"https:\/\/engonien.net\/engonienwiki\/index.php?rest_route=\/wp\/v2\/users\/1"}],"replies":[{"embeddable":true,"href":"https:\/\/engonien.net\/engonienwiki\/index.php?rest_route=%2Fwp%2Fv2%2Fcomments&post=1150"}],"version-history":[{"count":6,"href":"https:\/\/engonien.net\/engonienwiki\/index.php?rest_route=\/wp\/v2\/pages\/1150\/revisions"}],"predecessor-version":[{"id":1425,"href":"https:\/\/engonien.net\/engonienwiki\/index.php?rest_route=\/wp\/v2\/pages\/1150\/revisions\/1425"}],"wp:attachment":[{"href":"https:\/\/engonien.net\/engonienwiki\/index.php?rest_route=%2Fwp%2Fv2%2Fmedia&parent=1150"}],"curies":[{"name":"wp","href":"https:\/\/api.w.org\/{rel}","templated":true}]}}