{"id":1168,"date":"2018-03-20T12:00:52","date_gmt":"2018-03-20T12:00:52","guid":{"rendered":"https:\/\/engonien.net\/engonienwiki\/?page_id=1168"},"modified":"2018-06-07T18:01:09","modified_gmt":"2018-06-07T18:01:09","slug":"waehrung-in-engonien","status":"publish","type":"page","link":"https:\/\/engonien.net\/engonienwiki\/?page_id=1168","title":{"rendered":"W\u00e4hrung in Engonien"},"content":{"rendered":"<h1 id=\"waehrung_in_engonien\" class=\"sectionedit1\"><\/h1>\n<div class=\"level1\">\n<p>In Engonien zahlt man haupts\u00e4chlich mit engonischen Kupfer-, Silber-, oder Goldm\u00fcnzen. In weniger zivilisierten Gegenden, wie zum Beispiel Andarra und Silvanaja ist au\u00dferdem der Tauschhandel sehr popul\u00e4r und in Tangara und an den H\u00f6fen Caldriens wird mitunter mit Pfand- und Wertbriefen gehandelt.<\/p>\n<\/div>\n<h2 id=\"engonische_muenzen\" class=\"sectionedit2\">Engonische M\u00fcnzen<\/h2>\n<div class=\"level2\">\n<p>Das in Engonien am weitesten verbreitete Zahlungsmittel sind Engonische M\u00fcnzen. Sie gibt es als Kupfer-, Silber und Goldm\u00fcnzen. Im Allgemeinen gibt es f\u00fcr sie keinen festgeschriebenen Wert und auch keine fest bestimmte Beziehung zueinander. Das hei\u00dft, ein Verh\u00e4ltniss, wie in manchen L\u00e4ndern der Mittellande, wo z.B. ein Goldst\u00fcck, 10 Silberst\u00fccken bzw. 100 Kupferst\u00fccken entspricht gibt es in Engonien nicht. Trotzdem tauschen doch des \u00f6fteren H\u00e4ndler Silber gegen Kupferm\u00fcnzen, wobei man je nach Gegend und Situation f\u00fcr ein Silber 6-8 Kupferm\u00fcnzen bekommt.<\/p>\n<p>Anl\u00e4sslich des 250zigsten Geburtstages des Kaiserreiches wurde eine M\u00fcnzpr\u00e4gung herausgegeben, die auf der R\u00fcckseite eine Karte Engoniens und die Namen der Provinzen und auf der Vorderseite das Wappen Jeldriks zeigt. Au\u00dferdem findet sich auf der R\u00fcckseite das Datum der Pr\u00e4gung und auf der Vorderseite der Sinnspruch \u201equattuor partes aeterno sub manus Jeldricis uneant\u201c Vier Teile auf Ewig unter der Hand Jeldriks vereint und aus unerfindlichen Gr\u00fcnden die Ziffer 1.<\/p>\n<p>Um dem geneigten Leser trotzdem einen Begriff f\u00fcr den Wert von Engonischen M\u00fcnzen zu verleihen will ich hier ein paar Beispiele geben:<\/p>\n<\/div>\n<h3 id=\"kupfermuenzen\" class=\"sectionedit3\">Kupferm\u00fcnzen<\/h3>\n<div class=\"level3\">\n<p>In Engonien verdient ein Handwerker pro Tag 2 Kupfer.<\/p>\n<p>Das hei\u00dft, dass am Markt ein kompletter Einkauf (Lebensmittel f\u00fcr eine Woche) 1-2 Kupfer kostet. Wenn ein ganzer Einkauf 1 Kupfer kostet kann man nat\u00fcrlich nicht 1 Kupfer f\u00fcr ein Brot verlangen. Da gibt es dann das Problem der kleinsten Einheit.<\/p>\n<p>In Engonien l\u00e4uft viel \u00fcber Kerbh\u00f6lzer. Eine B\u00e4ckersfrau z.B. kauft einen Monat lang zweimal die Woche beim Fleischer ein und l\u00e4sst daf\u00fcr anschreiben. Am Ende des Monats bezahlt sie dann ihre Rechnung von 1-2 Kupfer. In der Regel kennen sich die Bewohner untereinander, auch in so gro\u00dfen St\u00e4dten wie Fanada. Kennt man den Kunden nicht, so muss dieser einen Leumund aufweisen (z.B. ich bin die Magt vom Brauereimeister Sackelhuber). Reicht das auch nicht, dann eben Vorauskasse. Reisende H\u00e4ndler verkaufen und kaufen Waren meist in Gr\u00f6\u00dfen, die mit Kupfer-M\u00fcnzen bezahlt werden k\u00f6nnen, also gibt es kein Problem an dieser Front.<\/p>\n<\/div>\n<h3 id=\"silbermuenzen\" class=\"sectionedit4\">Silberm\u00fcnzen<\/h3>\n<div class=\"level3\">\n<p>Silberm\u00fcnzen werden entweder f\u00fcr gro\u00dfe Mengen allt\u00e4glicher G\u00fcter, oder f\u00fcr exklusive und besondere Luxuswahren bezahlt. Die Dienste eines Heilers, eines Schreibers oder eines Alchemisten werden oft in Silber bezahlt, wobei solche Dienstleister oft 1-2 Silberst\u00fccke am Tag verdienen. Wie schon gesagt wird auch des \u00f6fteren Silber gegen Kupfer getauscht.<\/p>\n<\/div>\n<h3 id=\"goldmuenzen\" class=\"sectionedit5\">Goldm\u00fcnzen<\/h3>\n<div class=\"level3\">\n<p>Die wenigsten Engonier werden jemals eine Goldm\u00fcnze zu Gesicht bekommen haben. Sie werden nur von reichen H\u00e4ndlern, S\u00f6ldnern oder Adeligen bei Gesch\u00e4ften verwendet, bei denen es um viel Grundbesitz, oder gro\u00dfe Anschaffungen geht. Der Wert einer engonischen Goldm\u00fcnzen liegt leicht \u00fcber ihrem Materialwert und in der Regel werden keine Goldm\u00fcnzen gegen Silber oder gar Kupfer getauscht.<\/p>\n<\/div>\n<h3 id=\"traedus_handelsgold\" class=\"sectionedit6\">Traedus Handelsgold<\/h3>\n<div class=\"level3\">\n<p>Das Handelsgold sind Goldm\u00fcnzen zu Ehren von Traedus dem Schutzheiligen der H\u00e4ndler. Es sind symbolische M\u00fcnzen aus reinem Gold (die R\u00fcckseite tr\u00e4gt die Pegasuspr\u00e4gung). Sie werden bei gro\u00dfen Gesch\u00e4ftsvorhaben als Pfand gezahlt und haben einen Nennwert von 12\u00d712 Silber also 144 engonische Silber. Der Materialwert der M\u00fcnze entspricht ca. 10 Silber. Diese Handelsm\u00fcnzen (engonische Dukaten) werden als Zeichen der Bezahlung \u00fcbergeben und k\u00f6nnen schon mal bis zu 1000 Silber Wert darstellen. Den tats\u00e4chlich zu entrichtenden Betrag legt der Handelsvertrag fest. Nach der realen Bezahlung der Ware bekommt der K\u00e4ufer die M\u00fcnzen wieder zur\u00fcck. Die M\u00fcnzen werden durch die H\u00e4ndlergilden verwaltet.<\/p>\n<\/div>\n<h3 id=\"fremde_waehrung\" class=\"sectionedit7\">Fremde W\u00e4hrung<\/h3>\n<div class=\"level3\">\n<p>Fremde W\u00e4hrungen werden in Engonien meist ohne Probleme akzeptiert, da sich der Wert der Engonischen M\u00fcnzen sehr stark an deren Materialpreis orientiert. Da Engonische M\u00fcnzen allerdings in der Regel um einiges mehr wiegen, als fremdl\u00e4ndische muss der H\u00e4ndler mit fremdl\u00e4ndischer W\u00e4hrung damit rechnen den doppelten oder gar dreifachen Preis in fremdl\u00e4ndischen M\u00fcnzen bezahlen zu m\u00fcssen.<\/p>\n<\/div>\n<h3 id=\"ot_infos\" class=\"sectionedit8\">OT Infos<\/h3>\n<div class=\"level3\">\n<p>Es wurden bislang 22000 Kupfer und 3000 Silberm\u00fcnzen gepr\u00e4gt, was bedeutet, dass die Engonischen M\u00fcnzen als Larp-W\u00e4hrung recht stabil sind. Es existieren OT keine Goldm\u00fcnzen, IT allerdings durchaus. Auf unseren Cons werdet ihr in Situationen kommen k\u00f6nnen, in denen ihr mit M\u00fcnzen bezahlen sollt. Dies ist als ein Spielangebot zu verstehen. Wenn ihr OT keine Larp-M\u00fcnzen ausgeben wollt oder k\u00f6nnt, dann sagt dem betreffenden NSC kurz OT (m\u00f6glichst so, dass es das Spiel anderer nicht st\u00f6rt) bescheid und es wird dann so weitergespielt, als ob ihr IT vern\u00fcnftig bezahlt h\u00e4ttet.<\/p>\n<p>Auf manchen Veranstaltungen (wie z.B. der Grenzwacht 2014) tauschen wir Engonien Kupfer gegen Engonien Silberm\u00fcnzen im Verh\u00e4ltnis 7:1 . Das ist allerdings jeweils nur ein Angebot der jeweiligen Veranstaltung und keine allgemeine Regel. Das Kontingent der f\u00fcr diesen Tausch zur\u00fcckgelegten M\u00fcnzen ist noch zu ca. 90% voll. Es kann also fr\u00f6hlich weitergetauscht werden.<\/p>\n<\/div>\n","protected":false},"excerpt":{"rendered":"<p>In Engonien zahlt man haupts\u00e4chlich mit engonischen Kupfer-, Silber-, oder Goldm\u00fcnzen. In weniger zivilisierten Gegenden, wie zum Beispiel Andarra und Silvanaja ist au\u00dferdem der Tauschhandel sehr popul\u00e4r und in Tangara und an den H\u00f6fen Caldriens wird mitunter mit Pfand- und Wertbriefen gehandelt. Engonische M\u00fcnzen Das in Engonien am weitesten verbreitete Zahlungsmittel sind Engonische M\u00fcnzen. Sie &hellip;<\/p>\n<p class=\"read-more\"> <a class=\"\" href=\"https:\/\/engonien.net\/engonienwiki\/?page_id=1168\"> <span class=\"screen-reader-text\">W\u00e4hrung in Engonien<\/span> Weiterlesen &raquo;<\/a><\/p>\n","protected":false},"author":1,"featured_media":0,"parent":0,"menu_order":0,"comment_status":"closed","ping_status":"closed","template":"","meta":[],"_links":{"self":[{"href":"https:\/\/engonien.net\/engonienwiki\/index.php?rest_route=\/wp\/v2\/pages\/1168"}],"collection":[{"href":"https:\/\/engonien.net\/engonienwiki\/index.php?rest_route=\/wp\/v2\/pages"}],"about":[{"href":"https:\/\/engonien.net\/engonienwiki\/index.php?rest_route=\/wp\/v2\/types\/page"}],"author":[{"embeddable":true,"href":"https:\/\/engonien.net\/engonienwiki\/index.php?rest_route=\/wp\/v2\/users\/1"}],"replies":[{"embeddable":true,"href":"https:\/\/engonien.net\/engonienwiki\/index.php?rest_route=%2Fwp%2Fv2%2Fcomments&post=1168"}],"version-history":[{"count":1,"href":"https:\/\/engonien.net\/engonienwiki\/index.php?rest_route=\/wp\/v2\/pages\/1168\/revisions"}],"predecessor-version":[{"id":1169,"href":"https:\/\/engonien.net\/engonienwiki\/index.php?rest_route=\/wp\/v2\/pages\/1168\/revisions\/1169"}],"wp:attachment":[{"href":"https:\/\/engonien.net\/engonienwiki\/index.php?rest_route=%2Fwp%2Fv2%2Fmedia&parent=1168"}],"curies":[{"name":"wp","href":"https:\/\/api.w.org\/{rel}","templated":true}]}}