{"id":1296,"date":"2018-04-02T15:41:16","date_gmt":"2018-04-02T15:41:16","guid":{"rendered":"https:\/\/engonien.net\/engonienwiki\/?page_id=1296"},"modified":"2018-06-07T18:01:06","modified_gmt":"2018-06-07T18:01:06","slug":"die-garde-des-hauses-zu-goldbach","status":"publish","type":"page","link":"https:\/\/engonien.net\/engonienwiki\/?page_id=1296","title":{"rendered":"Die Garde des Hauses zu Goldbach"},"content":{"rendered":"<p>Ihr Motto lautet: \u201eFoi jusqu \u0301au dernier\u201c &#8211; \u201eTreu bis zum Ende\u201c<\/p>\n<p>Sie besteht zuerst aus den Rittern der Baronie.<br \/>\nHiernach folgt die Prima Plana, bestehend aus dem Waffenmeister, dem Feldweibel, dem<br \/>\nF\u00e4hnrich,<br \/>\ndem Quartier-\/Fouragemeister sowie dem Trossweibel.<br \/>\nVon den Rittern stellt jeder 6 wehrf\u00e4hige M\u00e4nner als Gardisten.<br \/>\nDiese M\u00e4nner werden eingeteilt in drei Rotten zu je zwei Gruppen und<br \/>\nw\u00e4hlen sich ihre drei Rottmeister. Die \u00fcbrigen 27 M\u00e4nner werden als einfache Gardisten<br \/>\ngef\u00fchrt.<br \/>\nSpielleute werden bei Bedarf aus einer der Rotten gezogen.<br \/>\nDes weiteren k\u00f6nnen bis zu 3 Fuhrleute dem Trossweibel unterstellt werden. Die Fuhrleute als<br \/>\nZivilisten geh\u00f6ren nicht zum stehenden Kader und werden bei Bedarf eingegliedert.<br \/>\nDe facto wird die Truppe vom Feldweibel gef\u00fchrt, da die Ritter sich auf ihren jeweiligen<br \/>\nAnwesen<br \/>\nbefinden.<br \/>\nDer Waffenmeister ist zust\u00e4ndig f\u00fcr die Waffenausbildung der M\u00e4nner und den Zustand der<br \/>\nWaffen.<br \/>\nIn der Obhut des F\u00e4hnrichs befindet sich das Pennon der Garde. Auf dem Marsch tr\u00e4gt er es<br \/>\nder<br \/>\nTruppe vorweg, Im Gefecht sch\u00fctzt er es, notfalls mit seinem Leben. Das Pennon befindet sich<br \/>\nim<br \/>\nRegelfall in der Schreibstube im kleinen Haupthaus.<br \/>\nDem Quartier-\/Fouragemeister obliegt es, die Quartiere und Verpflegung der Truppe zu<br \/>\n\u00fcberwachen<br \/>\nund zu organisieren, wenn n\u00f6tig.Er f\u00fchrt zusammen mit dem Feldweibel die Soldzahlungen<br \/>\ndurch.<br \/>\nDer Trossweibel f\u00fchrt die Aufsicht \u00fcber die Fuhrleute sowie die Stallburschen und den Fuhrpark<br \/>\nder<br \/>\nGarde sowie der Baronin.<br \/>\nDie Garde tr\u00e4gt zum Zeichen ihrer Zugeh\u00f6rigkeit einen Wappenrock in goldbacher Farben.<br \/>\nAls Bewaffnung finden sich bei der Garde Hellebarden und Spie\u00dfe, \u201estumpfe\u201c Hiebwaffen<br \/>\n( Kriegshammer, Rabenschnabel, etc&#8230;) sowie Bogen und Armbrust im Bedarfsfall.<\/p>\n","protected":false},"excerpt":{"rendered":"<p>Ihr Motto lautet: \u201eFoi jusqu \u0301au dernier\u201c &#8211; \u201eTreu bis zum Ende\u201c Sie besteht zuerst aus den Rittern der Baronie. Hiernach folgt die Prima Plana, bestehend aus dem Waffenmeister, dem Feldweibel, dem F\u00e4hnrich, dem Quartier-\/Fouragemeister sowie dem Trossweibel. Von den Rittern stellt jeder 6 wehrf\u00e4hige M\u00e4nner als Gardisten. Diese M\u00e4nner werden eingeteilt in drei Rotten &hellip;<\/p>\n<p class=\"read-more\"> <a class=\"\" href=\"https:\/\/engonien.net\/engonienwiki\/?page_id=1296\"> <span class=\"screen-reader-text\">Die Garde des Hauses zu Goldbach<\/span> Weiterlesen &raquo;<\/a><\/p>\n","protected":false},"author":1,"featured_media":0,"parent":0,"menu_order":0,"comment_status":"closed","ping_status":"closed","template":"","meta":[],"_links":{"self":[{"href":"https:\/\/engonien.net\/engonienwiki\/index.php?rest_route=\/wp\/v2\/pages\/1296"}],"collection":[{"href":"https:\/\/engonien.net\/engonienwiki\/index.php?rest_route=\/wp\/v2\/pages"}],"about":[{"href":"https:\/\/engonien.net\/engonienwiki\/index.php?rest_route=\/wp\/v2\/types\/page"}],"author":[{"embeddable":true,"href":"https:\/\/engonien.net\/engonienwiki\/index.php?rest_route=\/wp\/v2\/users\/1"}],"replies":[{"embeddable":true,"href":"https:\/\/engonien.net\/engonienwiki\/index.php?rest_route=%2Fwp%2Fv2%2Fcomments&post=1296"}],"version-history":[{"count":1,"href":"https:\/\/engonien.net\/engonienwiki\/index.php?rest_route=\/wp\/v2\/pages\/1296\/revisions"}],"predecessor-version":[{"id":1298,"href":"https:\/\/engonien.net\/engonienwiki\/index.php?rest_route=\/wp\/v2\/pages\/1296\/revisions\/1298"}],"wp:attachment":[{"href":"https:\/\/engonien.net\/engonienwiki\/index.php?rest_route=%2Fwp%2Fv2%2Fmedia&parent=1296"}],"curies":[{"name":"wp","href":"https:\/\/api.w.org\/{rel}","templated":true}]}}