{"id":1299,"date":"2018-04-02T15:43:09","date_gmt":"2018-04-02T15:43:09","guid":{"rendered":"https:\/\/engonien.net\/engonienwiki\/?page_id=1299"},"modified":"2018-06-07T18:01:07","modified_gmt":"2018-06-07T18:01:07","slug":"francois","status":"publish","type":"page","link":"https:\/\/engonien.net\/engonienwiki\/?page_id=1299","title":{"rendered":"Francois"},"content":{"rendered":"<p>Als Yves Lioncoeur zum Baron von Goldbach ernannt wurde stand dort, wo heute Burg Goldbach steht,<br \/>\neine bescheidene Motte und eine simple Verteidigungsanlage aus Palisaden. Die Umst\u00e4nde seiner<br \/>\nErhebung in den erblichen Adel waren au\u00dfergew\u00f6hnlich gewesen und hatten seine Chancen von den<br \/>\nS\u00fcdcaldriern akzeptiert zu werden nahezu zu Nichte gemacht. Gleichzeitig waren seine n\u00f6rdlichen<br \/>\nVerwandten in unz\u00e4hligen Fehden zersplittert, so dass dauerhafte Allianzen schwer zu finden waren.<br \/>\nIn dieser unruhigen und von Scharm\u00fctzeln gepr\u00e4gten Zeit begann Yves M\u00e4nner um sich zu scharen um<br \/>\nseine Macht konsolidieren zu k\u00f6nnen. Er machte dabei wenig Aufhebens dar\u00fcber wo genau die M\u00e4nner<br \/>\nherkamen und was sie vorher getan haben, wichtig war nur wie sie sich in ihrer neuen Stellung verhielten.<br \/>\nEiner der ersten M\u00e4nner war Folker, ein einfacher Kriegsknecht aus der Gegend die wir heute Oscrogne<br \/>\nnennen.<br \/>\nEr war auf der Suche nach einem Flecken Land in den S\u00fcden gekommen und hatte beschlossen sich bei<br \/>\nYves zu verdingen um Geld zu verdienen. Es dauerte nicht lange und die beiden M\u00e4nner entwickelten<br \/>\neinen gegenseitigen Respekt, so dass der Gedanke Goldbach zu Gunsten eines eigenen Hofs zu verlassen,<br \/>\nimmer seltener wurde und mit Folkers Hochzeit schlie\u00dflich verstummte.<br \/>\nEr wurde vom Baron zum Weibel seiner Garde ernannt und fand seine Erf\u00fcllung darin. Ihm wurden<br \/>\nS\u00f6hne und T\u00f6chter geboren und diese f\u00fchrten seinen Dienst weiter, als er in Tiors Arme gerufen wurde.<br \/>\nFolkers Familie fand im Dienst am Haus Goldbach ihre Bestimmung und f\u00fcllte ihn \u00fcber die Generationen<br \/>\nhinweg unbeirrt aus. Bis heute fungieren S\u00f6hne und auch T\u00f6chter aus Folkers Linie als Weibel der<br \/>\ngoldbacher Garde.<br \/>\nIsabeau Lioncoeur die 1. von Goldbach, die Gro\u00dfmutter der aktuellen Baronin, regierte von 211 bis 252 n.<br \/>\nJ.. Sie verbrauchte w\u00e4hrend dieser Zeit zwei Ehem\u00e4nner, gebar 5 Kinder, schaffte Frieden unter ihren<br \/>\nRittern und mit den n\u00f6rdlichen Cousins und baute Burg Goldbach zu ihrer aktuellen Gr\u00f6\u00dfe um.<br \/>\nSie regierte mit eiserner Hand und war mitunter recht ruchlos. Dies kam der Baronie zu Gute, sorgte aber<br \/>\ndaf\u00fcr, dass echte Freunde und Vertraute rar ges\u00e4t waren.<br \/>\nEine dieser wenigen Vertrauten war Othar, der Weibel ihrer Garde. Er stammte aus Folkers Linie und<br \/>\nhatte sich bereits fr\u00fch f\u00fcr ein Leben in der Garde entschieden. Mit 25 Jahren \u00fcbernahm er den Posten des<br \/>\nWeibels von seinem Vater und f\u00fchrte ihn treu \u00fcber die n\u00e4chsten 30 Jahre aus. Zwischen ihm und der<br \/>\nBaronin war eine echte Freundschaft entstanden und Isabeau vertraute ihm blind.<br \/>\n245 n. J. wurde er in einem Kampf schwer verwundet und starb kurz darauf am Wundfieber. Die Baronin<br \/>\nwar untr\u00f6stlich und trauerte lange um ihren Freund. Der Posten des Weibels ging an Othar \u0301s Sohn Brix<br \/>\n\u00fcber, der sich redlich bem\u00fchte in seine Fu\u00dfstapfen zu treten. Zwischen ihm und der Baronin gab es<br \/>\ngegenseitigen Respekt, aber niemals mehr.<br \/>\nAls Isabeau 252 n. J. starb wurde ihr Erstgeborener Emile Baron von Goldbach.<br \/>\nEr und Brix sch\u00e4tzten sich und arbeiteten gut zusammen. Emile selbst hatte bereits jahrelang die<br \/>\nVertretung seiner Mutter in Donnerheim \u00fcbernommen, aber ihm selbst war es nur 4 kurze Jahre lang<br \/>\nverg\u00f6nnt selber zu herrschen, bevor Lavinia ihn mit nur knapp 40 Jahren zu sich rief. 256 n. J. wurde<br \/>\nschlie\u00dflich die aktuelle Baronin gekr\u00f6nt und best\u00e4tigte Brix in seinem Amt. Nach nur kurzer Zeit bat er<br \/>\njedoch aus seinen Verpflichtungen entlassen zu werden und schlug seinen Sohn Francois als Nachfolger<br \/>\nvor, was von der Baronin akzeptiert wurde.<br \/>\nFrancois hat zwei oberste Grunds\u00e4tze: Disziplin und Loyalit\u00e4t. Jeder darf sich mal &#8222;etwas leisten&#8220; und<br \/>\nerh\u00e4lt sicher eine zweite Chance, aber wer gegen die Baronin ist, der ist gegen ihn&#8230;<br \/>\nEr hat vor vielen Jahren in der Garde zu Goldbach angefangen und sich vom Gardisten hochgedient.<br \/>\nEr ist ein eher ruhiger, verschlossener Charakter, der den Abstand zu den Mannschaften h\u00e4lt, aber<br \/>\njederzeit ein Ohr f\u00fcr sie hat und f\u00fcr sie einsteht. Und so knurrig wie alle sagen ist er eigentlich<br \/>\ngarnicht.Unbest\u00e4tigten Ger\u00fcchten nach kann er auch lachen.<br \/>\nVor dem Fr\u00fchst\u00fcck, und hierbei ist Kaffee der wichtigste Bestandteil, ist er mit Vorsicht zu geniessen.<br \/>\nEs gibt f\u00fcr ihn immer zwei Varianten: das Buch und das Feld. Das eine liest sich immer gut, muss aber<br \/>\nnicht immer funktionieren.<\/p>\n","protected":false},"excerpt":{"rendered":"<p>Als Yves Lioncoeur zum Baron von Goldbach ernannt wurde stand dort, wo heute Burg Goldbach steht, eine bescheidene Motte und eine simple Verteidigungsanlage aus Palisaden. Die Umst\u00e4nde seiner Erhebung in den erblichen Adel waren au\u00dfergew\u00f6hnlich gewesen und hatten seine Chancen von den S\u00fcdcaldriern akzeptiert zu werden nahezu zu Nichte gemacht. Gleichzeitig waren seine n\u00f6rdlichen Verwandten &hellip;<\/p>\n<p class=\"read-more\"> <a class=\"\" href=\"https:\/\/engonien.net\/engonienwiki\/?page_id=1299\"> <span class=\"screen-reader-text\">Francois<\/span> Weiterlesen &raquo;<\/a><\/p>\n","protected":false},"author":1,"featured_media":1370,"parent":0,"menu_order":0,"comment_status":"closed","ping_status":"closed","template":"","meta":[],"_links":{"self":[{"href":"https:\/\/engonien.net\/engonienwiki\/index.php?rest_route=\/wp\/v2\/pages\/1299"}],"collection":[{"href":"https:\/\/engonien.net\/engonienwiki\/index.php?rest_route=\/wp\/v2\/pages"}],"about":[{"href":"https:\/\/engonien.net\/engonienwiki\/index.php?rest_route=\/wp\/v2\/types\/page"}],"author":[{"embeddable":true,"href":"https:\/\/engonien.net\/engonienwiki\/index.php?rest_route=\/wp\/v2\/users\/1"}],"replies":[{"embeddable":true,"href":"https:\/\/engonien.net\/engonienwiki\/index.php?rest_route=%2Fwp%2Fv2%2Fcomments&post=1299"}],"version-history":[{"count":1,"href":"https:\/\/engonien.net\/engonienwiki\/index.php?rest_route=\/wp\/v2\/pages\/1299\/revisions"}],"predecessor-version":[{"id":1300,"href":"https:\/\/engonien.net\/engonienwiki\/index.php?rest_route=\/wp\/v2\/pages\/1299\/revisions\/1300"}],"wp:featuredmedia":[{"embeddable":true,"href":"https:\/\/engonien.net\/engonienwiki\/index.php?rest_route=\/wp\/v2\/media\/1370"}],"wp:attachment":[{"href":"https:\/\/engonien.net\/engonienwiki\/index.php?rest_route=%2Fwp%2Fv2%2Fmedia&parent=1299"}],"curies":[{"name":"wp","href":"https:\/\/api.w.org\/{rel}","templated":true}]}}