{"id":1301,"date":"2018-04-02T15:44:38","date_gmt":"2018-04-02T15:44:38","guid":{"rendered":"https:\/\/engonien.net\/engonienwiki\/?page_id=1301"},"modified":"2018-08-02T12:41:44","modified_gmt":"2018-08-02T12:41:44","slug":"isabeau-lioncoeur-baronin-von-goldbach","status":"publish","type":"page","link":"https:\/\/engonien.net\/engonienwiki\/?page_id=1301","title":{"rendered":"Isabeau Lioncoeur, Baronin von Goldbach"},"content":{"rendered":"<p>Kammerfrau Ihrer Majest\u00e4t der K\u00f6nigin von Caldrien<br \/>\nNuntia des heiligen engonischen Kaiserreiches<br \/>\nTugendhafte Tochter Lavinias<br \/>\nIsabeau Lioncoeur ist eine Adlige durch und durch. Sie tr\u00e4gt den Titel und Beinamen in 5. Generation.<br \/>\nNach dem fr\u00fchen Tod ihrer Mutter wurde sie an den Hof in Donnerheim gesandt, um dort als M\u00fcndel der<br \/>\ndamaligen Kammerfrau ihrer Majest\u00e4t erzogen zu werden. Sie zeigte gro\u00dfes Geschick in allen<br \/>\ndamenhaften Tugenden und errang das Vertrauen der K\u00f6nigin, die sie zu gegebener Zeit zur Nachfolgerin<br \/>\nihrer Kammerfrau ernannte. Die Familie Lioncoeur geh\u00f6rt zu den Firngardern, aber als s\u00fcdlichste Baronie<br \/>\nund dazu als Kronland, entwickelte sich die Familie anders als ihre n\u00f6rdlichen Cousins. Goldbach ist zu<br \/>\neinem Hort der hohen Minne und h\u00f6fischen Lebensart geworden, der Lavinia treu ergeben ist und ihr<br \/>\nhuldigt. Die Baronin selbst ist ebenso bekannt f\u00fcr ihr diplomatisches Geschick und ihre Sprachkenntnisse,<br \/>\nwie auch f\u00fcr ihre Nadelarbeiten. Selbstverst\u00e4ndlich gibt es auch auf Goldbach Leibeigene und Gesinde,<br \/>\naber das Verh\u00e4ltnis ist etwas anders. So kennt die Baronin jedes Gesicht und jeden Namen des Gesindes<br \/>\nauf ihrer Burg und es ist selbstverst\u00e4ndlich, dass der gesamte Haushalt gemeinsam das Essen in der<br \/>\ngro\u00dfen Halle einnimmt. Sie ist eine g\u00fctige Herrin, deren Geduld jedoch nicht strapaziert werden sollte.<br \/>\nSie duldet keine S\u00e4umigkeit und erst recht keine Respektlosigkeit. Fremden gegen\u00fcber ist sie stets<br \/>\nfreundlich und gro\u00dfz\u00fcgig, solange niemand ihren Leumund oder Namen in Frage stellt. Passiert dies,<br \/>\ndann steht binnen eines Wimpernschlags eine kalte und unnahbare Adlige vor demjenigen und die<br \/>\nKonsequenzen k\u00f6nnen harsch sein.<\/p>\n","protected":false},"excerpt":{"rendered":"<p>Kammerfrau Ihrer Majest\u00e4t der K\u00f6nigin von Caldrien Nuntia des heiligen engonischen Kaiserreiches Tugendhafte Tochter Lavinias Isabeau Lioncoeur ist eine Adlige durch und durch. Sie tr\u00e4gt den Titel und Beinamen in 5. Generation. Nach dem fr\u00fchen Tod ihrer Mutter wurde sie an den Hof in Donnerheim gesandt, um dort als M\u00fcndel der damaligen Kammerfrau ihrer Majest\u00e4t &hellip;<\/p>\n<p class=\"read-more\"> <a class=\"\" href=\"https:\/\/engonien.net\/engonienwiki\/?page_id=1301\"> <span class=\"screen-reader-text\">Isabeau Lioncoeur, Baronin von Goldbach<\/span> Weiterlesen &raquo;<\/a><\/p>\n","protected":false},"author":1,"featured_media":1414,"parent":0,"menu_order":0,"comment_status":"closed","ping_status":"closed","template":"","meta":[],"_links":{"self":[{"href":"https:\/\/engonien.net\/engonienwiki\/index.php?rest_route=\/wp\/v2\/pages\/1301"}],"collection":[{"href":"https:\/\/engonien.net\/engonienwiki\/index.php?rest_route=\/wp\/v2\/pages"}],"about":[{"href":"https:\/\/engonien.net\/engonienwiki\/index.php?rest_route=\/wp\/v2\/types\/page"}],"author":[{"embeddable":true,"href":"https:\/\/engonien.net\/engonienwiki\/index.php?rest_route=\/wp\/v2\/users\/1"}],"replies":[{"embeddable":true,"href":"https:\/\/engonien.net\/engonienwiki\/index.php?rest_route=%2Fwp%2Fv2%2Fcomments&post=1301"}],"version-history":[{"count":1,"href":"https:\/\/engonien.net\/engonienwiki\/index.php?rest_route=\/wp\/v2\/pages\/1301\/revisions"}],"predecessor-version":[{"id":1302,"href":"https:\/\/engonien.net\/engonienwiki\/index.php?rest_route=\/wp\/v2\/pages\/1301\/revisions\/1302"}],"wp:featuredmedia":[{"embeddable":true,"href":"https:\/\/engonien.net\/engonienwiki\/index.php?rest_route=\/wp\/v2\/media\/1414"}],"wp:attachment":[{"href":"https:\/\/engonien.net\/engonienwiki\/index.php?rest_route=%2Fwp%2Fv2%2Fmedia&parent=1301"}],"curies":[{"name":"wp","href":"https:\/\/api.w.org\/{rel}","templated":true}]}}