{"id":1305,"date":"2018-04-02T20:42:45","date_gmt":"2018-04-02T20:42:45","guid":{"rendered":"https:\/\/engonien.net\/engonienwiki\/?page_id=1305"},"modified":"2018-06-07T18:01:07","modified_gmt":"2018-06-07T18:01:07","slug":"die-veste-goldbach","status":"publish","type":"page","link":"https:\/\/engonien.net\/engonienwiki\/?page_id=1305","title":{"rendered":"Die Veste Goldbach"},"content":{"rendered":"<p>Sie liegt auf einer kleinen Insel inmitten des Flusses Vitesse. Diese betritt man \u00fcber eine h\u00f6lzerne Br\u00fccke und passiert das Torhaus, welches den Zentralteil der Umfassungsmauer bildet. Es verf\u00fcgt \u00fcber zwei Flankent\u00fcrme, von welchen Zug\u00e4nge in den Mittelbau gehen.<\/p>\n<p>Solbald man dieses durchschritten hat steht man in der Vorburg. Hier befindet sich linker Hand an der Mauer die Schmiede sowie der grosse Stall mit Pferdeboxen f\u00fcr die Zugpferde, der Kammer des Trossweibels sowie zwei Stellpl\u00e4tze. Der st\u00e4ndige Fuhrpak besteht aus einem zweiachsigen Transportwagen sowie 2 einachsigen Karren. Bei Bedarf werden weitere Wagen hinzugezogen. Im Obergeschoss befinden sich Lager- und Quartierm\u00f6glichkeiten f\u00fcr die Fuhrknechte. Das Geb\u00e4ude verf\u00fcgt \u00fcber zwei Seilz\u00fcge, mit denen Material durch die beiden Deckendurchbr\u00fcche hinauftransportiert werden kann.<\/p>\n<p>Zwischen dem grossen Stall und dem Durchgang zur inneren Hof steht das H\u00fchnerhaus.<\/p>\n<p>Gegen\u00fcber des grossen Stalls, an der rechten Seite des Innenhofes, steht der Pferdestall mit weiteren Boxen f\u00fcr die Reitpferde der Baronin sowie Botenreiterpferde.<\/p>\n<p>Wenn man die alte Mauer, welche die Vorburg von der inneren Burg trennt, hinter sich l\u00e4sst, steht man direkt vor dem grossen Haupthaus. In diesem befinden sich im Erdgeschoss der grosse Saal sowie die K\u00fcche. Unterhalb der K\u00fcche befindet sich ein Eiskeller. Im Obergeschoss liegen die Kammer der Baronin, die Kammer des Feldweibels sowie G\u00e4stegem\u00e4cher. Ausserdem geht von hier der \u00fcberdachte Holzgang zum Bergfried. Direkt an das grosse Haupthaus angebaut ist das kleine Haupthaus mit der Schreibstube nebst den Quartieren des Waffenmeisters, des Quartiermeisters und des F\u00e4hnrichs. Desweiteren befindet sich hier ein Quartierbereich f\u00fcr das Gesinde, welches mit h\u00f6lzernen Trennw\u00e4nden versehen ist. Mit eigenem Zugang versehen liegt in diesem Geb\u00e4ude auch eine kleine Laviniakapelle. Hinter dem kleinen Haupthaus liegt der K\u00fcchengarten, zu welchem eine T\u00fcr in der r\u00fcckseitigen K\u00fcchenmauer f\u00fchrt.<\/p>\n<p>An der linken Aussenmauer, neben dem kleinen Haupthaus, steht das Back- und Badehaus, in welchem mittig ein grosser Ofen eingebaut ist, welcher von beiden Geb\u00e4udeh\u00e4lften befeuert werden kann. Im Winkel, der durch die beiden Geb\u00e4ude gebildet wird, befindet sich ein Brunnen. Gegen\u00fcber des kleinen Haupthauses, an der alten Mauer, befindet sich ein Lagergeb\u00e4ude mit weiteren Gesindequartieren.\u00c4ltestes Bauwerk der Burg ist der Bergfried mit seinen 5 Stockwerken, welcher rechts neben dem grossen Haupthaus steht. Das Erdgeschoss hat keine T\u00fcr und man erreicht es nur \u00fcber eine Treppe. Hier befinden sich ein Brunnen und Lagerm\u00f6glichkeiten f\u00fcr Nahrungsmittel. Auf die anderen Stockwerke verteilt befinden sich unterschiedlich genutzte R\u00e4ume, unter anderem die R\u00fcstkammer der Baronin im ersten Stock. Hier liegen das Familienschwert sowie die Jagdwaffen der Baronin. Der Zugang zum Bergfried erfolgt \u00fcber die Holzbr\u00fccke vom Haupthaus. Diese Br\u00fccke kann durch die im zweiten Stock befindliche Pechnase verteidigt werden. Das vierte Stockwerk hat einen umlaufenden Wehrgang.<\/p>\n<p>Die Umfassungsmauer umschliesst den gesamten Komplex. Sie verf\u00fcgt \u00fcber umlaufende Wehrg\u00e4nge auf zwei Verteidigungsebenen.An der r\u00fcckwertigen Mauer befinden sich zwei Durchg\u00e4nge um einen Zugang zum Margeritengarten zu erm\u00f6glichen. Dieser Garten mit seinen kunstvoll angelegten Beeten, angelegt ausserhalb der Verteidigung, dient der Baronin als Entspannungsm\u00f6glichkeit. Die Mauer des Gartens ist Teil der urspr\u00fcnglichen Burg.<\/p>\n<p>Die Winkel der Umfassungsmauer werden gebildet durch quadratische Wehrt\u00fcrme, welche auf allen drei Ebenen als Verteidigungsr\u00e4ume ausgelegt sind. Desweiteren dienen zwei der T\u00fcrme als Quartierbereich f\u00fcr je eine Rotte der Garde. Ein weiterer kann mit abgetrenntem Bereich als Arrestm\u00f6glichkeit genutzt werden.<\/p>\n","protected":false},"excerpt":{"rendered":"<p>Sie liegt auf einer kleinen Insel inmitten des Flusses Vitesse. Diese betritt man \u00fcber eine h\u00f6lzerne Br\u00fccke und passiert das Torhaus, welches den Zentralteil der Umfassungsmauer bildet. Es verf\u00fcgt \u00fcber zwei Flankent\u00fcrme, von welchen Zug\u00e4nge in den Mittelbau gehen. Solbald man dieses durchschritten hat steht man in der Vorburg. Hier befindet sich linker Hand an &hellip;<\/p>\n<p class=\"read-more\"> <a class=\"\" href=\"https:\/\/engonien.net\/engonienwiki\/?page_id=1305\"> <span class=\"screen-reader-text\">Die Veste Goldbach<\/span> Weiterlesen &raquo;<\/a><\/p>\n","protected":false},"author":1,"featured_media":0,"parent":0,"menu_order":0,"comment_status":"closed","ping_status":"closed","template":"","meta":[],"_links":{"self":[{"href":"https:\/\/engonien.net\/engonienwiki\/index.php?rest_route=\/wp\/v2\/pages\/1305"}],"collection":[{"href":"https:\/\/engonien.net\/engonienwiki\/index.php?rest_route=\/wp\/v2\/pages"}],"about":[{"href":"https:\/\/engonien.net\/engonienwiki\/index.php?rest_route=\/wp\/v2\/types\/page"}],"author":[{"embeddable":true,"href":"https:\/\/engonien.net\/engonienwiki\/index.php?rest_route=\/wp\/v2\/users\/1"}],"replies":[{"embeddable":true,"href":"https:\/\/engonien.net\/engonienwiki\/index.php?rest_route=%2Fwp%2Fv2%2Fcomments&post=1305"}],"version-history":[{"count":1,"href":"https:\/\/engonien.net\/engonienwiki\/index.php?rest_route=\/wp\/v2\/pages\/1305\/revisions"}],"predecessor-version":[{"id":1306,"href":"https:\/\/engonien.net\/engonienwiki\/index.php?rest_route=\/wp\/v2\/pages\/1305\/revisions\/1306"}],"wp:attachment":[{"href":"https:\/\/engonien.net\/engonienwiki\/index.php?rest_route=%2Fwp%2Fv2%2Fmedia&parent=1305"}],"curies":[{"name":"wp","href":"https:\/\/api.w.org\/{rel}","templated":true}]}}