{"id":1309,"date":"2018-04-02T20:45:04","date_gmt":"2018-04-02T20:45:04","guid":{"rendered":"https:\/\/engonien.net\/engonienwiki\/?page_id=1309"},"modified":"2018-04-03T14:17:28","modified_gmt":"2018-04-03T14:17:28","slug":"zunft-des-gerechten-streitens","status":"publish","type":"page","link":"https:\/\/engonien.net\/engonienwiki\/?page_id=1309","title":{"rendered":"Zunft des gerechten Streitens"},"content":{"rendered":"<p><a href=\"https:\/\/engonien.net\/engonienwiki\/wp-content\/uploads\/2018\/04\/index.jpg\"><img decoding=\"async\" loading=\"lazy\" class=\" wp-image-1318 alignright\" src=\"https:\/\/engonien.net\/engonienwiki\/wp-content\/uploads\/2018\/04\/index-212x300.jpg\" alt=\"\" width=\"295\" height=\"417\" srcset=\"https:\/\/engonien.net\/engonienwiki\/wp-content\/uploads\/2018\/04\/index-212x300.jpg 212w, https:\/\/engonien.net\/engonienwiki\/wp-content\/uploads\/2018\/04\/index-768x1086.jpg 768w, https:\/\/engonien.net\/engonienwiki\/wp-content\/uploads\/2018\/04\/index-724x1024.jpg 724w, https:\/\/engonien.net\/engonienwiki\/wp-content\/uploads\/2018\/04\/index.jpg 905w\" sizes=\"(max-width: 295px) 100vw, 295px\" \/><\/a>Im Jahre 267 n.J.<\/p>\n<p>&nbsp;<\/p>\n<p>Gr\u00f6\u00dfe: Ca 40 Mitgleider (Stand 268 n.J)<\/p>\n<p>Farben:<\/p>\n<ul>\n<li>Wei\u00df f\u00fcr die Reinheit des Kampfes<\/li>\n<li>Rot f\u00fcr die Leidenschaft und das vergossene Blut<\/li>\n<li>Schwarz0 f\u00fcr die Schattenseiten des Krieges und seiner Schrecken<\/li>\n<\/ul>\n<p>Motto: &#8222;Das gr\u00f6\u00dfte Geheimnis der Kriegskunst ist es, sie nicht einsetzen zu m\u00fcssen&#8220; -Myamoto Musashi<\/p>\n<p>Ort: Brega, Haus Landwacht<\/p>\n<p>&nbsp;<\/p>\n<p>&nbsp;<\/p>\n<p>Die Zunft wurde als Versammlungort und Austauschm\u00f6glichkeit f\u00fcr alle f\u00e4higen Recken und Kriegerinnen von fern und nah gegr\u00fcndet. Sie liegt mitten in der Stadt Brega im F\u00fcnft\u00e4dtebund von Tangara. Gegr\u00fcndet von <a href=\"https:\/\/engonien.net\/engonienwiki\/?page_id=1030\">Ulric Alriksson<\/a> im Winter 267 n.J. im Einverst\u00e4ndniss mit dem B\u00fcrgermeister Bregas ,Benjamin Timbersteam.<\/p>\n<p>Die Zunft \u00fcbernimmt die Wache,sowie die Instandhaltung, der S\u00fcdlichen Mauer und des Tores von Brega und ist im Angriffsfall ebenfalls verpflichtet bei der Verteidigung der Stadt Brega zu helfen. Dar\u00fcber hinaus flie\u00dfen einige der Einnahmen an die Stadt.<\/p>\n<p>Im Geb\u00e4ude ,der Landwacht, befinden sich Betten f\u00fcr etwa drei\u00dfig M\u00e4nner und Frauen und der Innenhof ist gro\u00df genug f\u00fcr das Training. Zudem befinden sich im Untergeschoss zwei kleinere Lehrr\u00e4ume f\u00fcr die Feldschererausbildung und die Kriegerlehre. Das Haus ist aus grob behauenem Stein gemauert und besitzt nach au\u00dfen hin Schie\u00dfscharten . Im ersten Obergeschoss befinden sich auch einige Fenster durch die man in die Gassen Bregas blicken kann. Manch ein Wanderer oder B\u00fcrger staunte nicht schlecht als er durch das Offene Tor im Innehof zwanizig K\u00e4mpfer beim Formaldienst beobachten konnte und der Waldlauf der jeden Morgen d\u00fcrchgef\u00fchrt wird zieht einige Blicke auf sich.<\/p>\n<p>Gleich nach dem Eingangstor ,welches durch ein Fallgitter, ein Mordloch und ein Stabiles Portal gesichert ist befindet sich auf der linken Seite eine kleine Schmiede die das n\u00f6tigste abwirft was man im Alltag so braucht. Die jedoch ausschlie\u00dflich f\u00fcr die Zunft da ist um den wenigen Schmieden in Brega nicht die Arbeit streitig zu machen.<\/p>\n<p>Die Landswacht ist zu einem Hort f\u00fcr Krieger und Kriegerinnen aus vielen Landen geworden und kann jedem, mit der entsprechenden Vorbildung, eine hervorragende Schule sein. Jedes neue Mitglied muss einen Silbertaler aufbringen und ansonsten Schuldenfrei sein. Dazu kommt das in der Zunft die Zunftregeln gelten und Querolanten oder Befehlsverweigerer nicht lange Mitglied sind. Jeder Lehrgang kostet einzeln und zunftfernem Gesindel sind sie auch nicht zug\u00e4nglich.<\/p>\n<p>&nbsp;<\/p>\n<p>&nbsp;<\/p>\n<p>&nbsp;<\/p>\n<h5><a href=\"https:\/\/engonien.net\/engonienwiki\/wp-content\/uploads\/2018\/04\/Satzung-zum-Ausdrucken.pdf\">Satzung (PDF)<\/a><\/h5>\n","protected":false},"excerpt":{"rendered":"<p>Im Jahre 267 n.J. &nbsp; Gr\u00f6\u00dfe: Ca 40 Mitgleider (Stand 268 n.J) Farben: Wei\u00df f\u00fcr die Reinheit des Kampfes Rot f\u00fcr die Leidenschaft und das vergossene Blut Schwarz0 f\u00fcr die Schattenseiten des Krieges und seiner Schrecken Motto: &#8222;Das gr\u00f6\u00dfte Geheimnis der Kriegskunst ist es, sie nicht einsetzen zu m\u00fcssen&#8220; -Myamoto Musashi Ort: Brega, Haus Landwacht &hellip;<\/p>\n<p class=\"read-more\"> <a class=\"\" href=\"https:\/\/engonien.net\/engonienwiki\/?page_id=1309\"> <span class=\"screen-reader-text\">Zunft des gerechten Streitens<\/span> Weiterlesen &raquo;<\/a><\/p>\n","protected":false},"author":1,"featured_media":1317,"parent":0,"menu_order":0,"comment_status":"closed","ping_status":"closed","template":"","meta":[],"_links":{"self":[{"href":"https:\/\/engonien.net\/engonienwiki\/index.php?rest_route=\/wp\/v2\/pages\/1309"}],"collection":[{"href":"https:\/\/engonien.net\/engonienwiki\/index.php?rest_route=\/wp\/v2\/pages"}],"about":[{"href":"https:\/\/engonien.net\/engonienwiki\/index.php?rest_route=\/wp\/v2\/types\/page"}],"author":[{"embeddable":true,"href":"https:\/\/engonien.net\/engonienwiki\/index.php?rest_route=\/wp\/v2\/users\/1"}],"replies":[{"embeddable":true,"href":"https:\/\/engonien.net\/engonienwiki\/index.php?rest_route=%2Fwp%2Fv2%2Fcomments&post=1309"}],"version-history":[{"count":8,"href":"https:\/\/engonien.net\/engonienwiki\/index.php?rest_route=\/wp\/v2\/pages\/1309\/revisions"}],"predecessor-version":[{"id":1325,"href":"https:\/\/engonien.net\/engonienwiki\/index.php?rest_route=\/wp\/v2\/pages\/1309\/revisions\/1325"}],"wp:featuredmedia":[{"embeddable":true,"href":"https:\/\/engonien.net\/engonienwiki\/index.php?rest_route=\/wp\/v2\/media\/1317"}],"wp:attachment":[{"href":"https:\/\/engonien.net\/engonienwiki\/index.php?rest_route=%2Fwp%2Fv2%2Fmedia&parent=1309"}],"curies":[{"name":"wp","href":"https:\/\/api.w.org\/{rel}","templated":true}]}}