{"id":1326,"date":"2018-04-14T15:39:28","date_gmt":"2018-04-14T15:39:28","guid":{"rendered":"https:\/\/engonien.net\/engonienwiki\/?page_id=1326"},"modified":"2018-06-07T18:01:08","modified_gmt":"2018-06-07T18:01:08","slug":"ritter-balduin","status":"publish","type":"page","link":"https:\/\/engonien.net\/engonienwiki\/?page_id=1326","title":{"rendered":"Ritter Balduin"},"content":{"rendered":"<p>Herr Balduin ist fahrender Ritter der Dormark, dem Ehrlichkeit und Glaubw\u00fcrdigkeit sehr wichtig sind.<br \/>\nSein Wappen zeigt einen gr\u00fcnen Schild mit zwei silbernen Schr\u00e4gen, insgesamt belegt mit einem<br \/>\nstehenden Fuchs.<br \/>\nSeine Hauptwaffe ist der F\u00e4henfang &#8211; ein Rabenschnabel, der in Anlehnung an seinen Beinamen<br \/>\n\u201eeingefuchst\u201c wurde.<br \/>\nAuff\u00e4llig dazu ist sein Schild, den er ohne Wappentier tr\u00e4gt, was Balduin stets wie folgt kommentiert:<br \/>\n\u201eDer listige Fuchs, steht hinterm Schild!\u201c<br \/>\nUnd auch wenn er f\u00fcr seine F\u00e4higkeiten mit seinem F\u00e4henfang durchaus bekannt ist, hat er sich seinen<br \/>\nBeinamen mit anderen Talenten verdient.<\/p>\n<h6>\n<strong>Familie<\/strong><\/h6>\n<p>Sohn von Gerhard Friedhelm Herr vom F\u00f6hrenberg.<br \/>\nDas Geschlecht Derer vom F\u00f6hrenberg ist eines der \u00e4ltesten der Dormark, jedoch ist ihr Einfluss eher<br \/>\ngering. Denn auch wenn die Grafschaft am F\u00f6hrenberg ihre Wurzeln hat, ist ihnen der Grafentitel schon<br \/>\nvor etlichen Generationen abhandengekommen. Nichtsdestotrotz sind sie ihrer Grafschaft treu ergeben<br \/>\nund genie\u00dfen am Hofe des Grafen von F\u00f6hrenberg hohes Ansehen, da die Herren vom F\u00f6hrenberg als<br \/>\nbesonders ritterlich gelten.<br \/>\nBalduin hat als fahrender Ritter selbst kein eigenes Lehen und lebt, soweit er nicht auf Reisen ist, auf dem<br \/>\nFamiliengut.<br \/>\nEr hat einen Sohn, Fridolin Siegfried, und eine Tochter, Eda Vulfegund.<br \/>\nDa sein Sohn in absehbarer Zeit alt genug sein wird, den Dienst eines Knappen anzutreten, nimmt ihn<br \/>\nBalduin nun auch zu Turnieren mit, damit er sich bei verschiedenen Herrschaften empfehlen kann.<br \/>\nDabei hat er besonders die Familie seines Oheims im Auge, da das Geschlecht seiner Mutter auf die<br \/>\nangesehene Linie derer von Goldbach zur\u00fcckgeht.<\/p>\n","protected":false},"excerpt":{"rendered":"<p>Herr Balduin ist fahrender Ritter der Dormark, dem Ehrlichkeit und Glaubw\u00fcrdigkeit sehr wichtig sind. Sein Wappen zeigt einen gr\u00fcnen Schild mit zwei silbernen Schr\u00e4gen, insgesamt belegt mit einem stehenden Fuchs. Seine Hauptwaffe ist der F\u00e4henfang &#8211; ein Rabenschnabel, der in Anlehnung an seinen Beinamen \u201eeingefuchst\u201c wurde. Auff\u00e4llig dazu ist sein Schild, den er ohne Wappentier &hellip;<\/p>\n<p class=\"read-more\"> <a class=\"\" href=\"https:\/\/engonien.net\/engonienwiki\/?page_id=1326\"> <span class=\"screen-reader-text\">Ritter Balduin<\/span> Weiterlesen &raquo;<\/a><\/p>\n","protected":false},"author":1,"featured_media":1367,"parent":0,"menu_order":0,"comment_status":"closed","ping_status":"closed","template":"","meta":[],"_links":{"self":[{"href":"https:\/\/engonien.net\/engonienwiki\/index.php?rest_route=\/wp\/v2\/pages\/1326"}],"collection":[{"href":"https:\/\/engonien.net\/engonienwiki\/index.php?rest_route=\/wp\/v2\/pages"}],"about":[{"href":"https:\/\/engonien.net\/engonienwiki\/index.php?rest_route=\/wp\/v2\/types\/page"}],"author":[{"embeddable":true,"href":"https:\/\/engonien.net\/engonienwiki\/index.php?rest_route=\/wp\/v2\/users\/1"}],"replies":[{"embeddable":true,"href":"https:\/\/engonien.net\/engonienwiki\/index.php?rest_route=%2Fwp%2Fv2%2Fcomments&post=1326"}],"version-history":[{"count":1,"href":"https:\/\/engonien.net\/engonienwiki\/index.php?rest_route=\/wp\/v2\/pages\/1326\/revisions"}],"predecessor-version":[{"id":1327,"href":"https:\/\/engonien.net\/engonienwiki\/index.php?rest_route=\/wp\/v2\/pages\/1326\/revisions\/1327"}],"wp:featuredmedia":[{"embeddable":true,"href":"https:\/\/engonien.net\/engonienwiki\/index.php?rest_route=\/wp\/v2\/media\/1367"}],"wp:attachment":[{"href":"https:\/\/engonien.net\/engonienwiki\/index.php?rest_route=%2Fwp%2Fv2%2Fmedia&parent=1326"}],"curies":[{"name":"wp","href":"https:\/\/api.w.org\/{rel}","templated":true}]}}