{"id":1330,"date":"2018-04-14T15:43:53","date_gmt":"2018-04-14T15:43:53","guid":{"rendered":"https:\/\/engonien.net\/engonienwiki\/?page_id=1330"},"modified":"2018-08-02T12:40:13","modified_gmt":"2018-08-02T12:40:13","slug":"julienne-gardistin-aus-goldbach","status":"publish","type":"page","link":"https:\/\/engonien.net\/engonienwiki\/?page_id=1330","title":{"rendered":"Julienne, Gardistin aus Goldbach"},"content":{"rendered":"<p>Geboren: 24. Tag des neunten Mondes im Jahr 235 n.J. als Leibeigene auf Burg Goldbach.<br \/>\nJuliennes Mutter, Adelais, ist die Schwester von Lui, dem Vater der W\u00e4sche- und Leibmagd<br \/>\nFleur. Sie hat, ebenso wie alle ihre Kinder (bis auf Julienne) schwarzes Haar.<br \/>\nObwohl Julienne und Fleur gleich alt sind und sich etwas \u00e4hnlich sehen, haben sie wenig<br \/>\nmiteinander zu tun, da ihre Wirkungsbereiche und ihre Charaktere so verschieden sind.<br \/>\nJuliennes Vater ist unbekannt, allerdings \u00e4hnelt sie einem H\u00f6fling, der zur &#8222;passenden Zeit&#8220;<br \/>\nauf Goldbach war. Die Mutter h\u00fcllt sich in Schweigen, bzw. wechselt immer das Thema,<br \/>\nsodass inzwischen niemand mehr sie darauf anspricht.<br \/>\nAnders als ihre vier deutlich \u00e4lteren Geschwister (Juliennes Mutter war lange mit einem<br \/>\nGrobschmied liiert und hatte mehrere Kinder mit ihm, bevor er an einer Krankheit verstarb),<br \/>\nhat Julienne dunkelblondes Haar, Talente f\u00fcr viele h\u00f6fische K\u00fcnste und kann lesen und<br \/>\nschreiben. Au\u00dferdem ist ihre Vernarrtheit in Tiere un\u00fcblich f\u00fcr ihre Familie, die aus drei<br \/>\nM\u00e4gden (die Mutter und die Schwestern), einem Knecht und einem Gardisten besteht.<br \/>\nAdelais, die Mutter (65 Jahre alt) ist Altmagd<br \/>\nIseulte, die \u00e4lteste Schwester (45 Jahre alt) ist W\u00e4schemagd<br \/>\nCiel, der \u00e4lteste Bruder (44 Jahre alt) ist Gardist<br \/>\nJoscelin, die zweite Schwester (42 Jahre alt) ist K\u00fcchenmagd<br \/>\nArchimbald, der zweite Bruder (40 Jahre alt) ist Knecht<br \/>\nJulienne trat in die Garde ein, weil ihr das Leben als Magd keine Option erschien. Au\u00dferdem<br \/>\nhat sie so Kontakt zu Pferden, zu denen sie schon immer ein besonderes Verh\u00e4ltnis hatte. So<br \/>\nist es auch kein Wunder, dass sie sehr gut reitet und immer mal wieder f\u00fcr Botenritte<br \/>\nausgew\u00e4hlt wird. Neben den Pferden jedoch schl\u00e4gt Juliennes Herz f\u00fcr alle Tiere, und so ist<br \/>\nsie h\u00e4ufig in den Zwingern und beim Falkner anzutreffen. Im Winter, wenn alle mit<br \/>\nirgendwelchen Hand- und Werkarbeiten besch\u00e4ftigt sind, nutzt sie ihr Geschick mit Pinsel<br \/>\nund Farbe und zaubert kleine Kunstwerke auf diverse Alltagsgegenst\u00e4nde, wie Truhen und<br \/>\nSchachteln.<br \/>\nJulienne ist h\u00f6chst loyal und etwas burschikos.<br \/>\nSie ist h\u00e4ufig in der N\u00e4he der Gardistin Nesrine anzutreffen.<br \/>\nJulienne reitet eine Vollblut-Stute namens Hexe. Das unstete Temperament des Pferdes l\u00e4sst<br \/>\nsich schon fast als legend\u00e4r beschreiben. Allen &#8222;Sauerbraten!&#8220;-Rufen zum Trotz liebt die<br \/>\nGardistin das Tier hei\u00df und innig und ist froh, dass man es ihr zugeteilt hat.<\/p>\n","protected":false},"excerpt":{"rendered":"<p>Geboren: 24. Tag des neunten Mondes im Jahr 235 n.J. als Leibeigene auf Burg Goldbach. Juliennes Mutter, Adelais, ist die Schwester von Lui, dem Vater der W\u00e4sche- und Leibmagd Fleur. Sie hat, ebenso wie alle ihre Kinder (bis auf Julienne) schwarzes Haar. Obwohl Julienne und Fleur gleich alt sind und sich etwas \u00e4hnlich sehen, haben &hellip;<\/p>\n<p class=\"read-more\"> <a class=\"\" href=\"https:\/\/engonien.net\/engonienwiki\/?page_id=1330\"> <span class=\"screen-reader-text\">Julienne, Gardistin aus Goldbach<\/span> Weiterlesen &raquo;<\/a><\/p>\n","protected":false},"author":1,"featured_media":1416,"parent":0,"menu_order":0,"comment_status":"closed","ping_status":"closed","template":"","meta":[],"_links":{"self":[{"href":"https:\/\/engonien.net\/engonienwiki\/index.php?rest_route=\/wp\/v2\/pages\/1330"}],"collection":[{"href":"https:\/\/engonien.net\/engonienwiki\/index.php?rest_route=\/wp\/v2\/pages"}],"about":[{"href":"https:\/\/engonien.net\/engonienwiki\/index.php?rest_route=\/wp\/v2\/types\/page"}],"author":[{"embeddable":true,"href":"https:\/\/engonien.net\/engonienwiki\/index.php?rest_route=\/wp\/v2\/users\/1"}],"replies":[{"embeddable":true,"href":"https:\/\/engonien.net\/engonienwiki\/index.php?rest_route=%2Fwp%2Fv2%2Fcomments&post=1330"}],"version-history":[{"count":2,"href":"https:\/\/engonien.net\/engonienwiki\/index.php?rest_route=\/wp\/v2\/pages\/1330\/revisions"}],"predecessor-version":[{"id":1418,"href":"https:\/\/engonien.net\/engonienwiki\/index.php?rest_route=\/wp\/v2\/pages\/1330\/revisions\/1418"}],"wp:featuredmedia":[{"embeddable":true,"href":"https:\/\/engonien.net\/engonienwiki\/index.php?rest_route=\/wp\/v2\/media\/1416"}],"wp:attachment":[{"href":"https:\/\/engonien.net\/engonienwiki\/index.php?rest_route=%2Fwp%2Fv2%2Fmedia&parent=1330"}],"curies":[{"name":"wp","href":"https:\/\/api.w.org\/{rel}","templated":true}]}}