{"id":1332,"date":"2018-04-14T15:45:18","date_gmt":"2018-04-14T15:45:18","guid":{"rendered":"https:\/\/engonien.net\/engonienwiki\/?page_id=1332"},"modified":"2018-08-02T12:40:58","modified_gmt":"2018-08-02T12:40:58","slug":"nesrine-gardistin-zu-goldbach","status":"publish","type":"page","link":"https:\/\/engonien.net\/engonienwiki\/?page_id=1332","title":{"rendered":"Nesrine, Gardistin zu Goldbach"},"content":{"rendered":"<p>Nesrine vom S\u00fcdhof aus Finstertann, Gardistin zu Goldbach<br \/>\nGeboren: 14. Tag des siebten Mondes im Jahr 233 n.J. als drittes Kind auf dem S\u00fcdhof in<br \/>\nFinstertann<br \/>\nMutter: Cornelia (60)<br \/>\nVater: Renoir (fr\u00fcher Gardist unter Francois&#8216; Gro\u00dfvater) (59)<br \/>\n\u00e4ltere Schwester: Catherine (verheiratet) (35)<br \/>\n\u00e4ltester Bruder: Bernard (schwarze Haare, Vollbart) (34)<br \/>\nj\u00fcngerer Bruder: Pierre (goldene Locken) (20)<br \/>\nj\u00fcngster Bruder: Philippe (schwarze Wuschellocken) (17)<br \/>\nNesrines Mutter Cornelia lebte mit ihren Eltern auf einem kleinen Geh\u00f6ft in Finstertann,<br \/>\neinem 47-Personen- Weiler an der s\u00fcdlichen Grenze von Goldbach, etwa 3 Tagesm\u00e4rsche von<br \/>\nBurg Goldbach entfernt. Der Weiler besteht aus vier H\u00f6fen; dem S\u00fcdhof (dort lebt Nesrine<br \/>\nmit ihrer Familie), dem Eichenhof, dem Gro\u00dfhof und dem Nebelhof.<br \/>\nCornelias Vater war sehr bewandert in Tierhaltung und Tiergesundheit, ihre Mutter war die<br \/>\n\u00f6rtliche Heilerin und Hebamme.<br \/>\nAn einem Feiertag lernten sich Cornelia und Renoir auf Burg Goldbach kennen und lieben.<br \/>\nRenoir quittierte daraufhin bald seinen Dienst in der Garde, heiratete seine Angebetete und<br \/>\nzog zu ihr und ihren Eltern nach Finstertann.<br \/>\nDas kleine Geh\u00f6ft florierte, ebenso wie der Weiler. Zusammen h\u00e4lt man einen Ochsen und<br \/>\nmehrere Pferde f\u00fcr die Feldarbeit, sowie Schweine, Schafe und Ziegen. Nesrines Familie<br \/>\nbesitzt zwei Milchk\u00fche und ein Maultier namens Jaques.<br \/>\n5 Kinder \u00fcberlebten bis ins Erwachsenenalter: Catherine, Bernard, Nesrine, Pierre und<br \/>\nPhilippe.<br \/>\nCatherine heiratete Stephane, den \u00e4ltesten Sohn des Nebelhofs und ist oft zu Besuch. Sie hat<br \/>\ngerade einen Jungen (Lasse Theo) geboren.<br \/>\nZwischen Bernard und der Melkerin vom Gro\u00dfhof besteht ein Verh\u00e4ltnis, aber die Eltern<br \/>\nwollen nicht, dass er unter Stand heiratet.<br \/>\nPierre ist der Schwarm aller jungen Frauen im Weiler, aber er mag sich noch nicht f\u00fcr eine<br \/>\nentscheiden&#8230;.<br \/>\nPhilippe ist noch ungebunden&#8230;<\/p>\n<p>Im Herbst des Jahres 266 n.J. l\u00e4sst Francois, der Weibel der Garde zu Goldbach seine schwer<br \/>\nverletzte Gardistin Julienne bei Nesrine und ihrer Familie. Nach Juliennes Genesung reisen<br \/>\nbeide nach Goldbach, wo Nesrine der Garde beitritt.<br \/>\nNesrine liebt Tiere. Ihr geh\u00f6rt das Maultier Jaques.<br \/>\nMan findet sie h\u00e4ufig in der N\u00e4he der Gardistin Julienne.<\/p>\n","protected":false},"excerpt":{"rendered":"<p>Nesrine vom S\u00fcdhof aus Finstertann, Gardistin zu Goldbach Geboren: 14. Tag des siebten Mondes im Jahr 233 n.J. als drittes Kind auf dem S\u00fcdhof in Finstertann Mutter: Cornelia (60) Vater: Renoir (fr\u00fcher Gardist unter Francois&#8216; Gro\u00dfvater) (59) \u00e4ltere Schwester: Catherine (verheiratet) (35) \u00e4ltester Bruder: Bernard (schwarze Haare, Vollbart) (34) j\u00fcngerer Bruder: Pierre (goldene Locken) (20) &hellip;<\/p>\n<p class=\"read-more\"> <a class=\"\" href=\"https:\/\/engonien.net\/engonienwiki\/?page_id=1332\"> <span class=\"screen-reader-text\">Nesrine, Gardistin zu Goldbach<\/span> Weiterlesen &raquo;<\/a><\/p>\n","protected":false},"author":1,"featured_media":1413,"parent":0,"menu_order":0,"comment_status":"closed","ping_status":"closed","template":"","meta":[],"_links":{"self":[{"href":"https:\/\/engonien.net\/engonienwiki\/index.php?rest_route=\/wp\/v2\/pages\/1332"}],"collection":[{"href":"https:\/\/engonien.net\/engonienwiki\/index.php?rest_route=\/wp\/v2\/pages"}],"about":[{"href":"https:\/\/engonien.net\/engonienwiki\/index.php?rest_route=\/wp\/v2\/types\/page"}],"author":[{"embeddable":true,"href":"https:\/\/engonien.net\/engonienwiki\/index.php?rest_route=\/wp\/v2\/users\/1"}],"replies":[{"embeddable":true,"href":"https:\/\/engonien.net\/engonienwiki\/index.php?rest_route=%2Fwp%2Fv2%2Fcomments&post=1332"}],"version-history":[{"count":2,"href":"https:\/\/engonien.net\/engonienwiki\/index.php?rest_route=\/wp\/v2\/pages\/1332\/revisions"}],"predecessor-version":[{"id":1419,"href":"https:\/\/engonien.net\/engonienwiki\/index.php?rest_route=\/wp\/v2\/pages\/1332\/revisions\/1419"}],"wp:featuredmedia":[{"embeddable":true,"href":"https:\/\/engonien.net\/engonienwiki\/index.php?rest_route=\/wp\/v2\/media\/1413"}],"wp:attachment":[{"href":"https:\/\/engonien.net\/engonienwiki\/index.php?rest_route=%2Fwp%2Fv2%2Fmedia&parent=1332"}],"curies":[{"name":"wp","href":"https:\/\/api.w.org\/{rel}","templated":true}]}}