{"id":1336,"date":"2018-04-14T15:48:27","date_gmt":"2018-04-14T15:48:27","guid":{"rendered":"https:\/\/engonien.net\/engonienwiki\/?page_id=1336"},"modified":"2018-06-07T18:01:05","modified_gmt":"2018-06-07T18:01:05","slug":"aimee-de-la-riviere","status":"publish","type":"page","link":"https:\/\/engonien.net\/engonienwiki\/?page_id=1336","title":{"rendered":"Aim\u00e9e de la Rivi\u00e8re"},"content":{"rendered":"<p>Aim\u00e9e de la Rivi\u00e8re ist die \u00e4lteste Tochter des Chevaliers Edmond de la Rivi\u00e8re und seiner Gemahlin<br \/>\nFlorence aus der Baronie Blanchfleur in der Grafschaft Firngard im K\u00f6nigreich Caldrien.<br \/>\nAim\u00e9e wuchs in einem liebevollen Elternhaus auf und fand bereits fr\u00fch Gefallen daran Dinge zu<br \/>\norganisieren und einen Betrieb zu f\u00fchren, weshalb sie von ihrer Mutter ins Konvent zu den<br \/>\nAlamarschwestern geschickt wurde, um dort eine angemessene Bildung zu erhalten. Der Vater sah zwar<br \/>\nkeinen nennenswerten Mehrwert darin, da Aim\u00e9e sowieso heiraten sollte, hatte aber auch nichts dagegen.<br \/>\nAim\u00e9e hat drei \u00e4ltere Br\u00fcder und eine j\u00fcngere Schwester und w\u00e4hrend die Geschwister alle der Reihe<br \/>\nnach heirateten, fand sie niemanden der ihr Interesse halten konnte. Ihre Mutter starb als sie etwa 16 Jahre<br \/>\nalt war und Aim\u00e9e \u00fcbernahm die F\u00fchrung des Haushaltes und des landwirtschaftlichen Betriebs, um ihren<br \/>\nVater zu unterst\u00fctzen.<br \/>\nAls der 2. Bruderkrieg richtig losging und die K\u00f6nigin mobil machen lie\u00df, zogen ihr Vater und mehrere<br \/>\nihrer Br\u00fcder in den Krieg und blieben teilweise \u00fcber mehrere Jahre fort. Aim\u00e9e ist es zu verdanken, dass<br \/>\ndas Rittergut nicht nur obenauf blieb, sondern geradezu florierte, da sie die traditionelle Schafzucht durch<br \/>\nneue Impulse aus dem S\u00fcden optimieren, neue Ideen f\u00fcr den Ackerbau umsetzen und den Handel<br \/>\nvertiefen konnte. Lavinia war gn\u00e4dig zu ihnen allen, denn sowohl der Vater als auch alle Br\u00fcder kehrten<br \/>\nlebend aus dem Krieg zur\u00fcck. Nicht unversehrt, aber lebend.<br \/>\nVor etwa zwei Jahren \u00fcberraschte ihr Vater sie dann damit, dass er noch einmal heiratete, eine Witwe in<br \/>\nseinem Alter mit eigenen Kindern. Ihre neue Stiefmutter bem\u00fchte sich, nett zu sein und eine gute<br \/>\nBeziehung zu allen im Haushalt aufzubauen, aber sie hatte eigene Vorstellung, wie Haushalt und Rittergut<br \/>\nzu f\u00fchren seien, und diese deckten sich meist nicht mir Aim\u00e9es Ideen. So gerieten die beiden Frauen<br \/>\nimmer wieder im Streit aneinander, zumal es Aim\u00e9e schwer fiel, den Platz, den sie jahrelang im Haushalt<br \/>\ninnegehabt hatte, an ihre Stiefmutter abzugeben. Immerhin war es ihr Verdienst gewesen, das Gut sicher<br \/>\ndurch den Bruderkrieg zu bringen. F\u00fcr die beiden Frauen gab es einfach nicht genug Platz in diesem<br \/>\nHaushalt.<br \/>\nAim\u00e9e dachte lange \u00fcber ihre Optionen nach, aber weder eine Sicherheitsheirat noch der Gang ins Kloster<br \/>\nwaren etwas das sie wirklich tun wollte. Schlie\u00dflich bat sie ihren Vater um ein Empfehlungsschreiben f\u00fcr<br \/>\nden Goldbacher Hof in der Hoffnung eine Femme des Chambres der Baronin werden zu k\u00f6nnen und so<br \/>\netwas mehr von der Welt zu sehen als den v\u00e4terlichen Hof.<\/p>\n","protected":false},"excerpt":{"rendered":"<p>Aim\u00e9e de la Rivi\u00e8re ist die \u00e4lteste Tochter des Chevaliers Edmond de la Rivi\u00e8re und seiner Gemahlin Florence aus der Baronie Blanchfleur in der Grafschaft Firngard im K\u00f6nigreich Caldrien. Aim\u00e9e wuchs in einem liebevollen Elternhaus auf und fand bereits fr\u00fch Gefallen daran Dinge zu organisieren und einen Betrieb zu f\u00fchren, weshalb sie von ihrer Mutter &hellip;<\/p>\n<p class=\"read-more\"> <a class=\"\" href=\"https:\/\/engonien.net\/engonienwiki\/?page_id=1336\"> <span class=\"screen-reader-text\">Aim\u00e9e de la Rivi\u00e8re<\/span> Weiterlesen &raquo;<\/a><\/p>\n","protected":false},"author":1,"featured_media":0,"parent":0,"menu_order":0,"comment_status":"closed","ping_status":"closed","template":"","meta":[],"_links":{"self":[{"href":"https:\/\/engonien.net\/engonienwiki\/index.php?rest_route=\/wp\/v2\/pages\/1336"}],"collection":[{"href":"https:\/\/engonien.net\/engonienwiki\/index.php?rest_route=\/wp\/v2\/pages"}],"about":[{"href":"https:\/\/engonien.net\/engonienwiki\/index.php?rest_route=\/wp\/v2\/types\/page"}],"author":[{"embeddable":true,"href":"https:\/\/engonien.net\/engonienwiki\/index.php?rest_route=\/wp\/v2\/users\/1"}],"replies":[{"embeddable":true,"href":"https:\/\/engonien.net\/engonienwiki\/index.php?rest_route=%2Fwp%2Fv2%2Fcomments&post=1336"}],"version-history":[{"count":1,"href":"https:\/\/engonien.net\/engonienwiki\/index.php?rest_route=\/wp\/v2\/pages\/1336\/revisions"}],"predecessor-version":[{"id":1337,"href":"https:\/\/engonien.net\/engonienwiki\/index.php?rest_route=\/wp\/v2\/pages\/1336\/revisions\/1337"}],"wp:attachment":[{"href":"https:\/\/engonien.net\/engonienwiki\/index.php?rest_route=%2Fwp%2Fv2%2Fmedia&parent=1336"}],"curies":[{"name":"wp","href":"https:\/\/api.w.org\/{rel}","templated":true}]}}