{"id":1338,"date":"2018-04-14T15:49:58","date_gmt":"2018-04-14T15:49:58","guid":{"rendered":"https:\/\/engonien.net\/engonienwiki\/?page_id=1338"},"modified":"2018-06-07T18:01:07","modified_gmt":"2018-06-07T18:01:07","slug":"eponine-de-chiragan","status":"publish","type":"page","link":"https:\/\/engonien.net\/engonienwiki\/?page_id=1338","title":{"rendered":"Eponine de Chiragan"},"content":{"rendered":"<p>Eponine de Chiragan stammt aus einer Nebenlinie des Hauses Merdrinac.<br \/>\nAls eher unbedeutende Nebenlinie fehlte den Eltern nach der Ausstattung des Bruders das n\u00f6tige<br \/>\nKleingeld, um Eponinen als Hofdame in Goldbach unterzubringen, weshalb sie zun\u00e4chst eine<br \/>\nstandesgem\u00e4\u00dfe Erziehung in einem Laviniakloster erhielt. Im Kloster st\u00fcrzte sich das M\u00e4dchen zwar mit<br \/>\nEifer auf die alten Schriften, allerdings erreichte sie nie der Ruf der G\u00f6ttin nach h\u00f6heren klerikalen<br \/>\nWeihen, weshalb Eponine entschied, ihre Kenntnisse in einer weltlichen Anstellung zu erweitern. Die<br \/>\nletzten Jahre hatte sie eine Anstellung als Gouvernante und teilweise private Sekret\u00e4rin bei einer<br \/>\nwohlhabenden Kaufmannswitwe in Fanada inne, die, wie Eponine ein wenig am\u00fcsiert anmerken k\u00f6nnte<br \/>\n\u201ewohl geglaubt hat, Adel sei etwas, was auf ihre Kinder abf\u00e4rbt.\u201c Aber es kann ja nicht schaden, wenn<br \/>\ndas M\u00e4dchen wei\u00df, wie sie einen Baron anzusprechen hat.<br \/>\nNachdem die Kinder ihrer Obhut entwachsen waren, kehrte Eponine nach Goldbach zur\u00fcck, wo sie durch<br \/>\nein gl\u00fcckliches Zusammentreffen mit der Garde in einem Gasthaus nicht weit von Uld (dem gackernden<br \/>\nPfau) die M\u00f6glichkeit bekam, sich als Scriptorin in Goldbach zu verdienen.<\/p>\n","protected":false},"excerpt":{"rendered":"<p>Eponine de Chiragan stammt aus einer Nebenlinie des Hauses Merdrinac. Als eher unbedeutende Nebenlinie fehlte den Eltern nach der Ausstattung des Bruders das n\u00f6tige Kleingeld, um Eponinen als Hofdame in Goldbach unterzubringen, weshalb sie zun\u00e4chst eine standesgem\u00e4\u00dfe Erziehung in einem Laviniakloster erhielt. Im Kloster st\u00fcrzte sich das M\u00e4dchen zwar mit Eifer auf die alten Schriften, &hellip;<\/p>\n<p class=\"read-more\"> <a class=\"\" href=\"https:\/\/engonien.net\/engonienwiki\/?page_id=1338\"> <span class=\"screen-reader-text\">Eponine de Chiragan<\/span> Weiterlesen &raquo;<\/a><\/p>\n","protected":false},"author":1,"featured_media":1368,"parent":0,"menu_order":0,"comment_status":"closed","ping_status":"closed","template":"","meta":[],"_links":{"self":[{"href":"https:\/\/engonien.net\/engonienwiki\/index.php?rest_route=\/wp\/v2\/pages\/1338"}],"collection":[{"href":"https:\/\/engonien.net\/engonienwiki\/index.php?rest_route=\/wp\/v2\/pages"}],"about":[{"href":"https:\/\/engonien.net\/engonienwiki\/index.php?rest_route=\/wp\/v2\/types\/page"}],"author":[{"embeddable":true,"href":"https:\/\/engonien.net\/engonienwiki\/index.php?rest_route=\/wp\/v2\/users\/1"}],"replies":[{"embeddable":true,"href":"https:\/\/engonien.net\/engonienwiki\/index.php?rest_route=%2Fwp%2Fv2%2Fcomments&post=1338"}],"version-history":[{"count":1,"href":"https:\/\/engonien.net\/engonienwiki\/index.php?rest_route=\/wp\/v2\/pages\/1338\/revisions"}],"predecessor-version":[{"id":1339,"href":"https:\/\/engonien.net\/engonienwiki\/index.php?rest_route=\/wp\/v2\/pages\/1338\/revisions\/1339"}],"wp:featuredmedia":[{"embeddable":true,"href":"https:\/\/engonien.net\/engonienwiki\/index.php?rest_route=\/wp\/v2\/media\/1368"}],"wp:attachment":[{"href":"https:\/\/engonien.net\/engonienwiki\/index.php?rest_route=%2Fwp%2Fv2%2Fmedia&parent=1338"}],"curies":[{"name":"wp","href":"https:\/\/api.w.org\/{rel}","templated":true}]}}