{"id":1340,"date":"2018-04-14T15:52:23","date_gmt":"2018-04-14T15:52:23","guid":{"rendered":"https:\/\/engonien.net\/engonienwiki\/?page_id=1340"},"modified":"2018-08-02T12:39:01","modified_gmt":"2018-08-02T12:39:01","slug":"gustav","status":"publish","type":"page","link":"https:\/\/engonien.net\/engonienwiki\/?page_id=1340","title":{"rendered":"Gustav"},"content":{"rendered":"<p>Gustav wurde als Sohn eines Fischers am Nordufer des votec geboren.<br \/>\nSeine Mutter \u00fcberlebte die Geburt nicht was sein Vater ihm scheinbar nicht verzieh auch wenn er das<br \/>\nGustav nie sagte merkte er es doch. Er lernte das Fluss fischen und den rauen Umgang bei seinem Vater.<br \/>\nIm alter von 12 folgte Gustavs Vater der Mutter nach und so nahm sich sein Onkel Gerhard der auf Burg<br \/>\nGoldbach in der K\u00fcche t\u00e4tig war sich des jungen an. Er nahm ihn zu sich an die wo er als K\u00fcchenjunge<br \/>\narbeitete.<br \/>\nDoch fr\u00fch wurde dem alten Maitre sein talent klar. Als Gustav alt genug war nahm sich der Maitre selbst<br \/>\nseiner an und brachte ihm alles bei was er wusste.<br \/>\nMittlerweile ist Gustav der Maitre auf Goldbach und beherrscht seine K\u00fcche mit dem k\u00f6nnen seines<br \/>\nlehrers sowie der rauen art seines Vaters.<br \/>\nG\u00e4ste auf Goldbach werden seiner schnell gewahr, da steht&#8217;s wenn es auf die Mahlzeiten zu geht seine<br \/>\nStimme nahezu \u00fcberall zuh\u00f6ren ist wenn man sich nah genug bei der K\u00fcche befindet.<br \/>\nSo rau er seinen Untergebenen gegen\u00fcber ist so zuvorkommend und freundlich ist er zu H\u00f6hergestellten<br \/>\nund nat\u00fcrlich zur Madame. Seine einzige Schw\u00e4che neben gutem essen und teurem wein ist die Damen<br \/>\nwelt. Da er galanten Damen zumeist nichts abschlagen kann.<\/p>\n","protected":false},"excerpt":{"rendered":"<p>Gustav wurde als Sohn eines Fischers am Nordufer des votec geboren. Seine Mutter \u00fcberlebte die Geburt nicht was sein Vater ihm scheinbar nicht verzieh auch wenn er das Gustav nie sagte merkte er es doch. Er lernte das Fluss fischen und den rauen Umgang bei seinem Vater. Im alter von 12 folgte Gustavs Vater der &hellip;<\/p>\n<p class=\"read-more\"> <a class=\"\" href=\"https:\/\/engonien.net\/engonienwiki\/?page_id=1340\"> <span class=\"screen-reader-text\">Gustav<\/span> Weiterlesen &raquo;<\/a><\/p>\n","protected":false},"author":1,"featured_media":1415,"parent":0,"menu_order":0,"comment_status":"closed","ping_status":"closed","template":"","meta":[],"_links":{"self":[{"href":"https:\/\/engonien.net\/engonienwiki\/index.php?rest_route=\/wp\/v2\/pages\/1340"}],"collection":[{"href":"https:\/\/engonien.net\/engonienwiki\/index.php?rest_route=\/wp\/v2\/pages"}],"about":[{"href":"https:\/\/engonien.net\/engonienwiki\/index.php?rest_route=\/wp\/v2\/types\/page"}],"author":[{"embeddable":true,"href":"https:\/\/engonien.net\/engonienwiki\/index.php?rest_route=\/wp\/v2\/users\/1"}],"replies":[{"embeddable":true,"href":"https:\/\/engonien.net\/engonienwiki\/index.php?rest_route=%2Fwp%2Fv2%2Fcomments&post=1340"}],"version-history":[{"count":1,"href":"https:\/\/engonien.net\/engonienwiki\/index.php?rest_route=\/wp\/v2\/pages\/1340\/revisions"}],"predecessor-version":[{"id":1341,"href":"https:\/\/engonien.net\/engonienwiki\/index.php?rest_route=\/wp\/v2\/pages\/1340\/revisions\/1341"}],"wp:featuredmedia":[{"embeddable":true,"href":"https:\/\/engonien.net\/engonienwiki\/index.php?rest_route=\/wp\/v2\/media\/1415"}],"wp:attachment":[{"href":"https:\/\/engonien.net\/engonienwiki\/index.php?rest_route=%2Fwp%2Fv2%2Fmedia&parent=1340"}],"curies":[{"name":"wp","href":"https:\/\/api.w.org\/{rel}","templated":true}]}}