{"id":1344,"date":"2018-04-14T15:54:35","date_gmt":"2018-04-14T15:54:35","guid":{"rendered":"https:\/\/engonien.net\/engonienwiki\/?page_id=1344"},"modified":"2018-06-07T18:01:07","modified_gmt":"2018-06-07T18:01:07","slug":"fleur","status":"publish","type":"page","link":"https:\/\/engonien.net\/engonienwiki\/?page_id=1344","title":{"rendered":"Fleur"},"content":{"rendered":"<p>Fleur, die W\u00e4sche- und Leibmagd der Baronin von Goldbach<br \/>\nGeboren: 24. Tag des neunten Mondes im Jahr 235 n.J. als Leibeigene auf Burg Goldbach.<br \/>\nFleurs Vater, Lui, Knecht am Hofe von Goldbach (und Bruder von Adelais, der Mutter von<br \/>\nder Gardistin Julienne), war bereits einmal verheiratet und hatte mit dieser Frau, Alrenike, die<br \/>\ner sehr liebte, 2 S\u00f6hne. Als diese 4 und 2 Jahre alt sind, stirbt Alrenike an einem schweren<br \/>\nFieber.<br \/>\nTrotz all des Grams sucht der Vater nach einer neuen Frau, da er ja die beiden S\u00f6hne zu<br \/>\nversorgen hat. Er heiratet dann nach dem Jahr der Trauer seine zweite Frau, die um einiges<br \/>\nj\u00fcngere Valent\u00edne. Diese nimmt sich liebevoll sowohl dem Mann, als auch seinen S\u00f6hnen an<br \/>\nund schenkt ihm bald schon weitere Kinder. Zun\u00e4chst eine Tochter, danach einen Sohn,<br \/>\nhiernach wieder eine Tochter (Fleur) und unerwartet nach langen Jahren noch einmal einen<br \/>\nSohn.<\/p>\n<p>Im Fr\u00fchling des Jahres 259 n.J. wird Fleur W\u00e4sche- und Leibmagd der Baronin<br \/>\nFleur war zum ersten Mal im Tross dabei, als es im Jahr 259 n.J. zu den Turniertagen ging.<br \/>\nIhre Schwester sollte in K\u00fcrze ihr 4. Kind bekommen und konnte daher nicht mitreisen, wie<br \/>\nsie es sonst getan hatte. Zuvor hatte Fleur immer nur zugearbeitet \u2013 nun war sie selbst und<br \/>\ndirekt f\u00fcr die W\u00e4sche der Baronin zust\u00e4ndig.<br \/>\nAus dem einfachen Verh\u00e4ltnis zwischen Herrin und Magd entspann sich eine enge Beziehung<br \/>\nzwischen Fleur und der Baronin.<br \/>\nAm 10. Tag des 10. Mondes im Jahr 260 n.J. bringt Fleur ihre Tochter Amel\u00ede zur Welt. Das<br \/>\nKind ist ein Geschenk Lavinias.<br \/>\nFleur ist sehr ergeben und treu. H\u00f6chst loyal und etwas sch\u00fcchtern. Ihre Welt besteht nur aus<br \/>\nden W\u00fcnschen und Bed\u00fcrfnissen der Baronin und aus ihrer Tochter. Fleur kann weder lesen<br \/>\nnoch schreiben und hat keinerlei Interesse an Politik, Gewalt oder sonstigem, was den hohen<br \/>\nHerrschaften oder M\u00e4nnern vorbehalten sein sollte.<br \/>\nDass ihre Tochter nun viele Dinge lernt, die sie selbst nicht vermag, erf\u00fcllt sie einerseits mit<br \/>\nStolz, andererseits mit Argwohn.<\/p>\n","protected":false},"excerpt":{"rendered":"<p>Fleur, die W\u00e4sche- und Leibmagd der Baronin von Goldbach Geboren: 24. Tag des neunten Mondes im Jahr 235 n.J. als Leibeigene auf Burg Goldbach. Fleurs Vater, Lui, Knecht am Hofe von Goldbach (und Bruder von Adelais, der Mutter von der Gardistin Julienne), war bereits einmal verheiratet und hatte mit dieser Frau, Alrenike, die er sehr &hellip;<\/p>\n<p class=\"read-more\"> <a class=\"\" href=\"https:\/\/engonien.net\/engonienwiki\/?page_id=1344\"> <span class=\"screen-reader-text\">Fleur<\/span> Weiterlesen &raquo;<\/a><\/p>\n","protected":false},"author":1,"featured_media":1369,"parent":0,"menu_order":0,"comment_status":"closed","ping_status":"closed","template":"","meta":[],"_links":{"self":[{"href":"https:\/\/engonien.net\/engonienwiki\/index.php?rest_route=\/wp\/v2\/pages\/1344"}],"collection":[{"href":"https:\/\/engonien.net\/engonienwiki\/index.php?rest_route=\/wp\/v2\/pages"}],"about":[{"href":"https:\/\/engonien.net\/engonienwiki\/index.php?rest_route=\/wp\/v2\/types\/page"}],"author":[{"embeddable":true,"href":"https:\/\/engonien.net\/engonienwiki\/index.php?rest_route=\/wp\/v2\/users\/1"}],"replies":[{"embeddable":true,"href":"https:\/\/engonien.net\/engonienwiki\/index.php?rest_route=%2Fwp%2Fv2%2Fcomments&post=1344"}],"version-history":[{"count":1,"href":"https:\/\/engonien.net\/engonienwiki\/index.php?rest_route=\/wp\/v2\/pages\/1344\/revisions"}],"predecessor-version":[{"id":1345,"href":"https:\/\/engonien.net\/engonienwiki\/index.php?rest_route=\/wp\/v2\/pages\/1344\/revisions\/1345"}],"wp:featuredmedia":[{"embeddable":true,"href":"https:\/\/engonien.net\/engonienwiki\/index.php?rest_route=\/wp\/v2\/media\/1369"}],"wp:attachment":[{"href":"https:\/\/engonien.net\/engonienwiki\/index.php?rest_route=%2Fwp%2Fv2%2Fmedia&parent=1344"}],"curies":[{"name":"wp","href":"https:\/\/api.w.org\/{rel}","templated":true}]}}