{"id":1348,"date":"2018-04-14T15:57:25","date_gmt":"2018-04-14T15:57:25","guid":{"rendered":"https:\/\/engonien.net\/engonienwiki\/?page_id=1348"},"modified":"2018-06-07T18:01:05","modified_gmt":"2018-06-07T18:01:05","slug":"ardor-teldan","status":"publish","type":"page","link":"https:\/\/engonien.net\/engonienwiki\/?page_id=1348","title":{"rendered":"Ardor Teldan"},"content":{"rendered":"<p><strong>Alter:<\/strong> Anfang 30<br \/>\n<strong>Rasse:<\/strong> Mensch<br \/>\n<strong>Geburtsort:<\/strong> Athalien (da es keiner kennt sagt er Condra)<br \/>\n<strong>Wahlheimat:<\/strong> Fanada<br \/>\n<strong>erlernter Beruf:<\/strong> Elementarist der A.C.H.T.<br \/>\n<strong>derzeitige T\u00e4tigkeit:<\/strong> Magister f\u00fcr Beherrschungsmagie und Elementarismus der Akademie Ayd Owl<br \/>\nzu Fanada<\/p>\n<p>Hofmagus zu Goldbach<\/p>\n<p><strong>Beschreibung:<\/strong><br \/>\nCondra&#8230; Ja Condra. Ardors Zeit in Condra ist durch sein Studium an der A.C.H.T. gepr\u00e4gt. Nach dieser<br \/>\nEingangspr\u00fcfung mitten in der Nacht wurde er dem Haus Eis zugeordnet. Zusammen mit Jonas, einem<br \/>\nweiteren Sch\u00fcler des Hauses Eis, und Cindan einem Sch\u00fcler des Hauses Erz machten sie den Magistern<\/p>\n<p>als das &#8222;Scolariengeschwader&#8220; oder &#8222;Elitescolari&#8220; das Leben schwer.<br \/>\nDer Schwerpunkt Arbeit waren Steine. Nunja nicht nur Steine. Es ging um elementarmagische Foki und<br \/>\nihre Nutzung sowie Potenz und Durchflussrate. Vllt war das auch ein Grund das ihn Lix im Zuge ihrer<br \/>\nVicarius Pr\u00fcfung zur Vermessung von Kraftlinien und Elementarladungen mit eingebunden hat.<br \/>\nWie dem auch sei&#8230;nach einigen unsch\u00f6nen Vorkommnissen an der A.C.H.T. widmete Ardor sich der<br \/>\nAnalyse. Analyse von Steinen und anderen unbelebten Materialien und deren Wechselwirkung mit Magie<br \/>\nkannte er ja schon. Nun begann er die Analyse von lebenden&#8230;.Objekten. M\u00e4use, Katzen, Hunde&#8230; alles<br \/>\nwas ihm innerhalb dieser Lehrstunden vorgesetzt wurde musste er analysieren. Habt ihr als<br \/>\nEiselementarist schonmal ein Lebewesen analysiert? Grausam. Du siehst nix. Nach den ersten M\u00e4usen<br \/>\nund gehversuchen in der Analyse von Lebewesen, gelang ihm die Analyse und grobe Kartierung der<br \/>\nlebenswichigen bestandteile des Astralk\u00f6rpers und so \u00fcberlebte tats\u00e4chlich einer dieser kleinen<br \/>\nK\u00e4severnichter.<br \/>\nNach und nach wurde er besser in dem was er tat und so wurde er der Fakult\u00e4t (die kurzbezeichnung der<br \/>\nHeilanstalt der A.C.H.T. f\u00fcr geistig Kranke) als Assistenz zugewiesen. So ins kalte Wasser geworfen<br \/>\nmachte er den ersten Kontakt mit der Anima. Der Schule f\u00fcr die Magie der Beeinflussung.<br \/>\nAuf einmal ergaben die Tage und N\u00e4chte der Analyse von Tieren und dort das erkennen der einzelnen<br \/>\nBereiche des Astralk\u00f6rpers einen Sinn.<br \/>\nSchnell faste er in dieser Disziplin Fu\u00df und erzielte nach nur 5 fehlgeschlagenen versuchen (folglich 5<br \/>\ntraumatisierten Patienten und viele \u00dcberstunden anderer Magister) die ersten Erfolge.<br \/>\nDanach&#8230;passieren viele Dinge. Wie auch w\u00e4rend seiner gesamten Zeit an der ACHT geht er auf reisen<br \/>\nund lernte viele Menschen kennen und du wirst vermutlcih am besten wissen was wann und wo passierte,<br \/>\nalso erspare ich dir den Teil.<\/p>\n","protected":false},"excerpt":{"rendered":"<p>Alter: Anfang 30 Rasse: Mensch Geburtsort: Athalien (da es keiner kennt sagt er Condra) Wahlheimat: Fanada erlernter Beruf: Elementarist der A.C.H.T. derzeitige T\u00e4tigkeit: Magister f\u00fcr Beherrschungsmagie und Elementarismus der Akademie Ayd Owl zu Fanada Hofmagus zu Goldbach Beschreibung: Condra&#8230; Ja Condra. Ardors Zeit in Condra ist durch sein Studium an der A.C.H.T. gepr\u00e4gt. Nach dieser &hellip;<\/p>\n<p class=\"read-more\"> <a class=\"\" href=\"https:\/\/engonien.net\/engonienwiki\/?page_id=1348\"> <span class=\"screen-reader-text\">Ardor Teldan<\/span> Weiterlesen &raquo;<\/a><\/p>\n","protected":false},"author":1,"featured_media":1375,"parent":0,"menu_order":0,"comment_status":"closed","ping_status":"closed","template":"","meta":[],"_links":{"self":[{"href":"https:\/\/engonien.net\/engonienwiki\/index.php?rest_route=\/wp\/v2\/pages\/1348"}],"collection":[{"href":"https:\/\/engonien.net\/engonienwiki\/index.php?rest_route=\/wp\/v2\/pages"}],"about":[{"href":"https:\/\/engonien.net\/engonienwiki\/index.php?rest_route=\/wp\/v2\/types\/page"}],"author":[{"embeddable":true,"href":"https:\/\/engonien.net\/engonienwiki\/index.php?rest_route=\/wp\/v2\/users\/1"}],"replies":[{"embeddable":true,"href":"https:\/\/engonien.net\/engonienwiki\/index.php?rest_route=%2Fwp%2Fv2%2Fcomments&post=1348"}],"version-history":[{"count":1,"href":"https:\/\/engonien.net\/engonienwiki\/index.php?rest_route=\/wp\/v2\/pages\/1348\/revisions"}],"predecessor-version":[{"id":1349,"href":"https:\/\/engonien.net\/engonienwiki\/index.php?rest_route=\/wp\/v2\/pages\/1348\/revisions\/1349"}],"wp:featuredmedia":[{"embeddable":true,"href":"https:\/\/engonien.net\/engonienwiki\/index.php?rest_route=\/wp\/v2\/media\/1375"}],"wp:attachment":[{"href":"https:\/\/engonien.net\/engonienwiki\/index.php?rest_route=%2Fwp%2Fv2%2Fmedia&parent=1348"}],"curies":[{"name":"wp","href":"https:\/\/api.w.org\/{rel}","templated":true}]}}