{"id":1350,"date":"2018-04-14T15:58:49","date_gmt":"2018-04-14T15:58:49","guid":{"rendered":"https:\/\/engonien.net\/engonienwiki\/?page_id=1350"},"modified":"2018-06-07T18:01:05","modified_gmt":"2018-06-07T18:01:05","slug":"alexane-de-merdrignac","status":"publish","type":"page","link":"https:\/\/engonien.net\/engonienwiki\/?page_id=1350","title":{"rendered":"Alexane de Merdrignac"},"content":{"rendered":"<p>Lavinia-Geweihte im Haus Goldbach<\/p>\n<p>Alexane wurde als 5. Kind und einzige Tochter des Golbacher Ritters Mathis de Merdrignac und seiner<br \/>\nAngetrauten Adeline geboren. Mit 4 \u00e4lteren Br\u00fcdern war sie nat\u00fcrlich das Nesth\u00e4kchen und der Liebling des<br \/>\nVaters.<br \/>\nSo kam es auch, dass er, anstatt sie nur das N\u00f6tigste lernen zu lassen um zu heiraten und einen Haushalt<br \/>\nf\u00fchren zu k\u00f6nnen, ihrem Wunsch nachkam und sie zur Ausbildung ins Lavinia-Kloster schickte.<br \/>\nDort lernte Alexane nicht nur schreiben, lesen und rechnen, sondern auch die sp\u00e4tere Baronin von Goldbach,<br \/>\nIsabeau, kennen. Die beiden gleichaltrigen M\u00e4dchen verband schnell eine innige Freundschaft.<br \/>\nAuch als Isabeau nach einigen Jahren nach Kloster verlie\u00df um ihre neue Aufgabe zu \u00fcbernehmen, blieben die<br \/>\nbeiden in Kontakt.<br \/>\nAlexane hatte sich mittlerweile dazu entschieden, ihr ganzes Leben in den Dienst der Mutter Lavinia zu stellen<br \/>\nund lie\u00df sich in ihrem Namen weihen.<br \/>\nAls ihre Ausbildung beendet war, war es auch nicht verwunderlich, dass sie an den Hof von Goldbach ging, um<br \/>\ndort als Hausgeweihte ihren Dienst an der G\u00f6ttin zu verrichten.<br \/>\nAlexane ist eine ruhige und bedachte Person, doch im Gegensatz zu der allgemeinen Meinung von<br \/>\nLaviniapriestern schl\u00e4gt manchmal ihr nordcaldrisches Temperament durch.<br \/>\nSie fungiert in Goldbach als Beichtschwester, Schulter zum Anlehnen und Ausheulen und als Leitfigur in<br \/>\nGlaubensdingen.<br \/>\nOft ist sie auch das \u201eBindeglied\u201c zwischen den h\u00f6hergestellten Mitgliedern des Hofes und dem Gesinde.<br \/>\nAu\u00dferdem steht der gro\u00dfe Kr\u00e4utergarten unter ihrem Kommando und mit ihren Teekreationen hat sie schon so<\/p>\n<p>manches Zipperlein gelindert.\u00dfe Kr\u00e4utergarten unter ihrem Kommando und mit ihren Teekreationen hat sie<br \/>\nschon so manches Zipperlein gelindert.<\/p>\n","protected":false},"excerpt":{"rendered":"<p>Lavinia-Geweihte im Haus Goldbach Alexane wurde als 5. Kind und einzige Tochter des Golbacher Ritters Mathis de Merdrignac und seiner Angetrauten Adeline geboren. Mit 4 \u00e4lteren Br\u00fcdern war sie nat\u00fcrlich das Nesth\u00e4kchen und der Liebling des Vaters. So kam es auch, dass er, anstatt sie nur das N\u00f6tigste lernen zu lassen um zu heiraten und &hellip;<\/p>\n<p class=\"read-more\"> <a class=\"\" href=\"https:\/\/engonien.net\/engonienwiki\/?page_id=1350\"> <span class=\"screen-reader-text\">Alexane de Merdrignac<\/span> Weiterlesen &raquo;<\/a><\/p>\n","protected":false},"author":1,"featured_media":1362,"parent":0,"menu_order":0,"comment_status":"closed","ping_status":"closed","template":"","meta":[],"_links":{"self":[{"href":"https:\/\/engonien.net\/engonienwiki\/index.php?rest_route=\/wp\/v2\/pages\/1350"}],"collection":[{"href":"https:\/\/engonien.net\/engonienwiki\/index.php?rest_route=\/wp\/v2\/pages"}],"about":[{"href":"https:\/\/engonien.net\/engonienwiki\/index.php?rest_route=\/wp\/v2\/types\/page"}],"author":[{"embeddable":true,"href":"https:\/\/engonien.net\/engonienwiki\/index.php?rest_route=\/wp\/v2\/users\/1"}],"replies":[{"embeddable":true,"href":"https:\/\/engonien.net\/engonienwiki\/index.php?rest_route=%2Fwp%2Fv2%2Fcomments&post=1350"}],"version-history":[{"count":2,"href":"https:\/\/engonien.net\/engonienwiki\/index.php?rest_route=\/wp\/v2\/pages\/1350\/revisions"}],"predecessor-version":[{"id":1363,"href":"https:\/\/engonien.net\/engonienwiki\/index.php?rest_route=\/wp\/v2\/pages\/1350\/revisions\/1363"}],"wp:featuredmedia":[{"embeddable":true,"href":"https:\/\/engonien.net\/engonienwiki\/index.php?rest_route=\/wp\/v2\/media\/1362"}],"wp:attachment":[{"href":"https:\/\/engonien.net\/engonienwiki\/index.php?rest_route=%2Fwp%2Fv2%2Fmedia&parent=1350"}],"curies":[{"name":"wp","href":"https:\/\/api.w.org\/{rel}","templated":true}]}}