{"id":1357,"date":"2018-04-14T16:03:59","date_gmt":"2018-04-14T16:03:59","guid":{"rendered":"https:\/\/engonien.net\/engonienwiki\/?page_id=1357"},"modified":"2018-06-07T18:01:06","modified_gmt":"2018-06-07T18:01:06","slug":"der-schiffsanleger","status":"publish","type":"page","link":"https:\/\/engonien.net\/engonienwiki\/?page_id=1357","title":{"rendered":"Der Schiffsanleger"},"content":{"rendered":"<p>Ein Grossteil der Waren, welche ihren Weg in die Baronie oder aus ihr hinaus finden, werden auf dem<br \/>\nSeeweg transportiert. Der n\u00e4chstgelegene Hafen f\u00fcr seeg\u00e4ngige Schiffe befindet sich jedoch in<br \/>\nDonnerheim, von wo die Ware entweder per Fuhrwerk oder mittels Binnenschiffe \u00fcber die Droor nach<br \/>\nGoldbach kommt.<br \/>\nKurz vor der Einm\u00fcndung der Vitesse befindet sich ein kleiner Schiffsanleger. Dieser ist Eigentum der<br \/>\nImperatorin und wird durch das Haus Goldbach gegen Zahlung einer Pacht verwaltet.<br \/>\nDie Anlage bietet Anlegem\u00f6glichkeit f\u00fcr zwei Binnenschiffe mit geringem Tiefgang, da die Ufer der<br \/>\nDroor zu flach sind f\u00fcr gr\u00f6ssere Schiffe<br \/>\nDieVitesse selbst ist nicht schiffbar, daher werden Waren, welche direkt nach Goldbach sollen, hier auf<br \/>\nFuhrwerke oder Prahme umgeladen, welche dann den Fluss hinauf getreidelt werden.<br \/>\nDas Be- und Entladen der Schiffe und Boote geschieht entweder per Hand oder, bei gr\u00f6\u00dferen Lasten, mit<br \/>\ndem Tretradkran.<br \/>\nZum Zwischenlagern der Waren befindet sich hier ein Lagerhaus sowie ein Geb\u00e4ude mit grossem<br \/>\nAufenthaltsraum f\u00fcr die Schiffsmannschaft und einer K\u00fcche. In diesem Geb\u00e4ude hat auch ein Schreiber<br \/>\nsein B\u00fcro.<\/p>\n","protected":false},"excerpt":{"rendered":"<p>Ein Grossteil der Waren, welche ihren Weg in die Baronie oder aus ihr hinaus finden, werden auf dem Seeweg transportiert. Der n\u00e4chstgelegene Hafen f\u00fcr seeg\u00e4ngige Schiffe befindet sich jedoch in Donnerheim, von wo die Ware entweder per Fuhrwerk oder mittels Binnenschiffe \u00fcber die Droor nach Goldbach kommt. Kurz vor der Einm\u00fcndung der Vitesse befindet sich &hellip;<\/p>\n<p class=\"read-more\"> <a class=\"\" href=\"https:\/\/engonien.net\/engonienwiki\/?page_id=1357\"> <span class=\"screen-reader-text\">Der Schiffsanleger<\/span> Weiterlesen &raquo;<\/a><\/p>\n","protected":false},"author":1,"featured_media":0,"parent":0,"menu_order":0,"comment_status":"closed","ping_status":"closed","template":"","meta":[],"_links":{"self":[{"href":"https:\/\/engonien.net\/engonienwiki\/index.php?rest_route=\/wp\/v2\/pages\/1357"}],"collection":[{"href":"https:\/\/engonien.net\/engonienwiki\/index.php?rest_route=\/wp\/v2\/pages"}],"about":[{"href":"https:\/\/engonien.net\/engonienwiki\/index.php?rest_route=\/wp\/v2\/types\/page"}],"author":[{"embeddable":true,"href":"https:\/\/engonien.net\/engonienwiki\/index.php?rest_route=\/wp\/v2\/users\/1"}],"replies":[{"embeddable":true,"href":"https:\/\/engonien.net\/engonienwiki\/index.php?rest_route=%2Fwp%2Fv2%2Fcomments&post=1357"}],"version-history":[{"count":1,"href":"https:\/\/engonien.net\/engonienwiki\/index.php?rest_route=\/wp\/v2\/pages\/1357\/revisions"}],"predecessor-version":[{"id":1358,"href":"https:\/\/engonien.net\/engonienwiki\/index.php?rest_route=\/wp\/v2\/pages\/1357\/revisions\/1358"}],"wp:attachment":[{"href":"https:\/\/engonien.net\/engonienwiki\/index.php?rest_route=%2Fwp%2Fv2%2Fmedia&parent=1357"}],"curies":[{"name":"wp","href":"https:\/\/api.w.org\/{rel}","templated":true}]}}