{"id":1359,"date":"2018-04-14T16:04:28","date_gmt":"2018-04-14T16:04:28","guid":{"rendered":"https:\/\/engonien.net\/engonienwiki\/?page_id=1359"},"modified":"2018-06-07T18:01:08","modified_gmt":"2018-06-07T18:01:08","slug":"pointe-de-la-vue-und-die-isle-de-ciel","status":"publish","type":"page","link":"https:\/\/engonien.net\/engonienwiki\/?page_id=1359","title":{"rendered":"Pointe de la vue und die Isle de Ciel"},"content":{"rendered":"<p>Die K\u00fcste im n\u00f6rdlichen Teil der Baronie zeigt sich als karge Steilk\u00fcste, oberhalb der Droorm\u00fcndung im<br \/>\ns\u00fcdlichen Teil verl\u00e4uft sie flacher, was die Bernsteinfischerei erm\u00f6glicht.<br \/>\nAuf den Klippen nahe des Rittergutes De Bucheron befindet sich ein steinerner Wachturm, genannt<br \/>\nPointe de la vue. Von diesem hat man die Bucht von Firanos sowie die vorgelagerte Isle de Ciel im Blick.<br \/>\nDie Isle de Ciel ist nur ein kleiner Flecken Land, so nah an der K\u00fcste, dass man bei Ebbe zu Fuss hin\u00fcber<br \/>\nlaufen kann. Sie ist bewohnt von einigen Anh\u00e4ngern der Glaubensgemeinschaft der Witte, welche hier<br \/>\nLandwirtschaft sowie eine Destille betreiben. Aus dieser Destille, welche sich durch eine auf der Insel<br \/>\ngelegene Quelle speist, kommen hervorragende geistreiche Getr\u00e4nke, welche in die gesamte Baronie<br \/>\nverschickt werden.<\/p>\n","protected":false},"excerpt":{"rendered":"<p>Die K\u00fcste im n\u00f6rdlichen Teil der Baronie zeigt sich als karge Steilk\u00fcste, oberhalb der Droorm\u00fcndung im s\u00fcdlichen Teil verl\u00e4uft sie flacher, was die Bernsteinfischerei erm\u00f6glicht. Auf den Klippen nahe des Rittergutes De Bucheron befindet sich ein steinerner Wachturm, genannt Pointe de la vue. Von diesem hat man die Bucht von Firanos sowie die vorgelagerte Isle &hellip;<\/p>\n<p class=\"read-more\"> <a class=\"\" href=\"https:\/\/engonien.net\/engonienwiki\/?page_id=1359\"> <span class=\"screen-reader-text\">Pointe de la vue und die Isle de Ciel<\/span> Weiterlesen &raquo;<\/a><\/p>\n","protected":false},"author":1,"featured_media":0,"parent":0,"menu_order":0,"comment_status":"closed","ping_status":"closed","template":"","meta":[],"_links":{"self":[{"href":"https:\/\/engonien.net\/engonienwiki\/index.php?rest_route=\/wp\/v2\/pages\/1359"}],"collection":[{"href":"https:\/\/engonien.net\/engonienwiki\/index.php?rest_route=\/wp\/v2\/pages"}],"about":[{"href":"https:\/\/engonien.net\/engonienwiki\/index.php?rest_route=\/wp\/v2\/types\/page"}],"author":[{"embeddable":true,"href":"https:\/\/engonien.net\/engonienwiki\/index.php?rest_route=\/wp\/v2\/users\/1"}],"replies":[{"embeddable":true,"href":"https:\/\/engonien.net\/engonienwiki\/index.php?rest_route=%2Fwp%2Fv2%2Fcomments&post=1359"}],"version-history":[{"count":1,"href":"https:\/\/engonien.net\/engonienwiki\/index.php?rest_route=\/wp\/v2\/pages\/1359\/revisions"}],"predecessor-version":[{"id":1360,"href":"https:\/\/engonien.net\/engonienwiki\/index.php?rest_route=\/wp\/v2\/pages\/1359\/revisions\/1360"}],"wp:attachment":[{"href":"https:\/\/engonien.net\/engonienwiki\/index.php?rest_route=%2Fwp%2Fv2%2Fmedia&parent=1359"}],"curies":[{"name":"wp","href":"https:\/\/api.w.org\/{rel}","templated":true}]}}