{"id":1378,"date":"2018-04-15T18:40:02","date_gmt":"2018-04-15T18:40:02","guid":{"rendered":"https:\/\/engonien.net\/engonienwiki\/?page_id=1378"},"modified":"2018-08-02T12:43:52","modified_gmt":"2018-08-02T12:43:52","slug":"sandrine-2","status":"publish","type":"page","link":"https:\/\/engonien.net\/engonienwiki\/?page_id=1378","title":{"rendered":"Sandrine"},"content":{"rendered":"<p>Sandrine (vermutlich hat sie auch einen Nachnamen) ist die \u00e4ltere Schwester einer Leibmagd der Baronin,<br \/>\ndie normalerweise f\u00fcr die Frisur zust\u00e4ndig ist. Da diese sich jedoch bei einem dummen Unfall beim<br \/>\nHeimatbesuch die Hand gebrochen hat, nimmt Sandrine ihre Stellung ein, weil sie ebenso geschickt mit<br \/>\nden H\u00e4nden ist.<br \/>\nSandrine ist anfangs eher sch\u00fcchtern und generell nicht die hellste Kerze auf der Torte, taut jedoch im<br \/>\nGesinde schnell auf, w\u00e4hrend sie den hohen Herren gegen\u00fcber kaum ein Wort heraus bringt. Sie bewegt<br \/>\nsich zum ersten Mal in ihrem Leben in solch illustren Kreisen und ist redlich bem\u00fcht, alles richtig und<br \/>\nihrer Schwester keine Schande zu machen.<br \/>\nSie mag es gern deftig bei Speisen und Getr\u00e4nken (was der Bauer nicht kennt&#8230;), liebt die Natur und Tiere<br \/>\n(ihr Lieblingstier ist das Eichh\u00f6rnchen ;-))) und tanzt f\u00fcr ihr Leben gern, auch wenn sie es nicht kann. Sie<br \/>\nist ebenfalls ein Morgenmuffel, was sich entweder durch muffeliges Schweigen oder unkontrollierten<br \/>\nRedefluss am Morgen ausdr\u00fcckt, da das Resthirn noch nicht hochgefahren ist (leeres Gelaber ^^).<br \/>\nLesen kann sie nat\u00fcrlich nicht, Politik versteht sie nicht, eher etwas von Landwirtschaft \ud83d\ude09<\/p>\n","protected":false},"excerpt":{"rendered":"<p>Sandrine (vermutlich hat sie auch einen Nachnamen) ist die \u00e4ltere Schwester einer Leibmagd der Baronin, die normalerweise f\u00fcr die Frisur zust\u00e4ndig ist. Da diese sich jedoch bei einem dummen Unfall beim Heimatbesuch die Hand gebrochen hat, nimmt Sandrine ihre Stellung ein, weil sie ebenso geschickt mit den H\u00e4nden ist. Sandrine ist anfangs eher sch\u00fcchtern und &hellip;<\/p>\n<p class=\"read-more\"> <a class=\"\" href=\"https:\/\/engonien.net\/engonienwiki\/?page_id=1378\"> <span class=\"screen-reader-text\">Sandrine<\/span> Weiterlesen &raquo;<\/a><\/p>\n","protected":false},"author":1,"featured_media":1412,"parent":0,"menu_order":0,"comment_status":"closed","ping_status":"closed","template":"","meta":[],"_links":{"self":[{"href":"https:\/\/engonien.net\/engonienwiki\/index.php?rest_route=\/wp\/v2\/pages\/1378"}],"collection":[{"href":"https:\/\/engonien.net\/engonienwiki\/index.php?rest_route=\/wp\/v2\/pages"}],"about":[{"href":"https:\/\/engonien.net\/engonienwiki\/index.php?rest_route=\/wp\/v2\/types\/page"}],"author":[{"embeddable":true,"href":"https:\/\/engonien.net\/engonienwiki\/index.php?rest_route=\/wp\/v2\/users\/1"}],"replies":[{"embeddable":true,"href":"https:\/\/engonien.net\/engonienwiki\/index.php?rest_route=%2Fwp%2Fv2%2Fcomments&post=1378"}],"version-history":[{"count":3,"href":"https:\/\/engonien.net\/engonienwiki\/index.php?rest_route=\/wp\/v2\/pages\/1378\/revisions"}],"predecessor-version":[{"id":1420,"href":"https:\/\/engonien.net\/engonienwiki\/index.php?rest_route=\/wp\/v2\/pages\/1378\/revisions\/1420"}],"wp:featuredmedia":[{"embeddable":true,"href":"https:\/\/engonien.net\/engonienwiki\/index.php?rest_route=\/wp\/v2\/media\/1412"}],"wp:attachment":[{"href":"https:\/\/engonien.net\/engonienwiki\/index.php?rest_route=%2Fwp%2Fv2%2Fmedia&parent=1378"}],"curies":[{"name":"wp","href":"https:\/\/api.w.org\/{rel}","templated":true}]}}