{"id":141,"date":"2018-03-05T14:32:20","date_gmt":"2018-03-05T14:32:20","guid":{"rendered":"https:\/\/engonien.net\/engonienwiki\/?page_id=141"},"modified":"2018-06-07T18:01:06","modified_gmt":"2018-06-07T18:01:06","slug":"konzil-der-geistigen-kraft","status":"publish","type":"page","link":"https:\/\/engonien.net\/engonienwiki\/?page_id=141","title":{"rendered":"Konzil der geistigen Kraft"},"content":{"rendered":"<h1 id=\"firstHeading\" class=\"firstHeading\" lang=\"de\"><\/h1>\n<div id=\"bodyContent\" class=\"mw-body-content\">\n<div id=\"contentSub\"><\/div>\n<\/div>\n<p>Das riesige Geb\u00e4ude aus ehernem Granit ist wohl eines der bekanntesten Geb\u00e4ude des Landes, zum einen die gr\u00f6sste Magierakademie des Landes, zum anderen Hauptsitz der Magiergilde mit den bestem Ruf. Fr\u00fcher war die Akademie allein den Magiebegabten vorbehalten. Doch durch den Ersuch Corwen Lydians des Leiters der Akademie, wurden die Hallen unl\u00e4ngst allen Wissbegierigen ge\u00f6ffnet. So gilt es beim reichen B\u00fcrger oder gar dem Adel in der letzten Zeit als \u00e4u\u00dferst schick seine Spr\u00f6sslinge dort unterweisen zu lassen, doch sei gesagt das es erstens sehr teuer ist und zweitens so elit\u00e4r das unbegabte schon nach zwei Wochen gebeten werden auszutreten um den Lernfluss der anderen nicht zu st\u00f6ren. Ein schwerer Schlag gegen die W\u00fcrde eines Hauses, andererseits gerade eine Chance besonders zu gl\u00e4nzen. Die Lehrzeit eines Sch\u00fclers beginnt zumeist mit Vollendung des zehnten Lebensjahres. Es gibt aber auch Sch\u00fcler die schon wesentlich fr\u00fcher anfangen ihren Geist zu formen. Die Ausbildung umfasst alles was nach Ermessen der Lehrmeister zum Grundwissen geh\u00f6rt. Sicherlich mehr als so mancher in seinem Leben lernt. So stehen auf dem Plan zum einem Lesen und Schreiben, das meisterlich beherrscht werden muss. Sowie fundiertes Wissen in Mathe, Geometrie, Geschichte und Rechtskunde um nur einige zu nennen. Nach 5 Jahren kann man nach erfolgreicher Pr\u00fcfung sich entscheiden ob man weiterstudiert oder mit einem Zertifikat der Schule ins Leben tritt was gerade denen, die in der Magie unbegabt sind auch angeraten wird. In der weiteren Ausbildung erweitert der Z\u00f6gling seine Kenntnisse der Magiekunde, Pflanzen-,Gift- und Heilkunde. Sowie Einweisung in der Alchemie. Nach einem Jahr kann sich der Sch\u00fcler zur Pr\u00fcfung anmelden, bei der alles Wissen seiner Lehrzeit gepr\u00fcft wird und der Sch\u00fcler einer ethisch moralischen Pr\u00fcfung unterzogen wird. Befinden die Lehrmeister ihn dann f\u00fcr w\u00fcrdig die hohe Kunst der Magie zu erlernen, beginnt der zweite Schritt im Leben des Sch\u00fclers. Von da an gilt der Sch\u00fcler als Adept und wird offiziell in die Gilde eingeschrieben und muss nicht l\u00e4nger die Arbeiten der Sch\u00fcler im Haus verrichten. Es folgt eine Zeit der Selbstfindung, des k\u00f6rperlichen Trainings und der Abh\u00e4rtung, die so lange beibehalten wird, bis die Gabe des Adepten f\u00f6rmlich aus ihm austritt. In dieser Zeit muss der Z\u00f6gling sonst nichts lernen. Ist dieser Zustand erreicht wird der Adept in Magietheorie, Ritualkunde und Meditation weiter eingewiesen und darf sich im streng \u00fcberwachten Rahmen an ersten Zaubern versuchen. Nach mindestens 3 Jahren Ausbildung, die etliche Reisen und Studien fremder V\u00f6lker enth\u00e4lt kann der Adept mit Empfehlung eines seiner Lehrmeister sich daran machen seinen Lehrschein zu machen ( Meisterpr\u00fcfung). Von da an steht es ihm frei Forschungsreisen ohne Einwilligung des Vorstehers zu unternehmen und auf eigene Faust zu forschen. Er kann sich theoretisch auch von seiner Gilde trennen, es wird aber dann erwartet, das er einige Dienste f\u00fcr die Akademie verrichtet und muss f\u00fcrderhin f\u00fcr seine Studien zahlen.<\/p>\n<h3><span id=\"Geldmittel_und_Aufnahme\" class=\"mw-headline\">Geldmittel und Aufnahme<\/span><\/h3>\n<p>Ein jeder kann bei der Akademie vorsprechen sei es ein reicher H\u00e4ndler, oder fahrender Kesselflicker, der seine Kinder irgendwo unterbringen will. Es wird erst einmal jeder angenommen, da sowieso die meisten nicht bleiben. Rein theoretisch kostet die Ausbildung nichts, da die Kinder sie hart erarbeiten, es wird allerdings erwartet, das reiche Familien der Akademie Geldgeschenke \u00fcberreichen. Au\u00dferdem wird die Lehranstalt vom Herrscherhaus Engoniens ehrenhalber unterst\u00fctzt, was den L\u00f6wenanteil der Einnahmen ausmacht. Geld wird andererseits auch von reisenden Magiern oder sonstigen Gelehrten eingenommen die ihr Wissen erweitern wollen.<\/p>\n<h3><span id=\"Die_Lehrzeit\" class=\"mw-headline\">Die Lehrzeit<\/span><\/h3>\n<p>In seinem zehnten Lebensjahr beginnt der Sch\u00fcler mit seiner Ausbildung. Das ist f\u00fcr viele der Kinder ein geradezu traumatisches Erlebnis, da von den Lehrlingen erwartet wird, das sie jegliche Arbeiten die im Haus, oder im riesigen Garten selbst erledigen m\u00fcssen. Dazu geh\u00f6rt die Arbeit im Gem\u00fcsegarten, das Kochen, Putzen und \u00e4hnliche Dienste die sich die Lehrmeister einfallen lassen. Es beginnt eine Zeit des emsigen Lernens. Innerhalb k\u00fcrzester Zeit m\u00fcssen die Sch\u00fcler fit in Lesen und Schreiben sein sowie die Grundrechenarten verstehen, hier teilen sich die Wege der meisten Sch\u00fcler, da nur etwa 40% von ihnen l\u00e4nger als einen Monat bleibt. Der Rest wird gnadenlos durch die Kammern der Akademie gescheucht. Was die meisten Adligen schnell lernen m\u00fcssen, ist das sie keinerlei Vorrechte haben, nur weil ihre Familie mehr zahlt. Die Disziplinarstrafen die auf solches Verhalten, sowie auf Unbesonnenheit und Agressivit\u00e4t stehen sind sehr streng und f\u00fchren nicht selten zum Ausschluss aus der Gemeinschaft. Doch sind solche F\u00e4lle selten, da die Kinder vorher von ihren Eltern darauf getrimmt werden, da der Statusverlust der Familien sehr gross sein kann. Das gilt im besonderen f\u00fcr die Lydians, Iosas, Ruhracs und Answins, die zu den \u00e4ltesten Magiergeschlechter Caldriens z\u00e4hlen und deshalb enorm unter Zugzwang stehen. Ist die kritische Zeit nach etwa 3 Monaten \u00fcberstanden, lernen die Sch\u00fcler Etikette, Geschichte, Geometrie und Rechnungswesen. Das Wissen der Sch\u00fcler wird regelm\u00e4ssig gepr\u00fcft und sie m\u00fcssen sich f\u00fcr mindestens 2 Fremdsprachen eintragen. Wobei die Sprache der Orks den geringsten Status hat. Die Sprache der Drow hat einen hohen Status ist allerdings sehr verhasst, da der Unterricht von Barcel Lydian gegeben wird, der der unbeliebteste der Lehrk\u00f6rper ist, weil er sich besonders durch seine gnadenlose H\u00e4rte sowie durch seine Kompromisslosigkeit hervortut. Nach etwa einem Jahr beginnt auch der Unterricht in Heilkunde, Pflanzenkunde und Giftkunde sowie in der Rechts- und Finanzlehre. Dazu kommen harte Kurse in Selbstverteidigung und Magiekunde. Das den Sch\u00fclern nur noch den Wunsch nach dem abendlichen Ruhen bleibt. Die wenigen, die nach f\u00fcnf Jahren \u00fcbrigbleiben steht dann ihre Pr\u00fcfung bevor, die sehr schwer ist und nur einmal wiederholt werden kann, bis sich der Sch\u00fcler verabschieden kann. Allerdings hat der Sch\u00fcler eine Menge gelernt und kann bei jeder Arbeit gut anfassen und ist f\u00fcr jeden ein guter Start ins Leben. Wer die Pr\u00fcfung schafft bekommt das Zertifikat der Schule und wird in Zukunft wenig Probleme haben eine Arbeit zu finden. Danach kann sich der Lehrling entscheiden ob er ein Magiestudium anstrebt, oder seiner Wege geht. In dem einj\u00e4hrigen Noviziat vertieft der Sch\u00fcler sein Wissen in Pflanzen-, Heil- und Giftkunde. Erf\u00e4hrt eine weitere Ausbildung in Magiekunde und wird in die Kunst der Alchemie eingewiesen. Am Ende des Jahres muss der Sch\u00fcler noch einmal eine Pr\u00fcfung schreiben die wiederum alles Wissen seiner Lehrzeit umfasst, sowie eine moralische Pr\u00fcfung. Ist auch diese H\u00fcrde genommen wird der Sch\u00fcler zum Adepten ernannt und von seinen sonstigen Pflichten im Haus entbunden. Es folgt eine Zeit des Fastens, grosser k\u00f6rperlicher Anstengung und inniger Meditation. Ist der Adept schliesslich bereit f\u00e4ngt man an ihn in der Zauberei zu unterweisen. F\u00e4cher wie Sph\u00e4rologie, Magietheorie und Ritualkunde bereichern seinen Stundenplan dann zus\u00e4tzlich. Ebenfalls wird mit vielen Reisen und Exkursen versucht die erlernte Theorie in die Praxis umzusetzen. Nach mindestens drei Jahren intensiven Studiums kann der Adept dann seinen Lehrschein machen. Dann kann er sich frei seinen Studien widmen und Reisen auf eigene Verantwortung machen, es wird allerdings erwartet, das er seinerseits Lehrlinge unterweist und Wissen f\u00fcr die Akademie zusammentr\u00e4gt.<\/p>\n<h3><span id=\"Zust.C3.A4ndigkeiten\" class=\"mw-headline\">Zust\u00e4ndigkeiten<\/span><\/h3>\n<p>Alle Lehrk\u00f6rper: Anhalten der Sch\u00fcler gewissenhaft zu lernen und zu Arbeiten, Bestrafung und Ausschluss von der Schule, Aufsichtspflicht, Aufstellung der Pr\u00fcfungen in ihren F\u00e4chern<\/p>\n<p>Alle Lehrlinge: Gehorsam, H\u00f6flichkeit, Wille zum Lernen, Zuverl\u00e4ssigkeit, Arbeiten in Haus, K\u00fcche und Garten.<\/p>\n<p>Corwen Lydian: Oberstes Ratsmitglied, Vertretung der Akademieinteressen, Oberste Aufsicht, Ausbildung der Sch\u00fcler in Geschichte und Magiekunde, Lehrk\u00f6rper f\u00fcr Allgemeinmagie.<\/p>\n<p>Barcel Lydian: Ratsmitglied, Berater des K\u00f6nigs, Ausbildung der Sch\u00fcler in Mathematik, Drow, Staatskunde und Alchemie. Lehrk\u00f6rper f\u00fcr Beherrschungsmagie.<\/p>\n<p>Marfa Lydian: Ratsmitglied, Ausbildung der Sch\u00fcler in Pflanzen-, Heil- und Giftkunde, Lehrk\u00f6rper f\u00fcr Heilmagie.<\/p>\n<p>Aytan Lydian: Lehrk\u00f6rper f\u00fcr Rituale und Meditation.<\/p>\n<p>Er\u00e9se Lydian: Verwaltung der Bibliothek, Buchf\u00fchrung, Ausbildung der Sch\u00fcler in Finanz und Rechnungswesen.<\/p>\n<p>Arkon Ruhrac: Ratsmitglied, Ausbildung der Sch\u00fcler in Elfisch, Orkisch und Zwergisch. Leiter der Selbstverteidigung. Lehrk\u00f6rper f\u00fcr Kampfmagie.<\/p>\n<p>Viora Ruhrac: Ratsmitglied, Ausbildung der Sch\u00fcler in Ettikette, Geometrie, Schreiben und Lesen, Lehrk\u00f6rper f\u00fcr Schutzmagie.<\/p>\n<h3><span id=\"Der_Rat\" class=\"mw-headline\">Der Rat<\/span><\/h3>\n<p>Die Hauptverwaltung der Akademie wird von den Mitgliedern des Rates \u00fcbernommen. Der Leiter der Akademie Corwen Lydian ist zur Zeit h\u00f6chster des Rates und tr\u00e4gt alle Entscheidungen. Jedoch hat jedes Mitglied des Rates ein Anh\u00f6rungsrecht und manchmanl h\u00e4lt sich der Vorsitzende aus den Entscheidungen raus. Dann gibt es meistens Krieg weil die Rivalit\u00e4t der Familien Lydian und Ruhrac mehr als eine Geschichte kennt. Sie blockieren sich gegenseitig und streiten meisst die ganze Nacht durch und Corwen Lydian l\u00e4sst sich nicht dazu herab den Streit zu schlichten. Ist die Akademie allerdings in Gefahr sind die Entschl\u00fcsse des Rates schnell und unerbittlich. Auch \u00fcbt der Rat geh\u00f6rige politische Macht aus. So auf den K\u00f6nig, den Rat des Landes und auf verschiedenste H\u00e4ndlergilden. Rivalit\u00e4t zu anderen Akademien gibt es nicht, gibt es doch keine Akademie in Engonien die sich mit ihr messen kann.<\/p>\n<h4><span id=\"Corwen_und_Er.C3.A9se_Lydian\" class=\"mw-headline\">Corwen und Er\u00e9se Lydian<\/span><\/h4>\n<p>Der Leiter der Akademie ist nunmehr vor etwa 75 Jahren auf dem Anwesen der Lydians geboren worden. Er verbrachte eine gl\u00fcckliche Kindheit und wurde wie alle Lydians dann dem Konzil zur Ausbildung \u00fcbergeben. Es folgte eine harte Zeit, da er k\u00f6rperlich nicht sehr beanspruchbar war, konnte allerdings in den geistigen Disziplinen einiges wettmachen. Nach seiner Schulzeit wurde er Novize und schaffte auch diese H\u00fcrde ohne grosse Probleme. Fr\u00fch wurde sein magisches Talent erkannt und er widmete sich seinem Studium mit grossem Eifer und er h\u00e4tte es sicherlich vor der Zeit geschafft, wenn nicht Er\u00e9se gewesen w\u00e4re, eine andere Sch\u00fclerin des Konzils. Mehr und immer mehr wurde seine Aufmerksamkeit von ihr gefesselt und er bekam Probleme im Studium. Doch das wollte ihn nicht k\u00fcmmern, zu gross war seine Leidenschaft. Er besch\u00e4ftigte sich oft mit ihr und half ihr beim lernen, wenn immer er konnte. Und auch sie f\u00fchlte sich zu ihm hingezogen und von seinem sanften Wesen beh\u00fctet. Doch es gab einen Unterschied zwischen ihnen, den sie bei aller Liebe nicht tilgen konnten: Sie war eine Iosa, die Familie mit der die Lydian von Alters her verfeindet waren. Sie wussten das es nur \u00c4rger und doch keinen Frieden geben w\u00fcrde. So versuchten sie voneinander los zukommen. Trotz all seiner Qualen schaffte Corwen die Adeptenpr\u00fcfung und bereitete sich darauf vor Magier zu werden, da musste er mitbekommen, das Er\u00e9se nicht geeignet war Magierin zu werden da ihr Talent zu klein war und deshalb nach Hause kommen sollte, weil die Iosas die Schmach hart ankam, das eine ihres Geschlechtes nicht geeignet sein sollte die Magie zu erlernen. In dieser Nacht weinte Corwen viele bittere Tr\u00e4nen und er konnte nicht schlafen, so weh war ihm sein Herz. Doch als die Sonne wieder stieg hatte er einen Entschluss gefasst: Er wollte sie ehelichen. Auch wenn er sein Studium gef\u00e4hrdete, konnte er das Licht seines Lebens doch nicht einfach ziehen lassen. So kam er zu ihr und hielt um ihre Hand an. Doch Er\u00e9se sagte den Tr\u00e4nen nahe das er sie doch nur verh\u00f6hnen wollte, weil sie der Magie nicht f\u00e4hig sei und es w\u00e4re doch allbekannt, das die Lydians keine Menschen schwachen Blutes freiten um die Macht ihrer Linie nicht zu gef\u00e4hrden. Als er diese Worte vernahm zuckte er vor ihr zur\u00fcck und der Schmerz der sein Herz umklammerte kannte keine Grenzen. Doch als sie in seine Augen sah musste sie seinen Schmerz und seine Liebe erkennen und ihr wurde klar das sein Schmerz nicht wie ihrer dem Stolz sondern dem Herzen entsprang. So fragte sie in ihrem Innern noch zweifelnd ob er sie denn wolle wo sie doch nichts wert w\u00e4re. Da sprach er das sie mehr wert w\u00e4re als alles was er kenne, ob Buch ,ob Zauberei oder seine Familie. So stellten sie sich zusammen um gemeinsam ihren Familien zu trotzen. Und zusammen schafften sie es auch. Valen Iosa der Vater Er\u00e9ses willigte schlie\u00dflich ein und der Vater Corwens hatte auch nichts dagegen, da so seiner Meinung nach der Sieg \u00fcber die Iosas erreicht sei. So gingen sie eines sonnigen Tages den Bund der Ehe ein. Sie studierten beide weiterhin. Corwen lernte schnell und eifrig die Pfade der Magie und Er\u00e9se k\u00fcmmerte sich um die Bibliothek und das anfallende Rechnungswesen. Im zweiten Jahr ihrer Ehe gebar Er\u00e9se einen Sohn, den sie Aytan tauften, und im darauffolgenden Jahr einen zweiten Sohn: Barcel. Kaum 10 Jahre im Amt eines Lehrmeisters wurde Corwen dann zum Vorsteher der Akademie und bis ins hohe Alter beh\u00e4lt Corwen noch immer sein sanftes Wesen. Es traf in sehr schmerzlich das Kelodean, der Sohn Barcels im Alter von 11 Jahren spurlos verschwand da der Knabe sein sanftes Wesen geerbt hatte und ein sehr guter Sch\u00fcler war. Auch beobachtet Corwen sehr misstrauisch den Kampf Barcels und Arkons, die beide einmal Vorsteher werden wollen. Er kann sich jedoch bisher nicht entscheiden meint er doch das er nicht parteiisch werden darf und den redegewandten Arkon eigentlich vom Wesen her lieber hat als seinen kalten herzlosen Sohn. Trotz allem sp\u00fcrt Corwen, das er langsam zu alt wird um die Akademie zu f\u00fchren. Doch seit Kelodean wieder aufgetaucht ist hat er neuen Willen zum Leben in sich gefunden und fragt sich wo Kelodean gewesen ist und wo er in so kurzer Zeit ein solch m\u00e4chtiger Magier hat werden k\u00f6nnen.<\/p>\n<h4><span id=\"Barcel_Lydian\" class=\"mw-headline\">Barcel Lydian<\/span><\/h4>\n<p>Wohl der meistgehasste Lehrmeister des Konzils ist Barcel Lydian, der sein Leben dem Studium der Magie gewidmet hat. Mit unerbittlicher H\u00e4rte und scheinbar derber Leidenschaftlosigkeit regiert er seine Sch\u00fcler hart. Er unterrichtet Mathe, Drow, Staatskunde und Alchemie. Au\u00dferdem ist er Dozent in der Beherrschungsmagie. Er ist der einzige Sohn von Corwen und Er\u00e9se Lydian. Scheint allerdings nicht viel von der Milde seines Vaters geerbt zu haben. Nach einer Musterschulzeit im Konzil wurde er Adept und fiel vom ersten Tag durch seine eiserne Willenskraft und sein \u00fcberragenes magisches Talent auf. Von den anderen Sch\u00fclern hatte er nur einen Rivalen der ihm in seiner Kunst gewachsen war: Arkon Ruhrac. Sein erkl\u00e4rter Feind. Denn Barcel nimmt anders als Corwen die Verpflichtung seiner Familie gegen\u00fcber sehr ernst und k\u00e4mpft unnachgiebig einen stillen aber harten und ausdauernden Kampf um die Vorherrschaft in der Akademie. Denn er weiss das Corwen nicht ewig leben kann. Und da er sich nicht sicher sein kann, das Corwen ihm zum Leiter des Konzils ernennt, versucht er alles in seiner Macht stehende in Bewegung zu setzen um sein Ziel zu erreichen. Auf der Akademie lernte er auch Marfa Answin kennen, die er zu lieben lernte. Er war ausser sich vor Freude als Marfa ihm mitteilte, dass sie mit seinem Kind schwanger ging. Und im Fr\u00fchling gebar sie einen Knaben, den sie Kelodean nannten. Er war der ganze Stolz seines Vaters und da er eines Tages seinen Platz in der Akademie einnehmen sollte lie\u00df er ihn schon im Alter von sechs Jahren im Konzil ausbilden. Er war zwar schw\u00e4chlich aber besass einen so hellen Geist, das er seine Lehrmeister mehr als einmal in Erstaunen versetzte. In dieser Zeit wurde auch Jana geboren, die einzige Tochter die er je haben sollte. Aber sie war ihm nicht ganz so wichtig und er interessierte sich kaum f\u00fcr ihren Lebensweg. Als der Knabe elf Jahre alt war wurde er zum Adepten gek\u00fcrt und des Vaters Stolz wollte keine Grenzen kennen. Da er \u00fcber ein ausserordentlich hohes magisches Potential verf\u00fcgte und seine sonstigen Mitsch\u00fcler ebenfalls in fast allem \u00fcberragte zumindestens geistig. Doch musste Barcel zu seiner Trauer feststellen, dass der Junge keinen Zauber schaffte, zu tief war das Talent in ihm verschlossen, das er es nicht schaffte es ans Tageslicht zu f\u00f6rden. Sodann nahm sich Barcel seiner an und in unmenschlichem Training schaffte er es, das Kelodean das Zaubern lernte. Doch der Knabe welkte mit jeder Wunde die ihm sein Vater im Geiste schlug und bald konnte er sich auf nichts mehr konzentrieren. Er entwickelte panische Angst vor seinem Vater denn der Kontakt mit den astralen Ebenen war immer aufs neue ein geradezu k\u00f6rperlicher Schock. Barcel merkte wie ihn das Herz seines Sohnes mehr und mehr verliess, doch er kannte keine Schonung. Kelodean hatte das Amt einzunehmen das er f\u00fcr ihn ebnen w\u00fcrde. Und daf\u00fcr musste er meisterlich zaubern k\u00f6nnen um es dieser Ruhrac Brut zu zeigen. Und eines Tages ward Kelodean aus seiner Kammer verschwunden. Barcel lie\u00df die ganze Burg nach ihm absuchen und auch mit seiner Zauberkunst sollte er ihn nicht aufsp\u00fcren k\u00f6nnen. Da wurde er sich seiner Schuld bewusst und Gram sollte ihn schier zerreissen, doch er war schon zu weit gegangen. So verbannte er Schuld und Schmerz tief in seinem Herzen\u2026 In der folgenden Zeit schaffte es Barcel durch geschickte politische Winkelz\u00fcge der Berater des K\u00f6nigs zu werden. So wuchs seine Macht mehr und mehr, doch er sollte seine Freude nicht mehr finden. Mehr und mehr verschloss er sich in sich selbst und wurde noch k\u00e4lter und unnahbarer als je zuvor. Auch die Hochzeit seiner Tochter Jana mit dem Spr\u00f6ssling von Arkon Ruhrac sollte ihn nicht mehr ersch\u00fcttern k\u00f6nnen. Und so geschah es eines Tages, das er von einem Knaben h\u00f6rte, wohl ein m\u00e4chtiger Zauberer, der seinem Sohn bis aufs Haar glich. Sofort reiste er zum K\u00f6nigshof und tats\u00e4chlich, dieses Gesicht h\u00e4tte er \u00fcberall wiedererkannt. Aus dem \u00e4ngstlichen Knaben, war ein stattlicher Mann geworden, der in kostbare Kleidung geh\u00fcllt und mit kostbarsten Gemmen beh\u00e4ngt dem K\u00f6nig seine Aufwartung machte. Nichts mehr war von dem sch\u00fcchternen Knaben geblieben. Mit k\u00fchler Selbstbeherrschung trat der J\u00fcngling auf ihn zu und begr\u00fcsste seinen Vater sehr f\u00f6rmlich. Auch musste Barcel feststellen das der Knabe ihn und alle die er kannte in Engonien in der Zauberkunst bei weitem \u00fcbertraf. Er wirkte zwar eine andere Magie als er, doch den m\u00e4chtigen Spr\u00fcchen seines Sohnes musste er Respekt zollen. Auf seine Anfragen sagte Kelodean ihm, dass er nicht beabsichtige aufs Konzil zur\u00fcckzukehren und verschiedene L\u00e4nder der Welt bereisen m\u00fcsse. Doch hat sich seit der Begegnung ein Plan in Barcels Kopf verfestigt. Er will Kelodean als Lehrmeister auf dem Konzil, damit er dem Rat beitritt und falls Corwen stirbt, die Mehrheit im Rat zu haben, um sich zum Gildensmeister aufzuschwingen.<\/p>\n<h4><span id=\"Aytan_Lydian\" class=\"mw-headline\">Aytan Lydian<\/span><\/h4>\n<p>In den Gew\u00f6lben der Burg lebt Aytan der Seher. Er hat sich fast v\u00f6llig von der Welt abgewandt und verweigert manchmal wochenlang die Nahrungsaufnahme. Er unterrichtet die Adepten in Meditation und ist Dozent auf dem Gebiet der Ritualkunde. Durch den massiven Gebrauch von Rauschkr\u00e4utern und einem giftigen Sud den er selber kocht und in seinen Ritualen trinkt, stimmt er sich schon jetzt auf die n\u00e4chste Welt ein. Denn der K\u00f6rper ist nur ein Gef\u00e4\u00df der Wandlungen, wie er selbst sagt. Der Seher wirkt wie ein Wahnsinniger und er soll noch keine Prophezeiung ohne schweren Verlust kundgetan haben.<\/p>\n<h4><span id=\"Marfa_Lydian_geb._Answin\" class=\"mw-headline\">Marfa Lydian geb. Answin<\/span><\/h4>\n<p>Die Frau von Barcel und Mutter von Kelodean und Jana. Sie weiss sehr viel \u00fcber Gifte, Kr\u00e4uter und Heilkunst. Und nur selten sieht man sie nicht im riesigen Garten des Konzils. Sie ist bei den Sch\u00fclern sehr beliebt, weil sie f\u00fcr ihre Sorgen Verst\u00e4ndniss aufbringt und schon so manchen vorm Verweis von der Schule bewahrt hat. Au\u00dferdem ist sie Dozent in der Heilmagie und die sanfte aber strenge Stimme des Rates wenn die Konfrontationen mal wieder kein Ende nehmen wollen. Sie liebt ihren Mann sehr und war sehr betr\u00fcbt als Kelodean verschwand. Doch richtet sie ihre kraftvollen H\u00e4nde lieber in Richtung Zukunft als in die Vergangenheit zu weilen. Sie war sehr gl\u00fccklich das Kelodean wieder aufgetaucht ist, den sie verloren glaubte. Doch ist sie sehr betr\u00fcbt, dass es Barcel nicht gelungen ist ihn mit nach Hause zu nehmen. Auch hat sie die Ver\u00e4nderung in Kelodeans Herz gesp\u00fcrt und fragt sich was den einst stillen und sch\u00fcchternen Jungen so gewandelt hat. Doch Kelodean schien sich ihrem scharfen Blick zu entziehen und schien ein pers\u00f6nliches Gespr\u00e4ch zu meiden. Der unerbittliche Ernst in seinen Augen der nicht zum einem jungen Mann passen will bereitet ihr Sorgen. Doch sie wird schon noch herausfinden was das Herz ihres Jungen bewegt.<\/p>\n<h4><span id=\"Arkon_Ruhrac\" class=\"mw-headline\">Arkon Ruhrac<\/span><\/h4>\n<p>Der wohl h\u00e4rteste Rivale von Barcel Lydian ist Arkon Ruhrac. Sie sind von alters her Rivalen und k\u00e4mpfen beide um die Vorherrschaft in der Akademie. Er hat nach seiner Ausbildung zum Adepten im Konzil viele L\u00e4nder besucht und wei\u00df noch heute so manche nervenzerreissende Geschichte zu erz\u00e4hlen. Auch hat er eine Zeitlang als Kampfmagier im Heer Engoniens gearbeitet. Er heirate nach seiner R\u00fcckkehr Viora Answin, die \u00e4ltere Schwester Marfas und bekam ein Kind mit ihr, der auf den Namen Thom h\u00f6rt. Er unterrichtet Elfisch, Zwergisch und Orkisch. Die harten Selbstverteidigungskurse die er gibt sind ber\u00fcchtigt und so manchem unkonzentrierten Sch\u00fcler musste auffallen, dass der etwas in die Jahre gekommene Arkon seinen Stab meisterlich zu f\u00fchren versteht. Nebenbei weist er die Adepten in die Kampfmagie ein. Es wurmt Arkon, dass die Lydians die Vorherrschaft im Konzil haben und hat beschlossen das demn\u00e4chst zu \u00e4ndern\u2026<\/p>\n<h4><span id=\"Viora_Ruhrac_geb._Answin\" class=\"mw-headline\">Viora Ruhrac geb. Answin<\/span><\/h4>\n<p>Die Gemahlin Arkons besch\u00e4ftigt sich mit der Schutzzauberei. Sie ist etwas verschlossen, doch ihre Kurse in Lesen&amp;Schreiben, Geometrie und Ettikette sind beliebt. Sie ist Mitglied des Rates und manchesmal verb\u00fcndet sie sich mit ihrer Schwester wenn es ihr mal wieder zu bunt l\u00e4uft. Sie unterst\u00fctzt nat\u00fcrlich eher die Seite ihres Gemahls und so manche Intrige haben sie zusammen erdacht. Sie ist ihrer Schwester herzlich zugetan, mag aber Barcel nicht. Sie konnte nie verstehen warum ihre Schwester ihn geheiratet hat. Viel Einfluss im Rat hat Viora aber nicht.<\/p>\n<h4><span id=\"Jana_und_Thom_Ruhrac\" class=\"mw-headline\">Jana und Thom Ruhrac<\/span><\/h4>\n<p>Seit kurzem verheiratet sind Jana Lydian und Thom Ruhrac. Sie ist noch in der Ausbildung zur Adeptin wobei er sie schon abgeschlossen hat. Sie sind einander innig zugetan und seltsamerweise stellte sich keine der Familien gegen die Verbindung. Was die beiden aber nicht sonderlich gest\u00f6rt h\u00e4tte.<\/p>\n","protected":false},"excerpt":{"rendered":"<p>Das riesige Geb\u00e4ude aus ehernem Granit ist wohl eines der bekanntesten Geb\u00e4ude des Landes, zum einen die gr\u00f6sste Magierakademie des Landes, zum anderen Hauptsitz der Magiergilde mit den bestem Ruf. Fr\u00fcher war die Akademie allein den Magiebegabten vorbehalten. Doch durch den Ersuch Corwen Lydians des Leiters der Akademie, wurden die Hallen unl\u00e4ngst allen Wissbegierigen ge\u00f6ffnet. &hellip;<\/p>\n<p class=\"read-more\"> <a class=\"\" href=\"https:\/\/engonien.net\/engonienwiki\/?page_id=141\"> <span class=\"screen-reader-text\">Konzil der geistigen Kraft<\/span> Weiterlesen &raquo;<\/a><\/p>\n","protected":false},"author":1,"featured_media":0,"parent":139,"menu_order":0,"comment_status":"closed","ping_status":"closed","template":"","meta":[],"_links":{"self":[{"href":"https:\/\/engonien.net\/engonienwiki\/index.php?rest_route=\/wp\/v2\/pages\/141"}],"collection":[{"href":"https:\/\/engonien.net\/engonienwiki\/index.php?rest_route=\/wp\/v2\/pages"}],"about":[{"href":"https:\/\/engonien.net\/engonienwiki\/index.php?rest_route=\/wp\/v2\/types\/page"}],"author":[{"embeddable":true,"href":"https:\/\/engonien.net\/engonienwiki\/index.php?rest_route=\/wp\/v2\/users\/1"}],"replies":[{"embeddable":true,"href":"https:\/\/engonien.net\/engonienwiki\/index.php?rest_route=%2Fwp%2Fv2%2Fcomments&post=141"}],"version-history":[{"count":1,"href":"https:\/\/engonien.net\/engonienwiki\/index.php?rest_route=\/wp\/v2\/pages\/141\/revisions"}],"predecessor-version":[{"id":142,"href":"https:\/\/engonien.net\/engonienwiki\/index.php?rest_route=\/wp\/v2\/pages\/141\/revisions\/142"}],"up":[{"embeddable":true,"href":"https:\/\/engonien.net\/engonienwiki\/index.php?rest_route=\/wp\/v2\/pages\/139"}],"wp:attachment":[{"href":"https:\/\/engonien.net\/engonienwiki\/index.php?rest_route=%2Fwp%2Fv2%2Fmedia&parent=141"}],"curies":[{"name":"wp","href":"https:\/\/api.w.org\/{rel}","templated":true}]}}