{"id":143,"date":"2018-03-05T14:34:11","date_gmt":"2018-03-05T14:34:11","guid":{"rendered":"https:\/\/engonien.net\/engonienwiki\/?page_id=143"},"modified":"2018-06-07T18:01:06","modified_gmt":"2018-06-07T18:01:06","slug":"donnerheim","status":"publish","type":"page","link":"https:\/\/engonien.net\/engonienwiki\/?page_id=143","title":{"rendered":"Donnerheim"},"content":{"rendered":"<p>Prinzessin Illea von Caldros und ihr Gemahl Adran Himmelsturm gr\u00fcndeten das Adelsgeschlecht der caldrischen Imperatoren. W\u00e4hrend manche Nebenlinien weiter den Namen Himmelsturm benutzen, f\u00fchrten die Imperatoren und die Hauptlinie keine Nachnamen. Sie sahen und beriefen sich mehr auf die Abstammung von Prinzessin Illea, als auf die Himmelst\u00fcrmer, die ja streng genommen keine Caldrier sind. Im ersten Br\u00fcderkrieg wurden die Hauptlinie und die wichtigsten Nebenlinien allesamt ausgel\u00f6scht. Dennoch besa\u00dfen mehrere andere gro\u00dfe Adelsh\u00e4user Caldriens zumindest ein wenig Blut der urspr\u00fcnglichen Erblinien, wie z.B. das Haus Donnerheim.<\/p>\n<p>Das Haus Donnerheim wurde recht zeitnah, nach der Entdeckung und Besiedlung Caldriens von Fredrik Donner einem Baumeister gegr\u00fcndet. Dieser war Sohn eines Gefolgsmanns von Adran Himmelsturm und der F\u00fchrerin des wichtigsten Handelshauses aus Caldros. Er baute aus eigenem Antrieb eine gro\u00dfartige Stadt, die er Donnerheim nannte und den Imperatoren zum Geschenk machte. Diese belohnten ihn f\u00fcr seine treuen Dienste, in dem sie ihn und seine Familie zu Stadthalter und Castellan von Donnerheim machten. Ein Erbtitel, der dem Haus von Donnerheim auf alle Zeiten geh\u00f6ren sollte.<\/p>\n<p>Nach dem Br\u00fcderkrieg war das Imperatorengeschlecht ausgestorben und viele H\u00e4user und Familien hatten laut Blutrecht gleich viel Anspruch auf das Erbe, wie z.B. auch das Haus Donnerheim, deren Gro\u00dfmutter aus der Imperatorenlinien stammte. Es gibt lange nach dem Br\u00fcderkrieg keine klare Struktur in Caldrien, bis Jeldrik wieder Frieden bringt. Weil Donnerheim den Br\u00fcderkrieg am besten \u00fcberstanden hat ernennt 47n.J. Kaiser Jeldrik Heinrich den I. von Donnerheim zum offiziellen Nachfolger des Imperators und somit zum K\u00f6nig von Caldrien. Gleichzeitig ernennt er auch den F\u00fcrsten und Herzog, die beide aber nur Jeldrik und nicht dem K\u00f6nig zu Lehnstreue verpflichtet sind. Nach Jeldriks Verschwinden 123 n.J. gibt es Unruhen in Caldrien und sie wollen aus Engonien austreten und das Imperium wieder einsetzen. Nach mehreren Aufst\u00e4nden unterwirft sich der caldrische K\u00f6nig Georn I. von Donnerheim dem Senat und bekennt sich zu Jeldrik. Der F\u00fcrst und der Herzog geloben Georn I. die Lehnstreue und umgehen so freiwillig ihre Unabh\u00e4ngigkeit. Dieser Zustand herrschte bis 256 im Senat der Herzog von Hanekamp und der F\u00fcrst von Middenfelz und sp\u00e4tere Kaiser Barad Konar der K\u00f6nigin Loenna von Donnerheim die Lehnstreue versagten.<\/p>\n","protected":false},"excerpt":{"rendered":"<p>Prinzessin Illea von Caldros und ihr Gemahl Adran Himmelsturm gr\u00fcndeten das Adelsgeschlecht der caldrischen Imperatoren. W\u00e4hrend manche Nebenlinien weiter den Namen Himmelsturm benutzen, f\u00fchrten die Imperatoren und die Hauptlinie keine Nachnamen. Sie sahen und beriefen sich mehr auf die Abstammung von Prinzessin Illea, als auf die Himmelst\u00fcrmer, die ja streng genommen keine Caldrier sind. Im &hellip;<\/p>\n<p class=\"read-more\"> <a class=\"\" href=\"https:\/\/engonien.net\/engonienwiki\/?page_id=143\"> <span class=\"screen-reader-text\">Donnerheim<\/span> Weiterlesen &raquo;<\/a><\/p>\n","protected":false},"author":1,"featured_media":108,"parent":139,"menu_order":0,"comment_status":"closed","ping_status":"closed","template":"","meta":[],"_links":{"self":[{"href":"https:\/\/engonien.net\/engonienwiki\/index.php?rest_route=\/wp\/v2\/pages\/143"}],"collection":[{"href":"https:\/\/engonien.net\/engonienwiki\/index.php?rest_route=\/wp\/v2\/pages"}],"about":[{"href":"https:\/\/engonien.net\/engonienwiki\/index.php?rest_route=\/wp\/v2\/types\/page"}],"author":[{"embeddable":true,"href":"https:\/\/engonien.net\/engonienwiki\/index.php?rest_route=\/wp\/v2\/users\/1"}],"replies":[{"embeddable":true,"href":"https:\/\/engonien.net\/engonienwiki\/index.php?rest_route=%2Fwp%2Fv2%2Fcomments&post=143"}],"version-history":[{"count":1,"href":"https:\/\/engonien.net\/engonienwiki\/index.php?rest_route=\/wp\/v2\/pages\/143\/revisions"}],"predecessor-version":[{"id":144,"href":"https:\/\/engonien.net\/engonienwiki\/index.php?rest_route=\/wp\/v2\/pages\/143\/revisions\/144"}],"up":[{"embeddable":true,"href":"https:\/\/engonien.net\/engonienwiki\/index.php?rest_route=\/wp\/v2\/pages\/139"}],"wp:featuredmedia":[{"embeddable":true,"href":"https:\/\/engonien.net\/engonienwiki\/index.php?rest_route=\/wp\/v2\/media\/108"}],"wp:attachment":[{"href":"https:\/\/engonien.net\/engonienwiki\/index.php?rest_route=%2Fwp%2Fv2%2Fmedia&parent=143"}],"curies":[{"name":"wp","href":"https:\/\/api.w.org\/{rel}","templated":true}]}}