{"id":1450,"date":"2019-04-17T17:44:35","date_gmt":"2019-04-17T17:44:35","guid":{"rendered":"https:\/\/engonien.net\/engonienwiki\/?page_id=1450"},"modified":"2019-04-17T17:56:35","modified_gmt":"2019-04-17T17:56:35","slug":"das-recht-in-teilen-engoniens","status":"publish","type":"page","link":"https:\/\/engonien.net\/engonienwiki\/?page_id=1450","title":{"rendered":"Das Recht in Teilen Engoniens"},"content":{"rendered":"<div class=\"messageCozy-2JPAPA message-1PNnaP\" aria-disabled=\"false\">\n<div class=\"contentCozy-3XX413 content-3dzVd8\">\n<div class=\"containerCozy-336-Cz container-206Blv\">\n<div>Die Lex Caldria ist eine alte Sammlung von Gesetzen aus dem Straf- und Zivilrecht. Sie soll den vom Landesherren mit der Rechtsprechung beauftragten Personen (Lehnsleuten) als Richtlinie dienen.<\/div>\n<\/div>\n<div>Jeder freie Untertan und jeder freie Engonier hat stets das Recht, seinen Fall vor die lokale Gerichtsbarkeit zu bringen oder sich im Fall, dass er diesem Gericht aus welchen Gr\u00fcnden auch immer nicht vertraut, direkt an die richterliche Oberhoheit zu wenden.<\/div>\n<div>Gem\u00e4\u00df der Lex Caldria sind alle freigeborenen Einwohner Engoniens beiderlei Geschlechts voll gerichtsf\u00e4hig und k\u00f6nnen sowohl als Ankl\u00e4ger auftreten, als Schwur- und Leumundzeugen geladen werden oder sich selbst vor Gericht vertreten, sofern sie diese Aufgabe nicht einem rechtsgelehrten Beistand zu \u00fcbertragen w\u00fcnschen.<\/div>\n<\/div>\n<div>\n<div class=\"messageCozy-2JPAPA message-1PNnaP\" aria-disabled=\"false\">\n<div class=\"contentCozy-3XX413 content-3dzVd8\">\n<div class=\"containerCozy-336-Cz container-206Blv\">\n<div class=\"markup-2BOw-j\">Die Lex Caldria diente zum Zeitpunkt ihrer Entstehung vor allem dem Zweck, das ausufernde Fehdewesen zu regulieren, indem die Blutfehde innerhalb des caldrischen Adels verboten und das Recht auf K\u00f6rperstrafen einzig dem K\u00f6nig oder Kaiser zugesprochen wurde. Die neuerlassenen Gesetzte unterst\u00fctzen so das von der K\u00f6nigin von Firngard erlassene Fehdeverbot. Anstelle der alten Blutfehden trat ein detaillierter Katalog von Geldstrafen, das sogenannte Wehrgeld.<\/div>\n<\/div>\n<div class=\"containerCozy-B4noqO container-1e22Ot\"><\/div>\n<\/div>\n<\/div>\n<div class=\"messageCozy-2JPAPA message-1PNnaP\" aria-disabled=\"false\">\n<div class=\"contentCozy-3XX413 content-3dzVd8\">\n<div class=\"containerCozy-336-Cz container-206Blv\">\n<div class=\"buttonContainer-KtQ8wc\">\n<div class=\"buttonContainer-37UsAw\"><\/div>\n<\/div>\n<div class=\"markup-2BOw-j\">Die H\u00f6he des Wehrgeldes staffelt sich nach dem Stand einer Person, die Lex Caldria unterscheidet zwischen den folgenden drei Personengruppen: 1. Adel, 2. freigeborene Caldrier und Bewohner des \u00fcbrigen Engonies, und 3. nichtfreie Personen. Das Wehrgeld erh\u00f6ht sich um bestimmte Faktoren im Fall, dass die betreffende Person eine traditionell wichtige Rolle f\u00fcr den Erhalt der Nation spielt oder unter dem besonderen Schutz des Landesherren steht (das gilt etwa f\u00fcr im Auftrage des K\u00f6nigs reisende Beamte, Priester, ausl\u00e4ndische Reisende etc.).<\/div>\n<\/div>\n<\/div>\n<\/div>\n<\/div>\n<\/div>\n<div><\/div>\n<div>Durch die lange Nutzungsdauer der Lex Caldria sind im Laufe der Zeit zahlreiche Erg\u00e4nzungen und Novellen zu den urspr\u00fcnglichen Gesetzestexten hinzugekommen, zudem hat die unterschiedliche Gerichtspraxis in den Teilen des caldrischen Imperiums f\u00fcr lokale Auspr\u00e4gungen und Auslegungen des Gesetzestextes gesorgt. In ihrem Kern lassen sich aber stets die wesentlichen Grunds\u00e4tze der urspr\u00fcnglichen Gesetzessammlung erkennen.<\/div>\n<div><\/div>\n<h2><a href=\"https:\/\/engonien.net\/engonienwiki\/?page_id=1448\">-Lexcaldria-<\/a><\/h2>\n","protected":false},"excerpt":{"rendered":"<p>Die Lex Caldria ist eine alte Sammlung von Gesetzen aus dem Straf- und Zivilrecht. Sie soll den vom Landesherren mit der Rechtsprechung beauftragten Personen (Lehnsleuten) als Richtlinie dienen. Jeder freie Untertan und jeder freie Engonier hat stets das Recht, seinen Fall vor die lokale Gerichtsbarkeit zu bringen oder sich im Fall, dass er diesem Gericht &hellip;<\/p>\n<p class=\"read-more\"> <a class=\"\" href=\"https:\/\/engonien.net\/engonienwiki\/?page_id=1450\"> <span class=\"screen-reader-text\">Das Recht in Teilen Engoniens<\/span> Weiterlesen &raquo;<\/a><\/p>\n","protected":false},"author":1,"featured_media":0,"parent":0,"menu_order":0,"comment_status":"closed","ping_status":"closed","template":"","meta":[],"_links":{"self":[{"href":"https:\/\/engonien.net\/engonienwiki\/index.php?rest_route=\/wp\/v2\/pages\/1450"}],"collection":[{"href":"https:\/\/engonien.net\/engonienwiki\/index.php?rest_route=\/wp\/v2\/pages"}],"about":[{"href":"https:\/\/engonien.net\/engonienwiki\/index.php?rest_route=\/wp\/v2\/types\/page"}],"author":[{"embeddable":true,"href":"https:\/\/engonien.net\/engonienwiki\/index.php?rest_route=\/wp\/v2\/users\/1"}],"replies":[{"embeddable":true,"href":"https:\/\/engonien.net\/engonienwiki\/index.php?rest_route=%2Fwp%2Fv2%2Fcomments&post=1450"}],"version-history":[{"count":14,"href":"https:\/\/engonien.net\/engonienwiki\/index.php?rest_route=\/wp\/v2\/pages\/1450\/revisions"}],"predecessor-version":[{"id":1467,"href":"https:\/\/engonien.net\/engonienwiki\/index.php?rest_route=\/wp\/v2\/pages\/1450\/revisions\/1467"}],"wp:attachment":[{"href":"https:\/\/engonien.net\/engonienwiki\/index.php?rest_route=%2Fwp%2Fv2%2Fmedia&parent=1450"}],"curies":[{"name":"wp","href":"https:\/\/api.w.org\/{rel}","templated":true}]}}