{"id":147,"date":"2018-03-05T14:45:52","date_gmt":"2018-03-05T14:45:52","guid":{"rendered":"https:\/\/engonien.net\/engonienwiki\/?page_id=147"},"modified":"2018-06-07T18:01:07","modified_gmt":"2018-06-07T18:01:07","slug":"gastrecht-und-waffen-in-engonien","status":"publish","type":"page","link":"https:\/\/engonien.net\/engonienwiki\/?page_id=147","title":{"rendered":"Gastrecht und Waffen in Engonien"},"content":{"rendered":"<h2 id=\"ueber_das_gastrecht\" class=\"sectionedit2\">\u00dcber das Gastrecht<\/h2>\n<div class=\"level2\">\n<p>Auch wenn Engonien aus mehreren grundverschiedenen Kulturen besteht, so halten sie doch alle das Gastrecht in Ehren. Das hei\u00dft, dass einem Fremden so kein Triftiger Grund dagegenspricht (wie z.B. pers\u00f6nliche Feindschaften o.\u00e4.) Gastrecht gew\u00e4hrt werden muss. Wie das Gastrecht im einzelnen aussieht ist allerdings extrem unterschiedlich. Auf dem weiten Land versteht man darunter in der Regel zumindest Obdach und etwas zu Essen, soweit der Gastgeber etwas entbehren kann. In St\u00e4dten hei\u00dft es simpel nur Schutz hinter den Stadtmauern und sonst nichts mehr. Ein Gastgeber, der das Gastrecht gew\u00e4hrt hat darf sich nicht gegen seinen Gast wenden, sondern muss erst begr\u00fcndet das Gastrecht aufheben, bevor er einen Gast gefangensetzt, o.\u00e4.<\/p>\n<p>Ein Gast muss sich ebenfalls entsprechend seines Gaststatusses verhalten, da er sonst diesen verliert und in den Augen von Menschen und G\u00f6ttern verdammt ist. Er darf seinen Gastgeben nicht bestehlen oder ihm sonstwie Schaden zuf\u00fcgen, denn sonst ereilt ihn n\u00edcht nur die Strafe des Gesetzes, dass er gebrochen hat, sondern auch die Strafe der G\u00f6tter. Wo ein Dieb sich meist nicht im Geringsten darum schert, ob er ein Gesetz bricht, werden doch alle davor zur\u00fcckschrecken das heilige Gastrecht zu sch\u00e4nden und stehts nur Leute bestehlen deren Gastrecht sie nicht genie\u00dfen.<\/p>\n<p>Ein Gast hat ebenfalls die Pflicht, dem Gastgeber bei Schwierigkeiten zur Seite zu stehen. Sein Haus zu verteidigen, falls es angegriffen wird, Feuer zu l\u00f6schen und dergleichen. Er darf nicht abreisen und sich dieser Verantwortung entziehen, solange, bis die direkte Gefahr f\u00fcr seinen Gastgeber abgewendet ist.<\/p>\n<\/div>\n<h2 id=\"ueber_das_tragen_von_waffen\" class=\"sectionedit3\">\u00dcber das Tragen von Waffen<\/h2>\n<div class=\"level2\">\n<p>In Caldrien ist das Tragen von Schwertern dem Adel und deren Knechten vorbehalten. Knappen sind darin nicht eingeschlossen, die d\u00fcrfen traditionell erst nach ihrem Ritterschlag das Schwert tragen &#8211; das somit ein Zeichen des Adels ist. Eingeschlossen sind fremdl\u00e4ndische Adlige und W\u00fcrdentr\u00e4ger. B\u00fcrgern und Reisenden ist das Tragen von Waffen in der \u00d6ffentlichkeit und in \u00f6ffentlichen R\u00e4umen nicht gestattet. Der Besitz von Waffen ist diesen Gruppen allerdings nicht verboten. Messer und Werkzeuge z\u00e4hlen nicht als Waffen. Unfreien ist sowohl das Tragen als auch der Besitz von Waffen verboten. Messer und Werkzeuge z\u00e4hlen nicht als Waffen.<\/p>\n<p>In Tangara ist das Tragen von Waffen ab dem b\u00fcrgerlichen Stand grunds\u00e4tzlich erlaubt. Unfreien ist sowohl das Tragen als auch der Besitz von Waffen verboten. Messer und Werkzeuge z\u00e4hlen nicht als Waffen.<\/p>\n<p>In Andarra und Silvanaja gibt es keine Regelungen zum Besitz und Tragen von Waffen.<\/p>\n<\/div>\n","protected":false},"excerpt":{"rendered":"<p>\u00dcber das Gastrecht Auch wenn Engonien aus mehreren grundverschiedenen Kulturen besteht, so halten sie doch alle das Gastrecht in Ehren. Das hei\u00dft, dass einem Fremden so kein Triftiger Grund dagegenspricht (wie z.B. pers\u00f6nliche Feindschaften o.\u00e4.) Gastrecht gew\u00e4hrt werden muss. Wie das Gastrecht im einzelnen aussieht ist allerdings extrem unterschiedlich. Auf dem weiten Land versteht man &hellip;<\/p>\n<p class=\"read-more\"> <a class=\"\" href=\"https:\/\/engonien.net\/engonienwiki\/?page_id=147\"> <span class=\"screen-reader-text\">Gastrecht und Waffen in Engonien<\/span> Weiterlesen &raquo;<\/a><\/p>\n","protected":false},"author":1,"featured_media":0,"parent":0,"menu_order":0,"comment_status":"closed","ping_status":"closed","template":"","meta":[],"_links":{"self":[{"href":"https:\/\/engonien.net\/engonienwiki\/index.php?rest_route=\/wp\/v2\/pages\/147"}],"collection":[{"href":"https:\/\/engonien.net\/engonienwiki\/index.php?rest_route=\/wp\/v2\/pages"}],"about":[{"href":"https:\/\/engonien.net\/engonienwiki\/index.php?rest_route=\/wp\/v2\/types\/page"}],"author":[{"embeddable":true,"href":"https:\/\/engonien.net\/engonienwiki\/index.php?rest_route=\/wp\/v2\/users\/1"}],"replies":[{"embeddable":true,"href":"https:\/\/engonien.net\/engonienwiki\/index.php?rest_route=%2Fwp%2Fv2%2Fcomments&post=147"}],"version-history":[{"count":1,"href":"https:\/\/engonien.net\/engonienwiki\/index.php?rest_route=\/wp\/v2\/pages\/147\/revisions"}],"predecessor-version":[{"id":149,"href":"https:\/\/engonien.net\/engonienwiki\/index.php?rest_route=\/wp\/v2\/pages\/147\/revisions\/149"}],"wp:attachment":[{"href":"https:\/\/engonien.net\/engonienwiki\/index.php?rest_route=%2Fwp%2Fv2%2Fmedia&parent=147"}],"curies":[{"name":"wp","href":"https:\/\/api.w.org\/{rel}","templated":true}]}}