{"id":150,"date":"2018-03-05T14:47:12","date_gmt":"2018-03-05T14:47:12","guid":{"rendered":"https:\/\/engonien.net\/engonienwiki\/?page_id=150"},"modified":"2018-06-07T18:01:08","modified_gmt":"2018-06-07T18:01:08","slug":"schifffahrt-in-engonien","status":"publish","type":"page","link":"https:\/\/engonien.net\/engonienwiki\/?page_id=150","title":{"rendered":"Schiffahrt in Engonien"},"content":{"rendered":"<h1 id=\"schifffahrt_in_engonien\" class=\"sectionedit1\"><\/h1>\n<div class=\"level1\">\n<p>Die Engonier sind ein Volk von Landratten. Einzig zwei St\u00e4dte verf\u00fcgen \u00fcber hochseetaugliche H\u00e4fen: Donnerheim und Dunkelfeld in Stejark und in Donnerheim wird die Seefahrt ausschlie\u00dflich von ausl\u00e4ndischen Seefahrern betrieben, die teuer unter Vertrag genommen werden. Das mag manchen Historiker verwundern, schlie\u00dflich kamen neben den Ur-Caldriern auch die Skaldir und die Firngarder \u00fcber das Meer, doch offensichtlich haben sich auch diese beiden V\u00f6lker dem vorherrschenden Volksglauben angepasst. Die Firngarder gehen an den K\u00fcsten zwar noch ein wenig der Fischerei nach, doch mit einem Schiff die hohe See zu befahren hat seit ihren Gr\u00fcndertagen nie jemand mehr gewagt.<\/p>\n<p>Die Abneigung gegen das weite Meer ist in Engonien so tief verwurzelt, dass das Meer Einzug in den (Volks)Glauben gefunden hat. So stellt angeblich nach dem Tod ein unendliches schwarzes Meer das Hindernis der Seele zum Totenreich dar.<\/p>\n<\/div>\n","protected":false},"excerpt":{"rendered":"<p>Die Engonier sind ein Volk von Landratten. Einzig zwei St\u00e4dte verf\u00fcgen \u00fcber hochseetaugliche H\u00e4fen: Donnerheim und Dunkelfeld in Stejark und in Donnerheim wird die Seefahrt ausschlie\u00dflich von ausl\u00e4ndischen Seefahrern betrieben, die teuer unter Vertrag genommen werden. Das mag manchen Historiker verwundern, schlie\u00dflich kamen neben den Ur-Caldriern auch die Skaldir und die Firngarder \u00fcber das Meer, &hellip;<\/p>\n<p class=\"read-more\"> <a class=\"\" href=\"https:\/\/engonien.net\/engonienwiki\/?page_id=150\"> <span class=\"screen-reader-text\">Schiffahrt in Engonien<\/span> Weiterlesen &raquo;<\/a><\/p>\n","protected":false},"author":1,"featured_media":0,"parent":0,"menu_order":0,"comment_status":"closed","ping_status":"closed","template":"","meta":[],"_links":{"self":[{"href":"https:\/\/engonien.net\/engonienwiki\/index.php?rest_route=\/wp\/v2\/pages\/150"}],"collection":[{"href":"https:\/\/engonien.net\/engonienwiki\/index.php?rest_route=\/wp\/v2\/pages"}],"about":[{"href":"https:\/\/engonien.net\/engonienwiki\/index.php?rest_route=\/wp\/v2\/types\/page"}],"author":[{"embeddable":true,"href":"https:\/\/engonien.net\/engonienwiki\/index.php?rest_route=\/wp\/v2\/users\/1"}],"replies":[{"embeddable":true,"href":"https:\/\/engonien.net\/engonienwiki\/index.php?rest_route=%2Fwp%2Fv2%2Fcomments&post=150"}],"version-history":[{"count":2,"href":"https:\/\/engonien.net\/engonienwiki\/index.php?rest_route=\/wp\/v2\/pages\/150\/revisions"}],"predecessor-version":[{"id":353,"href":"https:\/\/engonien.net\/engonienwiki\/index.php?rest_route=\/wp\/v2\/pages\/150\/revisions\/353"}],"wp:attachment":[{"href":"https:\/\/engonien.net\/engonienwiki\/index.php?rest_route=%2Fwp%2Fv2%2Fmedia&parent=150"}],"curies":[{"name":"wp","href":"https:\/\/api.w.org\/{rel}","templated":true}]}}