{"id":216,"date":"2018-03-05T19:45:36","date_gmt":"2018-03-05T19:45:36","guid":{"rendered":"https:\/\/engonien.net\/engonienwiki\/?page_id=216"},"modified":"2018-06-07T18:01:08","modified_gmt":"2018-06-07T18:01:08","slug":"baronie-salmar","status":"publish","type":"page","link":"https:\/\/engonien.net\/engonienwiki\/?page_id=216","title":{"rendered":"Baronie Salmar"},"content":{"rendered":"<h4 id=\"das_haus_salmar\">Das Haus Salmar<\/h4>\n<div class=\"level4\">\n<p>Das Haus Salmar geht auf mehrere \u00e4ltere Herrschergeschlechter zur\u00fcck und auch mehrere Tropfen Andarrianischen Blutes sollen sich in ihrem Stammbaum finden. Seit den Zeiten Jeldriks existiert es mehr oder weniger in der heutigen Form, die mit Barad Konar ein Ende gefunden hat.<\/p>\n<p>Leomar von Salmar, der Vater Barad Konars, war ein legend\u00e4rer Ehrenmann, hochdekorierter Anf\u00fchrer der Engonischen Reichsgarde und ihr zentraler Kommandant. Als er den Posten \u00fcbernahm legte er die Regierungsgesch\u00e4fte in die H\u00e4nde seines f\u00e4higen Verwalters Savart Wolfsheim, die dieser bis zur \u00dcbernahme durch Barad Konars als neuer Baron, inne hatte.<\/p>\n<p>Barad Konar verlor seine Mutter in jungen Jahren und durch die Abwesenheit seines Vaters wurde er ma\u00dfgeblich vom Tiorspriester Erion Barkwin und Savart Wolfsheim gro\u00dfgezogen. Sein Ritterschlag fand daher auch nicht in einer gro\u00dfen offiziellen Zeremonie am Hofe in Middefelz stadt, sondern durch Tiorspriester in einer geheimen Zeremonie in den W\u00e4ldern von Norngard.<\/p>\n<p><a href=\"https:\/\/engonien.net\/engonienwiki\/?page_id=218\">Barad Konar<\/a><\/p>\n<\/div>\n","protected":false},"excerpt":{"rendered":"<p>Das Haus Salmar Das Haus Salmar geht auf mehrere \u00e4ltere Herrschergeschlechter zur\u00fcck und auch mehrere Tropfen Andarrianischen Blutes sollen sich in ihrem Stammbaum finden. Seit den Zeiten Jeldriks existiert es mehr oder weniger in der heutigen Form, die mit Barad Konar ein Ende gefunden hat. Leomar von Salmar, der Vater Barad Konars, war ein legend\u00e4rer &hellip;<\/p>\n<p class=\"read-more\"> <a class=\"\" href=\"https:\/\/engonien.net\/engonienwiki\/?page_id=216\"> <span class=\"screen-reader-text\">Baronie Salmar<\/span> Weiterlesen &raquo;<\/a><\/p>\n","protected":false},"author":1,"featured_media":0,"parent":126,"menu_order":0,"comment_status":"closed","ping_status":"closed","template":"","meta":[],"_links":{"self":[{"href":"https:\/\/engonien.net\/engonienwiki\/index.php?rest_route=\/wp\/v2\/pages\/216"}],"collection":[{"href":"https:\/\/engonien.net\/engonienwiki\/index.php?rest_route=\/wp\/v2\/pages"}],"about":[{"href":"https:\/\/engonien.net\/engonienwiki\/index.php?rest_route=\/wp\/v2\/types\/page"}],"author":[{"embeddable":true,"href":"https:\/\/engonien.net\/engonienwiki\/index.php?rest_route=\/wp\/v2\/users\/1"}],"replies":[{"embeddable":true,"href":"https:\/\/engonien.net\/engonienwiki\/index.php?rest_route=%2Fwp%2Fv2%2Fcomments&post=216"}],"version-history":[{"count":3,"href":"https:\/\/engonien.net\/engonienwiki\/index.php?rest_route=\/wp\/v2\/pages\/216\/revisions"}],"predecessor-version":[{"id":221,"href":"https:\/\/engonien.net\/engonienwiki\/index.php?rest_route=\/wp\/v2\/pages\/216\/revisions\/221"}],"up":[{"embeddable":true,"href":"https:\/\/engonien.net\/engonienwiki\/index.php?rest_route=\/wp\/v2\/pages\/126"}],"wp:attachment":[{"href":"https:\/\/engonien.net\/engonienwiki\/index.php?rest_route=%2Fwp%2Fv2%2Fmedia&parent=216"}],"curies":[{"name":"wp","href":"https:\/\/api.w.org\/{rel}","templated":true}]}}