{"id":218,"date":"2018-03-05T19:46:29","date_gmt":"2018-03-05T19:46:29","guid":{"rendered":"https:\/\/engonien.net\/engonienwiki\/?page_id=218"},"modified":"2018-06-07T18:01:05","modified_gmt":"2018-06-07T18:01:05","slug":"barad-konar","status":"publish","type":"page","link":"https:\/\/engonien.net\/engonienwiki\/?page_id=218","title":{"rendered":"Barad Konar"},"content":{"rendered":"<h1 id=\"barad_konar\" class=\"sectionedit1\"><\/h1>\n<div class=\"level1\">\n<p>Barad Konar von Salmar war der einzige Sohn von Leomar Konar von Salmar und Erbe der Baronie Salmar. Leomar von Salmar war der Oberkommandierende der Reichsgarde, der er nach dem Tod seiner Ehefrau beigetreten war. Er war im gesamten Adel Caldriens sehr hoch angesehen und von seinem Sohn erwartete man \u00e4hnliches.<\/p>\n<p>Da seine Mutter in fr\u00fchester Kindheit verstorben war, wurde er vom Tiorspriester Erion Barkwin und dem Verwalter der Baronie Slamar, Savart Wolfsheim, erzogen. Kaum hatte er das Mannesalter erreicht d\u00fcrstete es ihn nach Heldetaten und auf eigene Faust zog er im Jahre 248 n.J. nach Vinland in den Krieg. Dort wurde er gefangen genommen und erst ein halbes Jahr sp\u00e4ter durch Arthorn von Hanekamp, einige Silvanaische Barbaren, Tassilo von Grenzbrueck und Jerevan von Arkenwald gerettet.<\/p>\n<p>Durch sein Erlebnis mit dem Tod stark ver\u00e4ndert kehrte er in die Heimat zur\u00fcck und wurde von Erion Barkwin in aller Stille in einer kleinen Zeremonie im Wald von Salmar zum Ritter geschlagen.<\/p>\n<p>Die Dankbarkeit f\u00fcr seine Rettung beglich er im folgenden Jahr, als er 250 n.J. zusammen mit Talon aus Tangara (Heute Talon von Quellbach) den Lupus Umbra gr\u00fcndete und an der Seite Grenzbruecks in den Krieg gegen Neka eingriff. Auch nach dem Sturm auf Tharemis und dem Sieg \u00fcber die nekanischen Besatzer in Condra verblieb Barad Konar bis zum Sommer 255 in Condra.<\/p>\n<p>Zu der Zeit verstarb Sein Vater Leomar unter bis heute ungekl\u00e4rten Umst\u00e4nden. Savart Wolfheim und der restliche Lupus Umbra, die nicht mit ihrem Herren in Condra dienten, herrschten in Samar und terrorisierten die Bev\u00f6lkerung. Dem machte Barad Konar im Winter 255 ein j\u00e4hes Ende, indem er mit einer Schar tapferer Helden seinen Stammsitz zur\u00fcckeroberte, die Nachfolge seines Vaters antrat und als Baron herrschte.<\/p>\n<p>256 nach Jeldrik verstirbt F\u00fcrst Grusam von Middenfelz und ernennt noch vor seinem Tod Barad Konar zu seinem Erben. Der neue F\u00fcrst ist damit auch Senator f\u00fcr Caldrien. Als im Senat die Abstimmung \u00fcber die Nachfolge Jeldriks unentschieden ausgeht, ernennt er sich selbst zum Nachfolger des Kaisers. Hanekamp und Brega folgen ihm und der zweite Br\u00fcderkrieg bricht im Fr\u00fchjahr 257 n.J. los.<\/p>\n<\/div>\n","protected":false},"excerpt":{"rendered":"<p>Barad Konar von Salmar war der einzige Sohn von Leomar Konar von Salmar und Erbe der Baronie Salmar. Leomar von Salmar war der Oberkommandierende der Reichsgarde, der er nach dem Tod seiner Ehefrau beigetreten war. Er war im gesamten Adel Caldriens sehr hoch angesehen und von seinem Sohn erwartete man \u00e4hnliches. Da seine Mutter in &hellip;<\/p>\n<p class=\"read-more\"> <a class=\"\" href=\"https:\/\/engonien.net\/engonienwiki\/?page_id=218\"> <span class=\"screen-reader-text\">Barad Konar<\/span> Weiterlesen &raquo;<\/a><\/p>\n","protected":false},"author":1,"featured_media":0,"parent":0,"menu_order":0,"comment_status":"closed","ping_status":"closed","template":"","meta":[],"_links":{"self":[{"href":"https:\/\/engonien.net\/engonienwiki\/index.php?rest_route=\/wp\/v2\/pages\/218"}],"collection":[{"href":"https:\/\/engonien.net\/engonienwiki\/index.php?rest_route=\/wp\/v2\/pages"}],"about":[{"href":"https:\/\/engonien.net\/engonienwiki\/index.php?rest_route=\/wp\/v2\/types\/page"}],"author":[{"embeddable":true,"href":"https:\/\/engonien.net\/engonienwiki\/index.php?rest_route=\/wp\/v2\/users\/1"}],"replies":[{"embeddable":true,"href":"https:\/\/engonien.net\/engonienwiki\/index.php?rest_route=%2Fwp%2Fv2%2Fcomments&post=218"}],"version-history":[{"count":1,"href":"https:\/\/engonien.net\/engonienwiki\/index.php?rest_route=\/wp\/v2\/pages\/218\/revisions"}],"predecessor-version":[{"id":219,"href":"https:\/\/engonien.net\/engonienwiki\/index.php?rest_route=\/wp\/v2\/pages\/218\/revisions\/219"}],"wp:attachment":[{"href":"https:\/\/engonien.net\/engonienwiki\/index.php?rest_route=%2Fwp%2Fv2%2Fmedia&parent=218"}],"curies":[{"name":"wp","href":"https:\/\/api.w.org\/{rel}","templated":true}]}}