{"id":229,"date":"2018-03-05T19:59:19","date_gmt":"2018-03-05T19:59:19","guid":{"rendered":"https:\/\/engonien.net\/engonienwiki\/?page_id=229"},"modified":"2018-06-07T18:01:05","modified_gmt":"2018-06-07T18:01:05","slug":"brega","status":"publish","type":"page","link":"https:\/\/engonien.net\/engonienwiki\/?page_id=229","title":{"rendered":"Brega"},"content":{"rendered":"<div class=\"level1\">\n<p>&nbsp;<\/p>\n<p><strong>Steckbrief<\/strong><\/p>\n<ul>\n<li class=\"level1\">\n<div class=\"li\">Lage: im Norden Tangaras an den den s\u00fcdlichen Ausl\u00e4ufern des Alvasees gelegen<\/div>\n<\/li>\n<li class=\"level1\">\n<div class=\"li\">Gr\u00fcndungsdatum: nicht bekannt<\/div>\n<\/li>\n<li class=\"level1\">\n<div class=\"li\">Einwohnerzahl: ca.3500<\/div>\n<\/li>\n<li class=\"level1\">\n<div class=\"li\">Regierung: Stadtrat, B\u00fcrgermeister<\/div>\n<\/li>\n<li class=\"level1\">\n<div class=\"li\">Religi\u00f6se St\u00e4tten: Alamartempel, Tiorstempel<\/div>\n<\/li>\n<li class=\"level1\">\n<div class=\"li\">Zug\u00e4nge zur Stadt: Im Norden ein Binnenhaven am Alvasee, in den anderen drei Himmelsrichtungen gibt es Tore<\/div>\n<\/li>\n<li class=\"level1\">\n<div class=\"li\">Bekannte Personen aus Brega: Ferdi Weidenfels, Mattes Zweihorn<\/div>\n<\/li>\n<li><a href=\"https:\/\/engonien.net\/engonienwiki\/?page_id=1309\">Zunft des gerechten Streitens zu Brega<\/a><\/li>\n<li><a href=\"https:\/\/engonien.net\/engonienwiki\/?page_id=1103\">Stadtwache zu Brega<\/a><\/li>\n<\/ul>\n<\/div>\n<h1 id=\"allgemeines_zu_brega\" class=\"sectionedit2\">Allgemeines zu Brega<\/h1>\n<div class=\"level1\">\n<p><strong>Vor dem Zweiten Br\u00fcderkrieg:<\/strong><\/p>\n<p>Brega handelt grunds\u00e4tzlich mit H\u00e4ndlern und Ware aus aller Welt, der gr\u00f6\u00dfte Teil m\u00f6glicher Handelspartner generiert sich allerdings aufgrund der geografischen N\u00e4he aus Caldrien.<\/p>\n<p>Brega ist die modernste der f\u00fcnf St\u00e4dte des Bundes und f\u00fcr seine Produktion von alchemistischen Produkten bekannt. So werden nicht nur leuchtend bunte Farben und Gerbemittel hergestellt, sondern auch die in Engonien weit bekannten \u201eBregah\u00f6lzer\u201c &#8211; ungef\u00e4hr einen Fu\u00df lange d\u00fcnne Holzst\u00e4be, die mit einer Paste bestrichen sind, die bei starker Reibung anf\u00e4ngt, zu brennen. Ebenso wurde in Brega das \u201eBregafeuer\u201c, eine nicht durch Wasser zu l\u00f6schende Substanz, produziert.<\/p>\n<p>Aufgrund dieser Eigenart der breganischen Industrie gibt es, grade auf dem breganischen Lande, immer wieder Spr\u00fcche und Redensarten, die sich auf die im Allgmeinen schlechte Qualit\u00e4t des breganischen Wassers (sei es nun Fluss- oder See- oder Brunnenwasser) beziehen. Auch wird einer, der Brega nicht kennt, wohl die Nase r\u00fcmpfen ob des nicht gerade bet\u00f6renden Geruches, der ihm aus der Vorstadt entgegenstr\u00f6men wird.<\/p>\n<p>Ein wirkliches Problem, auch resultierend aus all dem alchemistischen Schabernack, der dort getrieben wird, ist die Brandgefahr. Brega bietet dem Besucher ein typisch-tangarisches Bild: solide Holzh\u00e4user, teilweise mit Stroh- und Schieferd\u00e4chern versehen, ein paar Fachwerkh\u00e4user, nur ganz wenige Steinbauten (wie zB. Stadtverwaltung, Kaserne). Die Stadt ist schon mehr als einmal gro\u00dfen Feuerkatastrophen zum Opfer gefallen, meist Folge von Unf\u00e4llen in der Produktion der Bregah\u00f6lzer oder des Bregafeuers.<\/p>\n<p><strong>Nach dem B\u00fcrgerkrieg:<\/strong><\/p>\n<p>Wer nach dem Krieg nach Brega kommt, der wird Baustellen finden. Hier wird ein Haus gebaut, da ein altes, eingest\u00fcrztes abgetragen, da wird eine Stra\u00dfe gepflastert, dort wird ein Baum gef\u00e4llt &#8211; und er wird sich fragen, warum das so ist.<\/p>\n<p>W\u00e4hrend des B\u00fcrgerkrieges bem\u00fchte sich der <a href=\"https:\/\/engonien.net\/engonienwiki\/?s=Pilgerzug\">Pilgerzug<\/a>, Brega einzunehmen. Der kommandierende Offizier des Lupus Umbra beschloss mit dem Fall der \u00e4u\u00dferen Mauer, zur Behinderung der Angreifer Brands\u00e4tze in die Vorstadt zu katapultieren. Die Flammen machten keinen Unterschied zwischen Freund und Feind, sie verbrannten M\u00e4nner, Frauen und Kinder gleicherma\u00dfen. H\u00e4user fielen dem Inferno zum Opfer, Stellungen des Lupus Umbra wurden von dem Flammenmeer eingeschlossen, Pilgerz\u00fcgler wurden in Massen zu schreienden, lodernden, menschlichen Fackeln. An jenem Tag sollte Tior l\u00e4cheln ob des wahnsinnigen Feuers, das hinter den Toren Bregas loderte.<\/p>\n<p>Doch selbst an H\u00f6llenorten, wie Brega an diesem Tage einer war, gibt es gute Nachrichten: man h\u00f6rt, dass die Taverne <em>Zum kleinen Bregaholz<\/em> des H\u00e4ndlers <a href=\"https:\/\/engonien.net\/engonienwiki\/?page_id=1072\">Ferdi Weidenfels<\/a> die Belagerung von Brega mit wenig mehr als ein paar Brandflecken \u00fcberstanden hat und seit einiger Zeit die Tore wieder f\u00fcr alle fr\u00f6hlichen M\u00e4nner und Frauen Engoniens ge\u00f6ffnet hat.<\/p>\n<p>Brega erholt sich inzwischen und erhebt sich aus der Asche. Die guten Handelsbeziehungen und auch die geographische Lage helfen der Stadt dabei, sich von der schlimmen Vergangenheit zu erholen. T\u00e4glich treffen neue Handelsz\u00fcge mit Baumaterialien und anderen dringend ben\u00f6tigten Waren ein. Besonders ist es den Handelskontoren von Ferdi Weidenfels und der Familie der Timberstaems zu verdanken, dass die Stadt sich so gut erholt. Sind es doch ihre Investitionen, die es erm\u00f6glichen, dass die Materiallieferungen nicht abbrechen.<\/p>\n<p>Und auch das Stadtbild wandelt sich. Die Ruinen abgebrannter Holzh\u00e4user weichen allm\u00e4hlich gr\u00f6\u00dferen und h\u00f6heren Stein- und Fachwerkh\u00e4usern. Es hat den Anschein, dass die Einwohner Bregas der Vergangenheit die Stirn bieten wollen und die vergangene Katastrophe zum Anlass nehmen, all das zu \u00e4ndern, was sie schon immer gest\u00f6rt hat. Und das nur um ihrer Stadt zu neuer Sch\u00f6nheit zu verhelfen. Der typische Bregaraner wird einen gewissen Nationalstolz mitbringen &#8211; was nicht ganz unerheblich zum Wiederaufbau der Stadt beigetragen hat.<\/p>\n<p>Viel Volk hat es nach dem Krieg vom Land in die St\u00e4dte gezogen. Und auch wenn die allgemeine Bezahlung in Brega eher schlecht ist, so sind die meisten doch froh Arbeit, ein Dach und etwas zu Essen zu haben, nachdem der Krieg ihnen alles genommen hat. Auch Handelsgilden lockt es wieder nach Brega, da Bauland innerhalb der Stadt zurzeit recht g\u00fcnstig ist. Im Gegenzug bieten viele H\u00e4ndler ihre Produkte f\u00fcr die gebeutelte Bev\u00f6lkerung zu niedrigeren Preisen an &#8211; man wird wohl noch sehen, wohin das f\u00fchrt.<\/p>\n<p>Damit die \u00f6ffentliche Ordnung gewahrt bleibt, patrouillieren Tag und Nacht die pflichtbewussten Mitglieder der <a href=\"https:\/\/engonien.net\/engonienwiki\/?page_id=1103\">Stadtwache zu Brega<\/a>, denen traditionell zugleich die Aufgabe der st\u00e4dtischen Feuerwehr zuf\u00e4llt. Dazu muss erw\u00e4hnt werden, dass Brega die erste Stadt war, die eine eigenst\u00e4ndige Feuerwache unterh\u00e4lt. Dies ist wohl darauf zur\u00fcck zu f\u00fchren, dass Feuer in einer Stadt wie Brega, die mit explosiven alchemistischen Stoffen Handelt, besonders gef\u00e4hrlich ist. Auch wenn nicht selten die Alchemisten selbst der Ursprung eines solchen Feuers sind.<\/p>\n<\/div>\n","protected":false},"excerpt":{"rendered":"<p>&nbsp; Steckbrief Lage: im Norden Tangaras an den den s\u00fcdlichen Ausl\u00e4ufern des Alvasees gelegen Gr\u00fcndungsdatum: nicht bekannt Einwohnerzahl: ca.3500 Regierung: Stadtrat, B\u00fcrgermeister Religi\u00f6se St\u00e4tten: Alamartempel, Tiorstempel Zug\u00e4nge zur Stadt: Im Norden ein Binnenhaven am Alvasee, in den anderen drei Himmelsrichtungen gibt es Tore Bekannte Personen aus Brega: Ferdi Weidenfels, Mattes Zweihorn Zunft des gerechten Streitens &hellip;<\/p>\n<p class=\"read-more\"> <a class=\"\" href=\"https:\/\/engonien.net\/engonienwiki\/?page_id=229\"> <span class=\"screen-reader-text\">Brega<\/span> Weiterlesen &raquo;<\/a><\/p>\n","protected":false},"author":1,"featured_media":98,"parent":0,"menu_order":0,"comment_status":"closed","ping_status":"closed","template":"","meta":[],"_links":{"self":[{"href":"https:\/\/engonien.net\/engonienwiki\/index.php?rest_route=\/wp\/v2\/pages\/229"}],"collection":[{"href":"https:\/\/engonien.net\/engonienwiki\/index.php?rest_route=\/wp\/v2\/pages"}],"about":[{"href":"https:\/\/engonien.net\/engonienwiki\/index.php?rest_route=\/wp\/v2\/types\/page"}],"author":[{"embeddable":true,"href":"https:\/\/engonien.net\/engonienwiki\/index.php?rest_route=\/wp\/v2\/users\/1"}],"replies":[{"embeddable":true,"href":"https:\/\/engonien.net\/engonienwiki\/index.php?rest_route=%2Fwp%2Fv2%2Fcomments&post=229"}],"version-history":[{"count":5,"href":"https:\/\/engonien.net\/engonienwiki\/index.php?rest_route=\/wp\/v2\/pages\/229\/revisions"}],"predecessor-version":[{"id":1322,"href":"https:\/\/engonien.net\/engonienwiki\/index.php?rest_route=\/wp\/v2\/pages\/229\/revisions\/1322"}],"wp:featuredmedia":[{"embeddable":true,"href":"https:\/\/engonien.net\/engonienwiki\/index.php?rest_route=\/wp\/v2\/media\/98"}],"wp:attachment":[{"href":"https:\/\/engonien.net\/engonienwiki\/index.php?rest_route=%2Fwp%2Fv2%2Fmedia&parent=229"}],"curies":[{"name":"wp","href":"https:\/\/api.w.org\/{rel}","templated":true}]}}