{"id":268,"date":"2018-03-05T20:38:45","date_gmt":"2018-03-05T20:38:45","guid":{"rendered":"https:\/\/engonien.net\/engonienwiki\/?page_id=268"},"modified":"2018-06-07T18:01:06","modified_gmt":"2018-06-07T18:01:06","slug":"das-grossherzogtum-valkenstein","status":"publish","type":"page","link":"https:\/\/engonien.net\/engonienwiki\/?page_id=268","title":{"rendered":"Das Gro\u00dfherzogtum Valkenstein"},"content":{"rendered":"<div class=\"level1\">\n<p>&nbsp;<\/p>\n<p>Das Gro\u00dfherzogtum Valkenstein ist ein wohlhabendes Reich im hohen Norden der bekannten Welt. Im Norden, Osten und Westen wird das Land von einem riesigen Gebirge, den Goldfelsen, begrenzt. Hinter dem westlichen Gebirge liegt die Ebene von Zirrkud, die vollst\u00e4ndig aus Gras- und Weideland besteht, das beinahe das ganze Jahr \u00fcber mit einer d\u00fcnnen Frostdecke \u00fcberzogen ist und von vielen Einheimischen deshalb auch als die \u201eGl\u00e4sernen Weiten\u201c bezeichnet wird. Jenseits der \u00f6stlichen Ausl\u00e4ufer der Goldfelsen erstreckt sich der \u201eWeltensee\u201c, ein gewaltiger Ozean, der das Gro\u00dfherzogtum fast vollst\u00e4ndig umgibt. Nichts und niemand kann dort existieren und doch berichten die alten Legenden von Kreaturen, die dort im ewigen Eis ihr Dasein fristen sollen. Kreaturen jenseits aller Menschlichkeit \u00fcber die selbst die abgebr\u00fchtesten S\u00f6ldner nur im Fl\u00fcsterton reden und deren wahre Namen mit den Jahrtausenden in Vergessenheit gerieten. Die Urspr\u00fcnge dieser Stollen gehen auf die Zwerge zur\u00fcck, die bereits lange vor den Menschen in dieser Gegend nach wertvollen Metallen sch\u00fcrften. Doch auch die Spuren der Hochelfen lassen sich in Valkenstein finden; Spuren aus einer Zeit, in der noch eine enge Freundschaft zwischen den Zwergen und Elfen herrschte und in der die Menschen in marodierenden Clans umherzogen, ohne festen Wohnsitz oder gemeinsames Streben. Viele alte Legenden sprechen von den gro\u00dfen Wanderungen der Barbarenst\u00e4mme, die damals den S\u00fcden des Kontinents verlie\u00dfen und ihre neue Heimat in den Ausl\u00e4ufern des ewigen Eises fanden. Aber diese Zeit des Friedens und Wohlstands fand sein j\u00e4hes Ende, als das Zeitalter des Untergangs durch m\u00e4chtige Erdbeben eingeleitet wurde, die den einstmals riesigen Kontinent zerrissen und das Land, das wir heute als Valkenstein kennen, weiter gen Norden driften lie\u00dfen. Die Elfen, deren grazile St\u00e4dte den Urgewalten der Erde nichts entgegenzusetzen hatten, gaben den Zwergen die Schuld f\u00fcr ihren Untergang. Die Zwerge hingegen beschuldigten in ihrem Zorn die Elfen, die mit ihren magischen Praktiken das Land gegen sich aufgebracht h\u00e4tten.Nach den gro\u00dfen Kriegen, die im Zeitalter des Untergangs zwischen diesen beiden alten V\u00f6lkern ausgetragen wurden, verlie\u00dfen die Elfen schlie\u00dflich das frostige Land, w\u00e4hrend die Zwerge damit begannen, den Menschen ihre Handwerksk\u00fcnste zu lehren. So entstanden die ersten menschlichen Siedlungen von Valkenstein, die zumeist auf den Fundamenten der zerst\u00f6rten Elfen- und Zwergenst\u00e4dte aufgebaut wurden. Die einzige Ausnahme bildete hierbei die Festungsstadt Wei\u00dfenthurm, die vollkommen intakt von ihren einstigen Herren, den Elfen, zur\u00fcckgelassen wurde und die im Anschluss an deren Verschwinden von den Menschen \u00fcbernommen und erweitert wurde. Obwohl die Geschichte des Landes, das heutzutage als das Gro\u00dfherzogtum Valkenstein bezeichnet wird, noch Tausende Jahre \u00e4lter ist, wei\u00df von dieser Tatsache heute beinahe niemand mehr etwas, genauso wenig wie von den einstigen gottgleichen Herren, die auch in dieser Welt mit eiserner Hand \u00fcber ihre Sklavenv\u00f6lker geboten\u2026<\/p>\n<p>Einer der wichtigsten wirtschaftlichen Faktoren in Valkenstein ist der Steyk, ein gro\u00dfer Fluss, dessen Hauptarm aus nord\u00f6stlicher Richtung kommt und sich schlie\u00dflich s\u00fcdlich der Rei\u00dfz\u00e4hne in zwei Str\u00f6me spaltet. Der Hauptarm des Steyk verl\u00e4uft durch ganz Valkenstein und flie\u00dft direkt an der Hauptstadt Wei\u00dfenthurm vorbei. Erst nachdem er die Ausl\u00e4ufer der westlichen Goldfelsen erreicht hat, verschwindet er in der Tiefe und tritt anschlie\u00dfend jenseits der Felsen wieder hervor, um seinen Weg gen Westen, in deutlich geschm\u00e4lerter Form fortzusetzen. Der S\u00fcdsteyk hingegen schl\u00e4ngelt sich, nachdem er an den S\u00fcd\u00f6stlichen Ausl\u00e4ufern der Goldfelsen angelangt ist, durch ein riesiges H\u00f6hlensystem, dem Labyrinth von Pytthorra, hindurch und erreicht auf der anderen Seite des Gebirges schlie\u00dflich den Ozean. Neben den ausgepr\u00e4gten Minenanlagen und dem Fischfang im S\u00fcdosten, sowie im gesamten Verlauf des Steyk, verf\u00fcgt Valkenstein auch \u00fcber gro\u00dfe Mengen an Holz, dass per Schiff in die unterschiedlichsten L\u00e4nder transportiert wird, wobei vor allem die Valkensteiner Steineiche ein beliebtes Exportgut ist und \u00fcberall in den s\u00fcdlicheren Reichen f\u00fcr ihre Widerstandskraft und Witterungsbest\u00e4ndigkeit gesch\u00e4tzt wird..<\/p>\n<p>Das Gro\u00dfherzogtum teilt sich heutzutage in vier Herrschaftsbereiche auf, die als Provinzen bezeichnet werden. Die Oberhoheit \u00fcber alle L\u00e4ndereien hat der Gro\u00dfherzog von Valkenstein, welcher in der Hauptstadt Wei\u00dfenthurm residiert. Ihm direkt unterstellt sind die adligen Herren der Provinz Greifswald im Osten und der Provinz Celestia im S\u00fcdwesten, die im Rang eines Grafen stehen und sich selbst auch gerne als Voivoden bezeichnen. Neben diesen unterstehen seiner Majest\u00e4t zumindest rein nominell die K\u00fcstenst\u00e4dte im S\u00fcdosten und die Nomaden der Ebene von Zirrkud. Eine Sonderstellung genie\u00dft der vierte Herrschaftsbereich. Obwohl auch dieses Gebiet auf dem Grund und Boden Valkensteins liegt, hat der Gro\u00dfherzog alle Lehensanspr\u00fcche an den Herzog des D\u00fcsterwaldes abgetreten. Im Austausch f\u00fcr die Loyalit\u00e4t der herzoglichen Familie und dem Eid zur Treue gegen\u00fcber dem Gro\u00dfherzogtum, genie\u00dft der D\u00fcsterwald weitestgehende Souver\u00e4nit\u00e4t. Bis vor etwa einhundert Jahren gab es zudem eine weitere Provinz im Osten des Gro\u00dfherzogtums, die Provinz Schlachtenfelde. Deren Hauptstadt wurde jedoch zur Zeit der I. gro\u00dfen Orkkriege vollst\u00e4ndig zerst\u00f6rt und die ans\u00e4ssige Herrscherfamilie restlos get\u00f6tet. Da es in den Wirren der Nachkriegszeit zu kostspielig erschien die Stadt wieder aufzubauen, belie\u00df man es dabei, das Land zwischen den beiden Armen des Steyk der Provinz Greifswald zuzusprechen.<\/p>\n<p>\u00dcberall in Valkenstein findet man die gro\u00dfen Reichsstrassen, die das ganze Land durchziehen und somit die Haupthandelswege darstellen. Entlang dieser Stra\u00dfen finden sich immer wieder kleinere D\u00f6rfer und Geh\u00f6fte von denen aus das umliegende Land bebaut wird.<\/p>\n<p>Die Bev\u00f6lkerung Valkensteins besteht zu 95% aus Menschen, die zum gr\u00f6\u00dften Teil in den St\u00e4dten und D\u00f6rfern nahe den Reichsstra\u00dfen leben. Weitere 4,8% der Bev\u00f6lkerung setzen sich aus Zwergen zusammen, die entweder mit den Menschen in den gro\u00dfen St\u00e4dten des Reiches zusammenleben oder ihre eigenen Siedlungen unterhalten. Die \u00fcbrige Bev\u00f6lkerung sind zum gr\u00f6\u00dften Teil Elfen und verschiedene andere eingeb\u00fcrgerte Wesen. Auffallend ist in Valkenstein im Vergleich zu anderen L\u00e4ndern vor allem, dass nur ein verschwindend geringer Teil der Bev\u00f6lkerung in Armut lebt. Vielmehr ergeht es den meisten Bewohnern des Gro\u00dfherzogtums zumindest so gut, dass sie alles besitzen was f\u00fcr ein einfaches, aber zufriedenes Leben n\u00f6tig ist.<\/p>\n<\/div>\n","protected":false},"excerpt":{"rendered":"<p>&nbsp; Das Gro\u00dfherzogtum Valkenstein ist ein wohlhabendes Reich im hohen Norden der bekannten Welt. Im Norden, Osten und Westen wird das Land von einem riesigen Gebirge, den Goldfelsen, begrenzt. Hinter dem westlichen Gebirge liegt die Ebene von Zirrkud, die vollst\u00e4ndig aus Gras- und Weideland besteht, das beinahe das ganze Jahr \u00fcber mit einer d\u00fcnnen Frostdecke &hellip;<\/p>\n<p class=\"read-more\"> <a class=\"\" href=\"https:\/\/engonien.net\/engonienwiki\/?page_id=268\"> <span class=\"screen-reader-text\">Das Gro\u00dfherzogtum Valkenstein<\/span> Weiterlesen &raquo;<\/a><\/p>\n","protected":false},"author":1,"featured_media":119,"parent":0,"menu_order":0,"comment_status":"closed","ping_status":"closed","template":"","meta":[],"_links":{"self":[{"href":"https:\/\/engonien.net\/engonienwiki\/index.php?rest_route=\/wp\/v2\/pages\/268"}],"collection":[{"href":"https:\/\/engonien.net\/engonienwiki\/index.php?rest_route=\/wp\/v2\/pages"}],"about":[{"href":"https:\/\/engonien.net\/engonienwiki\/index.php?rest_route=\/wp\/v2\/types\/page"}],"author":[{"embeddable":true,"href":"https:\/\/engonien.net\/engonienwiki\/index.php?rest_route=\/wp\/v2\/users\/1"}],"replies":[{"embeddable":true,"href":"https:\/\/engonien.net\/engonienwiki\/index.php?rest_route=%2Fwp%2Fv2%2Fcomments&post=268"}],"version-history":[{"count":1,"href":"https:\/\/engonien.net\/engonienwiki\/index.php?rest_route=\/wp\/v2\/pages\/268\/revisions"}],"predecessor-version":[{"id":270,"href":"https:\/\/engonien.net\/engonienwiki\/index.php?rest_route=\/wp\/v2\/pages\/268\/revisions\/270"}],"wp:featuredmedia":[{"embeddable":true,"href":"https:\/\/engonien.net\/engonienwiki\/index.php?rest_route=\/wp\/v2\/media\/119"}],"wp:attachment":[{"href":"https:\/\/engonien.net\/engonienwiki\/index.php?rest_route=%2Fwp%2Fv2%2Fmedia&parent=268"}],"curies":[{"name":"wp","href":"https:\/\/api.w.org\/{rel}","templated":true}]}}