{"id":35,"date":"2018-03-04T17:37:44","date_gmt":"2018-03-04T17:37:44","guid":{"rendered":"https:\/\/engonien.net\/engonienwiki\/?page_id=35"},"modified":"2018-07-16T18:30:59","modified_gmt":"2018-07-16T18:30:59","slug":"aine","status":"publish","type":"page","link":"https:\/\/engonien.net\/engonienwiki\/?page_id=35","title":{"rendered":"Aine"},"content":{"rendered":"<p><span class=\"bbc_u\"><strong>Aine <\/strong><\/span><\/p>\n<p>Aine wird als W\u00e4chterin allen Wissens und G\u00f6ttin der Erkenntnis verwehrt. Gleichzeitig ist sie die jenige die den Menschen das Geschenk der Magie brachte wof\u00fcr sie auch heute noch als G\u00f6ttin der Magie verehrt wird. Dies ist vor allem unter Magiern der Fall, die sich als ihre Kinder betrachten.<\/p>\n<p>Aine gibt jedem Suchenden Wissen der die M\u00fche auf sich nimmt dieses zu erlangen. Dabei legt sie die Verantwortung wie derjenige mit diesem Wissen umgeht allein in die H\u00e4nde des Empf\u00e4ngers.<br \/>\nIhr Bestreben ist es Wissen und Erkenntnis unter den Menschen zu s\u00e4hen und zu einem besseren Verst\u00e4ndnis der Wahrheit der Wirklichkeit zu f\u00fchren. Durch sie k\u00f6nnen alle Aspekte der Wirklichkeit erfahren, verstanden und erforscht werden, frei von moralischen oder menschlichen Wertungen.<\/p>\n<p>Als G\u00f6ttin der Magie sieht sich Aine in keinster Weise f\u00fcr die Taten ihrer Kinder verantwortlich, sondern nur daf\u00fcr das sie die n\u00f6tige Hilfestellung bekommen um ihr volles Potential aussch\u00f6pfen zu k\u00f6nnen. Solange sie sich fortbilden und ihre Kr\u00e4fte zum gewinnen neuer Kenntnisse einsetzen handeln sie in ihrem Sinne und n\u00e4hern sich ihren Idealen an.<br \/>\nOb die Menschen ihr Geschenk \u00fcberhaupt annehmen \u00fcberl\u00e4sst sie dabei auch ihnen selbst. Es obliegt dem Freien Willen ihrer Kinder ob und wie sie ihr Potential nutzen wollen.<br \/>\nDabei entlohnt sie das Sterben nach neuem Wissen ohne M\u00fc\u00dfigkeit zu bestrafen.<\/p>\n<p><span class=\"bbc_u\"><strong>Totenglaube:<\/strong><\/span><\/p>\n<p>Wenn ein Magier oder Gelehrter stirbt nimmt Aine seine Seele aus den Wellen des Totenmeers und erhebt sie zu sich in den Himmel wo sie von da an als Leuchtfeuer denen scheinen soll die im Dunkeln wandeln. Anders als das Auge Alamars am Tag zeigt Aines Schatzkammer bei Nacht den Reichtum an Wissen den die Welt bereit h\u00e4lt f\u00fcr jeden der k\u00fchn genug ist die Hand danach auszustrecken. Auch verdeutlicht jeder einzelne Stern am Himmelszelt, dass das Wissen das wir uns zu Lebzeiten aneignen nur ein Bruchteil des gesamten Schatzes am Firmament ist. Trotzdem ist jedes einzelne Licht wichtig da ohne es seine Stelle mit Dunkelheit und Unwissen gef\u00fcllt w\u00e4re. So sind schon viele Gelehrte, Magier und kluge K\u00f6pfe nun an Aines Seite und erleuchten mit ihr sowohl Geist als auch Dunkelheit.<\/p>\n<p>Symbole: Diamant, Stern<\/p>\n<p>Farben: theoretisch alle Farben (Farbbrechung im Diamant), h\u00e4ufigsten Farben blau, wei\u00df, Silber, grau<\/p>\n<p>Opfer:<br \/>\nVerfasste Schriften (Abschriften), am besten solche welche einem im Lernprozess weiter gebracht haben<br \/>\nklare Edelsteine (Bergkristall, Rauchquarz, Diamant, Rauchtopas, \u2026 \/\/ Selenit, Calcit, Opalquarz, Mondstein, \u2026?), Rauchwerk, Kerzen,<br \/>\nMagier: Foki<br \/>\nK\u00fcnstlerisch gefertigte Dinge<\/p>\n<p><span class=\"bbc_u\"><strong>Wichtige Tempel, Orte und Pers\u00f6nlichkeiten<\/strong><\/span><br \/>\nEngonia<br \/>\nFanada<br \/>\nZaborn (Silvanaja)<br \/>\nTaga<br \/>\nDonnerheim<\/p>\n<p><span class=\"bbc_u\"><strong>Wichtige Heilige<\/strong><\/span><br \/>\n<a href=\"https:\/\/engonien.net\/engonienwiki\/?page_id=1394\">Iskja der H\u00fcter der Geheimnisse<\/a><br \/>\nHeilige der Kreativit\u00e4t (in Arbeit)<\/p>\n<p>&nbsp;<\/p>\n<p><span class=\"bbc_u\"><strong>Wichtige Feiertage<br \/>\nFarbenfest:<\/strong><\/span><br \/>\nEine weitere Besonderheit ist das j\u00e4hrlich im Fr\u00fchjahr wiederkehrende Ainefest. Da der in allen Farben schimmernde Kristall das Symbol Aines ist, haben die F\u00e4rber Aine zu ihrer Patronin erkoren. Jedes Jahr zu Beginn des 5. Mondes wird das Farbenfest begangen: an diesem 3 Tage dauernden Fest danken die F\u00e4rber Aine f\u00fcr das Wissen um die Rezepturen und huldigen ihr, indem sie der Stadt ihr Gesicht verleihen. Das bedeutet nichts anderes, als dass nach dem feierlichen Opfer im Aine-Tempel und dem anschlie\u00dfenden Umzug durch die Stadt, am zweiten Tag die Menschen sich am Marktplatz im F\u00e4rberviertel einfinden und auf ein Zeichen hin beginnen sich mit Farbbeuteln zu bewerfen! Es ist ein ausgelassenes, feuchtfr\u00f6hliches und buntes Fest, dessen dritter Tag gemeinhin nur dazu da ist, um sich von dem zweiten zu erholen. W\u00e4hrend dieser Tage herrscht ein Ausnahmezustand und es ist ein weit verbreiteter Scherz Fremden den Eindruck zu vermitteln, dass sie zu diesem G\u00f6tterfest ihre beste Kleidung anlegen sollten.<\/p>\n<p><span class=\"bbc_u\"><strong>Sternschnuppenregen: <\/strong><\/span><br \/>\nCa im letzten Mond des Jahres<br \/>\nFeiertag zu Ehren des Wissens, dass Aine f\u00fcr ihre Kinder wieder auf die Erde schickt.<\/p>\n<p><span class=\"bbc_u\"><strong>Zeit der Stille <\/strong><\/span><br \/>\nAb Anfang des ersten Mondes legen die Ainegl\u00e4ubigen eine Zeit der Stille oder der Wortenthaltsamkeit ein. W\u00e4hrend viele Priester sich daf\u00fcr entscheiden komplett auf den gebrauch von Sprache zu verzichten und Wissen und Erkenntnis in der Stille, Meditation und inneren Einkehr suchen. Die meisten Gl\u00e4ubigen beschr\u00e4nken sich darauf w\u00e4hrend dieser Feiertage weniger zu Sprechen und ihre Gedanken zu erforschen. F\u00fcr viele Gl\u00e4ubige ist dies die M\u00f6glichkeit ihre Gedanken zu ordnen, sich von schlechten Ideen zu befreien und Platzt f\u00fcr neue Gedanken zu schaffen.<\/p>\n<p><span class=\"bbc_u\"><strong>Organisationsstruktur<\/strong><\/span><\/p>\n<p>Die Kirche der Aine hat nach au\u00dfen hin eine feste Struktur mit festen \u00c4mtern und Positionen. Dies ist vor allem f\u00fcr Au\u00dfenstehende n\u00fctzlich um zu finden was sie suchen. Die \u00c4mter haben innerhalb der Kirche allerdings kein Gewicht. Priester behandeln sich unter einander gleichgestellt, ebenso wie die Novizen unter einander gleich gestellt sind egal wie lange sie schon der Kirche beigetreten sind.<br \/>\nInnerhalb der Kirche wird Wissen freiz\u00fcgig geteilt und an Debatten darf jeder teilnehmen, egal welche Position er nach au\u00dfen inne hat. Unabh\u00e4ngig vom Amt bestimmt die Kompetenz des einzelnen in welcher Position er sich befindet, da sich diese allein auf seinen F\u00e4higkeiten und Fachgebieten begr\u00fcndet.<br \/>\nAuch das Volk wird einmal im Mond zu einer \u00d6ffentlichen Debatte geladen und darf daran teilnehmen um seinen Geist zu sch\u00e4rfen und seine Meinung kund zu tun, solange es sie fundiert begr\u00fcnden kann.<\/p>\n<p><span class=\"bbc_u\"><strong>Priester:<\/strong><\/span><br \/>\nPriester der Aine haben Zugang sowohl zu magischem als auch mundanen Wissen unabh\u00e4ngig davon ob sie vor ihrer Weihe das Geschenk der G\u00f6ttin erhalten haben oder nicht. Anders als normale Menschen haben sie einen breiten\u00a0 Zugang zum Wissen ohne dabei eine Seite zu vernachl\u00e4ssigen. Sie sind nicht in der Lage Magie zu wirken, haben aber durch die G\u00f6ttliche Kraft in sich die M\u00f6glichkeit magische Vorg\u00e4nge nachzuvollziehen. Dadurch und durch ihre M\u00f6glichkeit m\u00e4chtiges, gef\u00e4hrliches oder vergessenes Wissen zu erlangen fungieren sie manchmal auch als Lehrmeister f\u00fcr bereits ausgebildete Meister der Magischen Zunft.<\/p>\n<p>Ihre Aufgabe in dieser Welt ist es alles Wissen zu sammeln und zu verwahren. Auch sehen sie es als ihre Pflicht den Menschlichen Geist vor Probleme zu stellen um ihn zu sch\u00e4rfen und zum nachdenken anzuregen damit er sich weiter bilden kann. (Eher Denkanst\u00f6\u00dfe als Probleml\u00f6sungen geben?) Aus Konflikten halten sie sich in der Regel heraus oder beziehen eine neutrale Position. Ihre Funktion verlang es das sie jedem Wissenssuchenden auf seinem Weg zur Erkenntnis beistehen, ganz egal wer oder was er ist und welches Wissen er verlangt oder wof\u00fcr er es einsetzen m\u00f6chte<\/p>\n","protected":false},"excerpt":{"rendered":"<p>Aine Aine wird als W\u00e4chterin allen Wissens und G\u00f6ttin der Erkenntnis verwehrt. Gleichzeitig ist sie die jenige die den Menschen das Geschenk der Magie brachte wof\u00fcr sie auch heute noch als G\u00f6ttin der Magie verehrt wird. Dies ist vor allem unter Magiern der Fall, die sich als ihre Kinder betrachten. Aine gibt jedem Suchenden Wissen &hellip;<\/p>\n<p class=\"read-more\"> <a class=\"\" href=\"https:\/\/engonien.net\/engonienwiki\/?page_id=35\"> <span class=\"screen-reader-text\">Aine<\/span> Weiterlesen &raquo;<\/a><\/p>\n","protected":false},"author":1,"featured_media":0,"parent":5,"menu_order":0,"comment_status":"closed","ping_status":"closed","template":"","meta":[],"_links":{"self":[{"href":"https:\/\/engonien.net\/engonienwiki\/index.php?rest_route=\/wp\/v2\/pages\/35"}],"collection":[{"href":"https:\/\/engonien.net\/engonienwiki\/index.php?rest_route=\/wp\/v2\/pages"}],"about":[{"href":"https:\/\/engonien.net\/engonienwiki\/index.php?rest_route=\/wp\/v2\/types\/page"}],"author":[{"embeddable":true,"href":"https:\/\/engonien.net\/engonienwiki\/index.php?rest_route=\/wp\/v2\/users\/1"}],"replies":[{"embeddable":true,"href":"https:\/\/engonien.net\/engonienwiki\/index.php?rest_route=%2Fwp%2Fv2%2Fcomments&post=35"}],"version-history":[{"count":4,"href":"https:\/\/engonien.net\/engonienwiki\/index.php?rest_route=\/wp\/v2\/pages\/35\/revisions"}],"predecessor-version":[{"id":1397,"href":"https:\/\/engonien.net\/engonienwiki\/index.php?rest_route=\/wp\/v2\/pages\/35\/revisions\/1397"}],"up":[{"embeddable":true,"href":"https:\/\/engonien.net\/engonienwiki\/index.php?rest_route=\/wp\/v2\/pages\/5"}],"wp:attachment":[{"href":"https:\/\/engonien.net\/engonienwiki\/index.php?rest_route=%2Fwp%2Fv2%2Fmedia&parent=35"}],"curies":[{"name":"wp","href":"https:\/\/api.w.org\/{rel}","templated":true}]}}