{"id":354,"date":"2018-03-06T18:03:07","date_gmt":"2018-03-06T18:03:07","guid":{"rendered":"https:\/\/engonien.net\/engonienwiki\/?page_id=354"},"modified":"2018-06-07T18:01:06","modified_gmt":"2018-06-07T18:01:06","slug":"die-kaiserlichen-aemter","status":"publish","type":"page","link":"https:\/\/engonien.net\/engonienwiki\/?page_id=354","title":{"rendered":"Die kaiserlichen \u00c4mter"},"content":{"rendered":"<h1 id=\"die_kaiserlichen_aemter\" class=\"sectionedit1\"><\/h1>\n<div class=\"level1\">\n<p>Der Kaiser ist der h\u00f6chste Adlige im Engonischen Feudalsystem. Die Au\u00dfenpolitik ist ein Privileg, das der Kaiserkrone vorbehalten ist.<\/p>\n<p>Der nach althergebrachter Weise gew\u00e4hlte Senat steht dem Kaiser als Stabsstelle mit einer rein beratenden Funktion zur Verf\u00fcgung, besitzt jedoch keinerlei Weisungsbefugnis.<\/p>\n<p>Kaiser Barad Konar hat in Anlehnung an die traditionelle K\u00f6nigliche Verwaltung in Donnerheim neuerdings Hof\u00e4mter am Kaiserhofe eingef\u00fchrt, die ihn bei seinen Regierungst\u00e4tigkeiten mit den ihnen unterstehenden Verwaltungsapparaten unterst\u00fctzen. Die Hof\u00e4mter werden vom Kaiser pers\u00f6nlich verliehen, k\u00f6nnen jederzeit ohne Nennung von Gr\u00fcnden entzogen werden, sind nicht vererblich und auch nicht mit L\u00e4ndereien oder sonstigen Lehen verbunden.<\/p>\n<p>Im Folgenden werden nun die verschiedenen Hof\u00e4mter und die dazugeh\u00f6rigen Verwaltungsapparate vorgestellt:<\/p>\n<\/div>\n<h2 id=\"kammer\" class=\"sectionedit2\">Kammer<\/h2>\n<div class=\"level2\">\n<p>Die Kammer ist verantwortlich f\u00fcr den Tagesablauf des Kaiserlichen Haushaltes und wird vom Seneschall als pers\u00f6nlichen Bediensteten des Kaisers geleitet. Dieses Amt ist aufgrund der Vertrautheit mit dem Kaiser sehr einflussreich. Der Seneschall ist zugleich der Kaiserliche Herold und K\u00fcchenmeister, also auch zust\u00e4ndig f\u00fcr Deckung der Kaiserliche Tafel mit Fleisch und Speisen.<\/p>\n<\/div>\n<h2 id=\"hochgericht\" class=\"sectionedit3\">Hochgericht<\/h2>\n<div class=\"level2\">\n<p>Das Kaiserliche Hochgericht ist f\u00fcr die Regierung und die Justiz der Kaiserreiches zust\u00e4ndig. Das Kaiserliche Hochgericht hat die Befugnis, einen jeden Rechtsstreit von unteren Gerichten an sich zu ziehen und zu entscheiden, Adlige zu richten und die Reichsacht zu verh\u00e4ngen. Der oberste Beamte des Kaiserlichen Hochgerichts ist der Kanzler. Das Kaiserliche Hochgericht besitzt auch die notarielle Funktion und ist zust\u00e4ndig f\u00fcr die geordnete Sammlung und Beglaubigung aller Siegel, Wappen, Edikte, Depeschen und Urkunden, damit sie auch den anderen \u00c4mtern zur Verf\u00fcgung stehen.<\/p>\n<\/div>\n<h2 id=\"schatzamt\" class=\"sectionedit4\">Schatzamt<\/h2>\n<div class=\"level2\">\n<p>Das Schatzamt wird vom Schatzmeister geleitet, in dessen Verantwortung das Einziehen der Steuern in den Provinzen und St\u00e4dten f\u00e4llt. Er beaufsichtigt auch die M\u00fcnze und ber\u00e4t den Kaiser in finanziellen Fragen.<\/p>\n<\/div>\n<h2 id=\"wehramt\" class=\"sectionedit5\">Wehramt<\/h2>\n<div class=\"level2\">\n<p>Das Wehramt wird vom Generalfeldmarschall, dem Waffenmeister des Kaisers, geleitet. Er ist der oberste Milit\u00e4rbeamte des Reiches, Oberkommandierender der Kaiserlichen Reichsgarde, auch bekannt als Lupus Umbra, und zugleich Burgvogt des Kaisersitzes. Damit ist er auch zust\u00e4ndig f\u00fcr die Verteidigungsanlagen und Verteidigungstruppen des Kaiserpalastes und der Kaiserstadt. Dem Hofmarschall obliegt auch die \u00dcberwachung aller V\u00f6gte des Reiches, die in ihren Vogteien zust\u00e4ndig sind f\u00fcr die Durchsetzung des Kaiserlichen Rechts und die Eintreibung der Kaiserlichen Steuern. Aus der Tradition dieses Hofamtes heraus ist der Generalfeldmarschall auch zust\u00e4ndig f\u00fcr die Kaiserlichen Stallungen.<\/p>\n<\/div>\n<h2 id=\"katasteramt\" class=\"sectionedit6\">Katasteramt<\/h2>\n<div class=\"level2\">\n<p>Das Katasteramt ist eine von einem Pr\u00e4fekten geleitete Einrichtung, die sich um die Verteilung von Landesgrenzen sowie der Festlegung aller Landmarken k\u00fcmmert und besitzt neben dem Kaiser das alleinige Recht hat, diese festzulegen. Wann immer das Hochgericht eine juristische Entscheidung zu f\u00e4llen hat, die sich um Streitereien drehen, die mit Landmarken oder Landesgrenzen zu tun haben, muss das Hochgericht einen Beamten des Katasteramtes hinzuziehen. Das Katasteramtes ist auch f\u00fcr die Verteilung von Sch\u00fcrf- und Minenrechten zust\u00e4ndig und arbeitet in diesen F\u00e4llen mit dem Schatzamt zusammen.<\/p>\n<\/div>\n<h2 id=\"weitere_hofaemter\" class=\"sectionedit7\">Weitere Hof\u00e4mter<\/h2>\n<div class=\"level2\">\n<p>Mundschenk und Brotmeister sind zwei weitere Hof\u00e4mter, die wie der Seneschall f\u00fcr die Kaiserliche Tafel zust\u00e4ndig sind. Der Mundschenk ist verantwortlich f\u00fcr die Versorgung mit Getr\u00e4nken, vor allen Dingen mit Wein, w\u00e4hrend der Brotmeister daf\u00fcr Sorge tr\u00e4gt, dass ausreichend Brot und Geb\u00e4ck vorhanden ist.<\/p>\n<\/div>\n","protected":false},"excerpt":{"rendered":"<p>Der Kaiser ist der h\u00f6chste Adlige im Engonischen Feudalsystem. Die Au\u00dfenpolitik ist ein Privileg, das der Kaiserkrone vorbehalten ist. Der nach althergebrachter Weise gew\u00e4hlte Senat steht dem Kaiser als Stabsstelle mit einer rein beratenden Funktion zur Verf\u00fcgung, besitzt jedoch keinerlei Weisungsbefugnis. Kaiser Barad Konar hat in Anlehnung an die traditionelle K\u00f6nigliche Verwaltung in Donnerheim neuerdings &hellip;<\/p>\n<p class=\"read-more\"> <a class=\"\" href=\"https:\/\/engonien.net\/engonienwiki\/?page_id=354\"> <span class=\"screen-reader-text\">Die kaiserlichen \u00c4mter<\/span> Weiterlesen &raquo;<\/a><\/p>\n","protected":false},"author":1,"featured_media":0,"parent":0,"menu_order":0,"comment_status":"closed","ping_status":"closed","template":"","meta":[],"_links":{"self":[{"href":"https:\/\/engonien.net\/engonienwiki\/index.php?rest_route=\/wp\/v2\/pages\/354"}],"collection":[{"href":"https:\/\/engonien.net\/engonienwiki\/index.php?rest_route=\/wp\/v2\/pages"}],"about":[{"href":"https:\/\/engonien.net\/engonienwiki\/index.php?rest_route=\/wp\/v2\/types\/page"}],"author":[{"embeddable":true,"href":"https:\/\/engonien.net\/engonienwiki\/index.php?rest_route=\/wp\/v2\/users\/1"}],"replies":[{"embeddable":true,"href":"https:\/\/engonien.net\/engonienwiki\/index.php?rest_route=%2Fwp%2Fv2%2Fcomments&post=354"}],"version-history":[{"count":1,"href":"https:\/\/engonien.net\/engonienwiki\/index.php?rest_route=\/wp\/v2\/pages\/354\/revisions"}],"predecessor-version":[{"id":355,"href":"https:\/\/engonien.net\/engonienwiki\/index.php?rest_route=\/wp\/v2\/pages\/354\/revisions\/355"}],"wp:attachment":[{"href":"https:\/\/engonien.net\/engonienwiki\/index.php?rest_route=%2Fwp%2Fv2%2Fmedia&parent=354"}],"curies":[{"name":"wp","href":"https:\/\/api.w.org\/{rel}","templated":true}]}}