{"id":358,"date":"2018-03-06T18:04:12","date_gmt":"2018-03-06T18:04:12","guid":{"rendered":"https:\/\/engonien.net\/engonienwiki\/?page_id=358"},"modified":"2018-06-07T18:01:06","modified_gmt":"2018-06-07T18:01:06","slug":"der-senat","status":"publish","type":"page","link":"https:\/\/engonien.net\/engonienwiki\/?page_id=358","title":{"rendered":"Der Senat"},"content":{"rendered":"<h1 id=\"der_senat\" class=\"sectionedit1\"><\/h1>\n<div class=\"level1\"><\/div>\n<h2 id=\"gruendung_des_kaiserlichen_senates\" class=\"sectionedit2\">Gr\u00fcndung des kaiserlichen Senates<\/h2>\n<div class=\"level2\">\n<p>Nach dem gro\u00dfen Br\u00fcderkrieg vereinte <a class=\"wikilink1\" title=\"landeskunde:jeldrik\" href=\"https:\/\/www.larp-koeln.de\/doku.php?id=landeskunde:jeldrik\">Jeldrik<\/a> die vier <a class=\"wikilink2\" title=\"landeskunde:provinzen\" href=\"https:\/\/www.larp-koeln.de\/doku.php?id=landeskunde:provinzen\" rel=\"nofollow\">Provinzen<\/a> unter sich zu einem Kaiserreich. Allen vier Provinzen wurde eine gewisse politische und wirtschaftliche Unabh\u00e4ngigkeit zugestanden, doch hatten sie dem Wort Kaiser Jeldriks Folge zu leisten. Die Provinzen <a class=\"wikilink1\" title=\"landeskunde:tangara\" href=\"https:\/\/www.larp-koeln.de\/doku.php?id=landeskunde:tangara\">Tangara<\/a>,<a class=\"wikilink1\" title=\"landeskunde:andarra\" href=\"https:\/\/www.larp-koeln.de\/doku.php?id=landeskunde:andarra\">Andarra<\/a> und <a class=\"wikilink1\" title=\"landeskunde:silvanaja\" href=\"https:\/\/www.larp-koeln.de\/doku.php?id=landeskunde:silvanaja\">Silvanaja<\/a> jubelten ob dieser Bestimmung, schlie\u00dflich wurden sie nun auf Augenh\u00f6he mit dem K\u00f6nigreich <a class=\"wikilink1\" title=\"landeskunde:caldrien\" href=\"https:\/\/www.larp-koeln.de\/doku.php?id=landeskunde:caldrien\">Caldrien<\/a> gebracht. Als Ausgleich entschied Jeldrik, dass die Hauptstadt des Kaiserreiches in <a class=\"wikilink1\" title=\"landeskunde:caldrien\" href=\"https:\/\/www.larp-koeln.de\/doku.php?id=landeskunde:caldrien\">Caldrien<\/a> liegen und den Namen <a class=\"wikilink1\" title=\"landeskunde:engonia\" href=\"https:\/\/www.larp-koeln.de\/doku.php?id=landeskunde:engonia\">Engonia<\/a> erhalten solle. Seit Jeldriks Verschwinden regierte der kaiserliche Senat von Engonia aus bis zur Machtergreifung Barad Konars die Geschicke Engoniens.<\/p>\n<\/div>\n<h2 id=\"die_aufloesung_des_senats_261_nj\" class=\"sectionedit3\">Die Aufl\u00f6sung des Senats (261 n.J.)<\/h2>\n<div class=\"level2\">\n<p>W\u00e4hrend Barad Konars kurzen Schreckensherrschaft existierte der Senat noch, hatte aber de facto keine Macht mehr. Mit Ende des Br\u00fcderkrieges und der Spaltung des einstigen Kaiserreiches h\u00f6rte auch der Senat auf zu existieren. Das einstige Senatsgeb\u00e4ude, auch bekannt als der Kaiserpalast, dient nun als Verwaltungssitz der Jeldriken.<\/p>\n<\/div>\n<h2 id=\"der_kaiserliche_senat_unter_barad_konar_257-260_nj\" class=\"sectionedit4\">Der kaiserliche Senat unter Barad Konar (257-260 n.J.)<\/h2>\n<div class=\"level2\">\n<p>Eine von Barad Konars ersten Amtshandlungen nach Erlangung der Kaiserw\u00fcrde war eine Neubesetzung des Senates, da mehrere Pl\u00e4tze frei geworden waren.<\/p>\n<p>Aus Caldrien sind nun der Herzog von Hanekamp, der Graf von Voranenburg und der Vogt von Salmar die neuen Senatoren. Barad Konar verzichtet auf den Senatorenposten, der ihm zusteht, da er zugleich der F\u00fcrst von Middenfelz ist. S\u00fcdcaldrische Senatoren sind Fester Fammerloh, B\u00fcrgermeister von Brega, Jesrandil Bernstein, B\u00fcrgermeister von Uld sowie Rudolf Vahlen, B\u00fcrgermeister von Taga. Aus Silvanaja sind nun Dragan von Trutzbergen sowie die beiden H\u00e4uptlingss\u00f6hne vom Volksstamm der Ragot, die in Engonia dem Kaiser die Treue schworen, als Senatoren bestimmt worden. Aus Andarra sind H\u00e4ndler aus dem mittlerweile zerst\u00f6rten Handelsposten Falkenr\u00fccken zu Senatoren ernannt worden. Es handelt sich hier bei um Aelrethun, Melisandre und Ryannon vom Klan der Illey.<\/p>\n<\/div>\n<h2 id=\"der_kaiserliche_senat_nach_jeldrik_ab_1_nj\" class=\"sectionedit5\">Der kaiserliche Senat nach Jeldrik (ab 1 n.J.)<\/h2>\n<div class=\"level2\">\n<p>Als Jeldrik die L\u00e4nder Caldrien, Tangara, Andarra und Silvanaja zum engonischen Reich einte und \u00fcber diesen neu entstandenen Staat als einziger und unangefochtener Herrscher regierte erschuf er den engonischen Senat als seinen Berater und Stellvertreter. Der Engonische Senat symbolisiert die Zusammenkunft und den Bund der V\u00f6lker vor der gro\u00dfen Schlacht des Bruderkrieges, als der caldrische Imperator die anderen V\u00f6lker um Hilfe ersuchte und zum ersten Mal die ehemaligen Feinde friedlich zusammentrafen. Den Sitz des Senates legte Jeldrik in ein kleines St\u00e4dtchen am Osten Caldriens, dass er dann Engon nannte und das sich aufgrund dieser neugewonnenen Bedeutung zu einer gro\u00dfen Stadt weiterentwickelt hat. Nach Jeldriks Verschwinden im Jahre 123 nach Jeldrik nahm der Senat seine Stellvertreterpositon war und regiert seit dem das Land im Namen des Kaisers, bis dieser zur\u00fcckkehrt und sein Volk wieder selber f\u00fchrt.<\/p>\n<p>Im Kriegsfall und in Krisenzeiten hat jede Provinz drei Stimmen und eine Mehrheit ist von N\u00f6ten, um einen Beschluss zu fassen der ganz Engonien betrifft. Jeder der insesamt zw\u00f6lf Senatoren kann eine solche Krisensitzung einberufen. Vor der Machtergreifung Barad Konars setzte sich der Senat in Krisenzeiten wie folgt zusammen:<\/p>\n<p><strong>Caldrien<\/strong><\/p>\n<p>Die K\u00f6nigin von Caldrien und zwei ihrer Vasallen sind stimmberechtigt. Die Vasallen stimmen stets im gleichen Sinne ab wie die K\u00f6nigin. Caldrische Senatoren:<\/p>\n<ul>\n<li class=\"level1\">\n<div class=\"li\">Die K\u00f6nigin Loenna von Donnerheim<\/div>\n<\/li>\n<li class=\"level2\">\n<div class=\"li\">Der F\u00fcrst Barad Konar von Middenheim<\/div>\n<\/li>\n<li class=\"level2\">\n<div class=\"li\">Der Herzog Heinrich von Hanekamp<\/div>\n<\/li>\n<\/ul>\n<p><strong>Tangara<\/strong><\/p>\n<p>Drei der f\u00fcnf B\u00fcrgermeister sind stimmberechtigt, die Stimmberechtigten werden angeblich in einer geheimen Sitzung unter ihnen f\u00fcr unbestimmte Zeit gek\u00fchrt. Tangarische Senatoren:<\/p>\n<ul>\n<li class=\"level1\">\n<div class=\"li\">Jesrandil Bernstein, B\u00fcrgermeister von Uld<\/div>\n<\/li>\n<li class=\"level1\">\n<div class=\"li\">Fester Fammerloh, B\u00fcrgermeister von Brega<\/div>\n<\/li>\n<li class=\"level1\">\n<div class=\"li\">Tjalko Ghoulsen, B\u00fcrgermeister von Neldan<\/div>\n<\/li>\n<\/ul>\n<p><strong>Andarra<\/strong><\/p>\n<p>Das Thing der St\u00e4mme bestimmt nach geheimen Br\u00e4uchen drei Abgesandte, die f\u00fcr die andarrischen St\u00e4mme das Stimmrecht im Senat aus\u00fcben werden. Andarrische Senatoren:<\/p>\n<ul>\n<li class=\"level1\">\n<div class=\"li\">Glainen Is Folley, Stammeskrieger von den Illey<\/div>\n<\/li>\n<li class=\"level1\">\n<div class=\"li\">Verix, Druide der Bergonen<\/div>\n<\/li>\n<li class=\"level1\">\n<div class=\"li\">Jeradil Rabenschwinge, Priesterin von den Ipek<\/div>\n<\/li>\n<\/ul>\n<p><strong>Silvanaja<\/strong><\/p>\n<p>Jeder der drei St\u00e4mme bestimmt einen stimmberechtigten Abgesandten. Silvanajasche Senatoren:<\/p>\n<ul>\n<li class=\"level1\">\n<div class=\"li\">Yailtenna, Kriegerin der Zarsuk<\/div>\n<\/li>\n<li class=\"level1\">\n<div class=\"li\">Anna Kreuzwinkel, H\u00e4ndlerstochter aus Tangara, spricht f\u00fcr die Surek<\/div>\n<\/li>\n<li class=\"level1\">\n<div class=\"li\">Dragan von Trutzbergen<\/div>\n<\/li>\n<\/ul>\n<p>In Friedenszeiten tritt eine andere, gr\u00f6\u00dfere und die Bev\u00f6lkerungsst\u00e4rke repr\u00e4sentierende Verteilung in Kraft, in der auch Minderheiten wie Elfen und Zwerge vertreten sind. Caldrien schickt in diesen Zeiten diplomatische Attach\u00e9s aus den verschiedensten Adelsfamilien, ebenso wie auch Tangaras m\u00e4chtigste Handelsh\u00e4user ihre S\u00f6hne und T\u00f6chter zur Vertretung der eigenen Interessen entsenden. Andarras Senatoren gr\u00e4men sich fern der Heimat zu sein und beteiligen sich nicht an der hohen Politik, w\u00e4hrend Silvanajas Senatoren aus Frauen sowie alten M\u00e4nnern besteht, die durch P\u00f6beleien und der st\u00e4ndigen Forderung nach neuen Kriegen auffallen.<\/p>\n<\/div>\n","protected":false},"excerpt":{"rendered":"<p>Gr\u00fcndung des kaiserlichen Senates Nach dem gro\u00dfen Br\u00fcderkrieg vereinte Jeldrik die vier Provinzen unter sich zu einem Kaiserreich. Allen vier Provinzen wurde eine gewisse politische und wirtschaftliche Unabh\u00e4ngigkeit zugestanden, doch hatten sie dem Wort Kaiser Jeldriks Folge zu leisten. Die Provinzen Tangara,Andarra und Silvanaja jubelten ob dieser Bestimmung, schlie\u00dflich wurden sie nun auf Augenh\u00f6he mit &hellip;<\/p>\n<p class=\"read-more\"> <a class=\"\" href=\"https:\/\/engonien.net\/engonienwiki\/?page_id=358\"> <span class=\"screen-reader-text\">Der Senat<\/span> Weiterlesen &raquo;<\/a><\/p>\n","protected":false},"author":1,"featured_media":0,"parent":0,"menu_order":0,"comment_status":"closed","ping_status":"closed","template":"","meta":[],"_links":{"self":[{"href":"https:\/\/engonien.net\/engonienwiki\/index.php?rest_route=\/wp\/v2\/pages\/358"}],"collection":[{"href":"https:\/\/engonien.net\/engonienwiki\/index.php?rest_route=\/wp\/v2\/pages"}],"about":[{"href":"https:\/\/engonien.net\/engonienwiki\/index.php?rest_route=\/wp\/v2\/types\/page"}],"author":[{"embeddable":true,"href":"https:\/\/engonien.net\/engonienwiki\/index.php?rest_route=\/wp\/v2\/users\/1"}],"replies":[{"embeddable":true,"href":"https:\/\/engonien.net\/engonienwiki\/index.php?rest_route=%2Fwp%2Fv2%2Fcomments&post=358"}],"version-history":[{"count":1,"href":"https:\/\/engonien.net\/engonienwiki\/index.php?rest_route=\/wp\/v2\/pages\/358\/revisions"}],"predecessor-version":[{"id":359,"href":"https:\/\/engonien.net\/engonienwiki\/index.php?rest_route=\/wp\/v2\/pages\/358\/revisions\/359"}],"wp:attachment":[{"href":"https:\/\/engonien.net\/engonienwiki\/index.php?rest_route=%2Fwp%2Fv2%2Fmedia&parent=358"}],"curies":[{"name":"wp","href":"https:\/\/api.w.org\/{rel}","templated":true}]}}