{"id":37,"date":"2018-03-04T17:38:02","date_gmt":"2018-03-04T17:38:02","guid":{"rendered":"https:\/\/engonien.net\/engonienwiki\/?page_id=37"},"modified":"2018-06-07T18:01:07","modified_gmt":"2018-06-07T18:01:07","slug":"alamar","status":"publish","type":"page","link":"https:\/\/engonien.net\/engonienwiki\/?page_id=37","title":{"rendered":"Alamar"},"content":{"rendered":"<p><b>Alamar<\/b> ist der H\u00fcter \u00fcber Recht und Ordnung und der Schutzherr der weltlichen Herrschaft. Er ist die Sonne, die in ihrem geordneten Lauf \u00fcber das Firmament jede Untat sieht und jedes \u00dcbel mit seiner brennenden Kraft ausmerzt. Er ist das Licht, das durch dunkle Zeiten leitet und die Flamme, die in kalten N\u00e4chten w\u00e4rmt. Die ihm geheiligten Tiere sind der Adler und der L\u00f6we sowie &#8211; als Synthese aus beidem &#8211; der Greif. Sein ewiger Feind sind das sich windende Chaos und die finsteren M\u00e4chte, verk\u00f6rpert durch seinen gestaltlosen Widerpart im Pantheon, dem Gott Szivar.<\/p>\n<p>Alamar ist unter anderem der Reichsgott Caldriens. Der Adel beruft sich auf ihn als Schutzgott und best\u00e4tigt so dessen erh\u00f6hte Stellung, denn die Standesordnung wird als gottgegeben und von Alamar ausdr\u00fccklich erw\u00fcnscht dargestellt.<\/p>\n<p>Im Namen Alamars darf kein Unrecht geschehen, in seinem Namen wird das B\u00f6se vertrieben. Deshalb wird er von den Rittern, f\u00fcr die Ehre kein hohler Begriff ist, noch vor Tior, dem Kriegsgott, verehrt. Alamar ist auch der Gott des Gesetzes, daher sind Alamarpriester immer auch Rechtsgelehrte und werden heutzutage gerne um Rat bei juristischen Angelegenheiten gefragt. Ihr Wort gilt in diesem Punkte bei Vielen sogar als gewichtiger als das des \u00f6rtlichen Machthabers. F\u00fcr einen Alamarpriester ist das Recht der Welt etwas, was Gerechtigkeit bringt und ohne die Befolgung des Rechts kann es keine Gerechtigkeit geben. Sie achten auf die Einhaltung g\u00f6ttlichen und weltlichen Rechtes und kennen ihn diesem Punkte auch keine Nachgiebigkeit gegen\u00fcber dem Freund. Bei der einfachen Bev\u00f6lkerung wird er als Schutzgott verehrt, der das B\u00f6se mit hellem Schein vertreibt und dessen Gebote die Herrscher zum Schutz ihrer Untertanen auffordert. Alamarpriester sind daf\u00fcr bekannt, b\u00f6se Magier und finstere Kreaturen aufzust\u00f6bern und zu bek\u00e4mpfen. Die Tempel Alamars sind in finsteren Zeiten und bei Angriffen durch Szivar Zufluchtsorte f\u00fcr das einfache Volk.<\/p>\n<p>Magie ist Alamar kein Greuel, aber wie jedes Werkzeug kann es zum Schlechten genutzt werden. Alamar und seine Priester schauen missbilligend auf die grenzenlose und ethisch ungebundene Forschung, die viele Magier antreibt. Das f\u00fchrt jedoch nicht zu einer prinzipiellen Ablehnung der zaubernden Zunft, aber zu einer k\u00fchlen Haltung zwischen den weltlichen Akademien und den Priestern Alamars.<\/p>\n<p><strong>Totenglaube:<\/strong><br \/>\nDie lichtdurchfluteten Marmorhallen des Sonnengottes sind Bestandteil mancher Schriften. Alamar erhebt die Seinen an seine Seite, auf dass sie ihn unterst\u00fctzen in der ewigen Rechtsprechung und sein Licht begleiten an jedem neuen Tag. Man erz\u00e4hlt sich, dass in der Anwesenheit Alamars seine Diener sich auf ewig der Wahrheit der Welt ann\u00e4hern, und so irgendwann unter Alamars Krone die ganze Welt auf ewig in Wahrheit und Licht festschreiben.<\/p>\n<p><strong>Symbole:<\/strong><br \/>\nSonne! (in zweiter Linie auch: Greif, Fackel)<\/p>\n<p><strong>Farben:<\/strong><br \/>\nGelb, Wei\u00df, Rot<\/p>\n<p><strong>Opfer:<\/strong><br \/>\nIn den Opferdiensten werden immer Wasser, Brot und Salz geopfert.<br \/>\nAnsonsten werden kleine und gro\u00dfe Tiere geopfert, je nach Wichtigkeit des Anliegens.<\/p>\n<p><strong>Wichtige Tempel und Orte:<\/strong><br \/>\nDer Alamartempel von Engonia.<br \/>\nDer Alamartempel von Donnerheim.<br \/>\nDer S\u00e4ulenschrein am Ahrnwall.<br \/>\nDer Tempel zu Barebury.<\/p>\n<p><strong>Heilige:<\/strong><br \/>\nAjan, Schutzherr der geistigen Streiter Alamars<br \/>\nSteht f\u00fcr: Tapferkeit, Intelligenz, Bed\u00e4chtigkeit, Weisheit, Demut<\/p>\n<p>Nelor, Schutzherr der weltlichen Streiter Alamars<br \/>\nSteht f\u00fcr: Mut, St\u00e4rke, Eifer, Kampf, Einigkeit<\/p>\n<p>Kelos, Schutzherr des Adels<br \/>\nSteht f\u00fcr: Gerechtigkeit, Strenge, V\u00e4terlichkeit, Schutz, Stolz<\/p>\n<p>Halia, Schutzherrin der Frauen, die in Alamars Namen leben<br \/>\nSteht f\u00fcr: Bescheidenheit, Kampf, Mut, St\u00e4rke, Schutz<\/p>\n<p>Sirasa, Schutzherrin des gemeinen Volkes<br \/>\nSteht f\u00fcr: Demut, Bescheidenheit, Eifer, Friedlichkeit, Gerechter Zorn<\/p>\n<h3><span id=\"Ein_Artikel_.C3.BCber_die_Alamarkirche\" class=\"mw-headline\">Ein Artikel \u00fcber die Alamarkirche<\/span><\/h3>\n<p>Dies ist ein Artikel einer neuen Reihe aus der Hand von Magister Alexej Tischenko vom Bund zu Ayd&#8217;Owl. Den Anfang wird der Alamarkult machen, der seit jeher eine der einflussreichsten Kulte Engoniens ist und erst in j\u00fcngerer Zeit durch das Erstarken des Tiorskultes an Einfluss verloren hat. Aber nun \u00fcbergeben wir dem Magister das Wort:<\/p>\n<p>Der Alamarkult ist in ganz Engonien verbreitet, vom n\u00f6rdlichen Firngard bis hin zu Fanada, von der Baronie Feuerklinge bis nach Caer Conway. Einzig und allein die Barbaren sind keine grossen Freunde des Alamarkultes, vertritt er doch eine geordnete Herrschaftsstruktur, die in Silvanaja in dieser Form nicht zu finden ist. Die Verehrung durch den Adel ist, neben anderen Dingen, der Grund, dass die gr\u00f6ssten und prachtvollsten Tempel sowie viele Kl\u00f6ster in Caldrien zu finden sind. Daher lenkten mich meine Schritte in die grossen Tempel in Engonia und Donnerheim, aber auch in kleinere Tempel in Tangara.<\/p>\n<p>Dort fallen einem unter anderem die Reicht\u00fcmer auf, die offen in den Tempeln zur Schau gestellt werden. Man erkl\u00e4rte mir, dass Alamar jeden strafen w\u00fcrde, der hier einen Diebstahl begehen wolle. All diese Pracht, die auch in kleineren Tempeln zu finden ist, soll dem dort angebeteten Gott zur Ehre gereichen. Die Tempel selbst sind oft durch geschickt angebrachte und polierte Metallfl\u00e4chen und grosse Glasfenster sehr lichtreich. Ein zentral angebrachtes Licht brennt Tag und Nacht, es wird zum rituellen Entz\u00fcnden des Opferfeuers w\u00e4hrend der regelm\u00e4ssig stattfinden Opferrituale verwendet.<\/p>\n<p>Die Tempel Alamars haben oft einen Vorraum, der von der Dunkelheit Reisenden einen sicheren Ort geben soll. Die meisten Tempel bieten neben ihrer religi\u00f6sen Funktion auch zahlreiche weltliche Dienste an: Novizen, die als Schreiber t\u00e4tig sind, Beglaubigungen f\u00fcr Vertr\u00e4ge, Vermittlungen f\u00fcr strittige F\u00e4lle sowie Hilfen bei \u00fcbernat\u00fcrlichen Problemen.<\/p>\n<p>Was jedem Beobachter auff\u00e4llt, sind diejenigen, die Alamars Wort in der Welt verbreiten, angefangen bei ihrem Titel &#8222;Flamen Solis Alamariani&#8220;, der laut Aufzeichnung des Kultes bis in graue Vorzeit, zu dem ersten und gr\u00f6ssten alamarianischen Heiligen, Ajan, zur\u00fcckreicht. Laut der Sage gab Alamar selbst diesen Titel an Ajan und erst in historischer Zeit wurde der Beiname Magnus &#8211; Der Gro\u00dfe &#8211; verwendet, um eine hierarchische Unterscheidung zu erhalten. Sehr auff\u00e4llig ist die Kleidung der Flamines Solis Alamariani. Man sieht sie eigentlich nur in wei\u00df-rot-goldenen Gew\u00e4ndern, sichtbar verziert mit dem Symbol Alamars, der Sonne sowie dem obligatorischen Sonnenanh\u00e4nger. Wie mir in Engonia versichert wurde, ist dies nicht nur in Friedenszeiten \u00fcblich. Im Kampf verlassen sich nur Novizen auf R\u00fcstung, insbesondere die Flamines verlassen sich nahezu immer auf die wundert\u00e4tige Hand ihres Gottes.<\/p>\n<p>Viel interessanter, auch wenn es weniger ins Auge f\u00e4llt, ist das Verhalten der Flamines. Die folgenden Zeilen haben keinen Anspruch auf Allgemeing\u00fcltigkeit: Unter den Flamines wird sehr viel Wert auf die sogenannte Dignitas, die W\u00fcrde, gelegt. So ist dem Novizen noch viel erlaubt, von den Flamines wird ab dem Zeitpunkt der Ernennung aber ein gewisses Verhalten erwartet. Ich habe einmal eine Liste mit den wichtigsten Eigenschaften eines Flamen angelegt:<\/p>\n<ul>\n<li>Ehrlichkeit: Dies ist die absolut grundlegende Tugend f\u00fcr einen Vertreter des Kults<\/li>\n<li>Bekenntnis: Hiermit ist vor allem gemeint, dass sich ein Flamen niemals beugt und niemals seinen Kult verleugnet<\/li>\n<li>Demut, insbesondere gegen\u00fcber Alamar. Es gibt viele Heiligengeschichten, die sich gegen zu stolz gewordene Flamines richten, offenbar eine oft erlebte Gefahr in diesem Kult. Nat\u00fcrlich hat jeder von uns auch schonmal den sprichw\u00f6rtlichen stolzen Flamen erlebt, mir wurde jedoch versichert, dass Alamar nicht allzu wohlgef\u00e4llig auf diese Flamines herabblickt<\/li>\n<\/ul>\n<p>Es gibt auch die praktischeren Vorschriften, die insbesondere die Vorbildfunktion der Flamines unterstreichen sollen:<\/p>\n<ul>\n<li>M\u00e4ssigung in allen Gen\u00fcssen. Vor allem sind hier Alkohol und andere berauschende Substanzen, aber auch die V\u00f6llerei, gemeint<\/li>\n<li>Abkehr von jeglicher Promiskuit\u00e4t. Der ideale Flamen lebt ein gesittetes Leben mit einer ehrenwerten Frau. Man sollte hier anmerken, dass der Alamarkult ein Z\u00f6libat kritisch betrachtet, vermutlich auch wegen der N\u00e4he zum Laviniakult<\/li>\n<li>Barmherzigkeit, insbesondere denen gegen\u00fcber, die sich nicht selbst helfen k\u00f6nnen. Dies ist eine Tugend, die sich bei weitem nicht \u00fcberall findet. Insbesondere in den st\u00e4rker der Szivarsbek\u00e4mpfung gewidmeten Kl\u00f6stern und nat\u00fcrlich der Inquisition wird diese Tugend eher als Schw\u00e4che angesehen<\/li>\n<li>Reinlichkeit. Diese Tugend wird vor allem in Tempeln hochgesch\u00e4tzt<\/li>\n<\/ul>\n<p>Es gibt noch eine Reihe weiterer Tugenden, die aber entweder kaum beachtet werden oder nur regionale Verbreitung finden. All diese Tugenden zusammen bilden die &#8211; leicht diffus anmutende &#8211; Dignitas. Leider fehlten mir die Jahre, um diesen Aspekt des Alamarkultes so weit zu untersuchen, dass ich einen ersch\u00f6pfenden \u00dcberblick bieten k\u00f6nnte, aber diese grobe Zusammenfassung hilft dem geneigten Leser sicherlich, den n\u00e4chsten Flamen, dem er begegnet, besser einzusch\u00e4tzen.<\/p>\n<p>Um noch ein paar Worte zur Struktur des Kultes zu verlieren: Trotz aller rigiden Vorschriften und positiven Einstellung ist der Alamarkult doch zersplittert. Vielleicht hat ein grosser Tempel die M\u00f6glichkeit, Einfluss auf die kleineren Tempel seiner Umgebung zu nehmen, aber de jure sind sie unabh\u00e4ngig. Es existiert nach dem, was ich vielerorts erfahren habe, nur eine M\u00f6glichkeit, alle Tempel zu koordinieren: Ein sogenanntes Consilium. Zu dieser Veranstaltung sind wohl alle Flamines geladen und jeder unter ihnen hat f\u00fcr die endg\u00fcltige Entscheidung \u00fcber einen Punkt eine Stimme. Solche Treffen sind wohl sehr selten und angeblich immer durch Alamar selbst inspiriert.<\/p>\n<p>Grund f\u00fcr diese Zersplitterung ist wohl die hohe Unabh\u00e4ngigkeit der einzelnen Flamines, da jeder von ihnen dem Vernehmen nach von Alamar selbst zum Flamen ernannt wird und daher auch nur ihm verantwortlich sind.<\/p>\n<p>Dies f\u00fchrte nat\u00fcrlich in Verbindung mit der hohen Ehrerbietung, die Flamines dem weltlichen Gesetz gegen\u00fcberbringen, dazu, dass nach Konars Machtergreifung viele Alamarpriester sich Barad Konar unterwarfen. Erst zu Beginn des Pilgerzuges und der offenen Kriegserkl\u00e4rung der f\u00fcnf G\u00f6tter an Konar wechselten sie, wie viele andere, die Seiten.<\/p>\n<p>Interessant ist in diesem Zusammenhang auch die Ernennung des Flamen Magnus im Vergleich zum Flamen. Ein Novize wird Flamen, wenn er sich Alamar mit voller Seele widmet und der Weiheritus vollzogen wurde. Um aber den Beinamen Magnus zu erhalten, sind wohl mir leider unbekannte Vorbedingungen zu erf\u00fcllen. Aus verschiedenen Berichten und Gespr\u00e4chen, die ich gelesen und gef\u00fchrt habe, l\u00e4sst sich aber vermuten, dass eine besondere Hingabe und Heiligkeit des Flamen deutlich werden muss. Dies erkl\u00e4rt auch die relativ geringe Zahl an Flamines Magni.<\/p>\n<p>Eine Sonderrolle nimmt die sogenannte Inquisition von Barebury ein. Entstanden aus dem noblen Wunsch, \u00fcble Magie zu bek\u00e4mpfen ist die Inquisition inzwischen daf\u00fcr bekannt, Magierm\u00f6rdern und zwielichtigen Hexenj\u00e4gern Unterschlupf zu gew\u00e4hren. Besonders eklatant wurde dies vor der Machtergreifung Konars: Sie griffen in eine Verfolgung durch die Reichsgarde ein und verhinderten die Ergreifung von M\u00f6rdern an einem Novizen der Ayd&#8217;Owl.<\/p>\n<p>Massiv geschw\u00e4cht durch die Eroberung Ahrnburgs durch den Lupus Umbra sind nur noch die fanatischsten und verbohrtesten Inquisitoren \u00fcber, die Magiern insgesamt die Schuld an Konars Machtergreifung geben. Leider finden sie damit bei einigen fehlgeleiteten Bauern massiven Anklang. Entscheidend f\u00fcr den heutigen Umgang mit der Inquisition ist f\u00fcr den restlichen Kult die Tatsache, dass sich nur sehr wenige Flamines in der Inquisition finden und kein einziger Flamen Magnus. Inquisitoren selber sind oft eher K\u00e4mpfer und Magierj\u00e4ger, aber sie wirken f\u00fcr gew\u00f6hnlich keine Wunder.<\/p>\n<p>Die Flamines des Kultes sind im Allgemeinen sehr standesbewusst. Sie sehen sich im Lichte ihres Gottes stehen und verhalten sich auch dementsprechend. Der normale Flamen ist zwar kein Adeliger oder reicher Kaufmann, sollte aber wie ein solcher behandelt werden. Auch als einflussreicher B\u00fcrger sollte man einen Flamen nicht einfach ignorieren oder gar bedrohen, der Kult als Ganzes kann sehr energisch reagieren und hat nicht wenig Einfluss. Nat\u00fcrlich gilt dies erst recht bei einem der selten Flamines Magi. Diese seltenen Vertreter des Kultes haben grosse pers\u00f6nliche Macht und einen grossen Einfluss im gesamten Kult.<\/p>\n<p>Abschliessend bleibt mir zu sagen: Bis auf die Inquisition sind die Vertreter des Alamarkults durchaus angenehme Gespr\u00e4chspartner. Sie sind allerdings oft bis an die Grenzen des f\u00fcr mich Ertr\u00e4glichen regelversessen und detailgenau. Wenn man sich aber gesetzestreu verh\u00e4lt und sie h\u00f6flich und zuvorkommend behandelt, helfen einem die Flamines Solis Alamariani in vielen Notlagen.<\/p>\n","protected":false},"excerpt":{"rendered":"<p>Alamar ist der H\u00fcter \u00fcber Recht und Ordnung und der Schutzherr der weltlichen Herrschaft. Er ist die Sonne, die in ihrem geordneten Lauf \u00fcber das Firmament jede Untat sieht und jedes \u00dcbel mit seiner brennenden Kraft ausmerzt. Er ist das Licht, das durch dunkle Zeiten leitet und die Flamme, die in kalten N\u00e4chten w\u00e4rmt. Die &hellip;<\/p>\n<p class=\"read-more\"> <a class=\"\" href=\"https:\/\/engonien.net\/engonienwiki\/?page_id=37\"> <span class=\"screen-reader-text\">Alamar<\/span> Weiterlesen &raquo;<\/a><\/p>\n","protected":false},"author":1,"featured_media":0,"parent":5,"menu_order":0,"comment_status":"closed","ping_status":"closed","template":"","meta":[],"_links":{"self":[{"href":"https:\/\/engonien.net\/engonienwiki\/index.php?rest_route=\/wp\/v2\/pages\/37"}],"collection":[{"href":"https:\/\/engonien.net\/engonienwiki\/index.php?rest_route=\/wp\/v2\/pages"}],"about":[{"href":"https:\/\/engonien.net\/engonienwiki\/index.php?rest_route=\/wp\/v2\/types\/page"}],"author":[{"embeddable":true,"href":"https:\/\/engonien.net\/engonienwiki\/index.php?rest_route=\/wp\/v2\/users\/1"}],"replies":[{"embeddable":true,"href":"https:\/\/engonien.net\/engonienwiki\/index.php?rest_route=%2Fwp%2Fv2%2Fcomments&post=37"}],"version-history":[{"count":3,"href":"https:\/\/engonien.net\/engonienwiki\/index.php?rest_route=\/wp\/v2\/pages\/37\/revisions"}],"predecessor-version":[{"id":488,"href":"https:\/\/engonien.net\/engonienwiki\/index.php?rest_route=\/wp\/v2\/pages\/37\/revisions\/488"}],"up":[{"embeddable":true,"href":"https:\/\/engonien.net\/engonienwiki\/index.php?rest_route=\/wp\/v2\/pages\/5"}],"wp:attachment":[{"href":"https:\/\/engonien.net\/engonienwiki\/index.php?rest_route=%2Fwp%2Fv2%2Fmedia&parent=37"}],"curies":[{"name":"wp","href":"https:\/\/api.w.org\/{rel}","templated":true}]}}