{"id":373,"date":"2018-03-07T19:00:33","date_gmt":"2018-03-07T19:00:33","guid":{"rendered":"https:\/\/engonien.net\/engonienwiki\/?page_id=373"},"modified":"2018-06-07T18:01:08","modified_gmt":"2018-06-07T18:01:08","slug":"magister-stauffer","status":"publish","type":"page","link":"https:\/\/engonien.net\/engonienwiki\/?page_id=373","title":{"rendered":"Magister Stauffer"},"content":{"rendered":"<h1 id=\"magister_stauffer\" class=\"sectionedit1\"><\/h1>\n<div class=\"level1\"><\/div>\n<h2 id=\"magus_sanctum_ezekiel_stauffer\" class=\"sectionedit2\">Magus Sanctum Ezekiel Stauffer<\/h2>\n<div class=\"level2\">\n<p>Aus der Vita Ezekiel Stauffer aus \u201eBer\u00fchmte Magier Engoniens\u201c Auflage 256<\/p>\n<p>Magister Stauffer wurde 220 nach Jeldrik in Donnerheim als Sohn angesehener Handwerker und Holzschnitzer in Donnerheim geboren. Fr\u00fch wurde man auf seine au\u00dfergew\u00f6hnliche magische Begabung aufmerksam und er erhielt einen gef\u00f6rderten Platz an der ehrw\u00fcrdigen Akademie zu Donnerheim. Schon w\u00e4hrend seiner Zeit als Adept wurde er f\u00fcr den Engonischen Senat als Berater berufen, wo er f\u00fcr mehrere caldrische und tangarianische Senatoren t\u00e4tig war. Eine T\u00e4tigkeit, die er nach seiner Graduierung als Magus Minor zu seinem ausschlie\u00dflichen Beruf machte. Einige fundamentale Praktiken der alten Reichsgarde und \u00c4nderungen in der Architektur und Administration von Engonia sind direkt auf sein Wirken zur\u00fcckzuf\u00fchren. Zu dieser Zeit arbeitete er bereits eng mit Magus Galad et Sanctum Greifenhorst zusammen. Im Jahre 252 nach Jeldrik kehrte er an die Akademie in Donnerheim mit einem neuen Forschungsschwerpunkt in der ars magica sanctum zur\u00fcck und habilitierte drei Jahre sp\u00e4ter als Magus Sanctum, w\u00e4hrend sein ehemaliger Kollege Greifenhorst den Bund zu Ayd&#8216; Owl gr\u00fcndete. Trotz des Angebotes von Greifenhorst im Bund zu Ayd&#8217;Owl mitzuwirken, kehrte Stauffer nach Engonia zur\u00fcck um seine alte Arbeit wieder auszu\u00fcben. Dabei brachte er mehrere Anweisungscodices f\u00fcr das neu erstellte Expeditionscorps, die Reichsgarde und den Senat im Allgemeinen mit auf den Weg. Nach der Machtergreifung Barad Konars sah er sich zunehmens Repressalien und Unterdr\u00fcckungen ausgesetzt, weshalb er seine Anstellung k\u00fcndigte und nun doch in den Dienst der Akademie zu Ayd&#8217;Owl trat. Da Cedric Greifenhorst zusammen mit den anderen Gr\u00fcndern des Bundes zu Ayd&#8216; Owl die meiste Zeit in Andarra mit den Nachforschungen bzgl. der alten Akademie zu Ayd&#8217;Owl verbringt leitet Ezekiel Stauffer als Kanzler und kommissarischer Akademieleiter die neue Akademie zu Ayd&#8216; Owl in Fanada.<\/p>\n<\/div>\n<h2 id=\"ein_aufsatz_von_scolaria_blumfeld_ueber_kanzler_stauffer_260_n_j\" class=\"sectionedit3\">Ein Aufsatz von Scolaria Blumfeld \u00fcber Kanzler Stauffer. 260 n. J.:<\/h2>\n<div class=\"level2\">\n<p>Also Kanzler Stauffer ist ja eigentlich nicht der oberste in der Akademie, denn das sind Greifenhorst, Rabenschwinge und Scelletarius, aber da er immer hier ist und auch Kanzler ist, ist er schon das Oberhaupt. Daher muss Magister Stauffer auch immer viele Briefe schreiben und mit wichtigen Menschen reden und er kommt nur selten dazu selber eine Vorlesung zu halten. Wenn er das aber macht, dass erz\u00e4hlt er meist \u00fcber seine Zeit im engonischen Senat, oder \u00fcber die Schutzmagie, die sein Spezialgebiet ist. Magister Stauffer ist nicht verheiratet und er sagt auch immer, dass er mit seiner Arbeit verheiratet ist und das er keine Zeit f\u00fcr eine Frau und Kinder h\u00e4tte. Dadurch, dass er sich immer um die ganze Akademie k\u00fcmmern muss stimmt das ja auch. Sein Stellvertreter ist Magister Feuerklinge, aber der ist immer irgendwo unterwegs, so dass er eigentlich gar nicht stellvertreten kann und Magister Stauffer trotzdem alle Arbeit machen muss. Neben den Sch\u00fclern muss er sich auch immer mit dem Stadtrat von Fanada auseinandersetzen und die Handelsh\u00e4user verlangen immer etwas von ihm und er muss es ihnen dann ausschlagen. Meistens versuchen sie Adepten vor dem Ende ihrer Ausbildung abzuwerben oder sie in gef\u00e4hrliche Auftr\u00e4ge zu verstricken. Normalerweise wird Magister Staufer nie sauer, aber das einzige mal, als ich ihn wirklich zornig gesehen habe, hat er einen H\u00e4ndler zusammengebr\u00fcllt, der einen Adepten auf eine \u00e4u\u00dferst gef\u00e4hrliche Mission geschickt hatte. Wenn der Kanzler w\u00fctend wird, dann sieht er aus wie ein gro\u00dfer, b\u00f6ser B\u00e4r und br\u00fcllt und schl\u00e4gt um sich. Den H\u00e4ndler hat er durch die Gegend fliegen lassen und sein Haus zum Einsturz gebracht und seit dem hat nie wieder jemand versucht Sch\u00fcler aus der Akademie unn\u00f6tig zu gef\u00e4hrden. Au\u00dfer nat\u00fcrlich am Tag des Wolfes, aber das war ja auch was ganz anderes. An diesem schrecklichen Tag mussten wir alle helfen hat der Kanzler gesagt und das von Zeit zu Zeit ein Punkt kommen w\u00fcrde, an dem man f\u00fcr seine \u00dcberzeugungen k\u00e4mpfen und alles geben muss.<\/p>\n<\/div>\n","protected":false},"excerpt":{"rendered":"<p>Magus Sanctum Ezekiel Stauffer Aus der Vita Ezekiel Stauffer aus \u201eBer\u00fchmte Magier Engoniens\u201c Auflage 256 Magister Stauffer wurde 220 nach Jeldrik in Donnerheim als Sohn angesehener Handwerker und Holzschnitzer in Donnerheim geboren. Fr\u00fch wurde man auf seine au\u00dfergew\u00f6hnliche magische Begabung aufmerksam und er erhielt einen gef\u00f6rderten Platz an der ehrw\u00fcrdigen Akademie zu Donnerheim. Schon w\u00e4hrend &hellip;<\/p>\n<p class=\"read-more\"> <a class=\"\" href=\"https:\/\/engonien.net\/engonienwiki\/?page_id=373\"> <span class=\"screen-reader-text\">Magister Stauffer<\/span> Weiterlesen &raquo;<\/a><\/p>\n","protected":false},"author":1,"featured_media":0,"parent":0,"menu_order":0,"comment_status":"closed","ping_status":"closed","template":"","meta":[],"_links":{"self":[{"href":"https:\/\/engonien.net\/engonienwiki\/index.php?rest_route=\/wp\/v2\/pages\/373"}],"collection":[{"href":"https:\/\/engonien.net\/engonienwiki\/index.php?rest_route=\/wp\/v2\/pages"}],"about":[{"href":"https:\/\/engonien.net\/engonienwiki\/index.php?rest_route=\/wp\/v2\/types\/page"}],"author":[{"embeddable":true,"href":"https:\/\/engonien.net\/engonienwiki\/index.php?rest_route=\/wp\/v2\/users\/1"}],"replies":[{"embeddable":true,"href":"https:\/\/engonien.net\/engonienwiki\/index.php?rest_route=%2Fwp%2Fv2%2Fcomments&post=373"}],"version-history":[{"count":1,"href":"https:\/\/engonien.net\/engonienwiki\/index.php?rest_route=\/wp\/v2\/pages\/373\/revisions"}],"predecessor-version":[{"id":375,"href":"https:\/\/engonien.net\/engonienwiki\/index.php?rest_route=\/wp\/v2\/pages\/373\/revisions\/375"}],"wp:attachment":[{"href":"https:\/\/engonien.net\/engonienwiki\/index.php?rest_route=%2Fwp%2Fv2%2Fmedia&parent=373"}],"curies":[{"name":"wp","href":"https:\/\/api.w.org\/{rel}","templated":true}]}}