{"id":386,"date":"2018-03-07T19:09:31","date_gmt":"2018-03-07T19:09:31","guid":{"rendered":"https:\/\/engonien.net\/engonienwiki\/?page_id=386"},"modified":"2018-06-07T18:01:08","modified_gmt":"2018-06-07T18:01:08","slug":"tagebuch-annabelle","status":"publish","type":"page","link":"https:\/\/engonien.net\/engonienwiki\/?page_id=386","title":{"rendered":"Tagebuch Annabelle"},"content":{"rendered":"<h1 id=\"tagebuch_annabelle\" class=\"sectionedit1\"><\/h1>\n<div class=\"level1\"><\/div>\n<h3 id=\"zweite_woche_im_13ten_mond_des_jahres_1245\" class=\"sectionedit2\">Zweite Woche im 13ten Mond des Jahres 1245<\/h3>\n<div class=\"level3\">\n<p>Liebes Tagebuch ich habe dir schon so lange nicht mehr geschrieben, aber jetzt brauche ich unbedingt jemandem mit dem ich mein Gl\u00fcck teilen kann. Gestern kam ein Aine Priester in unser Dorf und ich habe am Abend wohl noch gesehen wie Papa mit ihm geredet hat. Heute morgen dann hat mich Vater nicht wie sonst mit den anderen M\u00e4dchen in den Wald geschickt sondern ich sollte zu Hause bleiben. Schnell wurde mir dann auch gesagt warum, denn der Prister Airik, sollte wohl kommen um mit mir zu reden. Er kam dann kurz vor Mittag und stellte mir viele merkw\u00fcrdige Fragen und gab mir R\u00e4tsel auf, die ich l\u00f6sen sollte. Nachher unterhielten wir uns noch \u00fcber die G\u00f6ttin und da hat er auch wieder jede Menge Fragen gestellt. Ohne zu sagen was er eigentlich wollte ist er dann wieder weg und ich hab gesehen wie er im Dorf auch noch weiter herumgefragt hat wer mich sonst kenne und etwas \u00fcber mich zu berichten w\u00fcsste. Papa war richtig entt\u00e4uscht als er wegging und schickte mich zu den K\u00f6hlern in den Wald um von ihnen seine Axt wiederzuholen, die er dem Raurik geliehen hatte. Als ich dann zur\u00fcckkam hat er mich freudenstrahlend empfangen und mich in die Arme genommen und gesagt ich w\u00e4re von dem Priester auserw\u00e4hlt worden und ich solle Priesterin der Herrin werden. Da hats bei mir nen Sprung getan und ich hab mich so gefreut und Abends ist dann auch der Priester vorbeigekommen und Mama hat Kohlrabi und Kraut gemacht und zwei H\u00fchner hats auch gegeben. Airik ist dann wieder zum Dorf\u00e4ltesten gegangen und hat bei ihm geschlafen und ich sollte mich jetzt eigentlich auch ausruhen, weil Vater gesagt hat die Reise nach Tailon Orikos w\u00fcrde ganz schrecklich lang werden. Aber ich bin viel zu aufgeregt, deswegen hab ich mich zum Kamin geschlichen und wollt dir noch schreiben bevor die Scheite im Feuer ausgehen und es zu dunkel ist. Ich bin ja so aufgeregt und auch ein wenig traurig, dass ich schon morgen los mu\u00df und mich von allen verabschieden mu\u00df und so, aber Airik hat gesagt, dass ich schon bald zur\u00fcck kann um sie zu besuchen. Also schlaf gut mein liebes Tagebuch morgen wir ein langer Tag f\u00fcr uns.<\/p>\n<\/div>\n<h3 id=\"dritte_woche_des_13ten_mondes_des_jahres_1245\" class=\"sectionedit3\">Dritte Woche des 13ten Mondes des Jahres 1245<\/h3>\n<div class=\"level3\">\n<p>Liebes Tagebuch, wir sind nun schon drei Tage unterwegs und noch immer nicht in Tailon Orikos angekommen. Mittlerweile werden wir von Schuman und Kerima begleitet. Das sind beides gro\u00dfe starke Krieger mit Schwertern aus gl\u00e4nzendem Messing und Speeren, die wirklich gef\u00e4hrlich aussehen. Ich hab Angst vor ihnen, obwohl sie eigentlich ganz nett sind. Sie sprechen nur nicht viel, aber vor Airik haben sie sehr viel Respekt und behandeln ihn sehr h\u00f6flich. Sie waren auch \u00f6fters Jagen und haben Hasen oder Fasane mitgebracht und wir hatte immer was zu Essen, obwohl wir alles Brot das wir von zu Hause mitgenommen haben schon l\u00e4ngst aufgegessen haben. Kerima hat dann immer das Essen gemacht und ich hab gefragt warum ich das nicht machen soll und dann hat Airik gemeint das ich so was in Zukunft nicht mehr br\u00e4uchte und auch gar nicht machen d\u00fcrfe, weil ich mich ganz darauf konzentrieren soll was mir die Herrin zuteil werden l\u00e4sst. Das hat mich schon ein wenig verwundert, weil ich ja immer gedacht habe ich w\u00fcrde Heiraten und mich um das Haus und die Kinder k\u00fcmmern. Aber dann hat Airik gesagt das ich gar nicht heiraten d\u00fcrfe, weil ich nur Aine mein ganzes Leben schenken solle.<\/p>\n<\/div>\n<h3 id=\"vierte_woche_des_13ten_mondes_des_jahres_1245\" class=\"sectionedit4\">Vierte Woche des 13ten Mondes des Jahres 1245<\/h3>\n<div class=\"level3\">\n<p>Wir sind in der Tempelstadt angekommen und sie ist riesig. Ich bin so \u00fcberw\u00e4ltigt von der Sch\u00f6nheit das ich sogar ganz vergessen hab wie aufgeregt ich war. Riesige steinerne Mauern sch\u00fctzen die Stadt vor der Wildnis ringsum und wir sind durch die gewaltigen bronzebeschlagenen Tore hineingegangen und drinnen waren \u00fcberall Menschen und H\u00e4user zehnmal so gro\u00df wie unseres daheim und alle vollst\u00e4ndig aus Stein gebaut und ihre D\u00e4cher waren gedeckt mit d\u00fcnnen roten oder schwarzen Steinen, nicht mit Reisig. Und die Tempel sie waren gigantisch m\u00e4chtige S\u00e4ulen wuchsen h\u00f6her als zwei Gro\u00dfe M\u00e4nner hoch sind in der Himmel und tragen D\u00e4cher aus Marmor so wei\u00df wie die Wolken. Die Stra\u00dfen sind mit Steinen gepflastert und die Schuhe und die Fuhrwerke klappern auf ihnen wenn sie vorbeiziehen. Airik hat sich ganz viel Zeit genommen mir alles zu zeigen, die Bibliothek, die Werkstatt das Himmelsrohr und die vier Wegsteine die an den Ecken der Stadt stehen. Er hat mir die Wachen auf den Mauern gezeigt und wie sie finster nach drau\u00dfen gucken allzeit bereit uns zu sch\u00fctzen egal was da kommen m\u00f6ge. Dann sind wir in eins von den Steinh\u00e4usern gegangen, wo ganz viele Zimmer waren und Airik hat mir eins von denen gezeigt und gesagt hier w\u00fcrde ich wohnen. Das Zimmer ist so gro\u00df wie unser halbes Haus und es hat einen Tisch und zwei St\u00fchle und ein Bett. Ein richtiges Bett aus feinem Holz und gef\u00fcttert und mit einem wei\u00dfen Laken bespannt. Und es hat ein Fenster ein Fenster von dem ich genau die Mauer sehen kann und gerade noch die F\u00fc\u00dfe der Wachen, wenn eine vorbeigeht, ich w\u00fcnschte nur die Mauer w\u00e4re nicht so hoch, dann k\u00f6nnte ich dr\u00fcbergucken und nach drau\u00dfen. Airki hat gesagt ich solle mich ausruhen nach der langen Reise und ich bin auch wirklich m\u00fcde, doch vorher will ich dir trotzdem noch schreiben was ich alles gesehen habe, obwohl es viel zu viel ist um es alles niederzuschreiben, obwohl ich auf dem Tisch viele Kerzen und auch Federn und Tinte gefunden habe. Aber ich bin jetzt wirklich m\u00fcde und werde schlafen gehen, obwohl ich schon so gespannt bin was morgen alles passieren wird, denn Airik hat mir gesagt, dass man mich zum Priester Hagiat bringen wird, der sich um alle Novizen k\u00fcmmert und er hat mir auch gesagt, dass ich dann die anderen Novizen kennen lernen werde. Aber ich will f\u00fcr heute Abend Schlu\u00df machen bevor mich noch jemand sieht und tadelt, dass w\u00e4re ja schrecklich schon am ersten Tag. Ich bin gespannt ob ich unter den anderen Freunde finde oder vielleicht sogar jemanden den ich schon kenne, also gute Nacht.<\/p>\n<\/div>\n<h3 id=\"vierte_woche_des_13ten_mondes_des_jahres_12451\" class=\"sectionedit5\">Vierte Woche des 13ten Mondes des Jahres 1245<\/h3>\n<div class=\"level3\">\n<p>Heute bin ich schon ganz fr\u00fch aufgestanden und es hat auch nicht lange gedauert bis der Priester Airik gekommen ist um mich abzuholen. Wir haben vorher noch in einem gro\u00dfen Raum im gleichen Haus gegessen und wir wurden von einem jungen M\u00e4dchen bedient, was uns Milch und Honig und wei\u00dfes weiches Brot gebracht hat. Dann sind wir los und Airik hat mich zu Priester Hagiat gebracht. Da waren auch noch eine anderes M\u00e4dchen Aileene und ein Junge Salix die wurde auch beide jeweils von einem Priester dahingebracht. Also wir trafen uns da in der gro\u00dfen Bibliothek und Hagiat hat uns dann mitgenommen in einen kleineren Raum, wo nicht so viele Leute waren und wo wir reden konnten. Dann sind die anderen Priester und Airik gegangen und Vater Hagiat hat uns viel erz\u00e4hlt, von der G\u00f6ttin und der Stadt und der Welt in der wir leben. Dann sollten wir alle von uns erz\u00e4hlen und Aileene hat angefangen. Sie kommt aus der Sippe der Norngarder, das sind eigentlich schon gar keine Andarrianer mehr, sondern schon fast Caldrier. Also sie leben auch in Caldrien, also im Urspr\u00fcnglichen, nicht im Imperium und haben sogar eine Ritterburg und so. Aber sie sagt sie kommt aus einem kleinen Dorf im Sumpf, wo es nicht wirklich sch\u00f6n ist und au\u00dfer Torf gibt es da auch nicht viel, deswegen ist es gar nicht so schlimm das sie von da weg ist sagt sie. Sie ist ganz eifrig der G\u00f6ttin dienen zu wollen hat sie gesagt, weil sie immer Tr\u00e4ume h\u00e4tte und die sie immer so traurig machen w\u00fcrden, aber das sie manchmal Sachen sieht bevor sie geschehen. Da hat der heilige Vater gesagt das w\u00e4re eine ganz wichtige und seltene Gabe und das sie hier in Tailon Orikos lernen werde damit umzugehen. Dann hat Salix angefangen zu erz\u00e4hlen und er hat gesagt er k\u00e4me aus einem Kleinen Dorf nicht weit von hier. Er w\u00e4re auch wie die meisten hier vom Stamme der Ipek und w\u00e4re schon seit seiner fr\u00fchesten Kindheit von einer weisen Frau im Dorf in der Kunst der Magie und der Hellsicht und der Wahrsagerei unterwiesen worden. Aber das die Frau auch immer gesagt h\u00e4tte er seih zu H\u00f6herem auserkoren und das sie die Heiligen der Aine aufgesucht h\u00e4tte, damit sich diese der Gaben annehmen w\u00fcrden und ihn unterweisen w\u00fcrden, wenn ihre Weisheit am Ende w\u00e4re. Und so ist er dann schlie\u00dflich hier hin gekommen. Dann war schlie\u00dflich ich dran zu erz\u00e4hlen und ich war ganz eingesch\u00fcchtert ich hatte ja keine Kr\u00e4fte oder Tr\u00e4ume oder sonst eine besondere Gabe. Ich bin ja nur wie alle anderen M\u00e4dchen in meinem Dorf hab ich gesagt und dann haben die beiden anderen laut gelacht und ich hab mich gesch\u00e4mt das ich so unbedeutend bin. Da aber hat sie der Vater Hagiat gescholten sie sollen nicht lachen und dann haben die beiden mich ganz b\u00f6se angesehen, weil sie wegen mir \u00c4rger bekommen haben. Vater Hagiat hat dann gesagt, das jeder etwas ganz besonderes w\u00e4re und das die G\u00f6ttin uns alle mit ihren Gaben segnen w\u00fcrde und das sie nur anderes zu Tage treten w\u00fcrden. Er hat wohl versucht mich zu beruhigen, aber irgendwie hat er eine so strenge und entr\u00fcckte Art, ich wei\u00df nicht ich mag ihn einfach nicht und deshalb hab ich mich auch nicht besser gef\u00fchlt als er das gesagt hat. Dann hat er weiter erz\u00e4hlt was nun auf uns zukommen w\u00fcrde und was wir in der n\u00e4chsten Zeit lernen werden und so weiter, aber so genau hab ich da schon gar nicht mehr zugeh\u00f6rt, weil ich am liebsten laut geweint h\u00e4tte. Der Tag wurde furchtbar lang und der Vater erz\u00e4hlte immer mehr und schwafelte rum und kam vom H\u00f6lzchen aufs St\u00f6ckchen und so weiter und so fort. Und als er uns endlich entlassen hat bin ich so schnell wie m\u00f6glich raus gelaufen in die Stra\u00dfen, aber ich wusste nicht so recht wo ich langsollte und dann bin ich immer weiter rumgelaufen und hab angefangen zu weinen und bin dann schlie\u00dflich auf den Treppenstufen eines Hauses hingesessen und hab einfach nur weitergeweint und kam mir so alleine und verlassen von in der gro\u00dfen Stadt. Aber ich hatte mich dummerweise auf die Stufen von der Kaserne gesetzt, wo die Krieger drin wohnten und es hat auch gar nicht lang gedauert bis ich von einem angeschnauzt wurde was ich denn machen w\u00fcrde und das ich hier nicht rumsitzen solle. Aber als er dann gesehen hat das ich weinte hat er sich sofort entschuldigt, ich glaube er hat zuerst gedacht er w\u00e4re daran Schuld gewesen. Es war ein junger Bursche mit warmen dunklen gro\u00dfen Augen, der so gar nicht b\u00f6se und brutal aussah wie die anderen. Er hat sich zu mir hingesetzt und gefragt was denn los sei und da ists dann einfach aus mir herausgesprudelt und ich hab ihm erz\u00e4hlt wie einsam ich doch w\u00e4re und das ich \u00fcberhaupt nicht wissen w\u00fcrde warum ich hier sei und so weiter. Ich hab zuerst gedacht er wollte mich tr\u00f6sten, aber er hatte einfach nur gesagt, dass er auch keine Antwort auf die Fragen habe, aber er hat gesagt er wolle mir zeigen was ihn immer getr\u00f6stet hat als er neu in Tailon Orikos war. Dann sind wir zu Stadtmauer gegangen und wir sind beide an einer Ecke der Mauer, dort wo einer der Wegsteine steht hinaufgeklettert und haben uns auf die Br\u00fcstung gesetzt. Wie haben hinausgesehen auf die paar Felder vor der Stadt und auf die W\u00e4lder hundert Schritt entfernt. Dann hat er gesagt auch wenn wir der G\u00f6ttin Aine dienen w\u00fcrden w\u00e4ren wir doch alle Andarrianer und Gesch\u00f6pfe der Natur. In einer Stadt eingesperrt zu sein mit so vielen fremden Menschen ist gegen unsere Natur und da ist es nur normal ist davor Angst zu haben. Und ich hab hinausgesehen und hab mir vorgestellt ich w\u00fcrde mein Zuhause sehen k\u00f6nnen und mein Dorf und Mama und Papa auf dem Feld. Da gings mir wieder besser auch wenn ich leicht geschaudert hab als ich zur\u00fcck in die Stadt geschaut hab. Ich hab Risav, denn so hie\u00df der Stammeskrieger, dann gebeichtet das ich Angst vor der Stadt hab und ich w\u00e4re ja auserw\u00e4hlt Aine zu dienen, aber das ich mich beim Anblick der Natur von Nadurias Sch\u00f6pfung, die ja die schlimmste Wiedersacharin unserer Herrin ist viel wohler f\u00fchle. Aber da sagte er, mit mehr Weisheit in der Stimme als ich es jeh bei einem der Priester geh\u00f6rt habe, dass ich mich nach meiner Familie und meinem Dorf gesehnt habe und nicht nach der Wildnis. Es sagte Naduria die Teufelin habe damit \u00fcberhaupt nichts zu tun. Das ich Gef\u00fchle habe sein normal und das egal was die Priester mir sagen w\u00fcrden ich immer daran denken solle, das Gef\u00fchle zwar nicht logisch sind und nicht von der Vernunft geleitet werden, aber manchmal mehr Wissen beinhalten als noch in den dicksten B\u00fcchern der heiligen Bibliothek. Wir sa\u00dfen so noch eine ganze Weile da und dann ging irgendwann die Sonne unter und tauchte die Stadtmauern in ein dunkles warmes Abendrot. Risav sagt er m\u00fcsse nun Gehen und die Wache \u00dcbernehmen und das er eh schon zu sp\u00e4t dran w\u00e4re und wahrscheinlich \u00c4rger bekommen w\u00fcrde. Aber er sagte mir noch zum Abschied ich solle mich nicht f\u00fcrchten und wenn ich denken w\u00fcrde ich w\u00e4re zu allein, dann w\u00fcrde ich immer wissen das ich zumindest einen Freund haben w\u00fcrde zu dem ich immer gehen k\u00f6nnte. Als ich dann zur\u00fcck zu meinem Zimmer gegangen bin hat da auch schon Airik auf mich gewartet und hat mich sofort best\u00fcrmt wo ich denn gewesen w\u00e4re und das er sich Sorgen gemacht h\u00e4tte und das ich nie und unter gar keinen Umst\u00e4nden die Stadt verlassen d\u00fcrfe, au\u00dfer es w\u00e4ren Krieger dabei. Da hab ich dann von dem Unterricht mit Vater Hagiat erz\u00e4hlt und hab ihn gefragt warum er mich auserw\u00e4hlt h\u00e4tte, obwohl ich doch keine besondere F\u00e4higkeit h\u00e4tte. Da hat er gelacht der Pater Airik, aber er hat mich nicht ausgelacht, sondern es war ein warmes Lachen von so viel Herzensw\u00e4rme wie ich es bei ihm noch nicht bemerkt hab, die ganze Zeit nicht und dann hat er gesagt ich h\u00e4tte die gr\u00f6\u00dfte Gabe von allen, ich w\u00e4re von der G\u00f6ttin mit der Kraft der Magie beschenkt worden. Da hats mich umgehauen und ich hab mich erst mal setzen m\u00fcssen, und zuerst hab ich\u2019s dem Pater auch gar nicht geglaubt. Aber er hat gesagt er sei sich absolut sicher. Ich w\u00fcsste es zwar nicht, aber in meinem Dorf h\u00e4tte ich Unterbewusst einen m\u00e4chtigen Schutzgeist beschworen und ihn all die Jahre mir meiner Kraft gen\u00e4hrt und ihn die Liebe zu meiner Familie und den anderen Bewohnern im Dorf sp\u00fcren lassen. Dieser Dorfgeist hat uns all die Jahre besch\u00fctzt, vor den Caldrischen Protectoren, vor R\u00e4ubern und wilden Monstern. Und das sei es was er sofort gesp\u00fcrt habe, als er ins Dorf kam und deshalb habe er mich quasi auch direkt mitgenommen, denn normalerweise w\u00fcrde es immer sehr lange dauern bis sich ein Priester f\u00fcr einen Novizen entschieden habe und es w\u00fcrde viele Pr\u00fcfungen erfordern. Da war ich sprachlos und es war grad rechzeitig, dass das M\u00e4dchen, was uns am Morgen schon bedient hatte klopfte und fragte ob wir noch ein Abendbrot wollten, weil sonst w\u00fcrde sie alles wegr\u00e4umen. Ich sagte danken zu und gl\u00fccklich nicht mehr \u00fcber so viele wichtige Sachen reden zu m\u00fcssen hab ich mich aus das Essen im Speisesaal gest\u00fcrzt und Pater Airik hat nur l\u00e4chelnd zugesehen. W\u00e4hrend ich am Essen war ist ein Akolyth gekommen und hat Airik geholt und ich war wieder alleine, aber es hat mir nichts ausgemacht, denn ich hab als ich fertig war alles direkt niedergeschrieben, was ich diesen Tag erlebt hab und ja ich denke jetzt wird ich mal schlafen gehen, also liebes Tagebuch gute Nacht.<\/p>\n<\/div>\n<h3 id=\"vierte_woche_des_13ten_mondes_des_jahres_12452\" class=\"sectionedit6\">Vierte Woche des 13ten Mondes des Jahres 1245<\/h3>\n<div class=\"level3\">\n<p>Hallo du heute Abend komm ich nicht lange zum Schreiben, ich hab den ganzen Tag bei Pater Hagiat gelernt und bin auch schon richtig m\u00fcde, aber ich versprech dir wenn ich wieder viel Zeit hab schreib ich wieder so viel wie gestern.<\/p>\n<\/div>\n<h3 id=\"erster_tag_der_ersten_woche_des_ersten_mondes_des_jahres_1246\" class=\"sectionedit7\">Erster Tag der ersten Woche des ersten Mondes des Jahres 1246<\/h3>\n<div class=\"level3\">\n<p>Hallo liebes Tagebuch ich habs vorgestern nicht geschafft zu schreiben und auch gestern am letzten Tag im Jahr nicht, aber ich war ja auch feiern. Wei\u00dft du eigentlich feiern die hier in der Stadt nicht den Mittsommer, weil es zu Ehren Aines keine Feiern gibt, sondern nur langweilige Prozessionen und Riten und Rituale aber die Bediensteten feiern wie die Leute bei uns im Dorf. Erst hab ich gedacht es w\u00fcrde ja gar nichts passieren, vor allem weil Pater Hagiat gesagt hat es w\u00e4re in Tailon Orikos verboten die Feste Nadurias zu feiern. Aber dann hab ich auf dem Weg in meine Kammer den Krieger getroffen, Risav, der der mir den Sonnenuntergang gezeigt hat. Und ich wollte mit ihm sprechen und ihm daf\u00fcr danken das er mich getr\u00f6stet hat, aber er meint er w\u00e4re in Eile, weil er noch die Lampen zum Fest bringen m\u00fcsse. Und als ich ihm sagte das doch hier nirgends gefeiert wurde hat er mich mit rausgenommen, ja aus der Stadt in den Wald. Ich bin mir jetzt gar nicht mehr sicher was mich da geritten hat und wie ich so mutig oder so dumm sein konnte mitzugehen, obwohl mir es Airik ja verboten hatte. Aber ich bin mitgegangen zu einer Lichtung im Wald wo sie \u00fcberall Lampen aufgeh\u00e4ngt hatte, wie die die Risav dabei hatte. Und sie hatten zu Essen und zu Trinken und da waren Barden die Instrumente spielten und es wurde getanzt gelacht und gesungen und das Neue Jahr wurde willkommen gehei\u00dfen. Ich hab mit Airik getanzt und er hat mit noch andere Leute vorgestellt, meistens Bedienstete oder Stammeskrieger. Ich war anscheinen die einzige Klerikale dort, aber das hat mich nicht weiter gest\u00f6rt. Risav und ich haben dann auch noch lang bis sp\u00e4t in die Nacht hinein auf einem alten Baumstumpf an der Lichtung gesessen. Es sagte es w\u00e4re sein Lieblingsplatz und das er oft hier hinkommen w\u00fcrde weil er die Ruhe so leibt. Und da hab ich mich bei ihm dann bedankt das er mir so viel Trost gespendet hat und mich jetzt auch noch auf das Fest mitgenommen h\u00e4tte. Aber er meinte nur das er das gerne machen w\u00fcrde f\u00fcr so einen tollen Menschen wie mich, da ist mir dann ganz hei\u00df im Gesicht geworden und pl\u00f6tzlich wollte ich irgendwie nicht mehr mit ihm alleine auf dem Baum sitzen und bin dann schnell aufgestanden und wieder zu den anderen, aber zum Gl\u00fcck ist er ja hinterher gekommen. Nachher hab ich mich dann ganz leise wieder zur\u00fcck in mein Zimmer geschlichen und bin sofort eingeschlafen, ohne dir noch zu schreiben, obwohl so viel passiert ist. Am n\u00e4chsten Morgen bin ich dann von dem Dienstm\u00e4dchen geweckt worden und bin dann auch zu sp\u00e4t zum Unterricht gekommen und war die ganze Zeit so m\u00fcde das ich mich nicht konzentrieren konnte. Ich glaube Hagiat hat mich ziemlich oft getadelt, aber wie oft genau das wei\u00df ich einfach nicht mehr. Fast w\u00e4re ich jetzt wieder direkt schlafen gegangen, ich bin ja so M\u00fcde, aber ich hab dir ja versprochen dir alles wichtige zu erz\u00e4hlen, also jetzt mu\u00df ich aber, gute Nacht du.<\/p>\n<\/div>\n","protected":false},"excerpt":{"rendered":"<p>Zweite Woche im 13ten Mond des Jahres 1245 Liebes Tagebuch ich habe dir schon so lange nicht mehr geschrieben, aber jetzt brauche ich unbedingt jemandem mit dem ich mein Gl\u00fcck teilen kann. Gestern kam ein Aine Priester in unser Dorf und ich habe am Abend wohl noch gesehen wie Papa mit ihm geredet hat. Heute &hellip;<\/p>\n<p class=\"read-more\"> <a class=\"\" href=\"https:\/\/engonien.net\/engonienwiki\/?page_id=386\"> <span class=\"screen-reader-text\">Tagebuch Annabelle<\/span> Weiterlesen &raquo;<\/a><\/p>\n","protected":false},"author":1,"featured_media":0,"parent":0,"menu_order":0,"comment_status":"closed","ping_status":"closed","template":"","meta":[],"_links":{"self":[{"href":"https:\/\/engonien.net\/engonienwiki\/index.php?rest_route=\/wp\/v2\/pages\/386"}],"collection":[{"href":"https:\/\/engonien.net\/engonienwiki\/index.php?rest_route=\/wp\/v2\/pages"}],"about":[{"href":"https:\/\/engonien.net\/engonienwiki\/index.php?rest_route=\/wp\/v2\/types\/page"}],"author":[{"embeddable":true,"href":"https:\/\/engonien.net\/engonienwiki\/index.php?rest_route=\/wp\/v2\/users\/1"}],"replies":[{"embeddable":true,"href":"https:\/\/engonien.net\/engonienwiki\/index.php?rest_route=%2Fwp%2Fv2%2Fcomments&post=386"}],"version-history":[{"count":1,"href":"https:\/\/engonien.net\/engonienwiki\/index.php?rest_route=\/wp\/v2\/pages\/386\/revisions"}],"predecessor-version":[{"id":387,"href":"https:\/\/engonien.net\/engonienwiki\/index.php?rest_route=\/wp\/v2\/pages\/386\/revisions\/387"}],"wp:attachment":[{"href":"https:\/\/engonien.net\/engonienwiki\/index.php?rest_route=%2Fwp%2Fv2%2Fmedia&parent=386"}],"curies":[{"name":"wp","href":"https:\/\/api.w.org\/{rel}","templated":true}]}}