{"id":454,"date":"2018-03-10T17:12:58","date_gmt":"2018-03-10T17:12:58","guid":{"rendered":"https:\/\/engonien.net\/engonienwiki\/?page_id=454"},"modified":"2018-06-07T18:01:05","modified_gmt":"2018-06-07T18:01:05","slug":"ansprechpartner-kontakt","status":"publish","type":"page","link":"https:\/\/engonien.net\/engonienwiki\/?page_id=454","title":{"rendered":"Ansprechpartner &#038; Kontakt"},"content":{"rendered":"<div id=\"main\" class=\"container clearfix\">\n<div id=\"container\">\n<div id=\"primary\">\n<div id=\"content\">\n<section id=\"post-103\" class=\"post-103 page type-page status-publish hentry\">\n<article>\n<header class=\"entry-header\">\n<h1 class=\"entry-title\"><\/h1>\n<\/header>\n<div class=\"entry-content clearfix\">\n<h5>Vereinsanschrift<\/h5>\n<p>Engonien e.V.<br \/>\nz.Hd. Eleonora Ernst<br \/>\nBreitgen 24<br \/>\nD \u2013 51597 Morsbach<br \/>\nEingetragen in das Vereinsregister beim Amtsgericht K\u00f6ln unter der Nummer VR 13578.<\/p>\n<h5><strong>Vorstand<\/strong><\/h5>\n<table border=\"0\" width=\"600\" cellpadding=\"5\">\n<tbody>\n<tr>\n<td align=\"left\" valign=\"top\" width=\"300\">Vorstandsvorsitzende:<\/td>\n<td valign=\"top\">Vanessa Assenmacher<\/td>\n<\/tr>\n<tr>\n<td valign=\"top\">Stellvertretende Vorsitzende:<\/td>\n<td valign=\"top\">Eleonora Ernst<\/td>\n<\/tr>\n<tr>\n<td valign=\"top\">Kassenwart:<\/td>\n<td valign=\"top\">Lukas Heinen<\/td>\n<\/tr>\n<tr>\n<td valign=\"top\">Erster Beisitzer:<\/td>\n<td valign=\"top\">Oliver Hissel<\/td>\n<\/tr>\n<tr>\n<td valign=\"top\">Zweite Beisitzerin:<\/td>\n<td valign=\"top\">Christina Klages<\/td>\n<\/tr>\n<\/tbody>\n<\/table>\n<p>Der Vorstand ist unter der folgenden E-Mail Adresse zu erreichen:\u00a0<a href=\"mailto:vorstand@engonien.de\">vorstand@engonien.de<\/a><\/p>\n<h5>Wiki-Kontakt<\/h5>\n<p>Wiki@Engonien.de<\/p>\n<h5>Beirat<\/h5>\n<p>Im Engonien e.V. hat der Beirat die Funktion, die Hintergrundwelt des bespielten Landes Engonien zu verwalten. Dies umfasst:<\/p>\n<ul>\n<li>Die Geschichte des Landes Engonien<\/li>\n<li>Laufende Fortentwicklung des Hintergrundes<\/li>\n<li>Steuerung des Verlaufs von Kampagnen und Abstimmung der verschiedenen Plotlinien<\/li>\n<li>Sicherstellung der Integrit\u00e4t des Landeshintergrundes<\/li>\n<li>Pr\u00fcfung der Neueintr\u00e4ge und \u00c4nderungen im <a title=\"EngonienWiki\" href=\"https:\/\/wiki.engonien.de\" target=\"_blank\" rel=\"noopener\">EngonienWiki<\/a><\/li>\n<\/ul>\n<p>Dazu trifft sich der Beirat in unregelm\u00e4\u00dfigen Abst\u00e4nden und diskutiert in einem internen Beiratsboard im <a title=\"Forum des Engonien e.V.\" href=\"https:\/\/forum.engonien.de\" target=\"_blank\" rel=\"noopener\">Forum<\/a>.<\/p>\n<p>Der Beirat ist unter der folgenden E-Mail Adresse zu erreichen: <a title=\"Beirat\" href=\"mailto:beirat@engonien.de\">beirat@engonien.de<\/a><\/p>\n<h5>Satzung<\/h5>\n<p>Die Satzung kannst Du hier herunterladen:<\/p>\n<ul>\n<li>(Stand: 08\/2017) <a href=\"https:\/\/engonien.net\/website\/wp-content\/uploads\/2014\/05\/Satzung-neuste.pdf\">Satzung des Engonien e.V.<\/a><\/li>\n<\/ul>\n<h5>Ansprechpartner f\u00fcr die Homepage und den facebook-Auftritt<\/h5>\n<ul>\n<li>Lukas Heinen (lukas@engonien.de)<\/li>\n<\/ul>\n<h5>Ansprechpartner f\u00fcr das Forum<\/h5>\n<ul>\n<li>Christina Klages (lyra@engonien.de)<\/li>\n<\/ul>\n<\/div>\n<\/article>\n<\/section>\n<\/div>\n<\/div>\n<\/div>\n<\/div>\n","protected":false},"excerpt":{"rendered":"<p>Vereinsanschrift Engonien e.V. z.Hd. Eleonora Ernst Breitgen 24 D \u2013 51597 Morsbach Eingetragen in das Vereinsregister beim Amtsgericht K\u00f6ln unter der Nummer VR 13578. Vorstand Vorstandsvorsitzende: Vanessa Assenmacher Stellvertretende Vorsitzende: Eleonora Ernst Kassenwart: Lukas Heinen Erster Beisitzer: Oliver Hissel Zweite Beisitzerin: Christina Klages Der Vorstand ist unter der folgenden E-Mail Adresse zu erreichen:\u00a0vorstand@engonien.de Wiki-Kontakt Wiki@Engonien.de &hellip;<\/p>\n<p class=\"read-more\"> <a class=\"\" href=\"https:\/\/engonien.net\/engonienwiki\/?page_id=454\"> <span class=\"screen-reader-text\">Ansprechpartner &#038; Kontakt<\/span> Weiterlesen &raquo;<\/a><\/p>\n","protected":false},"author":1,"featured_media":0,"parent":0,"menu_order":0,"comment_status":"closed","ping_status":"closed","template":"","meta":[],"_links":{"self":[{"href":"https:\/\/engonien.net\/engonienwiki\/index.php?rest_route=\/wp\/v2\/pages\/454"}],"collection":[{"href":"https:\/\/engonien.net\/engonienwiki\/index.php?rest_route=\/wp\/v2\/pages"}],"about":[{"href":"https:\/\/engonien.net\/engonienwiki\/index.php?rest_route=\/wp\/v2\/types\/page"}],"author":[{"embeddable":true,"href":"https:\/\/engonien.net\/engonienwiki\/index.php?rest_route=\/wp\/v2\/users\/1"}],"replies":[{"embeddable":true,"href":"https:\/\/engonien.net\/engonienwiki\/index.php?rest_route=%2Fwp%2Fv2%2Fcomments&post=454"}],"version-history":[{"count":2,"href":"https:\/\/engonien.net\/engonienwiki\/index.php?rest_route=\/wp\/v2\/pages\/454\/revisions"}],"predecessor-version":[{"id":1222,"href":"https:\/\/engonien.net\/engonienwiki\/index.php?rest_route=\/wp\/v2\/pages\/454\/revisions\/1222"}],"wp:attachment":[{"href":"https:\/\/engonien.net\/engonienwiki\/index.php?rest_route=%2Fwp%2Fv2%2Fmedia&parent=454"}],"curies":[{"name":"wp","href":"https:\/\/api.w.org\/{rel}","templated":true}]}}