{"id":49,"date":"2018-03-04T17:58:16","date_gmt":"2018-03-04T17:58:16","guid":{"rendered":"https:\/\/engonien.net\/engonienwiki\/?page_id=49"},"modified":"2018-06-07T18:01:07","modified_gmt":"2018-06-07T18:01:07","slug":"elja","status":"publish","type":"page","link":"https:\/\/engonien.net\/engonienwiki\/?page_id=49","title":{"rendered":"Elja"},"content":{"rendered":"<p>Elja ist \u00e4hnlich ihrer Mutter eine G\u00f6ttin des Wissens und des Lernens. Doch wo es Aine alleine um die pers\u00f6nliche Entwicklung ohne Betrachten von Ethik und Moral geht, leitet Elja die Menschen dazu an, ihr Wissen und ihre Erfahrungen zu teilen, den Menschen zu Helfen und sie zu sch\u00fctzen.<\/p>\n<p>Elja bedeutet nicht nur Wissen, sondern auch Weisheit, dieses Wissen richtig zu verwenden und manchmal auch zu entscheiden, welches Wissen den Menschen nicht zug\u00e4nglich gemacht werden sollte. Auch wenn viele deshalb Elja f\u00fcr eine G\u00f6ttin der Gelehrten halten, so verschlie\u00dft sie sich in keiner Weise dem einfachen Volk.<br \/>\nSie sieht es ganz im Gegenteil als wichtig an, dass auch diese an ihren Gaben Teil haben und jenes Wissen mit ihnen geteilt wird, dass ihnen hilft und n\u00fctzlich f\u00fcr sie ist. Auch sieht sie es als Pflicht der Weisen und Gebildeten an, ihr Wissen und ihre F\u00e4higkeiten nicht nur zum eigenen Wohl zu nutzen, sondern sie auch dazu einzusetzen, dem Volk ein Vorbild zu sein und es in eine gute Zukunft zu f\u00fchren.<\/p>\n<p><span class=\"bbc_u\"><strong>Geschichte der Kirche<\/strong><\/span><br \/>\nDer genaue Entstehungszeitpunkt einer unabh\u00e4ngigen Kirche Eljas liegen im Dunkel der Jahrhunderte verborgen, sicher ist nur, dass die Anh\u00e4nger Eljas und die ihrer Mutter Aines bereits Jahrhunderte vor Jeldriks Erscheinen und der Gr\u00fcndung Engoniens begannen, getrennte Wege zu gehen.<\/p>\n<p>Durch Jeldriks Kaisererhebung durch das Sechs-G\u00f6tter-Pantheon wurde die Kirche Eljas jedoch in ihrer selbstst\u00e4ndigen Entwicklung stark beeintr\u00e4chtigt, gerade weil sie sich mit Szivar bewusst und aktiv gegen einen der G\u00f6tter des Sechs-Bundes stellten, in weiten Teilen der Bev\u00f6lkerung wurden Elja und ihre Priester als Teil beziehungsweise Str\u00f6mung in der Ainekirche aufgefasst, teilweise wurden beide Gottheiten sogar als eine Entit\u00e4t betrachtet (eine Sichtweise, die sich in weiten Teilen Silvanaias bis heute gehalten hat und sich dort nur langsam \u00e4ndert).<\/p>\n<p>Eine von Aine unabh\u00e4ngige Verehrung Eljas fand nur an sehr wenigen, f\u00fcr den Glauben wichtigen Orten in Engonien statt. Dies war einer der Gr\u00fcnde, warum die Kirche Eljas \u00fcber viele Jahrhunderte keine engere Struktur ausbildete sondern die Priester losen Kontakt mit einander pflegten, aber ein jeder nur Elja selbst verpflichtet war.<\/p>\n<p><span class=\"bbc_u\"><strong>Entwicklung der letzten Jahre<\/strong><\/span><br \/>\nMit dem Ausbruch des B\u00fcrgerkrieges und dem beginnenden Zerfall des Sechs-G\u00f6tter-Bundes \u00e4nderte sich die Situation der Kirche schlagartig. Der Krieg sorgte nicht nur f\u00fcr ein Gef\u00fchl der Entt\u00e4uschung in Teilen der Bev\u00f6lkerung gegen\u00fcber den sechs \u201agro\u00dfen\u2018 Gottheiten und so f\u00fcr die M\u00f6glichkeit, sich Endlich aus dem Schatten der Ainekirche zu l\u00f6sen, er brachte auch den Tod manches gelehrten Menschen und den Brand so mancher Bibliothek mit sich, Wissensverluste die die Eljapriester geschworen hatten zu verhindern.<\/p>\n<p>Zum ersten Mal seit Jahrhunderten sammelten sich die Priester Eljas nahezu vollst\u00e4ndig zu einem Konklave um das weitere Vorgehen zu besprechen. Dabei kristallisierten sich sehr schnell zwei Fraktionen innerhalb der Kirche heraus. Ein kleiner Teil wollte weiter den alten Vorgehensweisen und Traditionen folgen und nur einen engeren Kontakt zum gegenseitigen Wissensaustausch anstreben, der weitaus gr\u00f6\u00dfere Teil w\u00fcnschte sich jedoch eine vollst\u00e4ndige und umfassende Reformierung der Kirche hin zu einem engeren, strukturierteren und gemeinschaftlicheren Verbund. Um den vollst\u00e4ndigen Bruch beider Fraktionen miteinander zu verhindern und um der Geschichte der Kirche Respekt zu zollen wurde deshalb der \u201aOrden zur Bewahrung des Wissens zu Eljas Ehren\u2018 (Ordo Defensoris Scientiae ad Eljae Gloriam) gegr\u00fcndet, der sich genau nach diesen W\u00fcnschen der Mehrheit organisieren sollte.<br \/>\nDie Tatsache, dass kaum mehr zwei von zehn Priestern heute nicht dem Orden angeh\u00f6ren und der Orden in weiten Teilender Bev\u00f6lkerung mit der Eljakirche im Ganzen gleichgesetzt wird f\u00fchrt bei Mitgliedern beider Fraktionen immer wieder zu Belustigung. Unabh\u00e4ngig davon arbeiten beide Fraktionen aktiv daran, den Glauben an Elja den Menschen in allen engonischen Reichen n\u00e4her zu bringen und die Szivarsverehrung zur\u00fcck zu dr\u00e4ngen und finden dabei vor allem in den niederen st\u00e4dtischen Bev\u00f6lkerungsschichten, denen sie einen Grundstock an Bildung nahebringen, aber vor allem auch unter mundanen gelehrten Menschen besonders in den kriegsgebeutelten Gebieten bereitwillige Zustimmung.<\/p>\n<p><span class=\"bbc_u\"><strong>Grundprinzipien<\/strong><\/span><br \/>\nEljas Grundprinzipien sind leicht beschrieben, aber nicht ganz so leicht verstanden. Ihren Anh\u00e4ngern geht es generell darum, Wissen zu sammeln und zu verbreiten. Allerdings ist nicht jedes Wissen f\u00fcr jeden Menschen gedacht, manches Wissen sollten sogar nur die wenigsten Menschen je erlangen und somit geh\u00f6rt auch das Streben nach der Weisheit, unterscheiden zu k\u00f6nnen, welches Wissen wem zug\u00e4nglich gemacht werden soll, zu ihren Prinzipien.<br \/>\nAu\u00dferdem tr\u00e4gt sie ihren Dienern auf, Wissen zu besch\u00fctzen und zu bewahren, was vor allem das Verhindern von Zerst\u00f6rung von B\u00fcchern und Schriften, aber auch von Artefakten beinhaltet, und jene zu jagen und zu bek\u00e4mpfen, die Wissen zum B\u00f6sen missbrauchen, was vor allem Schwarzmagier, aber auch Betr\u00fcger und dergleichen umfasst.<\/p>\n<p><span class=\"bbc_u\"><strong>Wichtige Tempel, Orte und Pers\u00f6nlichkeiten<\/strong><\/span><br \/>\nDer wichtigste Ort der Kirche ist das \u2013 heute zum Orden geh\u00f6rende aber jedem Eljapriester offen stehende \u2013 Kloster Eljasfried, am Fu\u00df der nordwestlichen Ausl\u00e4ufer des Himmelsgebirges gelegen. Es wurde an der Stelle errichtet, an der sich angeblich Elja einst ihrem ersten Priester offenbarte.<br \/>\nEin weiteres wichtiges Heiligtum ist der kleine Samarra-Schrein, direkt an der Steilk\u00fcste im heutigen Grenzgebiet von Andarra und Middenfelz gelegen.<br \/>\nDar\u00fcber hinaus verf\u00fcgt die Eljakirche \u00fcber einige, gr\u00f6\u00dftenteils neuere Tempel, vor allem in nahezu allen gr\u00f6\u00dferen St\u00e4dten Engoniens gelegen (nicht jedoch in Engonia und in Uld, wo sie in beiden F\u00e4llen in zu gro\u00dfem Widerspruch zur Szivarsverehrung stehen) und eine Vielzahl von Schreinen, die gro\u00dfteils keinen festen betreuenden Priester haben sondern von den reisenden Priestern gepflegt werden.<\/p>\n<p><span class=\"bbc_u\"><strong>Wichtige Heilige<\/strong><\/span><br \/>\nSamarra, keine Priesterin Eljas, sondern eigentlich nur eine Akoluthin der Kirche, opferte der Legende nach ihr Leben, als sie einem kleinen Dorf im n\u00f6rdlichen Engonien half, sich gegen die Unterdr\u00fcckung durch einen finsteren Magier zu wehren. An dem Ort wo sie gefallen sein soll steht heute ein Schrein, eines der wichtigsten Heiligt\u00fcmer der Kirche.<\/p>\n<p>Hemarion war der erste einer Hand voll Novizen Aines, denen sich Elja kurz vor dem Zeitpunkt ihrer Weihe offenbarte und die sie zu ihren Priestern erhob. An dem Ort, wo er seine Vision von Elja hatte, steht heute das Kloster Eljasfried.<\/p>\n<p><span class=\"bbc_u\"><strong>Wichtige Feiertage<\/strong><\/span><\/p>\n<p>Tag der Schrift \u2013 10. Tag im 5. Zyklus des Jahreslaufs: Die Entdeckung der Schrift und des Niederlegens von Wissen wird als Geburtsstunde der Gelehrtenschaft gefeiert. Oft werden wichtige Werke bei der Erstellung etwas verz\u00f6gert um genau an diesem Tag die letzte Seite zu vollenden.<\/p>\n<p>Tag der Erkenntnis \u2013 17. Tag im 3. Zyklus des Jahreslaufs: Der Tag an dem Sich Elja ihrem ersten Priester offenbart haben soll ist der h\u00f6chste Feiertag der Kirche.<\/p>\n<p><span class=\"bbc_u\"><strong>Allgemeine Gebete<\/strong><\/span><br \/>\nDie Eljakirche kennt kaum bis keine fest ausformulierten Gebete. Von einem Menschen, der zu Elja betet, erwartet die G\u00f6ttin die F\u00e4higkeit, seine W\u00fcnsche, Bitten und Gedanken in eigene angemessene Worte fassen zu k\u00f6nnen.<\/p>\n<p><span class=\"bbc_u\"><strong>Praktiken, Opfer, Farben und Symbole<\/strong><\/span><br \/>\nDie Riten und Gebete der Eljakirche sind meistens eher ruhig, schlicht und zur\u00fcckhaltend gepr\u00e4gt, oft enthalten sie Lesungen aus religi\u00f6sen Texten oder die Erz\u00e4hlung und Sinndeutung von Fabeln.<br \/>\nAls Opfergaben werden oft besonders sch\u00f6ne, sorgf\u00e4ltig erstellte Abschriften, in seltenen F\u00e4llen auch eigens daf\u00fcr gefertigte mechanische oder magische Artefakte der Opferflamme \u00fcbergeben. Diese Opfer m\u00fcssen immer zu diesem Zweck erstellt worden sein, ein Original, noch dazu ein Unikat, zu opfern und dadurch zu zerst\u00f6ren ist Elja ein Greuel.<\/p>\n<p>Bei Farbe und Symbolik unterscheiden Sich Orden und Kirche ein wenig. W\u00e4hrend innerhalb der Kirche keine festen Farben vorgeschrieben sind, aber meist helle und im zeremoniellen Fall immer wei\u00dfe Kleidung getragen wird, die mit blau akzentuiert wird, hat der Orden Prim\u00e4rfarbe blau mit wei\u00dfen Erg\u00e4nzungen und schwarzen Akzenten zu seinem Farbbild erw\u00e4hlt und erwartet von seinem Mitgliedern, dass dieser Farbwahl auch weitgehend entsprochen wird.<\/p>\n<p>Das Symbol der Eljakirche selbst ist ein ge\u00f6ffnetes Buch, dessen linke Seite mit einem Siegel versehen ist, w\u00e4hrend die rechte beschrieben ist, Der Orden verwendet einen Fuchskopf, der eine Schriftrolle im Maul tr\u00e4gt, als Erkennungsmerkmal.<\/p>\n<p><span class=\"bbc_u\"><strong>Organisationsstruktur<\/strong><\/span><br \/>\nDie Kirche Eljas ist recht lose strukturiert, Novizen sind den sie betreuenden Priestern verpflichtet, Priester nur sich selbst und ihrer G\u00f6ttin. Man trifft sich in unregelm\u00e4\u00dfigen Abst\u00e4nden zuf\u00e4llig an Schreinen und Tempeln und einmal im Jahr um den Tag der Erkenntnis herum im Kloster Eljasfried um Wissen, Erkenntnisse und Erfahrungen auszutauschen.<br \/>\nDer Orden ist hierarchischer aufgebaut. Zwar sind die Priester auch hier in religi\u00f6sen Dingen zuerst ihrer G\u00f6ttin und dann den Ordensmeistern verpflichtet sind, so muss sich jedes Mitglied in weltlichen Belangen den Regularien und Vorschriften des Ordens beziehungsweise der h\u00f6her gestellten Priestern unterordnen. Ordensmitglieder auf Reisen sind dazu angehalten, zumindest kurze Reiseberichte zu schreiben und regelm\u00e4\u00dfig zum Tag der Erkenntnis der Klosterbibliothek zukommen zu lassen. Au\u00dferdem wird eine regelm\u00e4\u00dfige Anwesenheit im Kloster ebenfalls vorausgesetzt.<\/p>\n","protected":false},"excerpt":{"rendered":"<p>Elja ist \u00e4hnlich ihrer Mutter eine G\u00f6ttin des Wissens und des Lernens. Doch wo es Aine alleine um die pers\u00f6nliche Entwicklung ohne Betrachten von Ethik und Moral geht, leitet Elja die Menschen dazu an, ihr Wissen und ihre Erfahrungen zu teilen, den Menschen zu Helfen und sie zu sch\u00fctzen. Elja bedeutet nicht nur Wissen, sondern &hellip;<\/p>\n<p class=\"read-more\"> <a class=\"\" href=\"https:\/\/engonien.net\/engonienwiki\/?page_id=49\"> <span class=\"screen-reader-text\">Elja<\/span> Weiterlesen &raquo;<\/a><\/p>\n","protected":false},"author":1,"featured_media":0,"parent":5,"menu_order":0,"comment_status":"closed","ping_status":"closed","template":"","meta":[],"_links":{"self":[{"href":"https:\/\/engonien.net\/engonienwiki\/index.php?rest_route=\/wp\/v2\/pages\/49"}],"collection":[{"href":"https:\/\/engonien.net\/engonienwiki\/index.php?rest_route=\/wp\/v2\/pages"}],"about":[{"href":"https:\/\/engonien.net\/engonienwiki\/index.php?rest_route=\/wp\/v2\/types\/page"}],"author":[{"embeddable":true,"href":"https:\/\/engonien.net\/engonienwiki\/index.php?rest_route=\/wp\/v2\/users\/1"}],"replies":[{"embeddable":true,"href":"https:\/\/engonien.net\/engonienwiki\/index.php?rest_route=%2Fwp%2Fv2%2Fcomments&post=49"}],"version-history":[{"count":3,"href":"https:\/\/engonien.net\/engonienwiki\/index.php?rest_route=\/wp\/v2\/pages\/49\/revisions"}],"predecessor-version":[{"id":486,"href":"https:\/\/engonien.net\/engonienwiki\/index.php?rest_route=\/wp\/v2\/pages\/49\/revisions\/486"}],"up":[{"embeddable":true,"href":"https:\/\/engonien.net\/engonienwiki\/index.php?rest_route=\/wp\/v2\/pages\/5"}],"wp:attachment":[{"href":"https:\/\/engonien.net\/engonienwiki\/index.php?rest_route=%2Fwp%2Fv2%2Fmedia&parent=49"}],"curies":[{"name":"wp","href":"https:\/\/api.w.org\/{rel}","templated":true}]}}