{"id":86,"date":"2018-03-04T18:22:17","date_gmt":"2018-03-04T18:22:17","guid":{"rendered":"https:\/\/engonien.net\/engonienwiki\/?page_id=86"},"modified":"2018-06-07T18:01:06","modified_gmt":"2018-06-07T18:01:06","slug":"stejark","status":"publish","type":"page","link":"https:\/\/engonien.net\/engonienwiki\/?page_id=86","title":{"rendered":"Stejark"},"content":{"rendered":"<h3><span id=\"Seit_262_nach_Jeldrik\" class=\"mw-headline\">Seit 262 nach Jeldrik<\/span><\/h3>\n<p>Wir schreiben das Jahr 262 nach Jeldrik. Die <a href=\"https:\/\/engonien.net\/engonienwiki\/wp-content\/uploads\/2018\/03\/stajark01.jpg\"><img decoding=\"async\" loading=\"lazy\" class=\"size-medium wp-image-114 alignright\" src=\"https:\/\/engonien.net\/engonienwiki\/wp-content\/uploads\/2018\/03\/stajark01-225x300.jpg\" alt=\"\" width=\"225\" height=\"300\" srcset=\"https:\/\/engonien.net\/engonienwiki\/wp-content\/uploads\/2018\/03\/stajark01-225x300.jpg 225w, https:\/\/engonien.net\/engonienwiki\/wp-content\/uploads\/2018\/03\/stajark01-768x1024.jpg 768w, https:\/\/engonien.net\/engonienwiki\/wp-content\/uploads\/2018\/03\/stajark01.jpg 1944w\" sizes=\"(max-width: 225px) 100vw, 225px\" \/><\/a>Baronie Stejark ist im Wandel begriffen. Die stolzen und tapferen Sturmrufer haben im Kampf gegen Szivar im Jahr 260 nach Jeldrik ohne Ausnahme ihr Leben lassen m\u00fcssen und ihre Kommandantin Linea ist seitdem verschollen.<\/p>\n<p>Der alte Baron Esgrim von Stejark siecht dahin und hat die Verwaltung seiner Baronie in die H\u00e4nde seiner ungeliebten Schwiegertochter Lady Fiona gelegt. Sie wiederum k\u00e4mpft um Anerkennung ihrer Position die sie nach dem Tod ihres Gatten, der in der Schlacht gegen Barad Konar gefallen ist, erworben hat.<\/p>\n<p>Seit Lady Fiona im Jahr 260 nach Jeldrik die Verwaltung \u00fcbernommen hat, befindet sich die Baronie Stejark und insbesondere der Hafen Dunkelfeld im wirtschaftlichen Aufschwung. Au\u00dfer dem bl\u00fchenden Handel wurde die seem\u00e4nnische St\u00e4rke durch den Bau und den Erwerb zweier Kriegsschiffe erweitert. Mit deren Hilfe konnten unbekannte Gebiete westlich von Tiors Hand namens \u201ePyria\u201c entdeckt und als Handelspartner gewonnen werden. Zudem konnte ein wichtiges politisches B\u00fcndnis zwischen der Imperatorin Loenna und dem fernen Reich Pyria vermittelt werden.<\/p>\n<p>Im Krieg gegen die Lupus Umbra haben zahlreiche Stejarker ihr Leben lassen m\u00fcssen \u2013 wobei sich Bogensch\u00fctzen als schlagkr\u00e4ftige und effektive Waffengattung beweisen konnten. Die Dunkelfelder haben sich diese Erkenntnis zu eigen gemacht und bilden inzwischen die besten Bogensch\u00fctzen Engoniens aus.<\/p>\n<p>Da abzusehen ist, dass der alte Baron Esgrim den kommenden Winter nicht \u00fcberleben wird, hat sich Lady Fiona auf den Weg zur Imperatorin gemacht, um ihren Anspruch auf den Titel \u201eBaronin von Stejark\u201c nun offiziell geltend zu machen.<\/p>\n<h3><span id=\"Bis_262_nach_Jeldrik\" class=\"mw-headline\">Bis 262 nach Jeldrik<\/span><\/h3>\n<p>Der Sitz des Barons Esgrim von Stejark ist Dunkelfeld, ein St\u00e4dtchen mit etwa 1600 Einwohnern, in der die Bewohner ein recht beschauliches, b\u00e4uerliches Leben f\u00fchren. Esgrim ist der Enkel des damals weithin bekannten Helden Aratendus Himmelsturm. Obwohl Esgrim selber f\u00fcr keine Heldentaten bekannt ist und von ihm ob seines hohen Alters keine mehr zu erwarten sind werden die Mitglieder seines Geschlechts von den Dunkelfeldern weiterhin als die Himmelst\u00fcrmer bezeichnet.<\/p>\n<p>Der einzige nennenswerte Wirtschaftsfaktor ist die Fischerrei. Erstaunlicherweise befindet sich in Dunkelfeld auch der zweite und letzte hochseetaugliche Hafen Caldriens neben der Hauptstadt Donnerheim. Handelsschiffe aus fremden L\u00e4ndern legen hier jedoch selten an. Einzig die Boote aus Gruynwacht sieht man hier des\u00f6fteren an den Kais neben den dunkelfelder Fischerbooten liegen, denn von seiner k\u00f6niglichen Majest\u00e4t Ostwald von Donnerheim, dem Vater unserer geliebten K\u00f6nigin Loenna, erstritten sich die Dunkelfelder dereinst das Privileg, die Z\u00f6lle f\u00fcr Gruynwachter H\u00e4ndler um etwa ein Drittel zu senken. Somit tragen die Seem\u00e4nner und Abenteurer, die hier eine g\u00fcnstige Passage nach Gruynwacht suchen, nat\u00fcrlich zum bescheidenen Wohlstand der Stadt bei.<\/p>\n<p>Die Bewohner in Stejark sind neben den Firngardern die einzigen Engonier, die das Meer nicht f\u00fcrchten und von ihnen stammen die einzigen Matrosen Engoniens, die es wert sind diesen Namen zu tragen.<\/p>\n<p>Seit 258 nach Jeldrik haben sich die Sturmrufer in einer Feste in Stejark angesiedelt. Neben ihrem fortw\u00e4hrenden Kampf gegen Barad Konar sorgen sie auch in Sterjark selber f\u00fcr Ruhe und Sicherheit. Die Kommandantin der Sturmrufer Linnea ist eine von mehreren unehelichen Kindern des Barons. Die Sturmrufer sind ausgewiesen stolz auf ihre Anf\u00fchrerin und erst k\u00fcrzlich wurde die Bastardtochter von Dunkelfeld und ihre M\u00e4nner f\u00fcr ihre Gro\u00dftaten im Kriege mit der Sturmburg, als Lehen belohnt.<\/p>\n","protected":false},"excerpt":{"rendered":"<p>Seit 262 nach Jeldrik Wir schreiben das Jahr 262 nach Jeldrik. Die Baronie Stejark ist im Wandel begriffen. Die stolzen und tapferen Sturmrufer haben im Kampf gegen Szivar im Jahr 260 nach Jeldrik ohne Ausnahme ihr Leben lassen m\u00fcssen und ihre Kommandantin Linea ist seitdem verschollen. Der alte Baron Esgrim von Stejark siecht dahin und &hellip;<\/p>\n<p class=\"read-more\"> <a class=\"\" href=\"https:\/\/engonien.net\/engonienwiki\/?page_id=86\"> <span class=\"screen-reader-text\">Stejark<\/span> Weiterlesen &raquo;<\/a><\/p>\n","protected":false},"author":1,"featured_media":115,"parent":139,"menu_order":0,"comment_status":"closed","ping_status":"closed","template":"","meta":[],"_links":{"self":[{"href":"https:\/\/engonien.net\/engonienwiki\/index.php?rest_route=\/wp\/v2\/pages\/86"}],"collection":[{"href":"https:\/\/engonien.net\/engonienwiki\/index.php?rest_route=\/wp\/v2\/pages"}],"about":[{"href":"https:\/\/engonien.net\/engonienwiki\/index.php?rest_route=\/wp\/v2\/types\/page"}],"author":[{"embeddable":true,"href":"https:\/\/engonien.net\/engonienwiki\/index.php?rest_route=\/wp\/v2\/users\/1"}],"replies":[{"embeddable":true,"href":"https:\/\/engonien.net\/engonienwiki\/index.php?rest_route=%2Fwp%2Fv2%2Fcomments&post=86"}],"version-history":[{"count":2,"href":"https:\/\/engonien.net\/engonienwiki\/index.php?rest_route=\/wp\/v2\/pages\/86\/revisions"}],"predecessor-version":[{"id":124,"href":"https:\/\/engonien.net\/engonienwiki\/index.php?rest_route=\/wp\/v2\/pages\/86\/revisions\/124"}],"up":[{"embeddable":true,"href":"https:\/\/engonien.net\/engonienwiki\/index.php?rest_route=\/wp\/v2\/pages\/139"}],"wp:featuredmedia":[{"embeddable":true,"href":"https:\/\/engonien.net\/engonienwiki\/index.php?rest_route=\/wp\/v2\/media\/115"}],"wp:attachment":[{"href":"https:\/\/engonien.net\/engonienwiki\/index.php?rest_route=%2Fwp%2Fv2%2Fmedia&parent=86"}],"curies":[{"name":"wp","href":"https:\/\/api.w.org\/{rel}","templated":true}]}}