{"id":989,"date":"2018-03-20T06:29:38","date_gmt":"2018-03-20T06:29:38","guid":{"rendered":"https:\/\/engonien.net\/engonienwiki\/?page_id=989"},"modified":"2018-06-07T18:01:08","modified_gmt":"2018-06-07T18:01:08","slug":"989-2","status":"publish","type":"page","link":"https:\/\/engonien.net\/engonienwiki\/?page_id=989","title":{"rendered":"Stella Silberstern"},"content":{"rendered":"<h1 id=\"stella_silberstern\" class=\"sectionedit1\"><\/h1>\n<div class=\"level1\">\n<p>&nbsp;<\/p>\n<p><strong>Stella Silberstern<\/strong> (236 n.J.) ist Adepta der <a href=\"https:\/\/engonien.net\/engonienwiki\/?page_id=366\">Akademie Ayd\u2019 Owl<\/a> und Lehrling von Gro\u00dfmeister <a href=\"https:\/\/engonien.net\/engonienwiki\/?page_id=341\">Gorix Feuerklinge<\/a>.<\/p>\n<p>[Bild]<\/p>\n<\/div>\n<h2 id=\"erscheinung\" class=\"sectionedit2\">Erscheinung:<\/h2>\n<div class=\"level2\">\n<p>Stella ist ziemlich gro\u00df und kr\u00e4ftig gebaut. Ihre blonden, langen Locken tr\u00e4gt sie normalerweise offen. Sie wei\u00df, sich zu wehren und nutzt ihre Kraft zu ihren Gunsten, nicht umsonst spielt sie auch mit Begeisterung Helmholzen.<\/p>\n<p>Mit ihrer offenen Art schafft sie es, dass auch Magiern eher skeptisch eingestellte Personen sich h\u00e4ufig zumindest anh\u00f6ren, was sie zu sagen hat, sofern es sich nicht um Leute handelt, die Magier gleich auf Sicht verbrennen. Au\u00dferdem erkl\u00e4rt sie gerne ihr Handwerk, denen die daran interessiert sind und f\u00fcr Nicht-Magier auch m\u00f6glichst einfach und anschaulich.<\/p>\n<p>Stella ist wissbegierig und flei\u00dfig, kann sich jedoch f\u00fcr stumpfe, einfache Aufgaben nur wenig begeistern (auch wenn sie diese als Notwendigkeit oder ihr aufgetragene Arbeit dennoch erledigt).<\/p>\n<\/div>\n<h2 id=\"leben\" class=\"sectionedit3\">Leben<\/h2>\n<div class=\"level2\"><\/div>\n<h3 id=\"kindheit\" class=\"sectionedit4\">Kindheit:<\/h3>\n<div class=\"level3\">\n<p>Geboren in der N\u00e4he von Fanada, war Stella auch als Kind schon viel mit den Eltern auf Reisen und lernte fr\u00fch die verschiedenen Gegenden und Handelsrouten in Engonien und dar\u00fcber hinaus kennen. Sie hatte das, wovon viele wohl nur tr\u00e4umen k\u00f6nnen, eine gl\u00fcckliche Kindheit, eine liebende Familie und ausreichend Geld f\u00fcr manche Annehmlichkeiten im Leben. Ihre Eltern unterrichteten sie auch in Mathematik, Lesen, Schreiben und grundlegend im Schwertkampf und bereiteten sie auf die \u00dcbernahme des Gesch\u00e4ftes vor.<\/p>\n<\/div>\n<h3 id=\"jahre_ausserhalb_engoniens_buergerkrieg_252_255-262_nj\" class=\"sectionedit5\">Jahre au\u00dferhalb Engoniens, B\u00fcrgerkrieg (252\/255-262 n.J.):<\/h3>\n<div class=\"level3\">\n<p>Nachdem in den vergangenen Jahren die Reisen schon \u00f6fter ausgedehnt wurden, befand sich Stella w\u00e4hrend dieser in Engonien sehr ereignisreichen und verlustreichen Zeit auf Handelsreisen ausschlie\u00dflich au\u00dferhalb Engoniens. Sie bereiste mit ihrer Familie vor allem n\u00f6rdliche L\u00e4nder, da sie von dort einen Gro\u00dfteil der Felle beziehen, mit denen die Familie handelt. Ihr kleiner Bruder begeisterte sich deutlich mehr f\u00fcr das Handelsgesch\u00e4ft als Stella das getan hatte, auch wenn eigentlich geplant war, dass die beiden gemeinsam das Gesch\u00e4ft weiter f\u00fchren sollten. Stella begeisterte sich mehr f\u00fcr die Geschichten, die sie auf den Reise h\u00f6rte, von vergessenem Wissen, Abenteurern und Magiern.<\/p>\n<\/div>\n<h3 id=\"rueckkehr\" class=\"sectionedit6\">R\u00fcckkehr:<\/h3>\n<div class=\"level3\">\n<p>Als sie erfuhren, dass der Krieg vorbei war und ihr Heimatland nun so vieles ben\u00f6tigte, reiste Stella mit ihrer Familie zur\u00fcck. Zur\u00fcck in Engonien war sie schockiert von den Narben, die die ihr bekannten St\u00e4dte und Landstriche ver\u00e4ndert und teilweise zerst\u00f6rt hatten. In dieser Zeit zeigte sich nun auch Stellas Magie h\u00e4ufiger und sie entschied sich, dass sie mehr dar\u00fcber erfahren wollte, damit umzugehen lernen wollte und sich selbst zu beweisen. Das Gesch\u00e4ft ihrer Familie war auch bei ihrem Bruder gut aufgehoben und so konnte sie ihre Familie guten Gewissens allein lassen, die sie in ihrem Vorhaben tatkr\u00e4ftig unterst\u00fctzt.<\/p>\n<\/div>\n<h3 id=\"in_engonien\" class=\"sectionedit7\">In Engonien<\/h3>\n<div class=\"level3\">\n<p>Kaum in Engonien erfuhr sie auch gleich von einem Auftraggeber namens Roquefort, der einen wohl recht einfachen Soldauftrag in Nordcaldrien hatte &#8211; das in Empfang nehmen und die Begleitung seiner Verlobten Lorainne de la Follye zu seinem Anwesen. Sie fanden jedoch nur den aufgeriebenen Trupp wieder, Lorainne war entf\u00fchrt und nur <a class=\"wikilink1\" title=\"helden:vanion_bachlauf\" href=\"https:\/\/www.larp-koeln.de\/doku.php?id=helden:vanion_bachlauf\">Vanion<\/a> war verletzt, aber noch am Leben. Bei dem Versuch, den korrumpierten Wald wieder in Ordnung zu bringen wurden sie immer wieder von Szivarskultisten angegriffen, waren mit der Hilfe eines Druiden der dort lebte aber schlie\u00dflich erfolgreich. So lernte sie die Haubacher \u00c4xte, Felix Tauler und auch Vanion Bachlauf kennen, welcher sie auf dem Fest der Grenzen auf Grund ihrer Magiebegabung zu <a href=\"https:\/\/engonien.net\/engonienwiki\/?page_id=341\">Gorix Feuerklinge<\/a> und Balerian schickte und sie sich daraufhin an der <a class=\"wikilink1\" title=\"landeskunde:ayd_owl\" href=\"https:\/\/engonien.net\/engonienwiki\/?page_id=366\">Ayd\u2019 Owl<\/a> einschrieb.<\/p>\n<\/div>\n<h4 id=\"nj\">266 n.J.<\/h4>\n<div class=\"level4\">\n<p>Im Winter 266 n.J. nahm Stella das andere Ende eines Lebensbandes zu der Barbarin Kydora trotz der damit verbundenen Gefahren auf sich, um dieser das Leben zu retten. Ungl\u00fccklicherweise zog dies auch ihre Magie in Mitleidenschaft und bis sie den neuen Umgang damit gelernt hatte, verh\u00e4ngte Gorix deshalb ein Zauberverbot. Au\u00dferdem stellte er beide unter Hausarrest in der Akademie, was f\u00fcr beide eine schwere Probe wurde.<\/p>\n<p>Die R\u00fcckreise von der Taverne <a class=\"urlextern\" title=\"https:\/\/www.larp-koeln.de\/engonienforum\/index.php\/topic,5916.0.html\" href=\"https:\/\/www.larp-koeln.de\/engonienforum\/index.php\/topic,5916.0.html\" rel=\"nofollow\">https:\/\/www.larp-koeln.de\/engonienforum\/index.php\/topic,5916.0.html<\/a><\/p>\n<p>Hier geht es zum Hausarrest der beiden: <a class=\"urlextern\" title=\"https:\/\/www.larp-koeln.de\/engonienforum\/index.php\/topic,5935.0.html\" href=\"https:\/\/www.larp-koeln.de\/engonienforum\/index.php\/topic,5935.0.html\" rel=\"nofollow\">https:\/\/www.larp-koeln.de\/engonienforum\/index.php\/topic,5935.0.html<\/a><\/p>\n<p>Umso erleichterter war sie, als das Band von Lyra auf dem Fest der Grenzen erfolgreich gel\u00f6st wurde wodurch sie nun wieder wie zuvor reisen konnte und auch die negativen Auswirkungen auf das Wirken ihrer Magie damit wieder behoben waren.<\/p>\n<\/div>\n<h2 id=\"magiestudium\" class=\"sectionedit8\">Magiestudium:<\/h2>\n<div class=\"level2\">\n<p>Stella schrieb sich im Jahr 263 n.J. an der Ayd\u2019 Owl ein. Auf ihren ihren Reisen wurde sie au\u00dferdem von Kadegar Sonnenwende unterrichtet, im Lehrauftrag der Akademie.<\/p>\n<p>Stella hielt es nie allzu lange in der Akademie und konnte so schon fr\u00fch viel \u00fcber verschiedene Magietheorien und Wirkweisen erfahren und durch die gemeinsamen Reisen lernte sie nat\u00fcrlich auch von Lyra, Ardor und Kadegar vieles, das nicht dem typischen Lehrplan der Akademie entspricht. So kam es h\u00e4ufig dazu, dass Stella in den praktischen Themen wie Zauberspr\u00fcchen, Anwendung, Meditation und Ritualen den Sch\u00fclern der Akademie voraus war, nutzte jedoch die Zeiten zwischen ihren Reisen, um die eher theoretischen F\u00e4cher aufzuholen und half gerne den Mitsch\u00fclern bei praktischen \u00dcbungen. Seit dem Sommer 265 n.J. ist Stella au\u00dferdem direkter Lehrling von Gorix Feuerklinge.<\/p>\n<p>Nachdem das Lebensband mit Kydora im Fr\u00fchling 266 n.J. gel\u00f6st wurde und damit auch die negativen Auswirkungen, die das Band auf ihre Magie hatte, nicht mehr bestanden, ernannte Gorix sie auf der n\u00e4chsten Reise zur Adepta.<\/p>\n<\/div>\n","protected":false},"excerpt":{"rendered":"<p>&nbsp; Stella Silberstern (236 n.J.) ist Adepta der Akademie Ayd\u2019 Owl und Lehrling von Gro\u00dfmeister Gorix Feuerklinge. [Bild] Erscheinung: Stella ist ziemlich gro\u00df und kr\u00e4ftig gebaut. Ihre blonden, langen Locken tr\u00e4gt sie normalerweise offen. Sie wei\u00df, sich zu wehren und nutzt ihre Kraft zu ihren Gunsten, nicht umsonst spielt sie auch mit Begeisterung Helmholzen. Mit &hellip;<\/p>\n<p class=\"read-more\"> <a class=\"\" href=\"https:\/\/engonien.net\/engonienwiki\/?page_id=989\"> <span class=\"screen-reader-text\">Stella Silberstern<\/span> Weiterlesen &raquo;<\/a><\/p>\n","protected":false},"author":1,"featured_media":0,"parent":0,"menu_order":0,"comment_status":"closed","ping_status":"closed","template":"","meta":[],"_links":{"self":[{"href":"https:\/\/engonien.net\/engonienwiki\/index.php?rest_route=\/wp\/v2\/pages\/989"}],"collection":[{"href":"https:\/\/engonien.net\/engonienwiki\/index.php?rest_route=\/wp\/v2\/pages"}],"about":[{"href":"https:\/\/engonien.net\/engonienwiki\/index.php?rest_route=\/wp\/v2\/types\/page"}],"author":[{"embeddable":true,"href":"https:\/\/engonien.net\/engonienwiki\/index.php?rest_route=\/wp\/v2\/users\/1"}],"replies":[{"embeddable":true,"href":"https:\/\/engonien.net\/engonienwiki\/index.php?rest_route=%2Fwp%2Fv2%2Fcomments&post=989"}],"version-history":[{"count":2,"href":"https:\/\/engonien.net\/engonienwiki\/index.php?rest_route=\/wp\/v2\/pages\/989\/revisions"}],"predecessor-version":[{"id":991,"href":"https:\/\/engonien.net\/engonienwiki\/index.php?rest_route=\/wp\/v2\/pages\/989\/revisions\/991"}],"wp:attachment":[{"href":"https:\/\/engonien.net\/engonienwiki\/index.php?rest_route=%2Fwp%2Fv2%2Fmedia&parent=989"}],"curies":[{"name":"wp","href":"https:\/\/api.w.org\/{rel}","templated":true}]}}