{"id":1297,"date":"2018-01-12T15:09:12","date_gmt":"2018-01-12T14:09:12","guid":{"rendered":"https:\/\/engonien.net\/website\/?page_id=1297"},"modified":"2023-06-26T18:06:27","modified_gmt":"2023-06-26T16:06:27","slug":"impressum","status":"publish","type":"page","link":"https:\/\/engonien.net\/website\/impressum\/","title":{"rendered":"Impressum"},"content":{"rendered":"<p>Engonien e.V.<\/p>\n<p>z.Hd. Johannes Ernst<br \/>\nBreitgen 24<br \/>\n51597 Morsbach<br \/>\nVR 13578, Amtsgericht K\u00f6ln<\/p>\n<p>Vertreten durch: Dr. Jeremias Weber, Christoph Schmitz, Rebecca Lucania<\/p>\n<p>E-Mail: vorstand@engonien.de<\/p>\n<p>&nbsp;<\/p>\n<h2>Disclaimer<\/h2>\n<div class=\"flex_column av_one_half flex_column_div av-zero-column-padding avia-builder-el-5 el_after_av_one_half avia-builder-el-last column-top-margin\">\n<section class=\"av_textblock_section \">\n<div class=\"avia_textblock \">\n<p>Der Engonien e.V. ist bem\u00fcht, richtige und vollst\u00e4ndige Informationen auf dieser Website bereitzustellen. Wir \u00fcbernehmen aber weder Garantie noch Verantwortung oder Haftung daf\u00fcr, dass die bereitgestellten Informationen richtig, vollst\u00e4ndig oder aktuell sind.<\/p>\n<p>F\u00fcr die Inhalte von Drittseiten, die \u00fcber Links auf dieser Website erreichbar sind, \u00fcbernehmen wir keine Verantwortung. Hyperlinks sind einfach nur dazu da, es Besuchern unserer Website zu vereinfachen, andere Seiten aufzurufen. Das Vorhandensein eines Links bedeutet weder, dass wir die verlinkte Seite unterst\u00fctzen oder empfehlen (es sei denn, wir schreiben das wirklich explizit dazu), noch, dass die verlinkte Seite in irgendeiner Form unsere Meinung spiegelt.<\/p>\n<p>Wir bitten darum, ggf. schadhafte Verlinkungen, falsche Inhalte auf unseren Seiten und andere Dinge, die auffallen, via E-Mail an vorstand@engonien.de zu kommunizieren.<\/p>\n<p>In keinem Fall kann der Betreiber dieser Website f\u00fcr Sch\u00e4den irgendeiner Art haftbar gemacht werden, die aus der Nutzung oder den Inhalten oder der Verf\u00fcgbarkeit dieser Website entstehen. Selbiges gilt f\u00fcr verf\u00fcgbare Dokumente, Dienste und Informationen, und es ist irrelevant, ob der Schaden direkter, indirekter oder finanzieller Natur, ein Folgeschaden, oder sonst ein Schaden ist, der aus Datenverlust, Nutzungsausfall oder allem anderen ergeben k\u00f6nnte.<\/p>\n<\/div>\n<\/section>\n<\/div>\n","protected":false},"excerpt":{"rendered":"<p>Engonien e.V. z.Hd. Johannes Ernst Breitgen 24 51597 Morsbach VR 13578, Amtsgericht K\u00f6ln Vertreten durch: Dr. Jeremias Weber, Christoph Schmitz, Rebecca Lucania E-Mail: vorstand@engonien.de &nbsp; Disclaimer Der Engonien e.V. ist bem\u00fcht, richtige und vollst\u00e4ndige Informationen auf dieser Website bereitzustellen. Wir \u00fcbernehmen aber weder Garantie noch Verantwortung oder Haftung daf\u00fcr, dass die bereitgestellten Informationen richtig, vollst\u00e4ndig oder aktuell sind. F\u00fcr die Inhalte von Drittseiten, die \u00fcber Links auf dieser Website erreichbar sind, \u00fcbernehmen wir keine Verantwortung. Hyperlinks sind einfach nur dazu da, es Besuchern unserer Website zu vereinfachen, andere Seiten aufzurufen. Das Vorhandensein eines Links bedeutet weder, dass wir die verlinkte Seite unterst\u00fctzen oder empfehlen (es sei denn, wir schreiben das wirklich explizit dazu), noch, dass die verlinkte Seite in irgendeiner Form unsere Meinung spiegelt. Wir bitten darum, ggf. schadhafte Verlinkungen, falsche Inhalte auf unseren Seiten und andere Dinge, die auffallen, via E-Mail an vorstand@engonien.de zu kommunizieren. In keinem Fall kann der Betreiber dieser Website f\u00fcr Sch\u00e4den irgendeiner Art haftbar gemacht werden, die aus der Nutzung oder den Inhalten oder der Verf\u00fcgbarkeit dieser Website entstehen. Selbiges gilt f\u00fcr verf\u00fcgbare Dokumente, Dienste und Informationen, und es ist irrelevant, ob der Schaden direkter, indirekter oder finanzieller Natur, ein Folgeschaden, oder sonst ein Schaden ist, der aus Datenverlust, Nutzungsausfall oder allem anderen ergeben k\u00f6nnte.<\/p>\n","protected":false},"author":6,"featured_media":0,"parent":0,"menu_order":0,"comment_status":"closed","ping_status":"closed","template":"","meta":{"ngg_post_thumbnail":0,"footnotes":""},"class_list":["post-1297","page","type-page","status-publish","hentry"],"jetpack_sharing_enabled":true,"_links":{"self":[{"href":"https:\/\/engonien.net\/website\/wp-json\/wp\/v2\/pages\/1297","targetHints":{"allow":["GET"]}}],"collection":[{"href":"https:\/\/engonien.net\/website\/wp-json\/wp\/v2\/pages"}],"about":[{"href":"https:\/\/engonien.net\/website\/wp-json\/wp\/v2\/types\/page"}],"author":[{"embeddable":true,"href":"https:\/\/engonien.net\/website\/wp-json\/wp\/v2\/users\/6"}],"replies":[{"embeddable":true,"href":"https:\/\/engonien.net\/website\/wp-json\/wp\/v2\/comments?post=1297"}],"version-history":[{"count":18,"href":"https:\/\/engonien.net\/website\/wp-json\/wp\/v2\/pages\/1297\/revisions"}],"predecessor-version":[{"id":25090,"href":"https:\/\/engonien.net\/website\/wp-json\/wp\/v2\/pages\/1297\/revisions\/25090"}],"wp:attachment":[{"href":"https:\/\/engonien.net\/website\/wp-json\/wp\/v2\/media?parent=1297"}],"curies":[{"name":"wp","href":"https:\/\/api.w.org\/{rel}","templated":true}]}}