{"id":2,"date":"2013-08-19T07:44:21","date_gmt":"2013-08-19T05:44:21","guid":{"rendered":"https:\/\/engonien.net\/website\/?page_id=2"},"modified":"2020-07-06T21:06:39","modified_gmt":"2020-07-06T19:06:39","slug":"verein","status":"publish","type":"page","link":"https:\/\/engonien.net\/website\/","title":{"rendered":"Der Verein"},"content":{"rendered":"<p>Der Engonien e.V. ist ein eingetragener Larpverein, der im Dezember 2000 von einer kleinen Gruppe enthusiastischer Freunde gegr\u00fcndet worden ist, um das fiktive Land <a title=\"Kaiserreich Engonien\" href=\"https:\/\/engonien.net\/engonienwiki\/\">Engonien<\/a> als gemeinsamen Hintergrund zu bespielen und vor eben diesem Hintergrund Larp-Conventions zu veranstalten, gemeinsam historische T\u00e4nze zu lernen und zu lehren sowie den gem\u00fctlichen Austausch auf einem monatlichen Stammtisch zu suchen.<\/p>\n<p>Mittlerweile erstreckt sich das Einzugsgebiet engonischer Spielerinnen und Spieler weit \u00fcber die Grenzen von K\u00f6ln hinaus, von Heinsberg \u00fcber K\u00f6ln\/Bonn bis tief ins Oberbergische hinein sind Engonierinnen und Engonier zu finden. Wir haben eigene M\u00fcnzen in h\u00f6chster M\u00fcnzqualit\u00e4t pr\u00e4gen lassen, eine hohe zweistellige (oder sind wir schon dreistellig?) Anzahl von Cons und Tavernen ausgerichtet und eine Menge Spa\u00df an unserem Hobby. Es gibt sogar das Buch <a title=\"Enzyklopaedia-Engonia\" href=\"https:\/\/www.amazon.de\/Enzyklopaedia-Engonia-Hintergrundinformationen-Liverollenspiel-Engonien\/dp\/3842318952\/ref=sr_1_fkmr1_1?ie=UTF8&amp;qid=1356897002&amp;sr=8-1-fkmr1\">Enzyklopaedia Engonia<\/a>!<\/p>\n<p>Wer uns und unser Hobby Larp kennenlernen m\u00f6chte, darf uns gerne bei unserem monatlichen Stammtisch&nbsp;besuchen oder sich per E-Mail bzw. im&nbsp;Forum&nbsp;melden.<\/p>\n","protected":false},"excerpt":{"rendered":"<p>Der Engonien e.V. ist ein eingetragener Larpverein, der im Dezember 2000 von einer kleinen Gruppe enthusiastischer Freunde gegr\u00fcndet worden ist, um das fiktive Land Engonien als gemeinsamen Hintergrund zu bespielen und vor eben diesem Hintergrund Larp-Conventions zu veranstalten, gemeinsam historische T\u00e4nze zu lernen und zu lehren sowie den gem\u00fctlichen Austausch auf einem monatlichen Stammtisch zu suchen. Mittlerweile erstreckt sich das Einzugsgebiet engonischer Spielerinnen und Spieler weit \u00fcber die Grenzen von K\u00f6ln hinaus, von Heinsberg \u00fcber K\u00f6ln\/Bonn bis tief ins Oberbergische hinein sind Engonierinnen und Engonier zu finden. Wir haben eigene M\u00fcnzen in h\u00f6chster M\u00fcnzqualit\u00e4t pr\u00e4gen lassen, eine hohe zweistellige (oder sind wir schon dreistellig?) Anzahl von Cons und Tavernen ausgerichtet und eine Menge Spa\u00df an unserem Hobby. Es gibt sogar das Buch Enzyklopaedia Engonia! Wer uns und unser Hobby Larp kennenlernen m\u00f6chte, darf uns gerne bei unserem monatlichen Stammtisch&nbsp;besuchen oder sich per E-Mail bzw. im&nbsp;Forum&nbsp;melden.<\/p>\n","protected":false},"author":1,"featured_media":0,"parent":0,"menu_order":0,"comment_status":"closed","ping_status":"closed","template":"","meta":{"ngg_post_thumbnail":0,"footnotes":""},"class_list":["post-2","page","type-page","status-publish","hentry"],"jetpack_sharing_enabled":true,"_links":{"self":[{"href":"https:\/\/engonien.net\/website\/wp-json\/wp\/v2\/pages\/2","targetHints":{"allow":["GET"]}}],"collection":[{"href":"https:\/\/engonien.net\/website\/wp-json\/wp\/v2\/pages"}],"about":[{"href":"https:\/\/engonien.net\/website\/wp-json\/wp\/v2\/types\/page"}],"author":[{"embeddable":true,"href":"https:\/\/engonien.net\/website\/wp-json\/wp\/v2\/users\/1"}],"replies":[{"embeddable":true,"href":"https:\/\/engonien.net\/website\/wp-json\/wp\/v2\/comments?post=2"}],"version-history":[{"count":14,"href":"https:\/\/engonien.net\/website\/wp-json\/wp\/v2\/pages\/2\/revisions"}],"predecessor-version":[{"id":19801,"href":"https:\/\/engonien.net\/website\/wp-json\/wp\/v2\/pages\/2\/revisions\/19801"}],"wp:attachment":[{"href":"https:\/\/engonien.net\/website\/wp-json\/wp\/v2\/media?parent=2"}],"curies":[{"name":"wp","href":"https:\/\/api.w.org\/{rel}","templated":true}]}}