{"id":22,"date":"2013-08-19T11:34:37","date_gmt":"2013-08-19T09:34:37","guid":{"rendered":"https:\/\/engonien.net\/website\/?page_id=22"},"modified":"2024-11-18T21:00:45","modified_gmt":"2024-11-18T20:00:45","slug":"mittelaltertanz","status":"publish","type":"page","link":"https:\/\/engonien.net\/website\/termine-veranstaltungen\/mittelaltertanz\/","title":{"rendered":"Historischer und historisierender Tanz"},"content":{"rendered":"<p>Der Engonien e.V. bietet ein <strong>mittelalterliches Tanztraining in K\u00f6ln<\/strong> an. Das Tanztraining richtet sich an Jung und Alt, an Larper und Normalsterbliche, an Unerfahrene und Tanzerprobte &#8211; jeder, der Spa\u00df am mittelalterlichen Tanz hat ist herzlich willkommen!<\/p>\n<p>Das Training findet immer am 3. Dienstag im Monat statt.<\/p>\n<p>Ansprechpartner ist Lukas (<a href=\"mailto:lukas@engonien.de\">lukas@engonien.de<\/a>)<\/p>\n<p><span style=\"color: #ff0000;\"><strong>Das Tanztraining pausiert leider mangels Location auf unbestimmte Zeit.<\/strong><\/span><\/p>\n<p>2022 ist die Location unseres Tanztrainings leider ersatzlos weggefallen.&nbsp;<\/p>\n<p>Wenn Du dennoch Interesse an historischem Tanzen hast, dann wende dich vertrauensvoll an den K\u00f6lner Verein Playfords Erben e.V. (<a href=\"https:\/\/www.facebook.com\/profile.php?id=100064672362298\">facebook<\/a>). Dort wird jeden 2. und 4. Dienstag im Monat um 19.30 im Naturfreundehaus H\u00f6henhaus, Honschaftsstra\u00dfe 330, 51061 K\u00f6ln, getanzt. Wenn du eher aus dem D\u00fcrener oder Aachener Raum kommst, dann schau doch mal bei dem Saltatio e.V. aus Aachen (<a href=\"https:\/\/saltatioaachen.wordpress.com\/\">Homepage<\/a>) vorbei. Der Saltatio trainiert freitags und mittwochs in Aachen.&nbsp;<\/p>\n","protected":false},"excerpt":{"rendered":"<p>Der Engonien e.V. bietet ein mittelalterliches Tanztraining in K\u00f6ln an. Das Tanztraining richtet sich an Jung und Alt, an Larper und Normalsterbliche, an Unerfahrene und Tanzerprobte &#8211; jeder, der Spa\u00df am mittelalterlichen Tanz hat ist herzlich willkommen! Das Training findet immer am 3. Dienstag im Monat statt. Ansprechpartner ist Lukas (lukas@engonien.de) Das Tanztraining pausiert leider mangels Location auf unbestimmte Zeit. 2022 ist die Location unseres Tanztrainings leider ersatzlos weggefallen.&nbsp; Wenn Du dennoch Interesse an historischem Tanzen hast, dann wende dich vertrauensvoll an den K\u00f6lner Verein Playfords Erben e.V. (facebook). Dort wird jeden 2. und 4. Dienstag im Monat um 19.30 im Naturfreundehaus H\u00f6henhaus, Honschaftsstra\u00dfe 330, 51061 K\u00f6ln, getanzt. Wenn du eher aus dem D\u00fcrener oder Aachener Raum kommst, dann schau doch mal bei dem Saltatio e.V. aus Aachen (Homepage) vorbei. Der Saltatio trainiert freitags und mittwochs in Aachen.&nbsp;<\/p>\n","protected":false},"author":1,"featured_media":0,"parent":40,"menu_order":0,"comment_status":"closed","ping_status":"closed","template":"","meta":{"ngg_post_thumbnail":0,"footnotes":""},"class_list":["post-22","page","type-page","status-publish","hentry"],"jetpack_sharing_enabled":true,"_links":{"self":[{"href":"https:\/\/engonien.net\/website\/wp-json\/wp\/v2\/pages\/22","targetHints":{"allow":["GET"]}}],"collection":[{"href":"https:\/\/engonien.net\/website\/wp-json\/wp\/v2\/pages"}],"about":[{"href":"https:\/\/engonien.net\/website\/wp-json\/wp\/v2\/types\/page"}],"author":[{"embeddable":true,"href":"https:\/\/engonien.net\/website\/wp-json\/wp\/v2\/users\/1"}],"replies":[{"embeddable":true,"href":"https:\/\/engonien.net\/website\/wp-json\/wp\/v2\/comments?post=22"}],"version-history":[{"count":15,"href":"https:\/\/engonien.net\/website\/wp-json\/wp\/v2\/pages\/22\/revisions"}],"predecessor-version":[{"id":26954,"href":"https:\/\/engonien.net\/website\/wp-json\/wp\/v2\/pages\/22\/revisions\/26954"}],"up":[{"embeddable":true,"href":"https:\/\/engonien.net\/website\/wp-json\/wp\/v2\/pages\/40"}],"wp:attachment":[{"href":"https:\/\/engonien.net\/website\/wp-json\/wp\/v2\/media?parent=22"}],"curies":[{"name":"wp","href":"https:\/\/api.w.org\/{rel}","templated":true}]}}