{"id":27020,"date":"2025-04-14T07:34:41","date_gmt":"2025-04-14T05:34:41","guid":{"rendered":"https:\/\/engonien.net\/website\/?page_id=27020"},"modified":"2025-06-18T22:08:58","modified_gmt":"2025-06-18T20:08:58","slug":"aydowl-2025","status":"publish","type":"page","link":"https:\/\/engonien.net\/website\/aydowl-2025\/","title":{"rendered":"Ayd&#8217;Owl 2025"},"content":{"rendered":"\n<p>Es ist wieder soweit! Auch dieses Jahr l\u00e4dt die Akadamie Ayd&#8217;Owl alle Wissbegierigen zu den Tagen des Lernens ein. Vorlesungen, Tutorien, Rituale, T\u00e4nze und diverse Geheimnisse gilt es zu entdecken.<br>Wir freuen uns auf euch!<\/p>\n\n\n\n<p>Als Location dient uns auch dieses mal das sch\u00f6ne Haus Dalbenden in Kall Urft in der Eifel.<\/p>\n\n\n\n<p>Die Ayd Owl ist eine Magierakademie in einem vom europ\u00e4ischen Mittelalter inspirierten, fiktiven Land namens Engonien. Die Akademie wird bereits seit vielen Jahren bespielt, es ist aber jederzeit m\u00f6glich, neu einzusteigen. Die Con-Reihe \u201cAyd Owl\u201d bespielt die regelm\u00e4\u00dfig an der Akademie stattfindenden \u201cTage des Lernens\u201d, bei denen Lern- und Lehrwillige, ob magiekundig oder anderweitig interessiert, an die Akademie kommen, um dort an Vorlesungen, Seminaren und dem allgemeinen Wissensaustausch teilzunehmen.<\/p>\n\n\n\n<p>Die Con findet vom 12.12-14.12.2025 im Jugendg\u00e4stehaus Haus Dalbenden in Urft Nationalpark Eifel statt.<\/p>\n\n\n\n<p>Der Preis betr\u00e4gt 126,00 \u20ac pro Person.&nbsp;<\/p>\n\n\n\n<p><a href=\"https:\/\/forms.zohopublic.eu\/engonienev\/form\/AydOwl2025SCAnmeldung\/formperma\/t-xi1NHbsHxf0lKaYq3HhRiqjhMB0vCvTTdN7F5F4gE\"><strong>Zur Anmeldung<\/strong><\/a><\/p>\n","protected":false},"excerpt":{"rendered":"<p>Es ist wieder soweit! Auch dieses Jahr l\u00e4dt die Akadamie Ayd&#8217;Owl alle Wissbegierigen zu den Tagen des Lernens ein. Vorlesungen, Tutorien, Rituale, T\u00e4nze und diverse Geheimnisse gilt es zu entdecken.Wir freuen uns auf euch! Als Location dient uns auch dieses mal das sch\u00f6ne Haus Dalbenden in Kall Urft in der Eifel. Die Ayd Owl ist eine Magierakademie in einem vom europ\u00e4ischen Mittelalter inspirierten, fiktiven Land namens Engonien. Die Akademie wird bereits seit vielen Jahren bespielt, es ist aber jederzeit m\u00f6glich, neu einzusteigen. Die Con-Reihe \u201cAyd Owl\u201d bespielt die regelm\u00e4\u00dfig an der Akademie stattfindenden \u201cTage des Lernens\u201d, bei denen Lern- und Lehrwillige, ob magiekundig oder anderweitig interessiert, an die Akademie kommen, um dort an Vorlesungen, Seminaren und dem allgemeinen Wissensaustausch teilzunehmen. Die Con findet vom 12.12-14.12.2025 im Jugendg\u00e4stehaus Haus Dalbenden in Urft Nationalpark Eifel statt. Der Preis betr\u00e4gt 126,00 \u20ac pro Person.&nbsp; Zur Anmeldung<\/p>\n","protected":false},"author":12,"featured_media":27021,"parent":0,"menu_order":0,"comment_status":"closed","ping_status":"closed","template":"","meta":{"ngg_post_thumbnail":0,"footnotes":""},"class_list":["post-27020","page","type-page","status-publish","has-post-thumbnail","hentry"],"jetpack_sharing_enabled":true,"_links":{"self":[{"href":"https:\/\/engonien.net\/website\/wp-json\/wp\/v2\/pages\/27020","targetHints":{"allow":["GET"]}}],"collection":[{"href":"https:\/\/engonien.net\/website\/wp-json\/wp\/v2\/pages"}],"about":[{"href":"https:\/\/engonien.net\/website\/wp-json\/wp\/v2\/types\/page"}],"author":[{"embeddable":true,"href":"https:\/\/engonien.net\/website\/wp-json\/wp\/v2\/users\/12"}],"replies":[{"embeddable":true,"href":"https:\/\/engonien.net\/website\/wp-json\/wp\/v2\/comments?post=27020"}],"version-history":[{"count":4,"href":"https:\/\/engonien.net\/website\/wp-json\/wp\/v2\/pages\/27020\/revisions"}],"predecessor-version":[{"id":27063,"href":"https:\/\/engonien.net\/website\/wp-json\/wp\/v2\/pages\/27020\/revisions\/27063"}],"wp:featuredmedia":[{"embeddable":true,"href":"https:\/\/engonien.net\/website\/wp-json\/wp\/v2\/media\/27021"}],"wp:attachment":[{"href":"https:\/\/engonien.net\/website\/wp-json\/wp\/v2\/media?parent=27020"}],"curies":[{"name":"wp","href":"https:\/\/api.w.org\/{rel}","templated":true}]}}