{"id":27088,"date":"2025-06-22T17:50:29","date_gmt":"2025-06-22T15:50:29","guid":{"rendered":"https:\/\/engonien.net\/website\/?page_id=27088"},"modified":"2025-06-22T17:50:30","modified_gmt":"2025-06-22T15:50:30","slug":"manifest-zu-sicherheit-und-wohlbefinden","status":"publish","type":"page","link":"https:\/\/engonien.net\/website\/manifest-zu-sicherheit-und-wohlbefinden\/","title":{"rendered":"Manifest zu Sicherheit und Wohlbefinden"},"content":{"rendered":"\n<p><strong>Manifest zu Sicherheit und Wohlbefinden auf den Veranstaltungen des Engonien e.V.<\/strong><\/p>\n\n\n\n<p>Die folgenden Punkte sollen in aller K\u00fcrze ein paar grundlegende Gedanken des Engonien e.V. zum Thema k\u00f6rperlicher wie emotionaler Sicherheit, \u00dcbergriffen und \u00e4hnlichen Begriffen darstellen.<\/p>\n\n\n\n<p><strong>OT geht vor IT: <\/strong>Das OT-Wohlbefinden unserer Teilnehmer:innen ist unser h\u00f6chstes Gut. Habt ihr ein reales Problem, k\u00f6nnt ihr jederzeit eine Spielleitung holen oder euch aus einer Szene zur\u00fcckzuziehen.<br>Diskriminierung ist unerw\u00fcnscht: Jede Form von Diskriminierung aufgrund von OT-Merkmalen anderer Spieler:innen lehnen wir ab. Klassische Beispiele w\u00e4ren Sexismus und Rassismus, aber nat\u00fcrlich auch andere Formen von Beleidigungen oder Herabsetzungen.<\/p>\n\n\n\n<p><br><strong>Schutz der Beteiligten:<\/strong> Wir werden den Beteiligten bei einem Konflikt stets zuh\u00f6ren und nur mit ihrem Einverst\u00e4ndnis ein Thema weiterverfolgen. Wenn sich jemand an uns wendet, werden wir das stets vertraulich behandeln.<\/p>\n\n\n\n<p><br><strong>Zuh\u00f6ren und Lernen:<\/strong> Wir freuen uns auf eure pers\u00f6nlichen oder anonymen R\u00fcckmeldungen zu unserer Arbeit. Wir wissen, dass wir durch euer Feedback viel lernen und unsere M\u00f6glichkeiten einer guten Betreuung erweitern k\u00f6nnen. Dazu durchlaufen wir aus demselben Grund regelm\u00e4\u00dfige interne Feedbackschleifen im gesamten SL-Team und mit der Orga und organisieren interne Fortbildungen.<\/p>\n\n\n\n<p><br><strong>Betreuungsteam: <\/strong>Wir haben ein Team von Menschen, die speziell als Ansprechpartner:innen f\u00fcr diesen Themenkomplex ausgew\u00e4hlt werden. Dieses Team hat die R\u00fcckendeckung der Headorga und des Vereinsvorstands und besteht aus Menschen verschiedener Gruppen, um euch in m\u00f6glichst vielen F\u00e4llen eine gute Betreuung liefern zu k\u00f6nnen. Das Betreuungsteam k\u00f6nnt ihr jederzeit kontaktieren, entweder pers\u00f6nlich oder indem ihr es \u00fcber eine Spielleitung anfordert.<\/p>\n\n\n\n<p><br><strong>Recht und Gesetz:<\/strong> Wir sind keine Polizei und kein Gericht. Wir werden euch begleiten und betreuen und in R\u00fccksprache mit euch handeln, aber wir k\u00f6nnen keine Wahrheitsfindung betreiben oder \u00fcber die Grenzen unserer Veranstaltung heraus agieren. Wir werden euch in eurem Handeln unterst\u00fctzen, wenn ihr dies w\u00fcnscht.<\/p>\n","protected":false},"excerpt":{"rendered":"<p>Manifest zu Sicherheit und Wohlbefinden auf den Veranstaltungen des Engonien e.V. Die folgenden Punkte sollen in aller K\u00fcrze ein paar grundlegende Gedanken des Engonien e.V. zum Thema k\u00f6rperlicher wie emotionaler Sicherheit, \u00dcbergriffen und \u00e4hnlichen Begriffen darstellen. OT geht vor IT: Das OT-Wohlbefinden unserer Teilnehmer:innen ist unser h\u00f6chstes Gut. Habt ihr ein reales Problem, k\u00f6nnt ihr jederzeit eine Spielleitung holen oder euch aus einer Szene zur\u00fcckzuziehen.Diskriminierung ist unerw\u00fcnscht: Jede Form von Diskriminierung aufgrund von OT-Merkmalen anderer Spieler:innen lehnen wir ab. Klassische Beispiele w\u00e4ren Sexismus und Rassismus, aber nat\u00fcrlich auch andere Formen von Beleidigungen oder Herabsetzungen. Schutz der Beteiligten: Wir werden den Beteiligten bei einem Konflikt stets zuh\u00f6ren und nur mit ihrem Einverst\u00e4ndnis ein Thema weiterverfolgen. Wenn sich jemand an uns wendet, werden wir das stets vertraulich behandeln. Zuh\u00f6ren und Lernen: Wir freuen uns auf eure pers\u00f6nlichen oder anonymen R\u00fcckmeldungen zu unserer Arbeit. Wir wissen, dass wir durch euer Feedback viel lernen und unsere M\u00f6glichkeiten einer guten Betreuung erweitern k\u00f6nnen. Dazu durchlaufen wir aus demselben Grund regelm\u00e4\u00dfige interne Feedbackschleifen im gesamten SL-Team und mit der Orga und organisieren interne Fortbildungen. Betreuungsteam: Wir haben ein Team von Menschen, die speziell als Ansprechpartner:innen f\u00fcr diesen Themenkomplex ausgew\u00e4hlt werden. Dieses Team hat die R\u00fcckendeckung der Headorga und des Vereinsvorstands und besteht aus Menschen verschiedener Gruppen, um euch in m\u00f6glichst vielen F\u00e4llen eine gute Betreuung liefern zu k\u00f6nnen. Das Betreuungsteam k\u00f6nnt ihr jederzeit kontaktieren, entweder pers\u00f6nlich oder indem ihr es \u00fcber eine Spielleitung anfordert. Recht und Gesetz: Wir sind keine Polizei und kein Gericht. Wir werden euch begleiten und betreuen und&hellip; <\/p>\n","protected":false},"author":6,"featured_media":0,"parent":0,"menu_order":0,"comment_status":"closed","ping_status":"closed","template":"","meta":{"ngg_post_thumbnail":0,"footnotes":""},"class_list":["post-27088","page","type-page","status-publish","hentry"],"jetpack_sharing_enabled":true,"_links":{"self":[{"href":"https:\/\/engonien.net\/website\/wp-json\/wp\/v2\/pages\/27088","targetHints":{"allow":["GET"]}}],"collection":[{"href":"https:\/\/engonien.net\/website\/wp-json\/wp\/v2\/pages"}],"about":[{"href":"https:\/\/engonien.net\/website\/wp-json\/wp\/v2\/types\/page"}],"author":[{"embeddable":true,"href":"https:\/\/engonien.net\/website\/wp-json\/wp\/v2\/users\/6"}],"replies":[{"embeddable":true,"href":"https:\/\/engonien.net\/website\/wp-json\/wp\/v2\/comments?post=27088"}],"version-history":[{"count":1,"href":"https:\/\/engonien.net\/website\/wp-json\/wp\/v2\/pages\/27088\/revisions"}],"predecessor-version":[{"id":27089,"href":"https:\/\/engonien.net\/website\/wp-json\/wp\/v2\/pages\/27088\/revisions\/27089"}],"wp:attachment":[{"href":"https:\/\/engonien.net\/website\/wp-json\/wp\/v2\/media?parent=27088"}],"curies":[{"name":"wp","href":"https:\/\/api.w.org\/{rel}","templated":true}]}}