{"id":27111,"date":"2026-01-18T20:24:11","date_gmt":"2026-01-18T19:24:11","guid":{"rendered":"https:\/\/engonien.net\/website\/?page_id=27111"},"modified":"2026-01-18T20:24:13","modified_gmt":"2026-01-18T19:24:13","slug":"26-28-06-26-25-jahre-engonien-e-v","status":"publish","type":"page","link":"https:\/\/engonien.net\/website\/26-28-06-26-25-jahre-engonien-e-v\/","title":{"rendered":"26.-28.06.26: 25 Jahre Engonien e.V."},"content":{"rendered":"\n<p>Save the Date: Wir werden in 2026 n\u00e4mlich 25 Jahre alt! Das m\u00f6chten wir feiern, und zwar vom 26.-28.06.2026 in Westernohe.<\/p>\n\n\n\n<p>Am Freitag werden wir OT auf 25 Jahre Vereinsgeschichte zur\u00fcckblicken, feiern, und uns erinnern, und am Samstag werden wir eine kleine Taverne ausrichten, wo wir dann IT eine sch\u00f6ne Zeit miteinander verbringen.<\/p>\n\n\n\n<p>Alle weiteren Infos folgen bis Ende Februar.<\/p>\n\n\n\n<p><\/p>\n","protected":false},"excerpt":{"rendered":"<p>Save the Date: Wir werden in 2026 n\u00e4mlich 25 Jahre alt! Das m\u00f6chten wir feiern, und zwar vom 26.-28.06.2026 in Westernohe. Am Freitag werden wir OT auf 25 Jahre Vereinsgeschichte zur\u00fcckblicken, feiern, und uns erinnern, und am Samstag werden wir eine kleine Taverne ausrichten, wo wir dann IT eine sch\u00f6ne Zeit miteinander verbringen. Alle weiteren Infos folgen bis Ende Februar.<\/p>\n","protected":false},"author":6,"featured_media":0,"parent":0,"menu_order":0,"comment_status":"closed","ping_status":"closed","template":"","meta":{"ngg_post_thumbnail":0,"footnotes":""},"class_list":["post-27111","page","type-page","status-publish","hentry"],"jetpack_sharing_enabled":true,"_links":{"self":[{"href":"https:\/\/engonien.net\/website\/wp-json\/wp\/v2\/pages\/27111","targetHints":{"allow":["GET"]}}],"collection":[{"href":"https:\/\/engonien.net\/website\/wp-json\/wp\/v2\/pages"}],"about":[{"href":"https:\/\/engonien.net\/website\/wp-json\/wp\/v2\/types\/page"}],"author":[{"embeddable":true,"href":"https:\/\/engonien.net\/website\/wp-json\/wp\/v2\/users\/6"}],"replies":[{"embeddable":true,"href":"https:\/\/engonien.net\/website\/wp-json\/wp\/v2\/comments?post=27111"}],"version-history":[{"count":1,"href":"https:\/\/engonien.net\/website\/wp-json\/wp\/v2\/pages\/27111\/revisions"}],"predecessor-version":[{"id":27112,"href":"https:\/\/engonien.net\/website\/wp-json\/wp\/v2\/pages\/27111\/revisions\/27112"}],"wp:attachment":[{"href":"https:\/\/engonien.net\/website\/wp-json\/wp\/v2\/media?parent=27111"}],"curies":[{"name":"wp","href":"https:\/\/api.w.org\/{rel}","templated":true}]}}