{"id":789,"date":"2017-09-18T12:16:39","date_gmt":"2017-09-18T10:16:39","guid":{"rendered":"https:\/\/engonien.net\/website\/?page_id=789"},"modified":"2024-08-25T17:02:47","modified_gmt":"2024-08-25T15:02:47","slug":"spielphilosophie-regeln","status":"publish","type":"page","link":"https:\/\/engonien.net\/website\/verein\/spielphilosophie-regeln\/","title":{"rendered":"Spielphilosophie"},"content":{"rendered":"<p>Auf engonischen Veranstaltungen gilt in der Regel das DragonSys 3-Regelwerk, verfeinert durch die engonischen <a href=\"https:\/\/engonien.net\/engonienwiki\/?page_id=1106\">Hausregeln<\/a>.<\/p>\n<p>Aber was f\u00fcr eine Sorte Spiel ist zu erwarten, wenn ihr Engonien-Veranstaltungen besucht? Wir m\u00f6chten das LARP-Wiki bem\u00fchen und dessen Definition von <a href=\"https:\/\/www.larpwiki.de\/FantasyLevel\" target=\"_blank\" rel=\"noopener noreferrer\">Fantasy<\/a>&#8211; und <a href=\"https:\/\/www.larpwiki.de\/PowerLevel\" target=\"_blank\" rel=\"noopener noreferrer\">Power<\/a>-Leveln nutzen, damit wir uns nicht in unterschiedlicher Wortwahl verlieren.<\/p>\n<p>Das Land Engonien wird \u00fcberwiegend von Menschen bewohnt. Es gibt allerdings, vor allem auf der dunklen Seite der Macht, schlimme Gottesdiener, Untote, und gar D\u00e4monen. Und verwunschene W\u00e4lder wie der Lorinan oder der Schlafwald beherbegen angeblich sogar Feen und Elfen. Und da es in der engonischen Geschichte auch schon Orks gab, ist unsere Einordnung hier schnell getan: wir spielen einen Stil, der am ehesten der Definition von&nbsp;<a href=\"https:\/\/www.larpwiki.de\/MidPower\" target=\"_blank\" rel=\"noopener noreferrer\">MidPower<\/a>&nbsp;und einer Mischung aus <a href=\"https:\/\/www.larpwiki.de\/PowerLevel\" target=\"_blank\" rel=\"noopener noreferrer\">Mid Fantasy und High Fantasy<\/a> entspricht. Im Grunde bem\u00fchen wir uns um ein Tolkiensches Fantasy-Level und haben stellenweise einige Ausfl\u00fcge in die High Fantasy, aber auch in die Low Fantasy und sogar ins Reenlarpment\/Living History unternommen.<\/p>\n<p>Je nach Con k\u00f6nnen v\u00f6llig verschiedene Aspekte dieser Philosophie beleuchtet werden. So ist die Grenzwacht mit ihrem Ritterturnier, dem Bogensch\u00fctzenwettstreit und dem b\u00e4uerlichen Helmholzen weniger fantasy-lastig, w\u00e4hrend klassische Abenteuercons wie die Schwarzer Mond-Reihe mit D\u00e4monen und Visionen und Ausfl\u00fcgen in eine Traumwelt auffahren. Im Zweifelsfall schreibt doch einfach der jeweiligen Orga und fragt, was euch auf der Con erwartet, auf die ihr gehen m\u00f6chtet.<\/p>\n<p>Unser Verein ist auch weit entfernt von einer homogenen Masse von Spieler*innen. Unsere fast 70 Mitglieder sind in verschiedenen Gruppen organisiert. So spielt jemand, der sich f\u00fcr Magie interessiert, meist im Umfeld der Ayd&#8217;Owl, einer Magierakademie mit klassischem High Fantasy Hintergrund, kombiniert mit Spielans\u00e4tzen, welche durch bekannte Magierakademien aus verschiedenen Hintergr\u00fcnden inspiriert wurden (u.a. der unsichtbaren Universit\u00e4t aus den Scheibenwelt Romanen von Terry Pratchett)<\/p>\n<p>Andere, die sich z.B. f\u00fcr das Rittertum interessieren, werden bei den Norngardern, den Goldbachern oder in Firngard unterkommen. Ob im caldrischen Adel oder im tangaranischen H\u00e4ndlervolk, im barbarischen Silvanaja oder im nicht ganz einigen Andarra, der Engonien e.V. bietet jede Menge Hintergrund, der nicht nur verschiedene Spielstile miteinander vereint, sondern auch jedem Mitglied seinen Platz einr\u00e4umt.<\/p>\n<p>&nbsp;<\/p>\n","protected":false},"excerpt":{"rendered":"<p>Auf engonischen Veranstaltungen gilt in der Regel das DragonSys 3-Regelwerk, verfeinert durch die engonischen Hausregeln. Aber was f\u00fcr eine Sorte Spiel ist zu erwarten, wenn ihr Engonien-Veranstaltungen besucht? Wir m\u00f6chten das LARP-Wiki bem\u00fchen und dessen Definition von Fantasy&#8211; und Power-Leveln nutzen, damit wir uns nicht in unterschiedlicher Wortwahl verlieren. Das Land Engonien wird \u00fcberwiegend von Menschen bewohnt. Es gibt allerdings, vor allem auf der dunklen Seite der Macht, schlimme Gottesdiener, Untote, und gar D\u00e4monen. Und verwunschene W\u00e4lder wie der Lorinan oder der Schlafwald beherbegen angeblich sogar Feen und Elfen. Und da es in der engonischen Geschichte auch schon Orks gab, ist unsere Einordnung hier schnell getan: wir spielen einen Stil, der am ehesten der Definition von&nbsp;MidPower&nbsp;und einer Mischung aus Mid Fantasy und High Fantasy entspricht. Im Grunde bem\u00fchen wir uns um ein Tolkiensches Fantasy-Level und haben stellenweise einige Ausfl\u00fcge in die High Fantasy, aber auch in die Low Fantasy und sogar ins Reenlarpment\/Living History unternommen. Je nach Con k\u00f6nnen v\u00f6llig verschiedene Aspekte dieser Philosophie beleuchtet werden. So ist die Grenzwacht mit ihrem Ritterturnier, dem Bogensch\u00fctzenwettstreit und dem b\u00e4uerlichen Helmholzen weniger fantasy-lastig, w\u00e4hrend klassische Abenteuercons wie die Schwarzer Mond-Reihe mit D\u00e4monen und Visionen und Ausfl\u00fcgen in eine Traumwelt auffahren. Im Zweifelsfall schreibt doch einfach der jeweiligen Orga und fragt, was euch auf der Con erwartet, auf die ihr gehen m\u00f6chtet. Unser Verein ist auch weit entfernt von einer homogenen Masse von Spieler*innen. Unsere fast 70 Mitglieder sind in verschiedenen Gruppen organisiert. So spielt jemand, der sich f\u00fcr Magie interessiert, meist im Umfeld der Ayd&#8217;Owl, einer Magierakademie&hellip; <\/p>\n","protected":false},"author":6,"featured_media":0,"parent":2,"menu_order":0,"comment_status":"closed","ping_status":"closed","template":"","meta":{"ngg_post_thumbnail":0,"footnotes":""},"class_list":["post-789","page","type-page","status-publish","hentry"],"jetpack_sharing_enabled":true,"_links":{"self":[{"href":"https:\/\/engonien.net\/website\/wp-json\/wp\/v2\/pages\/789","targetHints":{"allow":["GET"]}}],"collection":[{"href":"https:\/\/engonien.net\/website\/wp-json\/wp\/v2\/pages"}],"about":[{"href":"https:\/\/engonien.net\/website\/wp-json\/wp\/v2\/types\/page"}],"author":[{"embeddable":true,"href":"https:\/\/engonien.net\/website\/wp-json\/wp\/v2\/users\/6"}],"replies":[{"embeddable":true,"href":"https:\/\/engonien.net\/website\/wp-json\/wp\/v2\/comments?post=789"}],"version-history":[{"count":7,"href":"https:\/\/engonien.net\/website\/wp-json\/wp\/v2\/pages\/789\/revisions"}],"predecessor-version":[{"id":26921,"href":"https:\/\/engonien.net\/website\/wp-json\/wp\/v2\/pages\/789\/revisions\/26921"}],"up":[{"embeddable":true,"href":"https:\/\/engonien.net\/website\/wp-json\/wp\/v2\/pages\/2"}],"wp:attachment":[{"href":"https:\/\/engonien.net\/website\/wp-json\/wp\/v2\/media?parent=789"}],"curies":[{"name":"wp","href":"https:\/\/api.w.org\/{rel}","templated":true}]}}